{"id":7842,"date":"2022-08-03T16:44:54","date_gmt":"2022-08-03T20:44:54","guid":{"rendered":"https:\/\/produncan.cl\/producto\/ferme-villa-ortega-93ha\/"},"modified":"2025-12-26T17:29:22","modified_gmt":"2025-12-26T20:29:22","slug":"campo-villa-ortega-coyhaique-2","status":"publish","type":"product","link":"https:\/\/produncan.cl\/fr\/produit\/campo-villa-ortega-coyhaique-2\/","title":{"rendered":"Campagne \u00e0 Villa Ortega &#8211; R\u00e9gion d&#8217;Ays\u00e9n"},"content":{"rendered":"\t\t<div data-elementor-type=\"product-post\" data-elementor-id=\"7842\" class=\"elementor elementor-7842 elementor-2712\" data-elementor-post-type=\"product\">\n\t\t\t\t\t\t<section class=\"elementor-section elementor-top-section elementor-element elementor-element-1809ffa5 elementor-section-boxed elementor-section-height-default elementor-section-height-default\" data-id=\"1809ffa5\" data-element_type=\"section\" data-e-type=\"section\" data-settings=\"{&quot;jet_parallax_layout_list&quot;:[]}\">\n\t\t\t\t\t\t<div class=\"elementor-container elementor-column-gap-default\">\n\t\t\t\t\t<div class=\"elementor-column elementor-col-100 elementor-top-column elementor-element elementor-element-824ff73\" data-id=\"824ff73\" data-element_type=\"column\" data-e-type=\"column\">\n\t\t\t<div class=\"elementor-widget-wrap elementor-element-populated\">\n\t\t\t\t\t\t<div class=\"elementor-element elementor-element-7fa947a7 elementor-widget elementor-widget-text-editor\" data-id=\"7fa947a7\" data-element_type=\"widget\" data-e-type=\"widget\" data-widget_type=\"text-editor.default\">\n\t\t\t\t\t\t\t\t\t<h2>UN TERRAIN \u00c0 VILLA ORTEGA AVEC UNE VUE FANTASTIQUE SUR LA CHA\u00ceNE DE MONTAGNE PATAGONIENNE !<\/h2>\n<p>Venez d\u00e9couvrir un champ de 93 hectares situ\u00e9 \u00e0 43 kilom\u00e8tres au nord de Coyhaique et \u00e0 18 kilom\u00e8tres de la Carretera Austral, dans les environs de Villa Ortega.<\/p>\n<p><span style=\"color: var( --e-global-color-text ); font-family: var( --e-global-typography-text-font-family ), Sans-serif; font-weight: var( --e-global-typography-text-font-weight );\">La propri\u00e9t\u00e9, d&#8217;une physionomie particuli\u00e8re et d&#8217;une beaut\u00e9 impressionnante, offre une vue unique sur la cha\u00eene de montagnes de Patagonie. Il est id\u00e9al pour ceux qui veulent conserver l&#8217;\u00e9cosyst\u00e8me et entreprendre un nouveau projet.<\/span><\/p>\n<ul>\n<li><span style=\"background-color: transparent; color: var( --e-global-color-text ); font-family: var( --e-global-typography-text-font-family ), Sans-serif; font-weight: var( --e-global-typography-text-font-weight );\">Il existe un projet d&#8217;\u00e9lectrification rurale approuv\u00e9 qui permettra de la raccorder \u00e0 la campagne cette ann\u00e9e. L&#8217;eau est fournie par des ruisseaux et des sources situ\u00e9s dans la propri\u00e9t\u00e9. Dans certaines zones, la couverture des t\u00e9l\u00e9phones portables est bonne et des cl\u00f4tures entourent une partie du p\u00e9rim\u00e8tre.<\/span><\/li>\n<li>On acc\u00e8de au camp depuis la route 7 (Carretera Austral), \u00e0 la hauteur de Villa Ortega, par une route de gravier de 18 km en bon \u00e9tat. De Villa Ortega, on peut aller vers le nord jusqu&#8217;\u00e0 Villa Ma\u00f1ihuales ou vers le sud jusqu&#8217;\u00e0 Coyhaique, tous sur des routes pav\u00e9es.<\/li>\n<li>La propri\u00e9t\u00e9 est situ\u00e9e \u00e0 5 km de la route internationale qui m\u00e8ne \u00e0 Alto R\u00edo Senguer et \u00e0 d&#8217;autres beaut\u00e9s de l&#8217;Argentine voisine.<\/li>\n<\/ul>\n<h3>Les environs de la Villa Ortega et ses attractions<\/h3>\n<p>Dans les environs du camp, il y a des rivi\u00e8res propices \u00e0 la p\u00eache \u00e0 la mouche, comme les rivi\u00e8res Emperador Guillermo et \u00d1irehuao. Et \u00e0 moins de 30 km du site, on trouve plusieurs lacs : Los Juntos, Lago Norte, Lago Misterioso et Lago Zapato. Et \u00e0 5 km de l\u00e0, il y a une lagune appel\u00e9e Los Arados, et tr\u00e8s pr\u00e8s du camp, il y a une lagune tr\u00e8s int\u00e9ressante sur le terrain fiscal.<\/p>\n<p>Il existe des pavillons de chasse et de p\u00eache, des trekkings, des promenades \u00e0 cheval et d&#8217;autres activit\u00e9s.<\/p>\n<h3>La flore et la faune<\/h3>\n<p>La campagne poss\u00e8de une belle flore compos\u00e9e principalement de lenga, calafate, bunchgrass, black bush et tr\u00e8fle. En termes de faune, on peut voir des renards, des cerfs, des pumas, des sangliers, des condors, des pics, des pitios, des coliparados, des huet huet et des chucao.<\/p>\n<p>Enfin, les roches s\u00e9dimentaires et les for\u00eats indig\u00e8nes luxuriantes de ses cha\u00eenes de montagnes pr\u00e9sentent de nombreuses formations fascinantes, qui font le bonheur des g\u00e9ologues et des amoureux de la nature.<\/p>\n<p>CONTACTEZ-NOUS ET FAITES CONNAISSANCE AVEC CETTE BELLE CAMPAGNE !<\/p>\n\t\t\t\t\t\t\t\t<\/div>\n\t\t\t\t\t<\/div>\n\t\t<\/div>\n\t\t\t\t\t<\/div>\n\t\t<\/section>\n\t\t\t\t<\/div>\n\t\t","protected":false},"excerpt":{"rendered":"<p>Campagne avec vue sur les contreforts des Andes patagoniennes. 43 km au nord de Coyhaique Proche des rivi\u00e8res et \u00e0 18 kilom\u00e8tres de la Carretera Austral et de Villa Ortega.<\/p>\n","protected":false},"featured_media":6153,"template":"","meta":{"_acf_changed":false},"product_brand":[],"product_cat":[129],"product_tag":[238],"regiones":[225],"ciudades":[209,512],"class_list":{"0":"post-7842","1":"product","2":"type-product","3":"status-publish","4":"has-post-thumbnail","6":"product_cat-aysen-magallanes-fr","7":"product_tag-champs-de-conservation","8":"regiones-aysen-magallanes","9":"ciudades-coyhaique","10":"ciudades-villa-manihuales","12":"first","13":"instock","14":"sold-individually","15":"shipping-taxable","16":"purchasable","17":"product-type-simple"},"acf":[],"yoast_head":"<!-- This site is optimized with the Yoast SEO Premium plugin v26.0 (Yoast SEO v27.3) - https:\/\/yoast.com\/product\/yoast-seo-premium-wordpress\/ -->\n<title>Campagne \u00e0 Villa Ortega - R\u00e9gion d&#039;Ays\u00e9n - Produncan<\/title>\n<meta name=\"description\" content=\"93ha de terrain avec des vues uniques sur les contreforts de la Patagonie, 43kms au nord de Coyhaique et 18kms de la Carretera Austral et de Villa Ortega.\" \/>\n<meta name=\"robots\" content=\"index, follow, max-snippet:-1, max-image-preview:large, max-video-preview:-1\" \/>\n<link rel=\"canonical\" href=\"https:\/\/produncan.cl\/fr\/produit\/campo-villa-ortega-coyhaique-2\/\" \/>\n<meta property=\"og:locale\" content=\"fr_FR\" \/>\n<meta property=\"og:type\" content=\"article\" \/>\n<meta property=\"og:title\" content=\"Campagne \u00e0 Villa Ortega - R\u00e9gion d&#039;Ays\u00e9n\" \/>\n<meta property=\"og:description\" content=\"93ha de terrain avec des vues uniques sur les contreforts de la Patagonie, 43kms au nord de Coyhaique et 18kms de la Carretera Austral et de Villa Ortega.\" \/>\n<meta property=\"og:url\" content=\"https:\/\/produncan.cl\/fr\/produit\/campo-villa-ortega-coyhaique-2\/\" \/>\n<meta property=\"og:site_name\" content=\"Produncan\" \/>\n<meta property=\"article:publisher\" content=\"https:\/\/web.facebook.com\/produncanland\" \/>\n<meta property=\"article:modified_time\" content=\"2025-12-26T20:29:22+00:00\" \/>\n<meta property=\"og:image\" content=\"https:\/\/produncan.cl\/wp-content\/uploads\/2022\/08\/Campo-Villa-Ortega-Coyhaique.webp\" \/>\n\t<meta property=\"og:image:width\" content=\"600\" \/>\n\t<meta property=\"og:image:height\" content=\"450\" \/>\n\t<meta property=\"og:image:type\" content=\"image\/webp\" \/>\n<meta name=\"twitter:card\" content=\"summary_large_image\" \/>\n<meta name=\"twitter:label1\" content=\"Price\" \/>\n\t<meta name=\"twitter:data1\" content=\"USD543.500,00\" \/>\n\t<meta name=\"twitter:label2\" content=\"Availability\" \/>\n\t<meta name=\"twitter:data2\" content=\"In stock\" \/>\n<script type=\"application\/ld+json\" class=\"yoast-schema-graph\">{\"@context\":\"https:\\\/\\\/schema.org\",\"@graph\":[{\"@type\":\"WebPage\",\"@id\":\"https:\\\/\\\/produncan.cl\\\/fr\\\/produit\\\/campo-villa-ortega-coyhaique-2\\\/\",\"url\":\"https:\\\/\\\/produncan.cl\\\/fr\\\/produit\\\/campo-villa-ortega-coyhaique-2\\\/\",\"name\":\"Campagne \u00e0 Villa Ortega - R\u00e9gion d'Ays\u00e9n - Produncan\",\"isPartOf\":{\"@id\":\"https:\\\/\\\/produncan.cl\\\/fr\\\/#website\"},\"primaryImageOfPage\":{\"@id\":\"https:\\\/\\\/produncan.cl\\\/fr\\\/produit\\\/campo-villa-ortega-coyhaique-2\\\/#primaryimage\"},\"image\":{\"@id\":\"https:\\\/\\\/produncan.cl\\\/fr\\\/produit\\\/campo-villa-ortega-coyhaique-2\\\/#primaryimage\"},\"thumbnailUrl\":\"https:\\\/\\\/produncan.cl\\\/wp-content\\\/uploads\\\/2022\\\/08\\\/Campo-Villa-Ortega-Coyhaique.webp\",\"datePublished\":\"2022-08-03T20:44:54+00:00\",\"dateModified\":\"2025-12-26T20:29:22+00:00\",\"description\":\"93ha de terrain avec des vues uniques sur les contreforts de la Patagonie, 43kms au nord de Coyhaique et 18kms de la Carretera Austral et de Villa Ortega.\",\"breadcrumb\":{\"@id\":\"https:\\\/\\\/produncan.cl\\\/fr\\\/produit\\\/campo-villa-ortega-coyhaique-2\\\/#breadcrumb\"},\"inLanguage\":\"fr-FR\",\"potentialAction\":[{\"@type\":\"ReadAction\",\"target\":[\"https:\\\/\\\/produncan.cl\\\/fr\\\/produit\\\/campo-villa-ortega-coyhaique-2\\\/\"]}]},{\"@type\":\"ImageObject\",\"inLanguage\":\"fr-FR\",\"@id\":\"https:\\\/\\\/produncan.cl\\\/fr\\\/produit\\\/campo-villa-ortega-coyhaique-2\\\/#primaryimage\",\"url\":\"https:\\\/\\\/produncan.cl\\\/wp-content\\\/uploads\\\/2022\\\/08\\\/Campo-Villa-Ortega-Coyhaique.webp\",\"contentUrl\":\"https:\\\/\\\/produncan.cl\\\/wp-content\\\/uploads\\\/2022\\\/08\\\/Campo-Villa-Ortega-Coyhaique.webp\",\"width\":600,\"height\":450},{\"@type\":\"BreadcrumbList\",\"@id\":\"https:\\\/\\\/produncan.cl\\\/fr\\\/produit\\\/campo-villa-ortega-coyhaique-2\\\/#breadcrumb\",\"itemListElement\":[{\"@type\":\"ListItem\",\"position\":1,\"name\":\"Inicio\",\"item\":\"https:\\\/\\\/produncan.cl\\\/fr\\\/\"},{\"@type\":\"ListItem\",\"position\":2,\"name\":\"Propri\u00e9t\u00e9s\",\"item\":\"https:\\\/\\\/produncan.cl\\\/propiedades\\\/\"},{\"@type\":\"ListItem\",\"position\":3,\"name\":\"Champs de conservation\",\"item\":\"https:\\\/\\\/produncan.cl\\\/fr\\\/cat&eacute;gorie\\\/champs-de-conservation\\\/\"},{\"@type\":\"ListItem\",\"position\":4,\"name\":\"Campagne \u00e0 Villa Ortega &#8211; R\u00e9gion d&#8217;Ays\u00e9n\"}]},{\"@type\":\"WebSite\",\"@id\":\"https:\\\/\\\/produncan.cl\\\/fr\\\/#website\",\"url\":\"https:\\\/\\\/produncan.cl\\\/fr\\\/\",\"name\":\"Produncan\",\"description\":\"Nous vous accompagnons dans votre projet de vie !\",\"publisher\":{\"@id\":\"https:\\\/\\\/produncan.cl\\\/fr\\\/#organization\"},\"potentialAction\":[{\"@type\":\"SearchAction\",\"target\":{\"@type\":\"EntryPoint\",\"urlTemplate\":\"https:\\\/\\\/produncan.cl\\\/fr\\\/?s={search_term_string}\"},\"query-input\":{\"@type\":\"PropertyValueSpecification\",\"valueRequired\":true,\"valueName\":\"search_term_string\"}}],\"inLanguage\":\"fr-FR\"},{\"@type\":\"Organization\",\"@id\":\"https:\\\/\\\/produncan.cl\\\/fr\\\/#organization\",\"name\":\"Produncan\",\"url\":\"https:\\\/\\\/produncan.cl\\\/fr\\\/\",\"logo\":{\"@type\":\"ImageObject\",\"inLanguage\":\"fr-FR\",\"@id\":\"https:\\\/\\\/produncan.cl\\\/fr\\\/#\\\/schema\\\/logo\\\/image\\\/\",\"url\":\"https:\\\/\\\/produncan.cl\\\/wp-content\\\/uploads\\\/2021\\\/03\\\/LOGO.jpeg\",\"contentUrl\":\"https:\\\/\\\/produncan.cl\\\/wp-content\\\/uploads\\\/2021\\\/03\\\/LOGO.jpeg\",\"width\":1280,\"height\":903,\"caption\":\"Produncan\"},\"image\":{\"@id\":\"https:\\\/\\\/produncan.cl\\\/fr\\\/#\\\/schema\\\/logo\\\/image\\\/\"},\"sameAs\":[\"https:\\\/\\\/web.facebook.com\\\/produncanland\",\"https:\\\/\\\/www.instagram.com\\\/pro_duncan\\\/\",\"https:\\\/\\\/www.linkedin.com\\\/company\\\/produncan-lands\\\/\",\"https:\\\/\\\/www.youtube.com\\\/channel\\\/UCu7N-f3x0svkazD-Eew1-QQ\"],\"description\":\"En Produncan somos especialistas en la venta de terrenos en el sur de Chile. Proveemos estancias, campos, parcelas y hoteles.\",\"email\":\"info@produncan.cl\"}]}<\/script>\n<meta property=\"og:video\" content=\"https:\/\/www.youtube.com\/embed\/fpPN2K5YvKo\" \/>\n<meta property=\"og:video:type\" content=\"text\/html\" \/>\n<meta property=\"og:video:duration\" content=\"62\" \/>\n<meta property=\"og:video:width\" content=\"480\" \/>\n<meta property=\"og:video:height\" content=\"360\" \/>\n<meta property=\"ya:ovs:adult\" content=\"false\" \/>\n<meta property=\"ya:ovs:upload_date\" content=\"2022-08-03T20:44:54+00:00\" \/>\n<meta property=\"ya:ovs:allow_embed\" content=\"true\" \/>\n<meta property=\"product:price:amount\" content=\"543500.00\" \/>\n<meta property=\"product:price:currency\" content=\"USD\" \/>\n<meta property=\"og:availability\" content=\"instock\" \/>\n<meta property=\"product:availability\" content=\"instock\" \/>\n<meta property=\"product:condition\" content=\"new\" \/>\n<!-- \/ Yoast SEO Premium plugin. -->","yoast_head_json":{"title":"Campagne \u00e0 Villa Ortega - R\u00e9gion d'Ays\u00e9n - Produncan","description":"93ha de terrain avec des vues uniques sur les contreforts de la Patagonie, 43kms au nord de Coyhaique et 18kms de la Carretera Austral et de Villa Ortega.","robots":{"index":"index","follow":"follow","max-snippet":"max-snippet:-1","max-image-preview":"max-image-preview:large","max-video-preview":"max-video-preview:-1"},"canonical":"https:\/\/produncan.cl\/fr\/produit\/campo-villa-ortega-coyhaique-2\/","og_locale":"fr_FR","og_type":"article","og_title":"Campagne \u00e0 Villa Ortega - R\u00e9gion d'Ays\u00e9n","og_description":"93ha de terrain avec des vues uniques sur les contreforts de la Patagonie, 43kms au nord de Coyhaique et 18kms de la Carretera Austral et de Villa Ortega.","og_url":"https:\/\/produncan.cl\/fr\/produit\/campo-villa-ortega-coyhaique-2\/","og_site_name":"Produncan","article_publisher":"https:\/\/web.facebook.com\/produncanland","article_modified_time":"2025-12-26T20:29:22+00:00","og_image":[{"width":600,"height":450,"url":"https:\/\/produncan.cl\/wp-content\/uploads\/2022\/08\/Campo-Villa-Ortega-Coyhaique.webp","type":"image\/webp"}],"twitter_card":"summary_large_image","twitter_misc":{"Price":"USD543.500,00","Availability":"In stock"},"schema":{"@context":"https:\/\/schema.org","@graph":[{"@type":"WebPage","@id":"https:\/\/produncan.cl\/fr\/produit\/campo-villa-ortega-coyhaique-2\/","url":"https:\/\/produncan.cl\/fr\/produit\/campo-villa-ortega-coyhaique-2\/","name":"Campagne \u00e0 Villa Ortega - R\u00e9gion d'Ays\u00e9n - Produncan","isPartOf":{"@id":"https:\/\/produncan.cl\/fr\/#website"},"primaryImageOfPage":{"@id":"https:\/\/produncan.cl\/fr\/produit\/campo-villa-ortega-coyhaique-2\/#primaryimage"},"image":{"@id":"https:\/\/produncan.cl\/fr\/produit\/campo-villa-ortega-coyhaique-2\/#primaryimage"},"thumbnailUrl":"https:\/\/produncan.cl\/wp-content\/uploads\/2022\/08\/Campo-Villa-Ortega-Coyhaique.webp","datePublished":"2022-08-03T20:44:54+00:00","dateModified":"2025-12-26T20:29:22+00:00","description":"93ha de terrain avec des vues uniques sur les contreforts de la Patagonie, 43kms au nord de Coyhaique et 18kms de la Carretera Austral et de Villa Ortega.","breadcrumb":{"@id":"https:\/\/produncan.cl\/fr\/produit\/campo-villa-ortega-coyhaique-2\/#breadcrumb"},"inLanguage":"fr-FR","potentialAction":[{"@type":"ReadAction","target":["https:\/\/produncan.cl\/fr\/produit\/campo-villa-ortega-coyhaique-2\/"]}]},{"@type":"ImageObject","inLanguage":"fr-FR","@id":"https:\/\/produncan.cl\/fr\/produit\/campo-villa-ortega-coyhaique-2\/#primaryimage","url":"https:\/\/produncan.cl\/wp-content\/uploads\/2022\/08\/Campo-Villa-Ortega-Coyhaique.webp","contentUrl":"https:\/\/produncan.cl\/wp-content\/uploads\/2022\/08\/Campo-Villa-Ortega-Coyhaique.webp","width":600,"height":450},{"@type":"BreadcrumbList","@id":"https:\/\/produncan.cl\/fr\/produit\/campo-villa-ortega-coyhaique-2\/#breadcrumb","itemListElement":[{"@type":"ListItem","position":1,"name":"Inicio","item":"https:\/\/produncan.cl\/fr\/"},{"@type":"ListItem","position":2,"name":"Propri\u00e9t\u00e9s","item":"https:\/\/produncan.cl\/propiedades\/"},{"@type":"ListItem","position":3,"name":"Champs de conservation","item":"https:\/\/produncan.cl\/fr\/cat&eacute;gorie\/champs-de-conservation\/"},{"@type":"ListItem","position":4,"name":"Campagne \u00e0 Villa Ortega &#8211; R\u00e9gion d&#8217;Ays\u00e9n"}]},{"@type":"WebSite","@id":"https:\/\/produncan.cl\/fr\/#website","url":"https:\/\/produncan.cl\/fr\/","name":"Produncan","description":"Nous vous accompagnons dans votre projet de vie !","publisher":{"@id":"https:\/\/produncan.cl\/fr\/#organization"},"potentialAction":[{"@type":"SearchAction","target":{"@type":"EntryPoint","urlTemplate":"https:\/\/produncan.cl\/fr\/?s={search_term_string}"},"query-input":{"@type":"PropertyValueSpecification","valueRequired":true,"valueName":"search_term_string"}}],"inLanguage":"fr-FR"},{"@type":"Organization","@id":"https:\/\/produncan.cl\/fr\/#organization","name":"Produncan","url":"https:\/\/produncan.cl\/fr\/","logo":{"@type":"ImageObject","inLanguage":"fr-FR","@id":"https:\/\/produncan.cl\/fr\/#\/schema\/logo\/image\/","url":"https:\/\/produncan.cl\/wp-content\/uploads\/2021\/03\/LOGO.jpeg","contentUrl":"https:\/\/produncan.cl\/wp-content\/uploads\/2021\/03\/LOGO.jpeg","width":1280,"height":903,"caption":"Produncan"},"image":{"@id":"https:\/\/produncan.cl\/fr\/#\/schema\/logo\/image\/"},"sameAs":["https:\/\/web.facebook.com\/produncanland","https:\/\/www.instagram.com\/pro_duncan\/","https:\/\/www.linkedin.com\/company\/produncan-lands\/","https:\/\/www.youtube.com\/channel\/UCu7N-f3x0svkazD-Eew1-QQ"],"description":"En Produncan somos especialistas en la venta de terrenos en el sur de Chile. Proveemos estancias, campos, parcelas y hoteles.","email":"info@produncan.cl"}]},"og_video":"https:\/\/www.youtube.com\/embed\/fpPN2K5YvKo","og_video_type":"text\/html","og_video_duration":"62","og_video_width":"480","og_video_height":"360","ya_ovs_adult":"false","ya_ovs_upload_date":"2022-08-03T20:44:54+00:00","ya_ovs_allow_embed":"true","product_price_amount":"543500.00","product_price_currency":"USD","og_availability":"instock","product_availability":"instock","product_condition":"new"},"_links":{"self":[{"href":"https:\/\/produncan.cl\/fr\/wp-json\/wp\/v2\/product\/7842","targetHints":{"allow":["GET"]}}],"collection":[{"href":"https:\/\/produncan.cl\/fr\/wp-json\/wp\/v2\/product"}],"about":[{"href":"https:\/\/produncan.cl\/fr\/wp-json\/wp\/v2\/types\/product"}],"version-history":[{"count":2,"href":"https:\/\/produncan.cl\/fr\/wp-json\/wp\/v2\/product\/7842\/revisions"}],"predecessor-version":[{"id":54263,"href":"https:\/\/produncan.cl\/fr\/wp-json\/wp\/v2\/product\/7842\/revisions\/54263"}],"wp:featuredmedia":[{"embeddable":true,"href":"https:\/\/produncan.cl\/fr\/wp-json\/wp\/v2\/media\/6153"}],"wp:attachment":[{"href":"https:\/\/produncan.cl\/fr\/wp-json\/wp\/v2\/media?parent=7842"}],"wp:term":[{"taxonomy":"product_brand","embeddable":true,"href":"https:\/\/produncan.cl\/fr\/wp-json\/wp\/v2\/product_brand?post=7842"},{"taxonomy":"product_cat","embeddable":true,"href":"https:\/\/produncan.cl\/fr\/wp-json\/wp\/v2\/product_cat?post=7842"},{"taxonomy":"product_tag","embeddable":true,"href":"https:\/\/produncan.cl\/fr\/wp-json\/wp\/v2\/product_tag?post=7842"},{"taxonomy":"regiones","embeddable":true,"href":"https:\/\/produncan.cl\/fr\/wp-json\/wp\/v2\/regiones?post=7842"},{"taxonomy":"ciudades","embeddable":true,"href":"https:\/\/produncan.cl\/fr\/wp-json\/wp\/v2\/ciudades?post=7842"}],"curies":[{"name":"wp","href":"https:\/\/api.w.org\/{rel}","templated":true}]}}