{"id":7843,"date":"2022-07-21T10:32:43","date_gmt":"2022-07-21T14:32:43","guid":{"rendered":"https:\/\/produncan.cl\/producto\/parcelles-de-el-castano\/"},"modified":"2025-12-26T17:30:18","modified_gmt":"2025-12-26T20:30:18","slug":"parcelas-el-castano-curico-2","status":"publish","type":"product","link":"https:\/\/produncan.cl\/fr\/produit\/parcelas-el-castano-curico-2\/","title":{"rendered":"Plots of land in Potrero Largo, Curic\u00f3 &#8211; El Casta\u00f1o Project &#8211; Maule Region"},"content":{"rendered":"\t\t<div data-elementor-type=\"product-post\" data-elementor-id=\"7843\" class=\"elementor elementor-7843 elementor-2635\" data-elementor-post-type=\"product\">\n\t\t\t\t<div class=\"elementor-element elementor-element-d95817d e-flex e-con-boxed e-con e-parent\" data-id=\"d95817d\" data-element_type=\"container\" data-e-type=\"container\" data-settings=\"{&quot;jet_parallax_layout_list&quot;:[]}\">\n\t\t\t\t\t<div class=\"e-con-inner\">\n\t\t\t\t<div class=\"elementor-element elementor-element-5648fa7 elementor-widget elementor-widget-text-editor\" data-id=\"5648fa7\" data-element_type=\"widget\" data-e-type=\"widget\" data-widget_type=\"text-editor.default\">\n\t\t\t\t\t\t\t\t\t<h2>El Casta\u00f1o Plots, the ideal place to have your refuge near Curic\u00f3!<\/h2>\n<p>Ecoparque El Casta\u00f1o is a project of plots located on a mountain range between 500 and 800 meters above sea level, with a beautiful panoramic view and only 32kms southeast of Curico, Maule Region.<\/p>\n<p><span style=\"color: var( --e-global-color-text ); font-family: var( --e-global-typography-text-font-family ), Sans-serif; font-weight: var( --e-global-typography-text-font-weight );\">The project of approximately 60 total hectares is covered with rich native vegetation and a great diversity of fauna. Together with its accessibility, view and proximity to the city, it is the ideal place to have a space for rest, recreation and even a first home.<\/span><\/p>\n<p><span style=\"color: var( --e-global-color-text ); font-family: var( --e-global-typography-text-font-family ), Sans-serif; font-weight: var( --e-global-typography-text-font-weight );\">The project has 52 lots, all with ROL, ranging from 0.5 to 2.4 hectares. It also includes a 3.5 hectare lot of common area with trekking trails, signage and viewpoints.<\/span><\/p>\n<p><span style=\"color: var( --e-global-color-text ); font-family: var( --e-global-typography-text-font-family ), Sans-serif; font-weight: var( --e-global-typography-text-font-weight );\">The Ecopark is accessed from Route 5 south through a paved road (J-65) in excellent condition until reaching the Potrero Grande sector. From there, there is a 2 km gravel road (easement) leading to the entrance to the site.<\/span><\/p>\n<p><span style=\"color: var( --e-global-color-text ); font-family: var( --e-global-typography-text-font-family ), Sans-serif; font-weight: var( --e-global-typography-text-font-weight );\">The project will be delivered with 6m wide internal gravel roads, a water well of approximately 90 meters for the entire community, an access gate with remote control, a guardhouse, receptacles for recycling household waste, trails, viewpoints and signage of tree species in the common areas.<\/span><\/p>\n<p><span style=\"color: var( --e-global-color-text ); font-family: var( --e-global-typography-text-font-family ), Sans-serif; font-weight: var( --e-global-typography-text-font-weight );\">Currently, half of the plots have cell phone signal. For the remaining plots, a repeater antenna may be installed in the medium term, once the neighbors&#8217; association is formed. The owners will also be able to choose to connect via satellite internet.<\/span><\/p>\n<p><span style=\"color: var( --e-global-color-text ); font-family: var( --e-global-typography-text-font-family ), Sans-serif; font-weight: var( --e-global-typography-text-font-weight );\">The electric power currently reaches the entrance to the Ecoparque and for now it will only connect to the motor of the water well. To provide energy to the plots, everyone will have their own preference, either taking advantage of sunlight or wind energy. At Produncan we will be able to guide you in all the non-conventional renewable energy alternatives.<\/span><\/p>\n<p><span style=\"color: inherit; font-family: Abel, sans-serif; font-size: 1.75rem; font-weight: 600;\">Wildlife and preservation<\/span><\/p>\n<p>The Parcelas El Casta\u00f1o project is deeply inspired by the preservation of the environment and the valuation of biodiversity. Therefore, the Ecopark will be a space to promote environmental education and encourage respect for the natural heritage.<\/p>\n<p><span style=\"color: var( --e-global-color-text ); font-family: var( --e-global-typography-text-font-family ), Sans-serif; font-weight: var( --e-global-typography-text-font-weight );\">In flora we can find: oak, coigue, cypress, quillay, boldos, myrtle, copihue, coile, rosehip and maqui among others. In fauna we can see culpeo fox, pud\u00fa, quique, rabbit, eagle, condor and wood pigeon.<\/span><\/p>\n<p><span style=\"color: var( --e-global-color-text ); font-family: var( --e-global-typography-text-font-family ), Sans-serif; font-weight: var( --e-global-typography-text-font-weight );\">In order to comply with the objective of preserving the environment and achieving a healthy community coexistence, each owner will be required to adhere to the Bioespacio Protective Community, subscribing to protocols regarding the treatment of waste, sewage, types of construction and socio-environmental behaviors.<\/span><\/p>\n<p><span style=\"color: inherit; font-family: Abel, sans-serif; font-size: 1.75rem; font-weight: 600;\">Services and Proximity<\/span><\/p>\n<p>At 2kms from the project, in the Potrero Grande sector, there are police officers, a post office, two supermarkets, a church, and a school. And in the vicinity of the site is the English Park (seven cups), La Invernada, Buchen Park and the hacienda of Zapallar.<\/p>\n<p><span style=\"color: inherit; font-family: Abel, sans-serif; font-size: 1.75rem; font-weight: 600;\">Prices and payment facilities<\/span><\/p>\n<p>The sale price is 21 million for 5000m\u00b2 and with payment facilities, allowing you not to be left with debt in the banking system. The financing consists of:<\/p>\n<ul>\n<li><span style=\"background-color: transparent; color: var( --e-global-color-text ); font-family: var( --e-global-typography-text-font-family ), Sans-serif; font-weight: var( --e-global-typography-text-font-weight ); text-align: var(--text-align);\">50% cash plus 6 installments without surcharge.<\/span><\/li>\n<\/ul>\n<div> <\/div>\n<p>Anyone can opt for direct financing!<\/p>\n<p><span style=\"color: var( --e-global-color-text ); font-family: var( --e-global-typography-text-font-family ), Sans-serif; font-weight: var( --e-global-typography-text-font-weight );\">Reserve now, with $500mil and do not miss the opportunity to have your own plot in a magical place, with a magnificent view that will allow you to reconnect with emotions and feelings, ideal place to realize your life project and spend your best years!<\/span><\/p>\n<p><span style=\"color: var( --e-global-color-text ); font-family: var( --e-global-typography-text-font-family ), Sans-serif; font-weight: var( --e-global-typography-text-font-weight );\">IF YOUR THING IS TO MOVE BETWEEN O&#8217;HIGGINS AND MAULE, ECOPARQUE EL CASTA\u00d1O IS YOUR PLACE!<\/span><\/p>\n\t\t\t\t\t\t\t\t<\/div>\n\t\t\t\t\t<\/div>\n\t\t\t\t<\/div>\n\t\t\t\t<\/div>\n\t\t","protected":false},"excerpt":{"rendered":"<p>Lots in Curic\u00f3, Potrero Largo. With surface areas between 0.5 and 24 hectares. On a mountain range in the foothills. Common area, spectacular views and 32km from Curico. Water from well in process and energy by solar panel.<\/p>\n","protected":false},"featured_media":6137,"template":"","meta":{"_acf_changed":false},"product_brand":[],"product_cat":[158],"product_tag":[236],"regiones":[227],"ciudades":[222],"class_list":{"0":"post-7843","1":"product","2":"type-product","3":"status-publish","4":"has-post-thumbnail","6":"product_cat-valparaiso-maule-fr","7":"product_tag-parcelles","8":"regiones-valparaiso-maule","9":"ciudades-curico","11":"first","12":"instock","13":"shipping-taxable","14":"purchasable","15":"product-type-simple"},"acf":[],"yoast_head":"<!-- This site is optimized with the Yoast SEO Premium plugin v26.0 (Yoast SEO v27.3) - https:\/\/yoast.com\/product\/yoast-seo-premium-wordpress\/ -->\n<title>Plots in Potrero Largo, Curic\u00f3 - El Casta\u00f1o Project<\/title>\n<meta name=\"description\" content=\"Parcelas El Casta\u00f1o is a project located on a mountain range in the foothills of the Andes. Panoramic view and only 32kms SW of Curico.\" \/>\n<meta name=\"robots\" content=\"index, follow, max-snippet:-1, max-image-preview:large, max-video-preview:-1\" \/>\n<link rel=\"canonical\" href=\"https:\/\/produncan.cl\/fr\/produit\/parcelas-el-castano-curico-2\/\" \/>\n<meta property=\"og:locale\" content=\"fr_FR\" \/>\n<meta property=\"og:type\" content=\"article\" \/>\n<meta property=\"og:title\" content=\"Plots of land in Potrero Largo, Curic\u00f3 - El Casta\u00f1o Project - Maule Region\" \/>\n<meta property=\"og:description\" content=\"Parcelas El Casta\u00f1o is a project located on a mountain range in the foothills of the Andes. Panoramic view and only 32kms SW of Curico.\" \/>\n<meta property=\"og:url\" content=\"https:\/\/produncan.cl\/fr\/produit\/parcelas-el-castano-curico-2\/\" \/>\n<meta property=\"og:site_name\" content=\"Produncan\" \/>\n<meta property=\"article:publisher\" content=\"https:\/\/web.facebook.com\/produncanland\" \/>\n<meta property=\"article:modified_time\" content=\"2025-12-26T20:30:18+00:00\" \/>\n<meta property=\"og:image\" content=\"https:\/\/produncan.cl\/wp-content\/uploads\/2022\/07\/Parcelas-El-Castano-Curico.webp\" \/>\n\t<meta property=\"og:image:width\" content=\"600\" \/>\n\t<meta property=\"og:image:height\" content=\"450\" \/>\n\t<meta property=\"og:image:type\" content=\"image\/webp\" \/>\n<meta name=\"twitter:card\" content=\"summary_large_image\" \/>\n<meta name=\"twitter:label1\" content=\"Price\" \/>\n\t<meta name=\"twitter:data1\" content=\"USD22.900,00\" \/>\n\t<meta name=\"twitter:label2\" content=\"Availability\" \/>\n\t<meta name=\"twitter:data2\" content=\"In stock\" \/>\n<script type=\"application\/ld+json\" class=\"yoast-schema-graph\">{\"@context\":\"https:\\\/\\\/schema.org\",\"@graph\":[{\"@type\":\"WebPage\",\"@id\":\"https:\\\/\\\/produncan.cl\\\/fr\\\/produit\\\/parcelas-el-castano-curico-2\\\/\",\"url\":\"https:\\\/\\\/produncan.cl\\\/fr\\\/produit\\\/parcelas-el-castano-curico-2\\\/\",\"name\":\"Plots in Potrero Largo, Curic\u00f3 - El Casta\u00f1o Project\",\"isPartOf\":{\"@id\":\"https:\\\/\\\/produncan.cl\\\/fr\\\/#website\"},\"primaryImageOfPage\":{\"@id\":\"https:\\\/\\\/produncan.cl\\\/fr\\\/produit\\\/parcelas-el-castano-curico-2\\\/#primaryimage\"},\"image\":{\"@id\":\"https:\\\/\\\/produncan.cl\\\/fr\\\/produit\\\/parcelas-el-castano-curico-2\\\/#primaryimage\"},\"thumbnailUrl\":\"https:\\\/\\\/produncan.cl\\\/wp-content\\\/uploads\\\/2022\\\/07\\\/Parcelas-El-Castano-Curico.webp\",\"datePublished\":\"2022-07-21T14:32:43+00:00\",\"dateModified\":\"2025-12-26T20:30:18+00:00\",\"description\":\"Parcelas El Casta\u00f1o is a project located on a mountain range in the foothills of the Andes. Panoramic view and only 32kms SW of Curico.\",\"breadcrumb\":{\"@id\":\"https:\\\/\\\/produncan.cl\\\/fr\\\/produit\\\/parcelas-el-castano-curico-2\\\/#breadcrumb\"},\"inLanguage\":\"fr-FR\",\"potentialAction\":[{\"@type\":\"ReadAction\",\"target\":[\"https:\\\/\\\/produncan.cl\\\/fr\\\/produit\\\/parcelas-el-castano-curico-2\\\/\"]}]},{\"@type\":\"ImageObject\",\"inLanguage\":\"fr-FR\",\"@id\":\"https:\\\/\\\/produncan.cl\\\/fr\\\/produit\\\/parcelas-el-castano-curico-2\\\/#primaryimage\",\"url\":\"https:\\\/\\\/produncan.cl\\\/wp-content\\\/uploads\\\/2022\\\/07\\\/Parcelas-El-Castano-Curico.webp\",\"contentUrl\":\"https:\\\/\\\/produncan.cl\\\/wp-content\\\/uploads\\\/2022\\\/07\\\/Parcelas-El-Castano-Curico.webp\",\"width\":600,\"height\":450},{\"@type\":\"BreadcrumbList\",\"@id\":\"https:\\\/\\\/produncan.cl\\\/fr\\\/produit\\\/parcelas-el-castano-curico-2\\\/#breadcrumb\",\"itemListElement\":[{\"@type\":\"ListItem\",\"position\":1,\"name\":\"Inicio\",\"item\":\"https:\\\/\\\/produncan.cl\\\/fr\\\/\"},{\"@type\":\"ListItem\",\"position\":2,\"name\":\"Propri\u00e9t\u00e9s\",\"item\":\"https:\\\/\\\/produncan.cl\\\/propiedades\\\/\"},{\"@type\":\"ListItem\",\"position\":3,\"name\":\"Parcelles\",\"item\":\"https:\\\/\\\/produncan.cl\\\/fr\\\/cat&eacute;gorie\\\/parcelles\\\/\"},{\"@type\":\"ListItem\",\"position\":4,\"name\":\"Plots of land in Potrero Largo, Curic\u00f3 &#8211; El Casta\u00f1o Project &#8211; Maule Region\"}]},{\"@type\":\"WebSite\",\"@id\":\"https:\\\/\\\/produncan.cl\\\/fr\\\/#website\",\"url\":\"https:\\\/\\\/produncan.cl\\\/fr\\\/\",\"name\":\"Produncan\",\"description\":\"Nous vous accompagnons dans votre projet de vie !\",\"publisher\":{\"@id\":\"https:\\\/\\\/produncan.cl\\\/fr\\\/#organization\"},\"potentialAction\":[{\"@type\":\"SearchAction\",\"target\":{\"@type\":\"EntryPoint\",\"urlTemplate\":\"https:\\\/\\\/produncan.cl\\\/fr\\\/?s={search_term_string}\"},\"query-input\":{\"@type\":\"PropertyValueSpecification\",\"valueRequired\":true,\"valueName\":\"search_term_string\"}}],\"inLanguage\":\"fr-FR\"},{\"@type\":\"Organization\",\"@id\":\"https:\\\/\\\/produncan.cl\\\/fr\\\/#organization\",\"name\":\"Produncan\",\"url\":\"https:\\\/\\\/produncan.cl\\\/fr\\\/\",\"logo\":{\"@type\":\"ImageObject\",\"inLanguage\":\"fr-FR\",\"@id\":\"https:\\\/\\\/produncan.cl\\\/fr\\\/#\\\/schema\\\/logo\\\/image\\\/\",\"url\":\"https:\\\/\\\/produncan.cl\\\/wp-content\\\/uploads\\\/2021\\\/03\\\/LOGO.jpeg\",\"contentUrl\":\"https:\\\/\\\/produncan.cl\\\/wp-content\\\/uploads\\\/2021\\\/03\\\/LOGO.jpeg\",\"width\":1280,\"height\":903,\"caption\":\"Produncan\"},\"image\":{\"@id\":\"https:\\\/\\\/produncan.cl\\\/fr\\\/#\\\/schema\\\/logo\\\/image\\\/\"},\"sameAs\":[\"https:\\\/\\\/web.facebook.com\\\/produncanland\",\"https:\\\/\\\/www.instagram.com\\\/pro_duncan\\\/\",\"https:\\\/\\\/www.linkedin.com\\\/company\\\/produncan-lands\\\/\",\"https:\\\/\\\/www.youtube.com\\\/channel\\\/UCu7N-f3x0svkazD-Eew1-QQ\"],\"description\":\"En Produncan somos especialistas en la venta de terrenos en el sur de Chile. Proveemos estancias, campos, parcelas y hoteles.\",\"email\":\"info@produncan.cl\"}]}<\/script>\n<meta property=\"og:video\" content=\"https:\/\/www.youtube.com\/embed\/5RbJnuQMVNo\" \/>\n<meta property=\"og:video:type\" content=\"text\/html\" \/>\n<meta property=\"og:video:duration\" content=\"61\" \/>\n<meta property=\"og:video:width\" content=\"480\" \/>\n<meta property=\"og:video:height\" content=\"360\" \/>\n<meta property=\"ya:ovs:adult\" content=\"false\" \/>\n<meta property=\"ya:ovs:upload_date\" content=\"2022-07-21T14:32:43+00:00\" \/>\n<meta property=\"ya:ovs:allow_embed\" content=\"true\" \/>\n<meta property=\"product:price:amount\" content=\"22900.00\" \/>\n<meta property=\"product:price:currency\" content=\"USD\" \/>\n<meta property=\"og:availability\" content=\"instock\" \/>\n<meta property=\"product:availability\" content=\"instock\" \/>\n<meta property=\"product:condition\" content=\"new\" \/>\n<!-- \/ Yoast SEO Premium plugin. -->","yoast_head_json":{"title":"Plots in Potrero Largo, Curic\u00f3 - El Casta\u00f1o Project","description":"Parcelas El Casta\u00f1o is a project located on a mountain range in the foothills of the Andes. Panoramic view and only 32kms SW of Curico.","robots":{"index":"index","follow":"follow","max-snippet":"max-snippet:-1","max-image-preview":"max-image-preview:large","max-video-preview":"max-video-preview:-1"},"canonical":"https:\/\/produncan.cl\/fr\/produit\/parcelas-el-castano-curico-2\/","og_locale":"fr_FR","og_type":"article","og_title":"Plots of land in Potrero Largo, Curic\u00f3 - El Casta\u00f1o Project - Maule Region","og_description":"Parcelas El Casta\u00f1o is a project located on a mountain range in the foothills of the Andes. Panoramic view and only 32kms SW of Curico.","og_url":"https:\/\/produncan.cl\/fr\/produit\/parcelas-el-castano-curico-2\/","og_site_name":"Produncan","article_publisher":"https:\/\/web.facebook.com\/produncanland","article_modified_time":"2025-12-26T20:30:18+00:00","og_image":[{"width":600,"height":450,"url":"https:\/\/produncan.cl\/wp-content\/uploads\/2022\/07\/Parcelas-El-Castano-Curico.webp","type":"image\/webp"}],"twitter_card":"summary_large_image","twitter_misc":{"Price":"USD22.900,00","Availability":"In stock"},"schema":{"@context":"https:\/\/schema.org","@graph":[{"@type":"WebPage","@id":"https:\/\/produncan.cl\/fr\/produit\/parcelas-el-castano-curico-2\/","url":"https:\/\/produncan.cl\/fr\/produit\/parcelas-el-castano-curico-2\/","name":"Plots in Potrero Largo, Curic\u00f3 - El Casta\u00f1o Project","isPartOf":{"@id":"https:\/\/produncan.cl\/fr\/#website"},"primaryImageOfPage":{"@id":"https:\/\/produncan.cl\/fr\/produit\/parcelas-el-castano-curico-2\/#primaryimage"},"image":{"@id":"https:\/\/produncan.cl\/fr\/produit\/parcelas-el-castano-curico-2\/#primaryimage"},"thumbnailUrl":"https:\/\/produncan.cl\/wp-content\/uploads\/2022\/07\/Parcelas-El-Castano-Curico.webp","datePublished":"2022-07-21T14:32:43+00:00","dateModified":"2025-12-26T20:30:18+00:00","description":"Parcelas El Casta\u00f1o is a project located on a mountain range in the foothills of the Andes. Panoramic view and only 32kms SW of Curico.","breadcrumb":{"@id":"https:\/\/produncan.cl\/fr\/produit\/parcelas-el-castano-curico-2\/#breadcrumb"},"inLanguage":"fr-FR","potentialAction":[{"@type":"ReadAction","target":["https:\/\/produncan.cl\/fr\/produit\/parcelas-el-castano-curico-2\/"]}]},{"@type":"ImageObject","inLanguage":"fr-FR","@id":"https:\/\/produncan.cl\/fr\/produit\/parcelas-el-castano-curico-2\/#primaryimage","url":"https:\/\/produncan.cl\/wp-content\/uploads\/2022\/07\/Parcelas-El-Castano-Curico.webp","contentUrl":"https:\/\/produncan.cl\/wp-content\/uploads\/2022\/07\/Parcelas-El-Castano-Curico.webp","width":600,"height":450},{"@type":"BreadcrumbList","@id":"https:\/\/produncan.cl\/fr\/produit\/parcelas-el-castano-curico-2\/#breadcrumb","itemListElement":[{"@type":"ListItem","position":1,"name":"Inicio","item":"https:\/\/produncan.cl\/fr\/"},{"@type":"ListItem","position":2,"name":"Propri\u00e9t\u00e9s","item":"https:\/\/produncan.cl\/propiedades\/"},{"@type":"ListItem","position":3,"name":"Parcelles","item":"https:\/\/produncan.cl\/fr\/cat&eacute;gorie\/parcelles\/"},{"@type":"ListItem","position":4,"name":"Plots of land in Potrero Largo, Curic\u00f3 &#8211; El Casta\u00f1o Project &#8211; Maule Region"}]},{"@type":"WebSite","@id":"https:\/\/produncan.cl\/fr\/#website","url":"https:\/\/produncan.cl\/fr\/","name":"Produncan","description":"Nous vous accompagnons dans votre projet de vie !","publisher":{"@id":"https:\/\/produncan.cl\/fr\/#organization"},"potentialAction":[{"@type":"SearchAction","target":{"@type":"EntryPoint","urlTemplate":"https:\/\/produncan.cl\/fr\/?s={search_term_string}"},"query-input":{"@type":"PropertyValueSpecification","valueRequired":true,"valueName":"search_term_string"}}],"inLanguage":"fr-FR"},{"@type":"Organization","@id":"https:\/\/produncan.cl\/fr\/#organization","name":"Produncan","url":"https:\/\/produncan.cl\/fr\/","logo":{"@type":"ImageObject","inLanguage":"fr-FR","@id":"https:\/\/produncan.cl\/fr\/#\/schema\/logo\/image\/","url":"https:\/\/produncan.cl\/wp-content\/uploads\/2021\/03\/LOGO.jpeg","contentUrl":"https:\/\/produncan.cl\/wp-content\/uploads\/2021\/03\/LOGO.jpeg","width":1280,"height":903,"caption":"Produncan"},"image":{"@id":"https:\/\/produncan.cl\/fr\/#\/schema\/logo\/image\/"},"sameAs":["https:\/\/web.facebook.com\/produncanland","https:\/\/www.instagram.com\/pro_duncan\/","https:\/\/www.linkedin.com\/company\/produncan-lands\/","https:\/\/www.youtube.com\/channel\/UCu7N-f3x0svkazD-Eew1-QQ"],"description":"En Produncan somos especialistas en la venta de terrenos en el sur de Chile. Proveemos estancias, campos, parcelas y hoteles.","email":"info@produncan.cl"}]},"og_video":"https:\/\/www.youtube.com\/embed\/5RbJnuQMVNo","og_video_type":"text\/html","og_video_duration":"61","og_video_width":"480","og_video_height":"360","ya_ovs_adult":"false","ya_ovs_upload_date":"2022-07-21T14:32:43+00:00","ya_ovs_allow_embed":"true","product_price_amount":"22900.00","product_price_currency":"USD","og_availability":"instock","product_availability":"instock","product_condition":"new"},"_links":{"self":[{"href":"https:\/\/produncan.cl\/fr\/wp-json\/wp\/v2\/product\/7843","targetHints":{"allow":["GET"]}}],"collection":[{"href":"https:\/\/produncan.cl\/fr\/wp-json\/wp\/v2\/product"}],"about":[{"href":"https:\/\/produncan.cl\/fr\/wp-json\/wp\/v2\/types\/product"}],"version-history":[{"count":2,"href":"https:\/\/produncan.cl\/fr\/wp-json\/wp\/v2\/product\/7843\/revisions"}],"predecessor-version":[{"id":54279,"href":"https:\/\/produncan.cl\/fr\/wp-json\/wp\/v2\/product\/7843\/revisions\/54279"}],"wp:featuredmedia":[{"embeddable":true,"href":"https:\/\/produncan.cl\/fr\/wp-json\/wp\/v2\/media\/6137"}],"wp:attachment":[{"href":"https:\/\/produncan.cl\/fr\/wp-json\/wp\/v2\/media?parent=7843"}],"wp:term":[{"taxonomy":"product_brand","embeddable":true,"href":"https:\/\/produncan.cl\/fr\/wp-json\/wp\/v2\/product_brand?post=7843"},{"taxonomy":"product_cat","embeddable":true,"href":"https:\/\/produncan.cl\/fr\/wp-json\/wp\/v2\/product_cat?post=7843"},{"taxonomy":"product_tag","embeddable":true,"href":"https:\/\/produncan.cl\/fr\/wp-json\/wp\/v2\/product_tag?post=7843"},{"taxonomy":"regiones","embeddable":true,"href":"https:\/\/produncan.cl\/fr\/wp-json\/wp\/v2\/regiones?post=7843"},{"taxonomy":"ciudades","embeddable":true,"href":"https:\/\/produncan.cl\/fr\/wp-json\/wp\/v2\/ciudades?post=7843"}],"curies":[{"name":"wp","href":"https:\/\/api.w.org\/{rel}","templated":true}]}}