{"id":7845,"date":"2024-05-05T17:23:53","date_gmt":"2024-05-05T21:23:53","guid":{"rendered":"https:\/\/produncan.cl\/producto\/champ-de-tipaume-9ha\/"},"modified":"2025-08-18T16:57:00","modified_gmt":"2025-08-18T20:57:00","slug":"campo-tipaume-rengo-2","status":"publish","type":"product","link":"https:\/\/produncan.cl\/fr\/produit\/campo-tipaume-rengo-2\/","title":{"rendered":"Campagne \u00e0 Rengo &#8211; Tipaume, R\u00e9gion de O&#8217;Higgins"},"content":{"rendered":"\t\t<div data-elementor-type=\"product-post\" data-elementor-id=\"7845\" class=\"elementor elementor-7845 elementor-2574\" data-elementor-post-type=\"product\">\n\t\t\t\t<div class=\"elementor-element elementor-element-fec7696 e-flex e-con-boxed e-con e-parent\" data-id=\"fec7696\" data-element_type=\"container\" data-e-type=\"container\" data-settings=\"{&quot;jet_parallax_layout_list&quot;:[]}\">\n\t\t\t\t\t<div class=\"e-con-inner\">\n\t\t\t\t<div class=\"elementor-element elementor-element-53d7b79 elementor-widget elementor-widget-heading\" data-id=\"53d7b79\" data-element_type=\"widget\" data-e-type=\"widget\" data-widget_type=\"heading.default\">\n\t\t\t\t\t<h2 class=\"elementor-heading-title elementor-size-default\">Un terrain \u00e0 Rengo id\u00e9al pour vos meilleures ann\u00e9es !<\/h2>\t\t\t\t<\/div>\n\t\t\t\t\t<\/div>\n\t\t\t\t<\/div>\n\t\t<div class=\"elementor-element elementor-element-edf5eb0 e-flex e-con-boxed e-con e-parent\" data-id=\"edf5eb0\" data-element_type=\"container\" data-e-type=\"container\" data-settings=\"{&quot;jet_parallax_layout_list&quot;:[]}\">\n\t\t\t\t\t<div class=\"e-con-inner\">\n\t\t<div class=\"elementor-element elementor-element-fd2f2a7 e-con-full e-flex e-con e-child\" data-id=\"fd2f2a7\" data-element_type=\"container\" data-e-type=\"container\" data-settings=\"{&quot;jet_parallax_layout_list&quot;:[]}\">\n\t\t\t\t<div class=\"elementor-element elementor-element-14b4560 elementor-widget elementor-widget-text-editor\" data-id=\"14b4560\" data-element_type=\"widget\" data-e-type=\"widget\" data-widget_type=\"text-editor.default\">\n\t\t\t\t\t\t\t\t\t<p>Nous vous invitons dans un beau manoir situ\u00e9 dans un grand parc. Ce champ \u00e0 Rengo poss\u00e8de une plantation d&#8217;amandiers, le tout sur une superficie de 9 hectares. Le site est id\u00e9al pour un projet de tourisme th\u00e9matique, de loisirs, de d\u00e9tente ou de logement.<\/p>\n<p><span style=\"text-align: var(--text-align);\">Le camp de Rengo, secteur Tipaume est \u00e0 1h30 de Santiago.<\/span><span style=\"color: var( --e-global-color-text ); font-family: var( --e-global-typography-text-font-family ), Sans-serif; font-weight: var( --e-global-typography-text-font-weight ); text-align: var(--text-align);\">La propri\u00e9t\u00e9 dispose d&#8217;une grande maison d&#8217;environ 600m\u00b2. Il est situ\u00e9 dans un parc de 1,5 hectare.<\/span><\/p>\n<p><strong style=\"color: var( --e-global-color-text ); text-align: var(--text-align);\">Description de la maison<\/strong><\/p>\n<p>La maison est divis\u00e9e en deux ailes (ou sections) de vie ind\u00e9pendante, un appartement ext\u00e9rieur et une cave. Tous partagent la cuisine, la salle \u00e0 manger, le salon principal et une grande galerie d&#8217;entr\u00e9e avec un beau vitrail.<\/p>\n<p><span style=\"color: var( --e-global-color-text ); font-family: var( --e-global-typography-text-font-family ), Sans-serif; font-weight: var( --e-global-typography-text-font-weight ); text-align: var(--text-align);\">La premi\u00e8re aile comprend un salon avec chemin\u00e9e, une chambre en-suite, deux chambres et une salle de bain. La deuxi\u00e8me aile comprend une galerie d&#8217;entr\u00e9e avec chemin\u00e9e, deux chambres en-suite, deux chambres et une salle de bain. L&#8217;appartement ext\u00e9rieur dispose de deux chambres, d&#8217;une salle de bains, d&#8217;un d\u00e9barras ext\u00e9rieur et d&#8217;une buanderie.<\/span><\/p>\n<p><span style=\"color: var( --e-global-color-text ); font-family: var( --e-global-typography-text-font-family ), Sans-serif; font-weight: var( --e-global-typography-text-font-weight ); text-align: var(--text-align);\">La maison dispose de quatre couloirs couverts, d&#8217;une grande terrasse avec des poutres apparentes et une vue panoramique sur le parc et d&#8217;une autre terrasse pour l&#8217;\u00e9t\u00e9 avec acc\u00e8s \u00e0 la piscine.<\/span><\/p>\n<p><strong style=\"color: var( --e-global-color-text ); text-align: var(--text-align);\">Champ et \u00e9quipement<\/strong><\/p>\n<p>La ferme dispose \u00e9galement d&#8217;une maison de gardien d&#8217;environ 60 m\u00b2, de trois \u00e9curies pour chevaux et d&#8217;un poulailler ferm\u00e9 d&#8217;environ 9 m\u00b2.<\/p>\n<p><span style=\"color: var( --e-global-color-text ); font-family: var( --e-global-typography-text-font-family ), Sans-serif; font-weight: var( --e-global-typography-text-font-weight ); text-align: var(--text-align);\">La ferme est vendue \u00e0 huis clos, la maison est vendue meubl\u00e9e avec lits, meubles de salon, salle \u00e0 manger pour 20 personnes, chaises, cuisine, cuisini\u00e8re \u00e0 bois, r\u00e9frig\u00e9rateur, machine \u00e0 laver, cuisini\u00e8re \u00e0 combustion lente, etc. Une partie de la d\u00e9coration et quelques souvenirs de famille ne sont pas inclus.<\/span><\/p>\n<p><span style=\"color: var( --e-global-color-text ); font-family: var( --e-global-typography-text-font-family ), Sans-serif; font-weight: var( --e-global-typography-text-font-weight ); text-align: var(--text-align);\">La vente comprend un conteneur de 20 pieds qui sert d&#8217;entrep\u00f4t ainsi que toutes les machines n\u00e9cessaires \u00e0 la gestion agricole :<\/span><\/p>\n<ul>\n<li>Chariot<\/li>\n<li>Tracteur<\/li>\n<li>Harrow<\/li>\n<li>Pulv\u00e9risateur<\/li>\n<li>N\u00e9buliseur<\/li>\n<li>Sillonneur<\/li>\n<li>Une grenouille, etc.<\/li>\n<\/ul>\n<div>&nbsp;<\/div>\n<p>En outre, toutes les petites machines n\u00e9cessaires \u00e0 la gestion du jardin (tracteur de pelouse, pompes \u00e0 dos, souffleur, d\u00e9sherbeur, pelles, coupe-herbe, etc.<\/p>\n<p><span style=\"color: var( --e-global-color-text ); font-family: var( --e-global-typography-text-font-family ), Sans-serif; font-weight: var( --e-global-typography-text-font-weight ); text-align: var(--text-align);\">Le secteur agricole, adjacent au parc naturel et au manoir, consiste en une<\/span> <span style=\"color: var( --e-global-color-text ); font-family: var( --e-global-typography-text-font-family ), Sans-serif; font-weight: var( --e-global-typography-text-font-weight ); text-align: var(--text-align);\">plantation d&#8217;amandiers de 7,5 hectares en pleine production avec une tr\u00e8s bonne gestion agricole.<\/span><\/p>\n<p><span style=\"color: var( --e-global-color-text ); font-family: var( --e-global-typography-text-font-family ), Sans-serif; font-weight: var( --e-global-typography-text-font-weight ); text-align: var(--text-align);\">Le syst\u00e8me d&#8217;irrigation est un syst\u00e8me \u00e0 sillons. La vente de la propri\u00e9t\u00e9 comprend les droits d&#8217;eau enregistr\u00e9s de trois canaux, ce qui est suffisant pour irriguer l&#8217;ensemble du verger.<\/span><\/p>\n<p><span style=\"color: var( --e-global-color-text ); font-family: var( --e-global-typography-text-font-family ), Sans-serif; font-weight: var( --e-global-typography-text-font-weight ); text-align: var(--text-align);\">La propri\u00e9t\u00e9 dispose d&#8217;un puits d&#8217;eau pour alimenter les maisons en eau potable et d&#8217;un puits de 43 m\u00e8tres de profondeur.<\/span><\/p>\n<p><strong style=\"color: var( --e-global-color-text ); text-align: var(--text-align);\">Acc\u00e8s, connexion et proximit\u00e9<\/strong><\/p>\n<p>L&#8217;exploitation agricole de Rengo est tr\u00e8s bien desservie depuis la route 5 (km 106 environ) par une route asphalt\u00e9e et une route en gravier en bon \u00e9tat d&#8217;environ 900 m\u00e8tres. Il y a un bon signal de t\u00e9l\u00e9communications et l&#8217;\u00e9lectricit\u00e9 monophas\u00e9e est fournie par la CGE.<\/p>\n<p><span style=\"color: var( --e-global-color-text ); font-family: var( --e-global-typography-text-font-family ), Sans-serif; font-weight: var( --e-global-typography-text-font-weight ); text-align: var(--text-align);\">\u00c0 c\u00f4t\u00e9 du camp se trouve la r\u00e9serve de Tipaume, un grand parc de pr\u00e9servation \u00e9cologique, o\u00f9 vous pouvez faire du trekking et du VTT sur la colline. Dans la r\u00e9serve, il y a une oliveraie et une ancienne usine d&#8217;huile d&#8217;olive.<\/span><\/p>\n<p><span style=\"color: var( --e-global-color-text ); font-family: var( --e-global-typography-text-font-family ), Sans-serif; font-weight: var( --e-global-typography-text-font-weight ); text-align: var(--text-align);\">Son prix est de 33 000 UF<\/span><\/p>\n<p><span style=\"color: var( --e-global-color-text ); font-family: var( --e-global-typography-text-font-family ), Sans-serif; font-weight: var( --e-global-typography-text-font-weight ); text-align: var(--text-align);\">SI VOUS VOULEZ CHANGER VOTRE VIE ET AVOIR VOTRE PROPRE POTAGER, NE PERDEZ PAS DE TEMPS ET CONTACTEZ-NOUS POUR CONNA\u00ceTRE CETTE BELLE PROPRI\u00c9T\u00c9 !<\/span><\/p>\t\t\t\t\t\t\t\t<\/div>\n\t\t\t\t<\/div>\n\t\t\t\t\t<\/div>\n\t\t\t\t<\/div>\n\t\t\t\t<\/div>\n\t\t","protected":false},"excerpt":{"rendered":"<p>Champ \u00e0 Rengo de 9 hectares. Manoir de 600m\u00b2 dans un parc naturel de 1,5 ha. 7,5 hectares d&#8217;amandiers, tous services et bon acc\u00e8s.<\/p>\n","protected":false},"featured_media":45061,"template":"","meta":{"_acf_changed":false},"product_brand":[],"product_cat":[158],"product_tag":[233,236,237],"regiones":[227],"ciudades":[224],"class_list":{"0":"post-7845","1":"product","2":"type-product","3":"status-publish","4":"has-post-thumbnail","6":"product_cat-valparaiso-maule-fr","7":"product_tag-champs","8":"product_tag-parcelles","9":"product_tag-proprietes-touristiques","10":"regiones-valparaiso-maule","11":"ciudades-rengo","13":"first","14":"outofstock","15":"shipping-taxable","16":"purchasable","17":"product-type-simple"},"acf":[],"yoast_head":"<!-- This site is optimized with the Yoast SEO Premium plugin v26.0 (Yoast SEO v27.3) - https:\/\/yoast.com\/product\/yoast-seo-premium-wordpress\/ -->\n<title>Champ \u00e0 Rengo - Tipaume - R\u00e9gion O&#039;Higgins - Produncan<\/title>\n<meta name=\"description\" content=\"Champ \u00e0 Rengo avec une ferme dans un parc naturel, adjacent \u00e0 une plantation d&#039;amandiers, le tout sur une propri\u00e9t\u00e9 de 9ha.\" \/>\n<meta name=\"robots\" content=\"index, follow, max-snippet:-1, max-image-preview:large, max-video-preview:-1\" \/>\n<link rel=\"canonical\" href=\"https:\/\/produncan.cl\/fr\/produit\/campo-tipaume-rengo-2\/\" \/>\n<meta property=\"og:locale\" content=\"fr_FR\" \/>\n<meta property=\"og:type\" content=\"article\" \/>\n<meta property=\"og:title\" content=\"Campagne \u00e0 Rengo - Tipaume, R\u00e9gion de O&#039;Higgins\" \/>\n<meta property=\"og:description\" content=\"Champ \u00e0 Rengo avec une ferme dans un parc naturel, adjacent \u00e0 une plantation d&#039;amandiers, le tout sur une propri\u00e9t\u00e9 de 9ha.\" \/>\n<meta property=\"og:url\" content=\"https:\/\/produncan.cl\/fr\/produit\/campo-tipaume-rengo-2\/\" \/>\n<meta property=\"og:site_name\" content=\"Produncan\" \/>\n<meta property=\"article:publisher\" content=\"https:\/\/web.facebook.com\/produncanland\" \/>\n<meta property=\"article:modified_time\" content=\"2025-08-18T20:57:00+00:00\" \/>\n<meta property=\"og:image\" content=\"https:\/\/produncan.cl\/wp-content\/uploads\/2024\/05\/campito-tipaume-vendido.webp\" \/>\n\t<meta property=\"og:image:width\" content=\"600\" \/>\n\t<meta property=\"og:image:height\" content=\"450\" \/>\n\t<meta property=\"og:image:type\" content=\"image\/webp\" \/>\n<meta name=\"twitter:card\" content=\"summary_large_image\" \/>\n<meta name=\"twitter:label1\" content=\"Price\" \/>\n\t<meta name=\"twitter:data1\" content=\"USD1.364.200,00\" \/>\n\t<meta name=\"twitter:label2\" content=\"Availability\" \/>\n\t<meta name=\"twitter:data2\" content=\"Out of stock\" \/>\n<script type=\"application\/ld+json\" class=\"yoast-schema-graph\">{\"@context\":\"https:\\\/\\\/schema.org\",\"@graph\":[{\"@type\":\"WebPage\",\"@id\":\"https:\\\/\\\/produncan.cl\\\/fr\\\/produit\\\/campo-tipaume-rengo-2\\\/\",\"url\":\"https:\\\/\\\/produncan.cl\\\/fr\\\/produit\\\/campo-tipaume-rengo-2\\\/\",\"name\":\"Champ \u00e0 Rengo - Tipaume - R\u00e9gion O'Higgins - Produncan\",\"isPartOf\":{\"@id\":\"https:\\\/\\\/produncan.cl\\\/fr\\\/#website\"},\"primaryImageOfPage\":{\"@id\":\"https:\\\/\\\/produncan.cl\\\/fr\\\/produit\\\/campo-tipaume-rengo-2\\\/#primaryimage\"},\"image\":{\"@id\":\"https:\\\/\\\/produncan.cl\\\/fr\\\/produit\\\/campo-tipaume-rengo-2\\\/#primaryimage\"},\"thumbnailUrl\":\"https:\\\/\\\/produncan.cl\\\/wp-content\\\/uploads\\\/2024\\\/05\\\/campito-tipaume-vendido.webp\",\"datePublished\":\"2024-05-05T21:23:53+00:00\",\"dateModified\":\"2025-08-18T20:57:00+00:00\",\"description\":\"Champ \u00e0 Rengo avec une ferme dans un parc naturel, adjacent \u00e0 une plantation d'amandiers, le tout sur une propri\u00e9t\u00e9 de 9ha.\",\"breadcrumb\":{\"@id\":\"https:\\\/\\\/produncan.cl\\\/fr\\\/produit\\\/campo-tipaume-rengo-2\\\/#breadcrumb\"},\"inLanguage\":\"fr-FR\",\"potentialAction\":[{\"@type\":\"ReadAction\",\"target\":[\"https:\\\/\\\/produncan.cl\\\/fr\\\/produit\\\/campo-tipaume-rengo-2\\\/\"]}]},{\"@type\":\"ImageObject\",\"inLanguage\":\"fr-FR\",\"@id\":\"https:\\\/\\\/produncan.cl\\\/fr\\\/produit\\\/campo-tipaume-rengo-2\\\/#primaryimage\",\"url\":\"https:\\\/\\\/produncan.cl\\\/wp-content\\\/uploads\\\/2024\\\/05\\\/campito-tipaume-vendido.webp\",\"contentUrl\":\"https:\\\/\\\/produncan.cl\\\/wp-content\\\/uploads\\\/2024\\\/05\\\/campito-tipaume-vendido.webp\",\"width\":600,\"height\":450},{\"@type\":\"BreadcrumbList\",\"@id\":\"https:\\\/\\\/produncan.cl\\\/fr\\\/produit\\\/campo-tipaume-rengo-2\\\/#breadcrumb\",\"itemListElement\":[{\"@type\":\"ListItem\",\"position\":1,\"name\":\"Inicio\",\"item\":\"https:\\\/\\\/produncan.cl\\\/fr\\\/\"},{\"@type\":\"ListItem\",\"position\":2,\"name\":\"Propri\u00e9t\u00e9s\",\"item\":\"https:\\\/\\\/produncan.cl\\\/propiedades\\\/\"},{\"@type\":\"ListItem\",\"position\":3,\"name\":\"Champs\",\"item\":\"https:\\\/\\\/produncan.cl\\\/fr\\\/cat&eacute;gorie\\\/champs\\\/\"},{\"@type\":\"ListItem\",\"position\":4,\"name\":\"Campagne \u00e0 Rengo &#8211; Tipaume, R\u00e9gion de O&#8217;Higgins\"}]},{\"@type\":\"WebSite\",\"@id\":\"https:\\\/\\\/produncan.cl\\\/fr\\\/#website\",\"url\":\"https:\\\/\\\/produncan.cl\\\/fr\\\/\",\"name\":\"Produncan\",\"description\":\"Nous vous accompagnons dans votre projet de vie !\",\"publisher\":{\"@id\":\"https:\\\/\\\/produncan.cl\\\/fr\\\/#organization\"},\"potentialAction\":[{\"@type\":\"SearchAction\",\"target\":{\"@type\":\"EntryPoint\",\"urlTemplate\":\"https:\\\/\\\/produncan.cl\\\/fr\\\/?s={search_term_string}\"},\"query-input\":{\"@type\":\"PropertyValueSpecification\",\"valueRequired\":true,\"valueName\":\"search_term_string\"}}],\"inLanguage\":\"fr-FR\"},{\"@type\":\"Organization\",\"@id\":\"https:\\\/\\\/produncan.cl\\\/fr\\\/#organization\",\"name\":\"Produncan\",\"url\":\"https:\\\/\\\/produncan.cl\\\/fr\\\/\",\"logo\":{\"@type\":\"ImageObject\",\"inLanguage\":\"fr-FR\",\"@id\":\"https:\\\/\\\/produncan.cl\\\/fr\\\/#\\\/schema\\\/logo\\\/image\\\/\",\"url\":\"https:\\\/\\\/produncan.cl\\\/wp-content\\\/uploads\\\/2021\\\/03\\\/LOGO.jpeg\",\"contentUrl\":\"https:\\\/\\\/produncan.cl\\\/wp-content\\\/uploads\\\/2021\\\/03\\\/LOGO.jpeg\",\"width\":1280,\"height\":903,\"caption\":\"Produncan\"},\"image\":{\"@id\":\"https:\\\/\\\/produncan.cl\\\/fr\\\/#\\\/schema\\\/logo\\\/image\\\/\"},\"sameAs\":[\"https:\\\/\\\/web.facebook.com\\\/produncanland\",\"https:\\\/\\\/www.instagram.com\\\/pro_duncan\\\/\",\"https:\\\/\\\/www.linkedin.com\\\/company\\\/produncan-lands\\\/\",\"https:\\\/\\\/www.youtube.com\\\/channel\\\/UCu7N-f3x0svkazD-Eew1-QQ\"],\"description\":\"En Produncan somos especialistas en la venta de terrenos en el sur de Chile. Proveemos estancias, campos, parcelas y hoteles.\",\"email\":\"info@produncan.cl\"}]}<\/script>\n<meta property=\"og:video\" content=\"https:\/\/www.youtube.com\/embed\/cu9iSXFTfI0\" \/>\n<meta property=\"og:video:type\" content=\"text\/html\" \/>\n<meta property=\"og:video:duration\" content=\"61\" \/>\n<meta property=\"og:video:width\" content=\"480\" \/>\n<meta property=\"og:video:height\" content=\"360\" \/>\n<meta property=\"ya:ovs:adult\" content=\"false\" \/>\n<meta property=\"ya:ovs:upload_date\" content=\"2024-05-05T21:23:53+00:00\" \/>\n<meta property=\"ya:ovs:allow_embed\" content=\"true\" \/>\n<meta property=\"product:price:amount\" content=\"1364200.00\" \/>\n<meta property=\"product:price:currency\" content=\"USD\" \/>\n<meta property=\"og:availability\" content=\"out of stock\" \/>\n<meta property=\"product:availability\" content=\"out of stock\" \/>\n<meta property=\"product:condition\" content=\"new\" \/>\n<!-- \/ Yoast SEO Premium plugin. -->","yoast_head_json":{"title":"Champ \u00e0 Rengo - Tipaume - R\u00e9gion O'Higgins - Produncan","description":"Champ \u00e0 Rengo avec une ferme dans un parc naturel, adjacent \u00e0 une plantation d'amandiers, le tout sur une propri\u00e9t\u00e9 de 9ha.","robots":{"index":"index","follow":"follow","max-snippet":"max-snippet:-1","max-image-preview":"max-image-preview:large","max-video-preview":"max-video-preview:-1"},"canonical":"https:\/\/produncan.cl\/fr\/produit\/campo-tipaume-rengo-2\/","og_locale":"fr_FR","og_type":"article","og_title":"Campagne \u00e0 Rengo - Tipaume, R\u00e9gion de O'Higgins","og_description":"Champ \u00e0 Rengo avec une ferme dans un parc naturel, adjacent \u00e0 une plantation d'amandiers, le tout sur une propri\u00e9t\u00e9 de 9ha.","og_url":"https:\/\/produncan.cl\/fr\/produit\/campo-tipaume-rengo-2\/","og_site_name":"Produncan","article_publisher":"https:\/\/web.facebook.com\/produncanland","article_modified_time":"2025-08-18T20:57:00+00:00","og_image":[{"width":600,"height":450,"url":"https:\/\/produncan.cl\/wp-content\/uploads\/2024\/05\/campito-tipaume-vendido.webp","type":"image\/webp"}],"twitter_card":"summary_large_image","twitter_misc":{"Price":"USD1.364.200,00","Availability":"Out of stock"},"schema":{"@context":"https:\/\/schema.org","@graph":[{"@type":"WebPage","@id":"https:\/\/produncan.cl\/fr\/produit\/campo-tipaume-rengo-2\/","url":"https:\/\/produncan.cl\/fr\/produit\/campo-tipaume-rengo-2\/","name":"Champ \u00e0 Rengo - Tipaume - R\u00e9gion O'Higgins - Produncan","isPartOf":{"@id":"https:\/\/produncan.cl\/fr\/#website"},"primaryImageOfPage":{"@id":"https:\/\/produncan.cl\/fr\/produit\/campo-tipaume-rengo-2\/#primaryimage"},"image":{"@id":"https:\/\/produncan.cl\/fr\/produit\/campo-tipaume-rengo-2\/#primaryimage"},"thumbnailUrl":"https:\/\/produncan.cl\/wp-content\/uploads\/2024\/05\/campito-tipaume-vendido.webp","datePublished":"2024-05-05T21:23:53+00:00","dateModified":"2025-08-18T20:57:00+00:00","description":"Champ \u00e0 Rengo avec une ferme dans un parc naturel, adjacent \u00e0 une plantation d'amandiers, le tout sur une propri\u00e9t\u00e9 de 9ha.","breadcrumb":{"@id":"https:\/\/produncan.cl\/fr\/produit\/campo-tipaume-rengo-2\/#breadcrumb"},"inLanguage":"fr-FR","potentialAction":[{"@type":"ReadAction","target":["https:\/\/produncan.cl\/fr\/produit\/campo-tipaume-rengo-2\/"]}]},{"@type":"ImageObject","inLanguage":"fr-FR","@id":"https:\/\/produncan.cl\/fr\/produit\/campo-tipaume-rengo-2\/#primaryimage","url":"https:\/\/produncan.cl\/wp-content\/uploads\/2024\/05\/campito-tipaume-vendido.webp","contentUrl":"https:\/\/produncan.cl\/wp-content\/uploads\/2024\/05\/campito-tipaume-vendido.webp","width":600,"height":450},{"@type":"BreadcrumbList","@id":"https:\/\/produncan.cl\/fr\/produit\/campo-tipaume-rengo-2\/#breadcrumb","itemListElement":[{"@type":"ListItem","position":1,"name":"Inicio","item":"https:\/\/produncan.cl\/fr\/"},{"@type":"ListItem","position":2,"name":"Propri\u00e9t\u00e9s","item":"https:\/\/produncan.cl\/propiedades\/"},{"@type":"ListItem","position":3,"name":"Champs","item":"https:\/\/produncan.cl\/fr\/cat&eacute;gorie\/champs\/"},{"@type":"ListItem","position":4,"name":"Campagne \u00e0 Rengo &#8211; Tipaume, R\u00e9gion de O&#8217;Higgins"}]},{"@type":"WebSite","@id":"https:\/\/produncan.cl\/fr\/#website","url":"https:\/\/produncan.cl\/fr\/","name":"Produncan","description":"Nous vous accompagnons dans votre projet de vie !","publisher":{"@id":"https:\/\/produncan.cl\/fr\/#organization"},"potentialAction":[{"@type":"SearchAction","target":{"@type":"EntryPoint","urlTemplate":"https:\/\/produncan.cl\/fr\/?s={search_term_string}"},"query-input":{"@type":"PropertyValueSpecification","valueRequired":true,"valueName":"search_term_string"}}],"inLanguage":"fr-FR"},{"@type":"Organization","@id":"https:\/\/produncan.cl\/fr\/#organization","name":"Produncan","url":"https:\/\/produncan.cl\/fr\/","logo":{"@type":"ImageObject","inLanguage":"fr-FR","@id":"https:\/\/produncan.cl\/fr\/#\/schema\/logo\/image\/","url":"https:\/\/produncan.cl\/wp-content\/uploads\/2021\/03\/LOGO.jpeg","contentUrl":"https:\/\/produncan.cl\/wp-content\/uploads\/2021\/03\/LOGO.jpeg","width":1280,"height":903,"caption":"Produncan"},"image":{"@id":"https:\/\/produncan.cl\/fr\/#\/schema\/logo\/image\/"},"sameAs":["https:\/\/web.facebook.com\/produncanland","https:\/\/www.instagram.com\/pro_duncan\/","https:\/\/www.linkedin.com\/company\/produncan-lands\/","https:\/\/www.youtube.com\/channel\/UCu7N-f3x0svkazD-Eew1-QQ"],"description":"En Produncan somos especialistas en la venta de terrenos en el sur de Chile. Proveemos estancias, campos, parcelas y hoteles.","email":"info@produncan.cl"}]},"og_video":"https:\/\/www.youtube.com\/embed\/cu9iSXFTfI0","og_video_type":"text\/html","og_video_duration":"61","og_video_width":"480","og_video_height":"360","ya_ovs_adult":"false","ya_ovs_upload_date":"2024-05-05T21:23:53+00:00","ya_ovs_allow_embed":"true","product_price_amount":"1364200.00","product_price_currency":"USD","og_availability":"out of stock","product_availability":"out of stock","product_condition":"new"},"_links":{"self":[{"href":"https:\/\/produncan.cl\/fr\/wp-json\/wp\/v2\/product\/7845","targetHints":{"allow":["GET"]}}],"collection":[{"href":"https:\/\/produncan.cl\/fr\/wp-json\/wp\/v2\/product"}],"about":[{"href":"https:\/\/produncan.cl\/fr\/wp-json\/wp\/v2\/types\/product"}],"version-history":[{"count":0,"href":"https:\/\/produncan.cl\/fr\/wp-json\/wp\/v2\/product\/7845\/revisions"}],"wp:featuredmedia":[{"embeddable":true,"href":"https:\/\/produncan.cl\/fr\/wp-json\/wp\/v2\/media\/45061"}],"wp:attachment":[{"href":"https:\/\/produncan.cl\/fr\/wp-json\/wp\/v2\/media?parent=7845"}],"wp:term":[{"taxonomy":"product_brand","embeddable":true,"href":"https:\/\/produncan.cl\/fr\/wp-json\/wp\/v2\/product_brand?post=7845"},{"taxonomy":"product_cat","embeddable":true,"href":"https:\/\/produncan.cl\/fr\/wp-json\/wp\/v2\/product_cat?post=7845"},{"taxonomy":"product_tag","embeddable":true,"href":"https:\/\/produncan.cl\/fr\/wp-json\/wp\/v2\/product_tag?post=7845"},{"taxonomy":"regiones","embeddable":true,"href":"https:\/\/produncan.cl\/fr\/wp-json\/wp\/v2\/regiones?post=7845"},{"taxonomy":"ciudades","embeddable":true,"href":"https:\/\/produncan.cl\/fr\/wp-json\/wp\/v2\/ciudades?post=7845"}],"curies":[{"name":"wp","href":"https:\/\/api.w.org\/{rel}","templated":true}]}}