{"id":7846,"date":"2023-09-02T16:53:45","date_gmt":"2023-09-02T20:53:45","guid":{"rendered":"https:\/\/produncan.cl\/producto\/parcelas-las-caturras\/"},"modified":"2025-11-28T13:58:28","modified_gmt":"2025-11-28T16:58:28","slug":"parcelas-las-caturras-port-natales","status":"publish","type":"product","link":"https:\/\/produncan.cl\/fr\/produit\/parcelas-las-caturras-port-natales\/","title":{"rendered":"Terrains \u00e0 Puerto Natales, Las Caturras &#8211; R\u00e9gion de Magallanes"},"content":{"rendered":"\t\t<div data-elementor-type=\"product-post\" data-elementor-id=\"7846\" class=\"elementor elementor-7846 elementor-2545\" data-elementor-post-type=\"product\">\n\t\t\t\t<div class=\"elementor-element elementor-element-f1b974c e-flex e-con-boxed e-con e-parent\" data-id=\"f1b974c\" data-element_type=\"container\" data-e-type=\"container\" data-settings=\"{&quot;jet_parallax_layout_list&quot;:[]}\">\n\t\t\t\t\t<div class=\"e-con-inner\">\n\t\t\t\t<div class=\"elementor-element elementor-element-1aa275e elementor-widget elementor-widget-heading\" data-id=\"1aa275e\" data-element_type=\"widget\" data-e-type=\"widget\" data-widget_type=\"heading.default\">\n\t\t\t\t\t<h2 class=\"elementor-heading-title elementor-size-default\">Connectez-vous avec la terre indompt\u00e9e de la Patagonie gr\u00e2ce \u00e0 ces terrains \u00e0 Puerto Natales !<\/h2>\t\t\t\t<\/div>\n\t\t\t\t\t<\/div>\n\t\t\t\t<\/div>\n\t\t\t\t<section class=\"elementor-section elementor-top-section elementor-element elementor-element-751c4d21 elementor-section-boxed elementor-section-height-default elementor-section-height-default\" data-id=\"751c4d21\" data-element_type=\"section\" data-e-type=\"section\" data-settings=\"{&quot;jet_parallax_layout_list&quot;:[]}\">\n\t\t\t\t\t\t<div class=\"elementor-container elementor-column-gap-default\">\n\t\t\t\t\t<div class=\"elementor-column elementor-col-100 elementor-top-column elementor-element elementor-element-db9d593\" data-id=\"db9d593\" data-element_type=\"column\" data-e-type=\"column\">\n\t\t\t<div class=\"elementor-widget-wrap elementor-element-populated\">\n\t\t\t\t\t\t<div class=\"elementor-element elementor-element-32658833 elementor-widget elementor-widget-text-editor\" data-id=\"32658833\" data-element_type=\"widget\" data-e-type=\"widget\" data-widget_type=\"text-editor.default\">\n\t\t\t\t\t\t\t\t\t<p>Bienvenue sur quelques terrains \u00e0 Puerto Natales, dans les terres sauvages de Patagonie, loin de tout, mais en m\u00eame temps tr\u00e8s bien connect\u00e9s ! Id\u00e9al pour voyager entre Puerto Natales et Punta Arenas.<\/p><p>Las Caturras est un projet de 25 lots situ\u00e9s dans un endroit magique, \u00e0 c\u00f4t\u00e9 de la rivi\u00e8re Rubens. Il se trouve \u00e0 deux heures de Punta Arenas et \u00e0 une heure de Puerto Natales.<\/p><p>On acc\u00e8de au projet au kilom\u00e8tre 180 de la route 9 par une route de campagne de 7 km de long. La route est en bon \u00e9tat et suit la rivi\u00e8re Rubens jusqu&#8217;au site. Presque tous les lots ont un acc\u00e8s direct \u00e0 la route rurale.<\/p><p>Les terrains de Puerto Natales jouissent d&#8217;une belle vue et offrent une certaine intimit\u00e9 \u00e0 chaque propri\u00e9taire, ce qui permet de ne pas se heurter visuellement \u00e0 son voisin. En outre, tous les terrains sont situ\u00e9s sur le versant nord de la rivi\u00e8re, ce qui vous permet de profiter au maximum du soleil de Magellan tout au long de l&#8217;ann\u00e9e. <\/p><p>Les tailles des lots sont toutes diff\u00e9rentes, allant de 0,72 \u00e0 2,32 hectares, s&#8217;adaptant ainsi harmonieusement \u00e0 la g\u00e9ographie du site. Les prix au m\u00b2 varient en fonction des caract\u00e9ristiques du terrain. Selon les m\u00e8tres de berges, l&#8217;\u00e2ge de la for\u00eat, la quantit\u00e9 de prairies, la pente et les cours d&#8217;eau.<\/p><p>Certaines parcelles re\u00e7oivent actuellement un signal de t\u00e9l\u00e9phone cellulaire. Pour les autres, \u00e0 moyen terme, une antenne r\u00e9p\u00e9titrice pourrait \u00eatre install\u00e9e ou ils pourraient simplement choisir de se connecter via l&#8217;internet par satellite. <\/p><p>Pr\u00e8s du projet se trouve la Villa Renovales, o\u00f9 un conseil de quartier a \u00e9t\u00e9 form\u00e9. Elle a demand\u00e9 l&#8217;autorisation d&#8217;installer des lignes \u00e9lectriques, qui pourraient \u00e9ventuellement \u00eatre prolong\u00e9es jusqu&#8217;au projet.<\/p><p>Chacun aura une pr\u00e9f\u00e9rence pour les installations d&#8217;eau, d&#8217;\u00e9lectricit\u00e9 et de gaz. Vous pouvez tirer parti de la lumi\u00e8re du soleil, de l&#8217;\u00e9nergie \u00e9olienne ou du syst\u00e8me qui vous convient le mieux pour cr\u00e9er une exp\u00e9rience unique dans les terres sauvages de la Patagonie. Chez Produncan, nous pouvons vous guider \u00e0 travers toutes les alternatives d&#8217;\u00e9nergies renouvelables non conventionnelles.<\/p><p>En termes de flore, vous trouverez principalement des lengas et des calafates, et dans une moindre mesure, des \u00f1irres, des maitenes chicos, des michay, des cadillo et des palomitas. C\u00f4t\u00e9 faune, vous verrez des tatous, des li\u00e8vres, des renards chilla, des renards culpeo, des chingues patag\u00f3nico et avec un peu de chance des pumas. Chez les oiseaux, vous verrez des cacha\u00f1as, des martins-p\u00eacheurs, des croupions, des carancho, des tiuque, des f\u00edo fio, des rayadito, des grives et trois esp\u00e8ces de pics.<\/p><p>Vous pouvez \u00e9galement p\u00eacher des truites arc-en-ciel et brunes dans la rivi\u00e8re Rubens.<\/p><h3>Suburbain<\/h3><ul><li>Puerto Natales<\/li><li>Punta Arenas<\/li><li>Torres del Paine<\/li><li>Trekking Estancia San Lucas<\/li><li>Restaurant Rubens<\/li><li>H\u00f4tel Caja compensaci\u00f3n Los Andes<\/li><li>Mus\u00e9e de la famille Kusanovic<\/li><\/ul><div> <\/div><h3 style=\"color: #efefef;\">Prix et lots disponibles<\/h3><div><ul><li>Lot A : 0,94 ha x 1507 UF<\/li><li>Lot B : 0,95 ha x 1523 UF<\/li><li>Lot C : 0,94 ha x 1507 UF<\/li><li>Lot H : 0,93 ha x 1492 UF<\/li><li>Lot I : 0,92 ha x 1292 UF<\/li><li>Lot 1 : 1,18 ha x 1761 UF<\/li><li>Lot 2 : 1,26 ha x 1499 UF<\/li><li>Lot 3 : 1,58 ha x 1867 UF<\/li><li>Lot 6 : 1,82 ha x 2143 UF<\/li><li>Lot 7 : 2,32 ha x 2486 UF<\/li><li>Lot 8 : 2,24 ha x 2402 UF<\/li><li>Lot 9 : 1,46 ha x 1729 UF<\/li><li>Lot 10 : 0,96 ha x 1154 UF<\/li><li>Lot 11 : 1,15 ha x 1373 UF<\/li><li>Lot 12 : 0,72 ha x 878 UF<\/li><li>Lot 13 : 1,00 ha x 1200 UF<\/li><li>Lot 14 : 1,35 ha x 1603 UF<\/li><li>Parcelle 15 : 1,33 ha x 1245 UF<\/li><li>Lot 16 : 1,51 ha x 2542 UF<\/li><\/ul><\/div><div><div> <\/div><\/div><p><span style=\"color: var( --e-global-color-text ); font-family: var( --e-global-typography-text-font-family ), Sans-serif; font-weight: var( --e-global-typography-text-font-weight ); font-size: 1rem;\">Le tout avec des facilit\u00e9s de paiement de la part de la soci\u00e9t\u00e9 immobili\u00e8re, ce qui vous permet d&#8217; \u00e9viter de vous endetter aupr\u00e8s du syst\u00e8me bancaire. Le financement consiste en 50 % en esp\u00e8ces plus 24 versements avec une majoration de 2 millions ou 50 % en esp\u00e8ces plus 12 versements avec une majoration de 1 million, le tout convenu \u00e0 l&#8217;UF.<\/span><\/p><p>Tout le monde peut demander un financement direct !<\/p><p>R\u00e9servez votre terrain dans le sud du Chili avec $500mil et ne manquez pas l&#8217;opportunit\u00e9 de vivre dans un endroit magique, avec une vue magnifique qui vous permettra de renouer avec les \u00e9motions et les sentiments, un endroit id\u00e9al pour concr\u00e9tiser votre projet de vie et passer vos meilleures ann\u00e9es !<\/p><p>SI VOUS AIMEZ VIVRE \u00c0 MAGALLANES, LAS CATURRAS EST L&#8217;ENDROIT ID\u00c9AL POUR POSS\u00c9DER UN TERRAIN \u00c0 PUERTO NATALES.<\/p><p><span style=\"color: var( --e-global-color-text ); font-family: var( --e-global-typography-text-font-family ), Sans-serif; font-weight: var( --e-global-typography-text-font-weight ); font-size: 1rem;\">NE PERDEZ PAS DE TEMPS ET CONTACTEZ-NOUS !<\/span><\/p>\t\t\t\t\t\t\t\t<\/div>\n\t\t\t\t\t<\/div>\n\t\t<\/div>\n\t\t\t\t\t<\/div>\n\t\t<\/section>\n\t\t\t\t<\/div>\n\t\t","protected":false},"excerpt":{"rendered":"<p>Terrains \u00e0 Puerto Natales entre 0,72 et 2,32 hectares, tous situ\u00e9s au bord du fleuve Rubens. Acc\u00e8s direct par une voie publique, au c\u0153ur d&#8217;une for\u00eat de lengas et de prairies. Seulement 20 unit\u00e9s \u00e0 7 kilom\u00e8tres de la route 9.  <\/p>\n","protected":false},"featured_media":5937,"template":"","meta":{"_acf_changed":false},"product_brand":[],"product_cat":[129],"product_tag":[236,237],"regiones":[225],"ciudades":[210],"class_list":{"0":"post-7846","1":"product","2":"type-product","3":"status-publish","4":"has-post-thumbnail","6":"product_cat-aysen-magallanes-fr","7":"product_tag-parcelles","8":"product_tag-proprietes-touristiques","9":"regiones-aysen-magallanes","10":"ciudades-puerto-natales","12":"first","13":"instock","14":"featured","15":"shipping-taxable","16":"purchasable","17":"product-type-simple"},"acf":[],"yoast_head":"<!-- This site is optimized with the Yoast SEO Premium plugin v26.0 (Yoast SEO v27.3) - https:\/\/yoast.com\/product\/yoast-seo-premium-wordpress\/ -->\n<title>Terrains \u00e0 Puerto Natales - Las Caturras - Produncan<\/title>\n<meta name=\"description\" content=\"Lots \u00e0 Puerto Natales, Las Caturras est un projet de 25 lots au bord de la rivi\u00e8re Rubens, pr\u00e8s de la route 9 entre Puerto Natales et Punta Arenas.\" \/>\n<meta name=\"robots\" content=\"index, follow, max-snippet:-1, max-image-preview:large, max-video-preview:-1\" \/>\n<link rel=\"canonical\" href=\"https:\/\/produncan.cl\/fr\/produit\/parcelas-las-caturras-port-natales\/\" \/>\n<meta property=\"og:locale\" content=\"fr_FR\" \/>\n<meta property=\"og:type\" content=\"article\" \/>\n<meta property=\"og:title\" content=\"Terrains \u00e0 Puerto Natales, Las Caturras - R\u00e9gion de Magallanes\" \/>\n<meta property=\"og:description\" content=\"Lots \u00e0 Puerto Natales, Las Caturras est un projet de 25 lots au bord de la rivi\u00e8re Rubens, pr\u00e8s de la route 9 entre Puerto Natales et Punta Arenas.\" \/>\n<meta property=\"og:url\" content=\"https:\/\/produncan.cl\/fr\/produit\/parcelas-las-caturras-port-natales\/\" \/>\n<meta property=\"og:site_name\" content=\"Produncan\" \/>\n<meta property=\"article:publisher\" content=\"https:\/\/web.facebook.com\/produncanland\" \/>\n<meta property=\"article:modified_time\" content=\"2025-11-28T16:58:28+00:00\" \/>\n<meta property=\"og:image\" content=\"https:\/\/produncan.cl\/wp-content\/uploads\/2022\/06\/Las-Caturras-1.webp\" \/>\n\t<meta property=\"og:image:width\" content=\"600\" \/>\n\t<meta property=\"og:image:height\" content=\"450\" \/>\n\t<meta property=\"og:image:type\" content=\"image\/webp\" \/>\n<meta name=\"twitter:card\" content=\"summary_large_image\" \/>\n<meta name=\"twitter:label1\" content=\"Price\" \/>\n\t<meta name=\"twitter:data1\" content=\"USD37.000,00\" \/>\n\t<meta name=\"twitter:label2\" content=\"Availability\" \/>\n\t<meta name=\"twitter:data2\" content=\"In stock\" \/>\n<script type=\"application\/ld+json\" class=\"yoast-schema-graph\">{\"@context\":\"https:\\\/\\\/schema.org\",\"@graph\":[{\"@type\":\"WebPage\",\"@id\":\"https:\\\/\\\/produncan.cl\\\/fr\\\/produit\\\/parcelas-las-caturras-port-natales\\\/\",\"url\":\"https:\\\/\\\/produncan.cl\\\/fr\\\/produit\\\/parcelas-las-caturras-port-natales\\\/\",\"name\":\"Terrains \u00e0 Puerto Natales - Las Caturras - Produncan\",\"isPartOf\":{\"@id\":\"https:\\\/\\\/produncan.cl\\\/fr\\\/#website\"},\"primaryImageOfPage\":{\"@id\":\"https:\\\/\\\/produncan.cl\\\/fr\\\/produit\\\/parcelas-las-caturras-port-natales\\\/#primaryimage\"},\"image\":{\"@id\":\"https:\\\/\\\/produncan.cl\\\/fr\\\/produit\\\/parcelas-las-caturras-port-natales\\\/#primaryimage\"},\"thumbnailUrl\":\"https:\\\/\\\/produncan.cl\\\/wp-content\\\/uploads\\\/2022\\\/06\\\/Las-Caturras-1.webp\",\"datePublished\":\"2023-09-02T20:53:45+00:00\",\"dateModified\":\"2025-11-28T16:58:28+00:00\",\"description\":\"Lots \u00e0 Puerto Natales, Las Caturras est un projet de 25 lots au bord de la rivi\u00e8re Rubens, pr\u00e8s de la route 9 entre Puerto Natales et Punta Arenas.\",\"breadcrumb\":{\"@id\":\"https:\\\/\\\/produncan.cl\\\/fr\\\/produit\\\/parcelas-las-caturras-port-natales\\\/#breadcrumb\"},\"inLanguage\":\"fr-FR\",\"potentialAction\":[{\"@type\":\"ReadAction\",\"target\":[\"https:\\\/\\\/produncan.cl\\\/fr\\\/produit\\\/parcelas-las-caturras-port-natales\\\/\"]}]},{\"@type\":\"ImageObject\",\"inLanguage\":\"fr-FR\",\"@id\":\"https:\\\/\\\/produncan.cl\\\/fr\\\/produit\\\/parcelas-las-caturras-port-natales\\\/#primaryimage\",\"url\":\"https:\\\/\\\/produncan.cl\\\/wp-content\\\/uploads\\\/2022\\\/06\\\/Las-Caturras-1.webp\",\"contentUrl\":\"https:\\\/\\\/produncan.cl\\\/wp-content\\\/uploads\\\/2022\\\/06\\\/Las-Caturras-1.webp\",\"width\":600,\"height\":450,\"caption\":\"Les Chats \u00e0 Puerto Natales\"},{\"@type\":\"BreadcrumbList\",\"@id\":\"https:\\\/\\\/produncan.cl\\\/fr\\\/produit\\\/parcelas-las-caturras-port-natales\\\/#breadcrumb\",\"itemListElement\":[{\"@type\":\"ListItem\",\"position\":1,\"name\":\"Inicio\",\"item\":\"https:\\\/\\\/produncan.cl\\\/fr\\\/\"},{\"@type\":\"ListItem\",\"position\":2,\"name\":\"Propri\u00e9t\u00e9s\",\"item\":\"https:\\\/\\\/produncan.cl\\\/propiedades\\\/\"},{\"@type\":\"ListItem\",\"position\":3,\"name\":\"Parcelles\",\"item\":\"https:\\\/\\\/produncan.cl\\\/fr\\\/cat&eacute;gorie\\\/parcelles\\\/\"},{\"@type\":\"ListItem\",\"position\":4,\"name\":\"Terrains \u00e0 Puerto Natales, Las Caturras &#8211; R\u00e9gion de Magallanes\"}]},{\"@type\":\"WebSite\",\"@id\":\"https:\\\/\\\/produncan.cl\\\/fr\\\/#website\",\"url\":\"https:\\\/\\\/produncan.cl\\\/fr\\\/\",\"name\":\"Produncan\",\"description\":\"Nous vous accompagnons dans votre projet de vie !\",\"publisher\":{\"@id\":\"https:\\\/\\\/produncan.cl\\\/fr\\\/#organization\"},\"potentialAction\":[{\"@type\":\"SearchAction\",\"target\":{\"@type\":\"EntryPoint\",\"urlTemplate\":\"https:\\\/\\\/produncan.cl\\\/fr\\\/?s={search_term_string}\"},\"query-input\":{\"@type\":\"PropertyValueSpecification\",\"valueRequired\":true,\"valueName\":\"search_term_string\"}}],\"inLanguage\":\"fr-FR\"},{\"@type\":\"Organization\",\"@id\":\"https:\\\/\\\/produncan.cl\\\/fr\\\/#organization\",\"name\":\"Produncan\",\"url\":\"https:\\\/\\\/produncan.cl\\\/fr\\\/\",\"logo\":{\"@type\":\"ImageObject\",\"inLanguage\":\"fr-FR\",\"@id\":\"https:\\\/\\\/produncan.cl\\\/fr\\\/#\\\/schema\\\/logo\\\/image\\\/\",\"url\":\"https:\\\/\\\/produncan.cl\\\/wp-content\\\/uploads\\\/2021\\\/03\\\/LOGO.jpeg\",\"contentUrl\":\"https:\\\/\\\/produncan.cl\\\/wp-content\\\/uploads\\\/2021\\\/03\\\/LOGO.jpeg\",\"width\":1280,\"height\":903,\"caption\":\"Produncan\"},\"image\":{\"@id\":\"https:\\\/\\\/produncan.cl\\\/fr\\\/#\\\/schema\\\/logo\\\/image\\\/\"},\"sameAs\":[\"https:\\\/\\\/web.facebook.com\\\/produncanland\",\"https:\\\/\\\/www.instagram.com\\\/pro_duncan\\\/\",\"https:\\\/\\\/www.linkedin.com\\\/company\\\/produncan-lands\\\/\",\"https:\\\/\\\/www.youtube.com\\\/channel\\\/UCu7N-f3x0svkazD-Eew1-QQ\"],\"description\":\"En Produncan somos especialistas en la venta de terrenos en el sur de Chile. Proveemos estancias, campos, parcelas y hoteles.\",\"email\":\"info@produncan.cl\"}]}<\/script>\n<meta property=\"og:video\" content=\"https:\/\/www.youtube.com\/embed\/gHNqCtSJ8qc\" \/>\n<meta property=\"og:video:type\" content=\"text\/html\" \/>\n<meta property=\"og:video:duration\" content=\"60\" \/>\n<meta property=\"og:video:width\" content=\"480\" \/>\n<meta property=\"og:video:height\" content=\"270\" \/>\n<meta property=\"ya:ovs:adult\" content=\"false\" \/>\n<meta property=\"ya:ovs:upload_date\" content=\"2023-09-02T20:53:45+00:00\" \/>\n<meta property=\"ya:ovs:allow_embed\" content=\"true\" \/>\n<meta property=\"product:price:amount\" content=\"37000.00\" \/>\n<meta property=\"product:price:currency\" content=\"USD\" \/>\n<meta property=\"og:availability\" content=\"instock\" \/>\n<meta property=\"product:availability\" content=\"instock\" \/>\n<meta property=\"product:condition\" content=\"new\" \/>\n<!-- \/ Yoast SEO Premium plugin. -->","yoast_head_json":{"title":"Terrains \u00e0 Puerto Natales - Las Caturras - Produncan","description":"Lots \u00e0 Puerto Natales, Las Caturras est un projet de 25 lots au bord de la rivi\u00e8re Rubens, pr\u00e8s de la route 9 entre Puerto Natales et Punta Arenas.","robots":{"index":"index","follow":"follow","max-snippet":"max-snippet:-1","max-image-preview":"max-image-preview:large","max-video-preview":"max-video-preview:-1"},"canonical":"https:\/\/produncan.cl\/fr\/produit\/parcelas-las-caturras-port-natales\/","og_locale":"fr_FR","og_type":"article","og_title":"Terrains \u00e0 Puerto Natales, Las Caturras - R\u00e9gion de Magallanes","og_description":"Lots \u00e0 Puerto Natales, Las Caturras est un projet de 25 lots au bord de la rivi\u00e8re Rubens, pr\u00e8s de la route 9 entre Puerto Natales et Punta Arenas.","og_url":"https:\/\/produncan.cl\/fr\/produit\/parcelas-las-caturras-port-natales\/","og_site_name":"Produncan","article_publisher":"https:\/\/web.facebook.com\/produncanland","article_modified_time":"2025-11-28T16:58:28+00:00","og_image":[{"width":600,"height":450,"url":"https:\/\/produncan.cl\/wp-content\/uploads\/2022\/06\/Las-Caturras-1.webp","type":"image\/webp"}],"twitter_card":"summary_large_image","twitter_misc":{"Price":"USD37.000,00","Availability":"In stock"},"schema":{"@context":"https:\/\/schema.org","@graph":[{"@type":"WebPage","@id":"https:\/\/produncan.cl\/fr\/produit\/parcelas-las-caturras-port-natales\/","url":"https:\/\/produncan.cl\/fr\/produit\/parcelas-las-caturras-port-natales\/","name":"Terrains \u00e0 Puerto Natales - Las Caturras - Produncan","isPartOf":{"@id":"https:\/\/produncan.cl\/fr\/#website"},"primaryImageOfPage":{"@id":"https:\/\/produncan.cl\/fr\/produit\/parcelas-las-caturras-port-natales\/#primaryimage"},"image":{"@id":"https:\/\/produncan.cl\/fr\/produit\/parcelas-las-caturras-port-natales\/#primaryimage"},"thumbnailUrl":"https:\/\/produncan.cl\/wp-content\/uploads\/2022\/06\/Las-Caturras-1.webp","datePublished":"2023-09-02T20:53:45+00:00","dateModified":"2025-11-28T16:58:28+00:00","description":"Lots \u00e0 Puerto Natales, Las Caturras est un projet de 25 lots au bord de la rivi\u00e8re Rubens, pr\u00e8s de la route 9 entre Puerto Natales et Punta Arenas.","breadcrumb":{"@id":"https:\/\/produncan.cl\/fr\/produit\/parcelas-las-caturras-port-natales\/#breadcrumb"},"inLanguage":"fr-FR","potentialAction":[{"@type":"ReadAction","target":["https:\/\/produncan.cl\/fr\/produit\/parcelas-las-caturras-port-natales\/"]}]},{"@type":"ImageObject","inLanguage":"fr-FR","@id":"https:\/\/produncan.cl\/fr\/produit\/parcelas-las-caturras-port-natales\/#primaryimage","url":"https:\/\/produncan.cl\/wp-content\/uploads\/2022\/06\/Las-Caturras-1.webp","contentUrl":"https:\/\/produncan.cl\/wp-content\/uploads\/2022\/06\/Las-Caturras-1.webp","width":600,"height":450,"caption":"Les Chats \u00e0 Puerto Natales"},{"@type":"BreadcrumbList","@id":"https:\/\/produncan.cl\/fr\/produit\/parcelas-las-caturras-port-natales\/#breadcrumb","itemListElement":[{"@type":"ListItem","position":1,"name":"Inicio","item":"https:\/\/produncan.cl\/fr\/"},{"@type":"ListItem","position":2,"name":"Propri\u00e9t\u00e9s","item":"https:\/\/produncan.cl\/propiedades\/"},{"@type":"ListItem","position":3,"name":"Parcelles","item":"https:\/\/produncan.cl\/fr\/cat&eacute;gorie\/parcelles\/"},{"@type":"ListItem","position":4,"name":"Terrains \u00e0 Puerto Natales, Las Caturras &#8211; R\u00e9gion de Magallanes"}]},{"@type":"WebSite","@id":"https:\/\/produncan.cl\/fr\/#website","url":"https:\/\/produncan.cl\/fr\/","name":"Produncan","description":"Nous vous accompagnons dans votre projet de vie !","publisher":{"@id":"https:\/\/produncan.cl\/fr\/#organization"},"potentialAction":[{"@type":"SearchAction","target":{"@type":"EntryPoint","urlTemplate":"https:\/\/produncan.cl\/fr\/?s={search_term_string}"},"query-input":{"@type":"PropertyValueSpecification","valueRequired":true,"valueName":"search_term_string"}}],"inLanguage":"fr-FR"},{"@type":"Organization","@id":"https:\/\/produncan.cl\/fr\/#organization","name":"Produncan","url":"https:\/\/produncan.cl\/fr\/","logo":{"@type":"ImageObject","inLanguage":"fr-FR","@id":"https:\/\/produncan.cl\/fr\/#\/schema\/logo\/image\/","url":"https:\/\/produncan.cl\/wp-content\/uploads\/2021\/03\/LOGO.jpeg","contentUrl":"https:\/\/produncan.cl\/wp-content\/uploads\/2021\/03\/LOGO.jpeg","width":1280,"height":903,"caption":"Produncan"},"image":{"@id":"https:\/\/produncan.cl\/fr\/#\/schema\/logo\/image\/"},"sameAs":["https:\/\/web.facebook.com\/produncanland","https:\/\/www.instagram.com\/pro_duncan\/","https:\/\/www.linkedin.com\/company\/produncan-lands\/","https:\/\/www.youtube.com\/channel\/UCu7N-f3x0svkazD-Eew1-QQ"],"description":"En Produncan somos especialistas en la venta de terrenos en el sur de Chile. Proveemos estancias, campos, parcelas y hoteles.","email":"info@produncan.cl"}]},"og_video":"https:\/\/www.youtube.com\/embed\/gHNqCtSJ8qc","og_video_type":"text\/html","og_video_duration":"60","og_video_width":"480","og_video_height":"270","ya_ovs_adult":"false","ya_ovs_upload_date":"2023-09-02T20:53:45+00:00","ya_ovs_allow_embed":"true","product_price_amount":"37000.00","product_price_currency":"USD","og_availability":"instock","product_availability":"instock","product_condition":"new"},"_links":{"self":[{"href":"https:\/\/produncan.cl\/fr\/wp-json\/wp\/v2\/product\/7846","targetHints":{"allow":["GET"]}}],"collection":[{"href":"https:\/\/produncan.cl\/fr\/wp-json\/wp\/v2\/product"}],"about":[{"href":"https:\/\/produncan.cl\/fr\/wp-json\/wp\/v2\/types\/product"}],"version-history":[{"count":4,"href":"https:\/\/produncan.cl\/fr\/wp-json\/wp\/v2\/product\/7846\/revisions"}],"predecessor-version":[{"id":52698,"href":"https:\/\/produncan.cl\/fr\/wp-json\/wp\/v2\/product\/7846\/revisions\/52698"}],"wp:featuredmedia":[{"embeddable":true,"href":"https:\/\/produncan.cl\/fr\/wp-json\/wp\/v2\/media\/5937"}],"wp:attachment":[{"href":"https:\/\/produncan.cl\/fr\/wp-json\/wp\/v2\/media?parent=7846"}],"wp:term":[{"taxonomy":"product_brand","embeddable":true,"href":"https:\/\/produncan.cl\/fr\/wp-json\/wp\/v2\/product_brand?post=7846"},{"taxonomy":"product_cat","embeddable":true,"href":"https:\/\/produncan.cl\/fr\/wp-json\/wp\/v2\/product_cat?post=7846"},{"taxonomy":"product_tag","embeddable":true,"href":"https:\/\/produncan.cl\/fr\/wp-json\/wp\/v2\/product_tag?post=7846"},{"taxonomy":"regiones","embeddable":true,"href":"https:\/\/produncan.cl\/fr\/wp-json\/wp\/v2\/regiones?post=7846"},{"taxonomy":"ciudades","embeddable":true,"href":"https:\/\/produncan.cl\/fr\/wp-json\/wp\/v2\/ciudades?post=7846"}],"curies":[{"name":"wp","href":"https:\/\/api.w.org\/{rel}","templated":true}]}}