{"id":7847,"date":"2022-06-14T17:15:05","date_gmt":"2022-06-14T21:15:05","guid":{"rendered":"https:\/\/produncan.cl\/producto\/ferme-la-esperanza-96ha\/"},"modified":"2025-12-26T17:30:18","modified_gmt":"2025-12-26T20:30:18","slug":"campo-la-esperanza-96ha-2","status":"publish","type":"product","link":"https:\/\/produncan.cl\/fr\/produit\/campo-la-esperanza-96ha-2\/","title":{"rendered":"Ferme \u00e0 Los Muermos &#8211; La Esperanza, R\u00e9gion des lacs"},"content":{"rendered":"\t\t<div data-elementor-type=\"product-post\" data-elementor-id=\"7847\" class=\"elementor elementor-7847 elementor-2486\" data-elementor-post-type=\"product\">\n\t\t\t\t\t\t<section class=\"elementor-section elementor-top-section elementor-element elementor-element-68f5d7af elementor-section-boxed elementor-section-height-default elementor-section-height-default\" data-id=\"68f5d7af\" data-element_type=\"section\" data-e-type=\"section\" data-settings=\"{&quot;jet_parallax_layout_list&quot;:[]}\">\n\t\t\t\t\t\t<div class=\"elementor-container elementor-column-gap-default\">\n\t\t\t\t\t<div class=\"elementor-column elementor-col-100 elementor-top-column elementor-element elementor-element-d780f02\" data-id=\"d780f02\" data-element_type=\"column\" data-e-type=\"column\">\n\t\t\t<div class=\"elementor-widget-wrap elementor-element-populated\">\n\t\t\t\t\t\t<div class=\"elementor-element elementor-element-54561a78 elementor-widget elementor-widget-text-editor\" data-id=\"54561a78\" data-element_type=\"widget\" data-e-type=\"widget\" data-widget_type=\"text-editor.default\">\n\t\t\t\t\t\t\t\t\t<h2>Un beau terrain \u00e0 Los Muermos pour entreprendre la meilleure \u00e9tape de votre vie !<\/h2>\n<p>Nous vous invitons \u00e0 visiter le Campo La Esperanza, un champ de 96 hectares situ\u00e9 \u00e0 haute altitude avec des vues spectaculaires sur les prairies vertes et la rivi\u00e8re Maull\u00edn.<\/p>\n<p>L&#8217;acc\u00e8s au camp se fait depuis Los Muermos en direction de Maullin, par une route pav\u00e9e puis une route publique en gravier de seulement 3,7 km en excellent \u00e9tat.<\/p>\n<p>Le camp a :<\/p>\n<ul>\n<li>40% d&#8217;arbres indig\u00e8nes<\/li>\n<li>50% de prairie<\/li>\n<li>10% de zones humides<\/li>\n<li>Un kilom\u00e8tre de rivi\u00e8re<\/li>\n<li>Estuaires et bassins versants<\/li>\n<li>Fruit trees<\/li>\n<li>Cl\u00f4tures de p\u00e9rim\u00e8tre et de gestion des animaux<\/li>\n<li>Vue du volcan Osorno et de la cha\u00eene de montagnes.<\/li>\n<\/ul>\n<div> <\/div>\n<p>Le camp est desservi par l&#8217;\u00e9lectricit\u00e9, il y a un bon signal et vous pouvez obtenir de l&#8217;eau de diff\u00e9rentes sources. Dans le pass\u00e9, on cultivait du b\u00e9tail, de l&#8217;avoine, de l&#8217;herbe et des pommes de terre.<\/p>\n<p>La Esperanza se trouve \u00e0 70 km de Puerto Varas, \u00e0 56 km de l&#8217;a\u00e9roport El Tepual de Puerto Montt et \u00e0 seulement 23 km de Los Muermos, o\u00f9 vous trouverez tous les services.<\/p>\n<p>\u00c0 proximit\u00e9, vous pouvez acc\u00e9der aux paysages \u00e9poustouflants de son littoral dans les secteurs de Hua-Huar, Estaquilla, Quenuir et Puerto Godoy, qui constituent un p\u00f4le touristique en plein d\u00e9veloppement, \u00e0 l&#8217;origine d&#8217;une forte plus-value.<\/p>\n<p>SAISISSEZ L&#8217;OPPORTUNIT\u00c9 D&#8217;AVOIR L&#8217;UN DES PLUS BEAUX PARCOURS DU DISTRICT DU LAC !<\/p>\n\t\t\t\t\t\t\t\t<\/div>\n\t\t\t\t\t<\/div>\n\t\t<\/div>\n\t\t\t\t\t<\/div>\n\t\t<\/section>\n\t\t\t\t<\/div>\n\t\t","protected":false},"excerpt":{"rendered":"<p>Campagne \u00e0 Los Muermos avec vue sur le fleuve Maull\u00edn. Prairie, indig\u00e8ne, estuaires, sources. Faisabilit\u00e9 \u00e9lectrique.<\/p>\n","protected":false},"featured_media":5837,"template":"","meta":{"_acf_changed":false},"product_brand":[],"product_cat":[113],"product_tag":[233],"regiones":[226],"ciudades":[216],"class_list":{"0":"post-7847","1":"product","2":"type-product","3":"status-publish","4":"has-post-thumbnail","6":"product_cat-ohiggins-los-lagos-fr","7":"product_tag-champs","8":"regiones-nuble-los_lagos","9":"ciudades-los-muermos","11":"first","12":"instock","13":"sold-individually","14":"shipping-taxable","15":"purchasable","16":"product-type-simple"},"acf":[],"yoast_head":"<!-- This site is optimized with the Yoast SEO Premium plugin v26.0 (Yoast SEO v27.3) - https:\/\/yoast.com\/product\/yoast-seo-premium-wordpress\/ -->\n<title>% sep%%% nom du site%<\/title>\n<meta name=\"description\" content=\"Champ La Esperanza \u00e0 Los Muermos, 96 hectares en hauteur avec une vue spectaculaire sur les prairies vertes et la rivi\u00e8re Maull\u00edn.\" \/>\n<meta name=\"robots\" content=\"index, follow, max-snippet:-1, max-image-preview:large, max-video-preview:-1\" \/>\n<link rel=\"canonical\" href=\"https:\/\/produncan.cl\/fr\/produit\/campo-la-esperanza-96ha-2\/\" \/>\n<meta property=\"og:locale\" content=\"fr_FR\" \/>\n<meta property=\"og:type\" content=\"article\" \/>\n<meta property=\"og:title\" content=\"Ferme \u00e0 Los Muermos - La Esperanza, R\u00e9gion des lacs\" \/>\n<meta property=\"og:description\" content=\"Champ La Esperanza \u00e0 Los Muermos, 96 hectares en hauteur avec une vue spectaculaire sur les prairies vertes et la rivi\u00e8re Maull\u00edn.\" \/>\n<meta property=\"og:url\" content=\"https:\/\/produncan.cl\/fr\/produit\/campo-la-esperanza-96ha-2\/\" \/>\n<meta property=\"og:site_name\" content=\"Produncan\" \/>\n<meta property=\"article:publisher\" content=\"https:\/\/web.facebook.com\/produncanland\" \/>\n<meta property=\"article:modified_time\" content=\"2025-12-26T20:30:18+00:00\" \/>\n<meta property=\"og:image\" content=\"https:\/\/produncan.cl\/wp-content\/uploads\/2022\/06\/Campo-La-Esperanza.webp\" \/>\n\t<meta property=\"og:image:width\" content=\"600\" \/>\n\t<meta property=\"og:image:height\" content=\"450\" \/>\n\t<meta property=\"og:image:type\" content=\"image\/webp\" \/>\n<meta name=\"twitter:card\" content=\"summary_large_image\" \/>\n<meta name=\"twitter:label1\" content=\"Price\" \/>\n\t<meta name=\"twitter:data1\" content=\"USD1.043.600,00\" \/>\n\t<meta name=\"twitter:label2\" content=\"Availability\" \/>\n\t<meta name=\"twitter:data2\" content=\"In stock\" \/>\n<script type=\"application\/ld+json\" class=\"yoast-schema-graph\">{\"@context\":\"https:\\\/\\\/schema.org\",\"@graph\":[{\"@type\":\"WebPage\",\"@id\":\"https:\\\/\\\/produncan.cl\\\/fr\\\/produit\\\/campo-la-esperanza-96ha-2\\\/\",\"url\":\"https:\\\/\\\/produncan.cl\\\/fr\\\/produit\\\/campo-la-esperanza-96ha-2\\\/\",\"name\":\"% sep%%% nom du site%\",\"isPartOf\":{\"@id\":\"https:\\\/\\\/produncan.cl\\\/fr\\\/#website\"},\"primaryImageOfPage\":{\"@id\":\"https:\\\/\\\/produncan.cl\\\/fr\\\/produit\\\/campo-la-esperanza-96ha-2\\\/#primaryimage\"},\"image\":{\"@id\":\"https:\\\/\\\/produncan.cl\\\/fr\\\/produit\\\/campo-la-esperanza-96ha-2\\\/#primaryimage\"},\"thumbnailUrl\":\"https:\\\/\\\/produncan.cl\\\/wp-content\\\/uploads\\\/2022\\\/06\\\/Campo-La-Esperanza.webp\",\"datePublished\":\"2022-06-14T21:15:05+00:00\",\"dateModified\":\"2025-12-26T20:30:18+00:00\",\"description\":\"Champ La Esperanza \u00e0 Los Muermos, 96 hectares en hauteur avec une vue spectaculaire sur les prairies vertes et la rivi\u00e8re Maull\u00edn.\",\"breadcrumb\":{\"@id\":\"https:\\\/\\\/produncan.cl\\\/fr\\\/produit\\\/campo-la-esperanza-96ha-2\\\/#breadcrumb\"},\"inLanguage\":\"fr-FR\",\"potentialAction\":[{\"@type\":\"ReadAction\",\"target\":[\"https:\\\/\\\/produncan.cl\\\/fr\\\/produit\\\/campo-la-esperanza-96ha-2\\\/\"]}]},{\"@type\":\"ImageObject\",\"inLanguage\":\"fr-FR\",\"@id\":\"https:\\\/\\\/produncan.cl\\\/fr\\\/produit\\\/campo-la-esperanza-96ha-2\\\/#primaryimage\",\"url\":\"https:\\\/\\\/produncan.cl\\\/wp-content\\\/uploads\\\/2022\\\/06\\\/Campo-La-Esperanza.webp\",\"contentUrl\":\"https:\\\/\\\/produncan.cl\\\/wp-content\\\/uploads\\\/2022\\\/06\\\/Campo-La-Esperanza.webp\",\"width\":600,\"height\":450},{\"@type\":\"BreadcrumbList\",\"@id\":\"https:\\\/\\\/produncan.cl\\\/fr\\\/produit\\\/campo-la-esperanza-96ha-2\\\/#breadcrumb\",\"itemListElement\":[{\"@type\":\"ListItem\",\"position\":1,\"name\":\"Inicio\",\"item\":\"https:\\\/\\\/produncan.cl\\\/fr\\\/\"},{\"@type\":\"ListItem\",\"position\":2,\"name\":\"Propri\u00e9t\u00e9s\",\"item\":\"https:\\\/\\\/produncan.cl\\\/propiedades\\\/\"},{\"@type\":\"ListItem\",\"position\":3,\"name\":\"Champs\",\"item\":\"https:\\\/\\\/produncan.cl\\\/fr\\\/cat&eacute;gorie\\\/champs\\\/\"},{\"@type\":\"ListItem\",\"position\":4,\"name\":\"Ferme \u00e0 Los Muermos &#8211; La Esperanza, R\u00e9gion des lacs\"}]},{\"@type\":\"WebSite\",\"@id\":\"https:\\\/\\\/produncan.cl\\\/fr\\\/#website\",\"url\":\"https:\\\/\\\/produncan.cl\\\/fr\\\/\",\"name\":\"Produncan\",\"description\":\"Nous vous accompagnons dans votre projet de vie !\",\"publisher\":{\"@id\":\"https:\\\/\\\/produncan.cl\\\/fr\\\/#organization\"},\"potentialAction\":[{\"@type\":\"SearchAction\",\"target\":{\"@type\":\"EntryPoint\",\"urlTemplate\":\"https:\\\/\\\/produncan.cl\\\/fr\\\/?s={search_term_string}\"},\"query-input\":{\"@type\":\"PropertyValueSpecification\",\"valueRequired\":true,\"valueName\":\"search_term_string\"}}],\"inLanguage\":\"fr-FR\"},{\"@type\":\"Organization\",\"@id\":\"https:\\\/\\\/produncan.cl\\\/fr\\\/#organization\",\"name\":\"Produncan\",\"url\":\"https:\\\/\\\/produncan.cl\\\/fr\\\/\",\"logo\":{\"@type\":\"ImageObject\",\"inLanguage\":\"fr-FR\",\"@id\":\"https:\\\/\\\/produncan.cl\\\/fr\\\/#\\\/schema\\\/logo\\\/image\\\/\",\"url\":\"https:\\\/\\\/produncan.cl\\\/wp-content\\\/uploads\\\/2021\\\/03\\\/LOGO.jpeg\",\"contentUrl\":\"https:\\\/\\\/produncan.cl\\\/wp-content\\\/uploads\\\/2021\\\/03\\\/LOGO.jpeg\",\"width\":1280,\"height\":903,\"caption\":\"Produncan\"},\"image\":{\"@id\":\"https:\\\/\\\/produncan.cl\\\/fr\\\/#\\\/schema\\\/logo\\\/image\\\/\"},\"sameAs\":[\"https:\\\/\\\/web.facebook.com\\\/produncanland\",\"https:\\\/\\\/www.instagram.com\\\/pro_duncan\\\/\",\"https:\\\/\\\/www.linkedin.com\\\/company\\\/produncan-lands\\\/\",\"https:\\\/\\\/www.youtube.com\\\/channel\\\/UCu7N-f3x0svkazD-Eew1-QQ\"],\"description\":\"En Produncan somos especialistas en la venta de terrenos en el sur de Chile. Proveemos estancias, campos, parcelas y hoteles.\",\"email\":\"info@produncan.cl\"}]}<\/script>\n<meta property=\"og:video\" content=\"https:\/\/www.youtube.com\/embed\/Yv_Fp0LIEl4\" \/>\n<meta property=\"og:video:type\" content=\"text\/html\" \/>\n<meta property=\"og:video:duration\" content=\"61\" \/>\n<meta property=\"og:video:width\" content=\"480\" \/>\n<meta property=\"og:video:height\" content=\"360\" \/>\n<meta property=\"ya:ovs:adult\" content=\"false\" \/>\n<meta property=\"ya:ovs:upload_date\" content=\"2022-06-14T21:15:05+00:00\" \/>\n<meta property=\"ya:ovs:allow_embed\" content=\"true\" \/>\n<meta property=\"product:price:amount\" content=\"1043600.00\" \/>\n<meta property=\"product:price:currency\" content=\"USD\" \/>\n<meta property=\"og:availability\" content=\"instock\" \/>\n<meta property=\"product:availability\" content=\"instock\" \/>\n<meta property=\"product:condition\" content=\"new\" \/>\n<!-- \/ Yoast SEO Premium plugin. -->","yoast_head_json":{"title":"% sep%%% nom du site%","description":"Champ La Esperanza \u00e0 Los Muermos, 96 hectares en hauteur avec une vue spectaculaire sur les prairies vertes et la rivi\u00e8re Maull\u00edn.","robots":{"index":"index","follow":"follow","max-snippet":"max-snippet:-1","max-image-preview":"max-image-preview:large","max-video-preview":"max-video-preview:-1"},"canonical":"https:\/\/produncan.cl\/fr\/produit\/campo-la-esperanza-96ha-2\/","og_locale":"fr_FR","og_type":"article","og_title":"Ferme \u00e0 Los Muermos - La Esperanza, R\u00e9gion des lacs","og_description":"Champ La Esperanza \u00e0 Los Muermos, 96 hectares en hauteur avec une vue spectaculaire sur les prairies vertes et la rivi\u00e8re Maull\u00edn.","og_url":"https:\/\/produncan.cl\/fr\/produit\/campo-la-esperanza-96ha-2\/","og_site_name":"Produncan","article_publisher":"https:\/\/web.facebook.com\/produncanland","article_modified_time":"2025-12-26T20:30:18+00:00","og_image":[{"width":600,"height":450,"url":"https:\/\/produncan.cl\/wp-content\/uploads\/2022\/06\/Campo-La-Esperanza.webp","type":"image\/webp"}],"twitter_card":"summary_large_image","twitter_misc":{"Price":"USD1.043.600,00","Availability":"In stock"},"schema":{"@context":"https:\/\/schema.org","@graph":[{"@type":"WebPage","@id":"https:\/\/produncan.cl\/fr\/produit\/campo-la-esperanza-96ha-2\/","url":"https:\/\/produncan.cl\/fr\/produit\/campo-la-esperanza-96ha-2\/","name":"% sep%%% nom du site%","isPartOf":{"@id":"https:\/\/produncan.cl\/fr\/#website"},"primaryImageOfPage":{"@id":"https:\/\/produncan.cl\/fr\/produit\/campo-la-esperanza-96ha-2\/#primaryimage"},"image":{"@id":"https:\/\/produncan.cl\/fr\/produit\/campo-la-esperanza-96ha-2\/#primaryimage"},"thumbnailUrl":"https:\/\/produncan.cl\/wp-content\/uploads\/2022\/06\/Campo-La-Esperanza.webp","datePublished":"2022-06-14T21:15:05+00:00","dateModified":"2025-12-26T20:30:18+00:00","description":"Champ La Esperanza \u00e0 Los Muermos, 96 hectares en hauteur avec une vue spectaculaire sur les prairies vertes et la rivi\u00e8re Maull\u00edn.","breadcrumb":{"@id":"https:\/\/produncan.cl\/fr\/produit\/campo-la-esperanza-96ha-2\/#breadcrumb"},"inLanguage":"fr-FR","potentialAction":[{"@type":"ReadAction","target":["https:\/\/produncan.cl\/fr\/produit\/campo-la-esperanza-96ha-2\/"]}]},{"@type":"ImageObject","inLanguage":"fr-FR","@id":"https:\/\/produncan.cl\/fr\/produit\/campo-la-esperanza-96ha-2\/#primaryimage","url":"https:\/\/produncan.cl\/wp-content\/uploads\/2022\/06\/Campo-La-Esperanza.webp","contentUrl":"https:\/\/produncan.cl\/wp-content\/uploads\/2022\/06\/Campo-La-Esperanza.webp","width":600,"height":450},{"@type":"BreadcrumbList","@id":"https:\/\/produncan.cl\/fr\/produit\/campo-la-esperanza-96ha-2\/#breadcrumb","itemListElement":[{"@type":"ListItem","position":1,"name":"Inicio","item":"https:\/\/produncan.cl\/fr\/"},{"@type":"ListItem","position":2,"name":"Propri\u00e9t\u00e9s","item":"https:\/\/produncan.cl\/propiedades\/"},{"@type":"ListItem","position":3,"name":"Champs","item":"https:\/\/produncan.cl\/fr\/cat&eacute;gorie\/champs\/"},{"@type":"ListItem","position":4,"name":"Ferme \u00e0 Los Muermos &#8211; La Esperanza, R\u00e9gion des lacs"}]},{"@type":"WebSite","@id":"https:\/\/produncan.cl\/fr\/#website","url":"https:\/\/produncan.cl\/fr\/","name":"Produncan","description":"Nous vous accompagnons dans votre projet de vie !","publisher":{"@id":"https:\/\/produncan.cl\/fr\/#organization"},"potentialAction":[{"@type":"SearchAction","target":{"@type":"EntryPoint","urlTemplate":"https:\/\/produncan.cl\/fr\/?s={search_term_string}"},"query-input":{"@type":"PropertyValueSpecification","valueRequired":true,"valueName":"search_term_string"}}],"inLanguage":"fr-FR"},{"@type":"Organization","@id":"https:\/\/produncan.cl\/fr\/#organization","name":"Produncan","url":"https:\/\/produncan.cl\/fr\/","logo":{"@type":"ImageObject","inLanguage":"fr-FR","@id":"https:\/\/produncan.cl\/fr\/#\/schema\/logo\/image\/","url":"https:\/\/produncan.cl\/wp-content\/uploads\/2021\/03\/LOGO.jpeg","contentUrl":"https:\/\/produncan.cl\/wp-content\/uploads\/2021\/03\/LOGO.jpeg","width":1280,"height":903,"caption":"Produncan"},"image":{"@id":"https:\/\/produncan.cl\/fr\/#\/schema\/logo\/image\/"},"sameAs":["https:\/\/web.facebook.com\/produncanland","https:\/\/www.instagram.com\/pro_duncan\/","https:\/\/www.linkedin.com\/company\/produncan-lands\/","https:\/\/www.youtube.com\/channel\/UCu7N-f3x0svkazD-Eew1-QQ"],"description":"En Produncan somos especialistas en la venta de terrenos en el sur de Chile. Proveemos estancias, campos, parcelas y hoteles.","email":"info@produncan.cl"}]},"og_video":"https:\/\/www.youtube.com\/embed\/Yv_Fp0LIEl4","og_video_type":"text\/html","og_video_duration":"61","og_video_width":"480","og_video_height":"360","ya_ovs_adult":"false","ya_ovs_upload_date":"2022-06-14T21:15:05+00:00","ya_ovs_allow_embed":"true","product_price_amount":"1043600.00","product_price_currency":"USD","og_availability":"instock","product_availability":"instock","product_condition":"new"},"_links":{"self":[{"href":"https:\/\/produncan.cl\/fr\/wp-json\/wp\/v2\/product\/7847","targetHints":{"allow":["GET"]}}],"collection":[{"href":"https:\/\/produncan.cl\/fr\/wp-json\/wp\/v2\/product"}],"about":[{"href":"https:\/\/produncan.cl\/fr\/wp-json\/wp\/v2\/types\/product"}],"version-history":[{"count":2,"href":"https:\/\/produncan.cl\/fr\/wp-json\/wp\/v2\/product\/7847\/revisions"}],"predecessor-version":[{"id":54295,"href":"https:\/\/produncan.cl\/fr\/wp-json\/wp\/v2\/product\/7847\/revisions\/54295"}],"wp:featuredmedia":[{"embeddable":true,"href":"https:\/\/produncan.cl\/fr\/wp-json\/wp\/v2\/media\/5837"}],"wp:attachment":[{"href":"https:\/\/produncan.cl\/fr\/wp-json\/wp\/v2\/media?parent=7847"}],"wp:term":[{"taxonomy":"product_brand","embeddable":true,"href":"https:\/\/produncan.cl\/fr\/wp-json\/wp\/v2\/product_brand?post=7847"},{"taxonomy":"product_cat","embeddable":true,"href":"https:\/\/produncan.cl\/fr\/wp-json\/wp\/v2\/product_cat?post=7847"},{"taxonomy":"product_tag","embeddable":true,"href":"https:\/\/produncan.cl\/fr\/wp-json\/wp\/v2\/product_tag?post=7847"},{"taxonomy":"regiones","embeddable":true,"href":"https:\/\/produncan.cl\/fr\/wp-json\/wp\/v2\/regiones?post=7847"},{"taxonomy":"ciudades","embeddable":true,"href":"https:\/\/produncan.cl\/fr\/wp-json\/wp\/v2\/ciudades?post=7847"}],"curies":[{"name":"wp","href":"https:\/\/api.w.org\/{rel}","templated":true}]}}