{"id":7848,"date":"2022-05-27T12:44:41","date_gmt":"2022-05-27T16:44:41","guid":{"rendered":"https:\/\/produncan.cl\/producto\/champ-el-gato-219ha\/"},"modified":"2025-12-26T17:30:19","modified_gmt":"2025-12-26T20:30:19","slug":"campo-el-gato-coyhaique-2","status":"publish","type":"product","link":"https:\/\/produncan.cl\/fr\/produit\/campo-el-gato-coyhaique-2\/","title":{"rendered":"Champ 219ha El Gato &#8211; Coyhaique, Ays\u00e9n"},"content":{"rendered":"\t\t<div data-elementor-type=\"product-post\" data-elementor-id=\"7848\" class=\"elementor elementor-7848 elementor-2318\" data-elementor-post-type=\"product\">\n\t\t\t\t\t\t<section class=\"elementor-section elementor-top-section elementor-element elementor-element-1fd2005 elementor-section-boxed elementor-section-height-default elementor-section-height-default\" data-id=\"1fd2005\" data-element_type=\"section\" data-e-type=\"section\" data-settings=\"{&quot;jet_parallax_layout_list&quot;:[]}\">\n\t\t\t\t\t\t<div class=\"elementor-container elementor-column-gap-default\">\n\t\t\t\t\t<div class=\"elementor-column elementor-col-100 elementor-top-column elementor-element elementor-element-24b68bf6\" data-id=\"24b68bf6\" data-element_type=\"column\" data-e-type=\"column\">\n\t\t\t<div class=\"elementor-widget-wrap elementor-element-populated\">\n\t\t\t\t\t\t<div class=\"elementor-element elementor-element-dba7d25 elementor-widget elementor-widget-text-editor\" data-id=\"dba7d25\" data-element_type=\"widget\" data-e-type=\"widget\" data-widget_type=\"text-editor.default\">\n\t\t\t\t\t\t\t\t\t<h2>Un champ pr\u00e8s de Coyhaique avec des formations fascinantes qui raviront les amoureux de la nature !<\/h2>\n<p>Bienvenue sur un terrain de 218,75 hectares avec 2 km de berges. Situ\u00e9 \u00e0 90 kilom\u00e8tres au nord de Coyhaique, \u00e0 30 km de la route 7, entre les secteurs de Villa Ortega et Villa Ma\u00f1ihuales.<\/p>\n<h3>Caract\u00e9ristiques de la propri\u00e9t\u00e9<\/h3>\n<ul>\n<li>Campagne pr\u00e8s de la ville de Coyhaique<\/li>\n<li>Il borde l&#8217;Arroyo El Gato sur environ 2 kilom\u00e8tres.<\/li>\n<li>Plusieurs ruisseaux et sources<\/li>\n<li>Il y a des pyl\u00f4nes \u00e9lectriques le long de la route de campagne \u00e0 300 m\u00e8tres de l&#8217;entr\u00e9e du camp.<\/li>\n<li>Obtention d&#8217;eau \u00e0 partir de sources situ\u00e9es sur la propri\u00e9t\u00e9<\/li>\n<li>Il y a un signal t\u00e9l\u00e9phonique dans certaines parties de la zone.<\/li>\n<li>Il y a des cl\u00f4tures tout autour de son p\u00e9rim\u00e8tre.<\/li>\n<\/ul>\n<div> <\/div>\n<p>L&#8217;acc\u00e8s au terrain se fait par une route en gravier en bon \u00e9tat puis par une servitude de 300mts. En outre, il existe une route interne qui permet d&#8217;acc\u00e9der \u00e0 la partie sup\u00e9rieure du champ.<\/p>\n<p>La flore se compose principalement de lenga, calafate, bunchgrass, black bush et tr\u00e8fle. En termes de faune, on peut voir des renards, des cerfs, des pumas, des sangliers, des condors, des pics, des pitios, des coliparados, des huet huet et des chucao.<\/p>\n<h3>Attractions \u00e0 proximit\u00e9<\/h3>\n<p>Tr\u00e8s pr\u00e8s de la limite de la partie sup\u00e9rieure du champ, il y a une belle lagune sur le terrain public. En outre, dans les environs de la propri\u00e9t\u00e9, vous trouverez la Laguna Brava, le lac Nord, le Cerro Catedral, la rivi\u00e8re \u00d1irehuao, o\u00f9 vous pourrez p\u00eacher le saumon et la truite.<\/p>\n<p>Auparavant, le champ \u00e9tait utilis\u00e9 pour l&#8217;engraissement du b\u00e9tail et l&#8217;extraction sporadique de bois de chauffage. Et dans certains cours d&#8217;eau, on a trouv\u00e9 beaucoup de minerai.<\/p>\n<p>Les roches s\u00e9dimentaires et les for\u00eats indig\u00e8nes luxuriantes de ses cha\u00eenes de montagnes pr\u00e9sentent de nombreuses formations fascinantes et font le bonheur des g\u00e9ologues et des amoureux de la nature.<\/p>\n<p><span style=\"color: var( --e-global-color-text ); font-family: var( --e-global-typography-text-font-family ), Sans-serif; font-weight: var( --e-global-typography-text-font-weight );\">CONTACTEZ-NOUS ET FAITES CONNAISSANCE AVEC CETTE BELLE CAMPAGNE PR\u00c8S DE COYHAIQUE !<\/span><\/p>\n\t\t\t\t\t\t\t\t<\/div>\n\t\t\t\t\t<\/div>\n\t\t<\/div>\n\t\t\t\t\t<\/div>\n\t\t<\/section>\n\t\t\t\t<\/div>\n\t\t","protected":false},"excerpt":{"rendered":"<p>Terrain avec 2 km de bord de rivi\u00e8re \u00e0 90 km de Coyhaique. Alimentation en \u00e9lectricit\u00e9 et en eau.<\/p>\n","protected":false},"featured_media":5733,"template":"","meta":{"_acf_changed":false},"product_brand":[],"product_cat":[129],"product_tag":[233,238],"regiones":[225],"ciudades":[209],"class_list":{"0":"post-7848","1":"product","2":"type-product","3":"status-publish","4":"has-post-thumbnail","6":"product_cat-aysen-magallanes-fr","7":"product_tag-champs","8":"product_tag-champs-de-conservation","9":"regiones-aysen-magallanes","10":"ciudades-coyhaique","12":"first","13":"instock","14":"sold-individually","15":"shipping-taxable","16":"purchasable","17":"product-type-simple"},"acf":[],"yoast_head":"<!-- This site is optimized with the Yoast SEO Premium plugin v26.0 (Yoast SEO v27.3) - https:\/\/yoast.com\/product\/yoast-seo-premium-wordpress\/ -->\n<title>Campo El Gato - Pr\u00e8s de Coyhaique - Ays\u00e9n - Produncan<\/title>\n<meta name=\"description\" content=\"Terrain de 218,75 ha avec 2 km de berges situ\u00e9 \u00e0 90 km au nord de Coyhaique, \u00e0 30 km de la route 7. l&#039;approvisionnement en \u00e9lectricit\u00e9 et en eau.\" \/>\n<meta name=\"robots\" content=\"index, follow, max-snippet:-1, max-image-preview:large, max-video-preview:-1\" \/>\n<link rel=\"canonical\" href=\"https:\/\/produncan.cl\/fr\/produit\/campo-el-gato-coyhaique-2\/\" \/>\n<meta property=\"og:locale\" content=\"fr_FR\" \/>\n<meta property=\"og:type\" content=\"article\" \/>\n<meta property=\"og:title\" content=\"Champ 219ha El Gato - Coyhaique, Ays\u00e9n\" \/>\n<meta property=\"og:description\" content=\"Terrain de 218,75 ha avec 2 km de berges situ\u00e9 \u00e0 90 km au nord de Coyhaique, \u00e0 30 km de la route 7. l&#039;approvisionnement en \u00e9lectricit\u00e9 et en eau.\" \/>\n<meta property=\"og:url\" content=\"https:\/\/produncan.cl\/fr\/produit\/campo-el-gato-coyhaique-2\/\" \/>\n<meta property=\"og:site_name\" content=\"Produncan\" \/>\n<meta property=\"article:publisher\" content=\"https:\/\/web.facebook.com\/produncanland\" \/>\n<meta property=\"article:modified_time\" content=\"2025-12-26T20:30:19+00:00\" \/>\n<meta property=\"og:image\" content=\"https:\/\/produncan.cl\/wp-content\/uploads\/2022\/05\/Campo-El-Gato-1.webp\" \/>\n\t<meta property=\"og:image:width\" content=\"600\" \/>\n\t<meta property=\"og:image:height\" content=\"450\" \/>\n\t<meta property=\"og:image:type\" content=\"image\/webp\" \/>\n<meta name=\"twitter:card\" content=\"summary_large_image\" \/>\n<meta name=\"twitter:label1\" content=\"Price\" \/>\n\t<meta name=\"twitter:data1\" content=\"USD594.600,00\" \/>\n\t<meta name=\"twitter:label2\" content=\"Availability\" \/>\n\t<meta name=\"twitter:data2\" content=\"In stock\" \/>\n<script type=\"application\/ld+json\" class=\"yoast-schema-graph\">{\"@context\":\"https:\\\/\\\/schema.org\",\"@graph\":[{\"@type\":\"WebPage\",\"@id\":\"https:\\\/\\\/produncan.cl\\\/fr\\\/produit\\\/campo-el-gato-coyhaique-2\\\/\",\"url\":\"https:\\\/\\\/produncan.cl\\\/fr\\\/produit\\\/campo-el-gato-coyhaique-2\\\/\",\"name\":\"Campo El Gato - Pr\u00e8s de Coyhaique - Ays\u00e9n - Produncan\",\"isPartOf\":{\"@id\":\"https:\\\/\\\/produncan.cl\\\/fr\\\/#website\"},\"primaryImageOfPage\":{\"@id\":\"https:\\\/\\\/produncan.cl\\\/fr\\\/produit\\\/campo-el-gato-coyhaique-2\\\/#primaryimage\"},\"image\":{\"@id\":\"https:\\\/\\\/produncan.cl\\\/fr\\\/produit\\\/campo-el-gato-coyhaique-2\\\/#primaryimage\"},\"thumbnailUrl\":\"https:\\\/\\\/produncan.cl\\\/wp-content\\\/uploads\\\/2022\\\/05\\\/Campo-El-Gato-1.webp\",\"datePublished\":\"2022-05-27T16:44:41+00:00\",\"dateModified\":\"2025-12-26T20:30:19+00:00\",\"description\":\"Terrain de 218,75 ha avec 2 km de berges situ\u00e9 \u00e0 90 km au nord de Coyhaique, \u00e0 30 km de la route 7. l'approvisionnement en \u00e9lectricit\u00e9 et en eau.\",\"breadcrumb\":{\"@id\":\"https:\\\/\\\/produncan.cl\\\/fr\\\/produit\\\/campo-el-gato-coyhaique-2\\\/#breadcrumb\"},\"inLanguage\":\"fr-FR\",\"potentialAction\":[{\"@type\":\"ReadAction\",\"target\":[\"https:\\\/\\\/produncan.cl\\\/fr\\\/produit\\\/campo-el-gato-coyhaique-2\\\/\"]}]},{\"@type\":\"ImageObject\",\"inLanguage\":\"fr-FR\",\"@id\":\"https:\\\/\\\/produncan.cl\\\/fr\\\/produit\\\/campo-el-gato-coyhaique-2\\\/#primaryimage\",\"url\":\"https:\\\/\\\/produncan.cl\\\/wp-content\\\/uploads\\\/2022\\\/05\\\/Campo-El-Gato-1.webp\",\"contentUrl\":\"https:\\\/\\\/produncan.cl\\\/wp-content\\\/uploads\\\/2022\\\/05\\\/Campo-El-Gato-1.webp\",\"width\":600,\"height\":450},{\"@type\":\"BreadcrumbList\",\"@id\":\"https:\\\/\\\/produncan.cl\\\/fr\\\/produit\\\/campo-el-gato-coyhaique-2\\\/#breadcrumb\",\"itemListElement\":[{\"@type\":\"ListItem\",\"position\":1,\"name\":\"Inicio\",\"item\":\"https:\\\/\\\/produncan.cl\\\/fr\\\/\"},{\"@type\":\"ListItem\",\"position\":2,\"name\":\"Propri\u00e9t\u00e9s\",\"item\":\"https:\\\/\\\/produncan.cl\\\/propiedades\\\/\"},{\"@type\":\"ListItem\",\"position\":3,\"name\":\"Champs\",\"item\":\"https:\\\/\\\/produncan.cl\\\/fr\\\/cat&eacute;gorie\\\/champs\\\/\"},{\"@type\":\"ListItem\",\"position\":4,\"name\":\"Champ 219ha El Gato &#8211; Coyhaique, Ays\u00e9n\"}]},{\"@type\":\"WebSite\",\"@id\":\"https:\\\/\\\/produncan.cl\\\/fr\\\/#website\",\"url\":\"https:\\\/\\\/produncan.cl\\\/fr\\\/\",\"name\":\"Produncan\",\"description\":\"Nous vous accompagnons dans votre projet de vie !\",\"publisher\":{\"@id\":\"https:\\\/\\\/produncan.cl\\\/fr\\\/#organization\"},\"potentialAction\":[{\"@type\":\"SearchAction\",\"target\":{\"@type\":\"EntryPoint\",\"urlTemplate\":\"https:\\\/\\\/produncan.cl\\\/fr\\\/?s={search_term_string}\"},\"query-input\":{\"@type\":\"PropertyValueSpecification\",\"valueRequired\":true,\"valueName\":\"search_term_string\"}}],\"inLanguage\":\"fr-FR\"},{\"@type\":\"Organization\",\"@id\":\"https:\\\/\\\/produncan.cl\\\/fr\\\/#organization\",\"name\":\"Produncan\",\"url\":\"https:\\\/\\\/produncan.cl\\\/fr\\\/\",\"logo\":{\"@type\":\"ImageObject\",\"inLanguage\":\"fr-FR\",\"@id\":\"https:\\\/\\\/produncan.cl\\\/fr\\\/#\\\/schema\\\/logo\\\/image\\\/\",\"url\":\"https:\\\/\\\/produncan.cl\\\/wp-content\\\/uploads\\\/2021\\\/03\\\/LOGO.jpeg\",\"contentUrl\":\"https:\\\/\\\/produncan.cl\\\/wp-content\\\/uploads\\\/2021\\\/03\\\/LOGO.jpeg\",\"width\":1280,\"height\":903,\"caption\":\"Produncan\"},\"image\":{\"@id\":\"https:\\\/\\\/produncan.cl\\\/fr\\\/#\\\/schema\\\/logo\\\/image\\\/\"},\"sameAs\":[\"https:\\\/\\\/web.facebook.com\\\/produncanland\",\"https:\\\/\\\/www.instagram.com\\\/pro_duncan\\\/\",\"https:\\\/\\\/www.linkedin.com\\\/company\\\/produncan-lands\\\/\",\"https:\\\/\\\/www.youtube.com\\\/channel\\\/UCu7N-f3x0svkazD-Eew1-QQ\"],\"description\":\"En Produncan somos especialistas en la venta de terrenos en el sur de Chile. Proveemos estancias, campos, parcelas y hoteles.\",\"email\":\"info@produncan.cl\"}]}<\/script>\n<meta property=\"og:video\" content=\"https:\/\/www.youtube.com\/embed\/2XlUZfI6kdM\" \/>\n<meta property=\"og:video:type\" content=\"text\/html\" \/>\n<meta property=\"og:video:duration\" content=\"61\" \/>\n<meta property=\"og:video:width\" content=\"480\" \/>\n<meta property=\"og:video:height\" content=\"360\" \/>\n<meta property=\"ya:ovs:adult\" content=\"false\" \/>\n<meta property=\"ya:ovs:upload_date\" content=\"2022-05-27T16:44:41+00:00\" \/>\n<meta property=\"ya:ovs:allow_embed\" content=\"true\" \/>\n<meta property=\"product:price:amount\" content=\"594600.00\" \/>\n<meta property=\"product:price:currency\" content=\"USD\" \/>\n<meta property=\"og:availability\" content=\"instock\" \/>\n<meta property=\"product:availability\" content=\"instock\" \/>\n<meta property=\"product:condition\" content=\"new\" \/>\n<!-- \/ Yoast SEO Premium plugin. -->","yoast_head_json":{"title":"Campo El Gato - Pr\u00e8s de Coyhaique - Ays\u00e9n - Produncan","description":"Terrain de 218,75 ha avec 2 km de berges situ\u00e9 \u00e0 90 km au nord de Coyhaique, \u00e0 30 km de la route 7. l'approvisionnement en \u00e9lectricit\u00e9 et en eau.","robots":{"index":"index","follow":"follow","max-snippet":"max-snippet:-1","max-image-preview":"max-image-preview:large","max-video-preview":"max-video-preview:-1"},"canonical":"https:\/\/produncan.cl\/fr\/produit\/campo-el-gato-coyhaique-2\/","og_locale":"fr_FR","og_type":"article","og_title":"Champ 219ha El Gato - Coyhaique, Ays\u00e9n","og_description":"Terrain de 218,75 ha avec 2 km de berges situ\u00e9 \u00e0 90 km au nord de Coyhaique, \u00e0 30 km de la route 7. l'approvisionnement en \u00e9lectricit\u00e9 et en eau.","og_url":"https:\/\/produncan.cl\/fr\/produit\/campo-el-gato-coyhaique-2\/","og_site_name":"Produncan","article_publisher":"https:\/\/web.facebook.com\/produncanland","article_modified_time":"2025-12-26T20:30:19+00:00","og_image":[{"width":600,"height":450,"url":"https:\/\/produncan.cl\/wp-content\/uploads\/2022\/05\/Campo-El-Gato-1.webp","type":"image\/webp"}],"twitter_card":"summary_large_image","twitter_misc":{"Price":"USD594.600,00","Availability":"In stock"},"schema":{"@context":"https:\/\/schema.org","@graph":[{"@type":"WebPage","@id":"https:\/\/produncan.cl\/fr\/produit\/campo-el-gato-coyhaique-2\/","url":"https:\/\/produncan.cl\/fr\/produit\/campo-el-gato-coyhaique-2\/","name":"Campo El Gato - Pr\u00e8s de Coyhaique - Ays\u00e9n - Produncan","isPartOf":{"@id":"https:\/\/produncan.cl\/fr\/#website"},"primaryImageOfPage":{"@id":"https:\/\/produncan.cl\/fr\/produit\/campo-el-gato-coyhaique-2\/#primaryimage"},"image":{"@id":"https:\/\/produncan.cl\/fr\/produit\/campo-el-gato-coyhaique-2\/#primaryimage"},"thumbnailUrl":"https:\/\/produncan.cl\/wp-content\/uploads\/2022\/05\/Campo-El-Gato-1.webp","datePublished":"2022-05-27T16:44:41+00:00","dateModified":"2025-12-26T20:30:19+00:00","description":"Terrain de 218,75 ha avec 2 km de berges situ\u00e9 \u00e0 90 km au nord de Coyhaique, \u00e0 30 km de la route 7. l'approvisionnement en \u00e9lectricit\u00e9 et en eau.","breadcrumb":{"@id":"https:\/\/produncan.cl\/fr\/produit\/campo-el-gato-coyhaique-2\/#breadcrumb"},"inLanguage":"fr-FR","potentialAction":[{"@type":"ReadAction","target":["https:\/\/produncan.cl\/fr\/produit\/campo-el-gato-coyhaique-2\/"]}]},{"@type":"ImageObject","inLanguage":"fr-FR","@id":"https:\/\/produncan.cl\/fr\/produit\/campo-el-gato-coyhaique-2\/#primaryimage","url":"https:\/\/produncan.cl\/wp-content\/uploads\/2022\/05\/Campo-El-Gato-1.webp","contentUrl":"https:\/\/produncan.cl\/wp-content\/uploads\/2022\/05\/Campo-El-Gato-1.webp","width":600,"height":450},{"@type":"BreadcrumbList","@id":"https:\/\/produncan.cl\/fr\/produit\/campo-el-gato-coyhaique-2\/#breadcrumb","itemListElement":[{"@type":"ListItem","position":1,"name":"Inicio","item":"https:\/\/produncan.cl\/fr\/"},{"@type":"ListItem","position":2,"name":"Propri\u00e9t\u00e9s","item":"https:\/\/produncan.cl\/propiedades\/"},{"@type":"ListItem","position":3,"name":"Champs","item":"https:\/\/produncan.cl\/fr\/cat&eacute;gorie\/champs\/"},{"@type":"ListItem","position":4,"name":"Champ 219ha El Gato &#8211; Coyhaique, Ays\u00e9n"}]},{"@type":"WebSite","@id":"https:\/\/produncan.cl\/fr\/#website","url":"https:\/\/produncan.cl\/fr\/","name":"Produncan","description":"Nous vous accompagnons dans votre projet de vie !","publisher":{"@id":"https:\/\/produncan.cl\/fr\/#organization"},"potentialAction":[{"@type":"SearchAction","target":{"@type":"EntryPoint","urlTemplate":"https:\/\/produncan.cl\/fr\/?s={search_term_string}"},"query-input":{"@type":"PropertyValueSpecification","valueRequired":true,"valueName":"search_term_string"}}],"inLanguage":"fr-FR"},{"@type":"Organization","@id":"https:\/\/produncan.cl\/fr\/#organization","name":"Produncan","url":"https:\/\/produncan.cl\/fr\/","logo":{"@type":"ImageObject","inLanguage":"fr-FR","@id":"https:\/\/produncan.cl\/fr\/#\/schema\/logo\/image\/","url":"https:\/\/produncan.cl\/wp-content\/uploads\/2021\/03\/LOGO.jpeg","contentUrl":"https:\/\/produncan.cl\/wp-content\/uploads\/2021\/03\/LOGO.jpeg","width":1280,"height":903,"caption":"Produncan"},"image":{"@id":"https:\/\/produncan.cl\/fr\/#\/schema\/logo\/image\/"},"sameAs":["https:\/\/web.facebook.com\/produncanland","https:\/\/www.instagram.com\/pro_duncan\/","https:\/\/www.linkedin.com\/company\/produncan-lands\/","https:\/\/www.youtube.com\/channel\/UCu7N-f3x0svkazD-Eew1-QQ"],"description":"En Produncan somos especialistas en la venta de terrenos en el sur de Chile. Proveemos estancias, campos, parcelas y hoteles.","email":"info@produncan.cl"}]},"og_video":"https:\/\/www.youtube.com\/embed\/2XlUZfI6kdM","og_video_type":"text\/html","og_video_duration":"61","og_video_width":"480","og_video_height":"360","ya_ovs_adult":"false","ya_ovs_upload_date":"2022-05-27T16:44:41+00:00","ya_ovs_allow_embed":"true","product_price_amount":"594600.00","product_price_currency":"USD","og_availability":"instock","product_availability":"instock","product_condition":"new"},"_links":{"self":[{"href":"https:\/\/produncan.cl\/fr\/wp-json\/wp\/v2\/product\/7848","targetHints":{"allow":["GET"]}}],"collection":[{"href":"https:\/\/produncan.cl\/fr\/wp-json\/wp\/v2\/product"}],"about":[{"href":"https:\/\/produncan.cl\/fr\/wp-json\/wp\/v2\/types\/product"}],"version-history":[{"count":2,"href":"https:\/\/produncan.cl\/fr\/wp-json\/wp\/v2\/product\/7848\/revisions"}],"predecessor-version":[{"id":54311,"href":"https:\/\/produncan.cl\/fr\/wp-json\/wp\/v2\/product\/7848\/revisions\/54311"}],"wp:featuredmedia":[{"embeddable":true,"href":"https:\/\/produncan.cl\/fr\/wp-json\/wp\/v2\/media\/5733"}],"wp:attachment":[{"href":"https:\/\/produncan.cl\/fr\/wp-json\/wp\/v2\/media?parent=7848"}],"wp:term":[{"taxonomy":"product_brand","embeddable":true,"href":"https:\/\/produncan.cl\/fr\/wp-json\/wp\/v2\/product_brand?post=7848"},{"taxonomy":"product_cat","embeddable":true,"href":"https:\/\/produncan.cl\/fr\/wp-json\/wp\/v2\/product_cat?post=7848"},{"taxonomy":"product_tag","embeddable":true,"href":"https:\/\/produncan.cl\/fr\/wp-json\/wp\/v2\/product_tag?post=7848"},{"taxonomy":"regiones","embeddable":true,"href":"https:\/\/produncan.cl\/fr\/wp-json\/wp\/v2\/regiones?post=7848"},{"taxonomy":"ciudades","embeddable":true,"href":"https:\/\/produncan.cl\/fr\/wp-json\/wp\/v2\/ciudades?post=7848"}],"curies":[{"name":"wp","href":"https:\/\/api.w.org\/{rel}","templated":true}]}}