{"id":7849,"date":"2021-05-12T13:29:22","date_gmt":"2021-05-12T17:29:22","guid":{"rendered":"https:\/\/produncan.cl\/producto\/champ-25ha-riviere-quenuir\/"},"modified":"2025-08-07T17:52:32","modified_gmt":"2025-08-07T21:52:32","slug":"campo-rio-quenuir-palihue","status":"publish","type":"product","link":"https:\/\/produncan.cl\/fr\/produit\/campo-rio-quenuir-palihue\/","title":{"rendered":"Champ 25ha Rio Quenuir &#8211; Palihue, Los Muermos"},"content":{"rendered":"<h2>Cr\u00e9ez une ferme \u00e0 Palihu\u00e9 avec une vue imprenable sur la mer !<\/h2>\n<p>Nous vous invitons \u00e0 visiter un champ de 25 hectares \u00e0 Palihu\u00e9 avec une belle vue sur la baie de la rivi\u00e8re Quenuir. La propri\u00e9t\u00e9 dispose de l&#8217;\u00e9lectricit\u00e9, de l&#8217;eau courante et d&#8217;un bon signal de t\u00e9l\u00e9communications. G\u00e9ographiquement, elle est situ\u00e9e dans une zone \u00e9lev\u00e9e, entour\u00e9e de deux rivi\u00e8res et d&#8217;estuaires pratiquement tout autour de son p\u00e9rim\u00e8tre.<\/p>\n<p>Il poss\u00e8de des sources \u00e0 l&#8217;int\u00e9rieur et compte 40% de prairies (pampas) et 60% d&#8217;arbres indig\u00e8nes, o\u00f9 l&#8217;on trouve des lingues, luma, tepa, myrte, cannelle, \u00e9glantier, cauchao, murta, maqui, ciruelillo, m\u00fbre et chancho gordo, entre autres. Le champ est dot\u00e9 de cl\u00f4tures de d\u00e9limitation et de cl\u00f4tures internes pour la gestion des animaux.<\/p>\n<p>La propri\u00e9t\u00e9 comprend une vieille maison et une cave \u00e0 vin, entour\u00e9e d&#8217;un bosquet de 20 pommiers et pruniers et d&#8217;un beau parc d&#8217;esp\u00e8ces indig\u00e8nes et non indig\u00e8nes. L&#8217;endroit est accessible par une route rurale en gravier en bon \u00e9tat \u00e0 3,5 km de l&#8217;asphalte. Depuis le camp, il faut 25 minutes pour rejoindre la plage d&#8217;Estaquilla et 25 minutes pour Los Muermos.<\/p>\n<p>Le secteur pr\u00e9sente une forte valeur ajout\u00e9e en raison de sa beaut\u00e9 et du d\u00e9veloppement touristique de haut niveau dans les environs d&#8217;Estaquilla et de Puerto Godoy. Il s&#8217;agit \u00e9galement d&#8217;une excellente option pour ceux qui cherchent \u00e0 se rendre dans les environs de Puerto Varas.<\/p>\n<p>N&#8217;ATTENDEZ PLUS, VIVEZ VOS MEILLEURES ANN\u00c9ES DANS UN CADRE MAGNIFIQUE ET AVEC LA MEILLEURE VUE !<\/p>\n","protected":false},"excerpt":{"rendered":"<p>Champ surplombant la baie de la rivi\u00e8re Quenuir. \u00c9lectricit\u00e9 et bon signal. Entour\u00e9 de rivi\u00e8res et d&#8217;estuaires.<\/p>\n","protected":false},"featured_media":6477,"template":"","meta":{"_acf_changed":false},"product_brand":[],"product_cat":[113],"product_tag":[],"regiones":[226],"ciudades":[216],"class_list":{"0":"post-7849","1":"product","2":"type-product","3":"status-publish","4":"has-post-thumbnail","6":"product_cat-ohiggins-los-lagos-fr","7":"regiones-nuble-los_lagos","8":"ciudades-los-muermos","10":"first","11":"outofstock","12":"sold-individually","13":"shipping-taxable","14":"product-type-simple"},"acf":[],"yoast_head":"<!-- This site is optimized with the Yoast SEO Premium plugin v26.0 (Yoast SEO v27.4) - https:\/\/yoast.com\/product\/yoast-seo-premium-wordpress\/ -->\n<title>Champ 25ha Rio Quenuir - Palihue, Los Muermos - Produncan<\/title>\n<meta name=\"description\" content=\"Champ de 25ha avec belle vue sur la rivi\u00e8re Quenuir, la propri\u00e9t\u00e9 a l&#039;\u00e9lectricit\u00e9, l&#039;eau de source et un bon signal t\u00e9l\u00e9phonique.\" \/>\n<meta name=\"robots\" content=\"index, follow, max-snippet:-1, max-image-preview:large, max-video-preview:-1\" \/>\n<link rel=\"canonical\" href=\"https:\/\/produncan.cl\/fr\/produit\/campo-rio-quenuir-palihue\/\" \/>\n<meta property=\"og:locale\" content=\"fr_FR\" \/>\n<meta property=\"og:type\" content=\"article\" \/>\n<meta property=\"og:title\" content=\"Champ 25ha Rio Quenuir - Palihue, Los Muermos\" \/>\n<meta property=\"og:description\" content=\"Champ de 25ha avec belle vue sur la rivi\u00e8re Quenuir, la propri\u00e9t\u00e9 a l&#039;\u00e9lectricit\u00e9, l&#039;eau de source et un bon signal t\u00e9l\u00e9phonique.\" \/>\n<meta property=\"og:url\" content=\"https:\/\/produncan.cl\/fr\/produit\/campo-rio-quenuir-palihue\/\" \/>\n<meta property=\"og:site_name\" content=\"Produncan\" \/>\n<meta property=\"article:publisher\" content=\"https:\/\/web.facebook.com\/produncanland\" \/>\n<meta property=\"article:modified_time\" content=\"2025-08-07T21:52:32+00:00\" \/>\n<meta property=\"og:image\" content=\"https:\/\/produncan.cl\/wp-content\/uploads\/2022\/05\/Rio-Quenuir-Vendido.webp\" \/>\n\t<meta property=\"og:image:width\" content=\"600\" \/>\n\t<meta property=\"og:image:height\" content=\"450\" \/>\n\t<meta property=\"og:image:type\" content=\"image\/webp\" \/>\n<meta name=\"twitter:card\" content=\"summary_large_image\" \/>\n<meta name=\"twitter:label1\" content=\"Price\" \/>\n\t<meta name=\"twitter:data1\" content=\"\" \/>\n\t<meta name=\"twitter:label2\" content=\"Availability\" \/>\n\t<meta name=\"twitter:data2\" content=\"Out of stock\" \/>\n<script type=\"application\/ld+json\" class=\"yoast-schema-graph\">{\"@context\":\"https:\\\/\\\/schema.org\",\"@graph\":[{\"@type\":\"WebPage\",\"@id\":\"https:\\\/\\\/produncan.cl\\\/fr\\\/produit\\\/campo-rio-quenuir-palihue\\\/\",\"url\":\"https:\\\/\\\/produncan.cl\\\/fr\\\/produit\\\/campo-rio-quenuir-palihue\\\/\",\"name\":\"Champ 25ha Rio Quenuir - Palihue, Los Muermos - Produncan\",\"isPartOf\":{\"@id\":\"https:\\\/\\\/produncan.cl\\\/fr\\\/#website\"},\"primaryImageOfPage\":{\"@id\":\"https:\\\/\\\/produncan.cl\\\/fr\\\/produit\\\/campo-rio-quenuir-palihue\\\/#primaryimage\"},\"image\":{\"@id\":\"https:\\\/\\\/produncan.cl\\\/fr\\\/produit\\\/campo-rio-quenuir-palihue\\\/#primaryimage\"},\"thumbnailUrl\":\"https:\\\/\\\/produncan.cl\\\/wp-content\\\/uploads\\\/2022\\\/05\\\/Rio-Quenuir-Vendido.webp\",\"datePublished\":\"2021-05-12T17:29:22+00:00\",\"dateModified\":\"2025-08-07T21:52:32+00:00\",\"description\":\"Champ de 25ha avec belle vue sur la rivi\u00e8re Quenuir, la propri\u00e9t\u00e9 a l'\u00e9lectricit\u00e9, l'eau de source et un bon signal t\u00e9l\u00e9phonique.\",\"breadcrumb\":{\"@id\":\"https:\\\/\\\/produncan.cl\\\/fr\\\/produit\\\/campo-rio-quenuir-palihue\\\/#breadcrumb\"},\"inLanguage\":\"fr-FR\",\"potentialAction\":[{\"@type\":\"ReadAction\",\"target\":[\"https:\\\/\\\/produncan.cl\\\/fr\\\/produit\\\/campo-rio-quenuir-palihue\\\/\"]}]},{\"@type\":\"ImageObject\",\"inLanguage\":\"fr-FR\",\"@id\":\"https:\\\/\\\/produncan.cl\\\/fr\\\/produit\\\/campo-rio-quenuir-palihue\\\/#primaryimage\",\"url\":\"https:\\\/\\\/produncan.cl\\\/wp-content\\\/uploads\\\/2022\\\/05\\\/Rio-Quenuir-Vendido.webp\",\"contentUrl\":\"https:\\\/\\\/produncan.cl\\\/wp-content\\\/uploads\\\/2022\\\/05\\\/Rio-Quenuir-Vendido.webp\",\"width\":600,\"height\":450},{\"@type\":\"BreadcrumbList\",\"@id\":\"https:\\\/\\\/produncan.cl\\\/fr\\\/produit\\\/campo-rio-quenuir-palihue\\\/#breadcrumb\",\"itemListElement\":[{\"@type\":\"ListItem\",\"position\":1,\"name\":\"Inicio\",\"item\":\"https:\\\/\\\/produncan.cl\\\/fr\\\/\"},{\"@type\":\"ListItem\",\"position\":2,\"name\":\"Propri\u00e9t\u00e9s\",\"item\":\"https:\\\/\\\/produncan.cl\\\/propiedades\\\/\"},{\"@type\":\"ListItem\",\"position\":3,\"name\":\"Champ 25ha Rio Quenuir &#8211; Palihue, Los Muermos\"}]},{\"@type\":\"WebSite\",\"@id\":\"https:\\\/\\\/produncan.cl\\\/fr\\\/#website\",\"url\":\"https:\\\/\\\/produncan.cl\\\/fr\\\/\",\"name\":\"Produncan\",\"description\":\"Nous vous accompagnons dans votre projet de vie !\",\"publisher\":{\"@id\":\"https:\\\/\\\/produncan.cl\\\/fr\\\/#organization\"},\"potentialAction\":[{\"@type\":\"SearchAction\",\"target\":{\"@type\":\"EntryPoint\",\"urlTemplate\":\"https:\\\/\\\/produncan.cl\\\/fr\\\/?s={search_term_string}\"},\"query-input\":{\"@type\":\"PropertyValueSpecification\",\"valueRequired\":true,\"valueName\":\"search_term_string\"}}],\"inLanguage\":\"fr-FR\"},{\"@type\":\"Organization\",\"@id\":\"https:\\\/\\\/produncan.cl\\\/fr\\\/#organization\",\"name\":\"Produncan\",\"url\":\"https:\\\/\\\/produncan.cl\\\/fr\\\/\",\"logo\":{\"@type\":\"ImageObject\",\"inLanguage\":\"fr-FR\",\"@id\":\"https:\\\/\\\/produncan.cl\\\/fr\\\/#\\\/schema\\\/logo\\\/image\\\/\",\"url\":\"https:\\\/\\\/produncan.cl\\\/wp-content\\\/uploads\\\/2021\\\/03\\\/LOGO.jpeg\",\"contentUrl\":\"https:\\\/\\\/produncan.cl\\\/wp-content\\\/uploads\\\/2021\\\/03\\\/LOGO.jpeg\",\"width\":1280,\"height\":903,\"caption\":\"Produncan\"},\"image\":{\"@id\":\"https:\\\/\\\/produncan.cl\\\/fr\\\/#\\\/schema\\\/logo\\\/image\\\/\"},\"sameAs\":[\"https:\\\/\\\/web.facebook.com\\\/produncanland\",\"https:\\\/\\\/www.instagram.com\\\/pro_duncan\\\/\",\"https:\\\/\\\/www.linkedin.com\\\/company\\\/produncan-lands\\\/\",\"https:\\\/\\\/www.youtube.com\\\/channel\\\/UCu7N-f3x0svkazD-Eew1-QQ\"],\"description\":\"En Produncan somos especialistas en la venta de terrenos en el sur de Chile. Proveemos estancias, campos, parcelas y hoteles.\",\"email\":\"info@produncan.cl\"}]}<\/script>\n<meta property=\"og:video\" content=\"https:\/\/www.youtube.com\/embed\/9ne-BKpRihc\" \/>\n<meta property=\"og:video:type\" content=\"text\/html\" \/>\n<meta property=\"og:video:duration\" content=\"60\" \/>\n<meta property=\"og:video:width\" content=\"480\" \/>\n<meta property=\"og:video:height\" content=\"360\" \/>\n<meta property=\"ya:ovs:adult\" content=\"false\" \/>\n<meta property=\"ya:ovs:upload_date\" content=\"2021-05-12T17:29:22+00:00\" \/>\n<meta property=\"ya:ovs:allow_embed\" content=\"true\" \/>\n<meta property=\"product:price:currency\" content=\"USD\" \/>\n<meta property=\"og:availability\" content=\"out of stock\" \/>\n<meta property=\"product:availability\" content=\"out of stock\" \/>\n<meta property=\"product:condition\" content=\"new\" \/>\n<!-- \/ Yoast SEO Premium plugin. -->","yoast_head_json":{"title":"Champ 25ha Rio Quenuir - Palihue, Los Muermos - Produncan","description":"Champ de 25ha avec belle vue sur la rivi\u00e8re Quenuir, la propri\u00e9t\u00e9 a l'\u00e9lectricit\u00e9, l'eau de source et un bon signal t\u00e9l\u00e9phonique.","robots":{"index":"index","follow":"follow","max-snippet":"max-snippet:-1","max-image-preview":"max-image-preview:large","max-video-preview":"max-video-preview:-1"},"canonical":"https:\/\/produncan.cl\/fr\/produit\/campo-rio-quenuir-palihue\/","og_locale":"fr_FR","og_type":"article","og_title":"Champ 25ha Rio Quenuir - Palihue, Los Muermos","og_description":"Champ de 25ha avec belle vue sur la rivi\u00e8re Quenuir, la propri\u00e9t\u00e9 a l'\u00e9lectricit\u00e9, l'eau de source et un bon signal t\u00e9l\u00e9phonique.","og_url":"https:\/\/produncan.cl\/fr\/produit\/campo-rio-quenuir-palihue\/","og_site_name":"Produncan","article_publisher":"https:\/\/web.facebook.com\/produncanland","article_modified_time":"2025-08-07T21:52:32+00:00","og_image":[{"width":600,"height":450,"url":"https:\/\/produncan.cl\/wp-content\/uploads\/2022\/05\/Rio-Quenuir-Vendido.webp","type":"image\/webp"}],"twitter_card":"summary_large_image","twitter_misc":{"Price":"","Availability":"Out of stock"},"schema":{"@context":"https:\/\/schema.org","@graph":[{"@type":"WebPage","@id":"https:\/\/produncan.cl\/fr\/produit\/campo-rio-quenuir-palihue\/","url":"https:\/\/produncan.cl\/fr\/produit\/campo-rio-quenuir-palihue\/","name":"Champ 25ha Rio Quenuir - Palihue, Los Muermos - Produncan","isPartOf":{"@id":"https:\/\/produncan.cl\/fr\/#website"},"primaryImageOfPage":{"@id":"https:\/\/produncan.cl\/fr\/produit\/campo-rio-quenuir-palihue\/#primaryimage"},"image":{"@id":"https:\/\/produncan.cl\/fr\/produit\/campo-rio-quenuir-palihue\/#primaryimage"},"thumbnailUrl":"https:\/\/produncan.cl\/wp-content\/uploads\/2022\/05\/Rio-Quenuir-Vendido.webp","datePublished":"2021-05-12T17:29:22+00:00","dateModified":"2025-08-07T21:52:32+00:00","description":"Champ de 25ha avec belle vue sur la rivi\u00e8re Quenuir, la propri\u00e9t\u00e9 a l'\u00e9lectricit\u00e9, l'eau de source et un bon signal t\u00e9l\u00e9phonique.","breadcrumb":{"@id":"https:\/\/produncan.cl\/fr\/produit\/campo-rio-quenuir-palihue\/#breadcrumb"},"inLanguage":"fr-FR","potentialAction":[{"@type":"ReadAction","target":["https:\/\/produncan.cl\/fr\/produit\/campo-rio-quenuir-palihue\/"]}]},{"@type":"ImageObject","inLanguage":"fr-FR","@id":"https:\/\/produncan.cl\/fr\/produit\/campo-rio-quenuir-palihue\/#primaryimage","url":"https:\/\/produncan.cl\/wp-content\/uploads\/2022\/05\/Rio-Quenuir-Vendido.webp","contentUrl":"https:\/\/produncan.cl\/wp-content\/uploads\/2022\/05\/Rio-Quenuir-Vendido.webp","width":600,"height":450},{"@type":"BreadcrumbList","@id":"https:\/\/produncan.cl\/fr\/produit\/campo-rio-quenuir-palihue\/#breadcrumb","itemListElement":[{"@type":"ListItem","position":1,"name":"Inicio","item":"https:\/\/produncan.cl\/fr\/"},{"@type":"ListItem","position":2,"name":"Propri\u00e9t\u00e9s","item":"https:\/\/produncan.cl\/propiedades\/"},{"@type":"ListItem","position":3,"name":"Champ 25ha Rio Quenuir &#8211; Palihue, Los Muermos"}]},{"@type":"WebSite","@id":"https:\/\/produncan.cl\/fr\/#website","url":"https:\/\/produncan.cl\/fr\/","name":"Produncan","description":"Nous vous accompagnons dans votre projet de vie !","publisher":{"@id":"https:\/\/produncan.cl\/fr\/#organization"},"potentialAction":[{"@type":"SearchAction","target":{"@type":"EntryPoint","urlTemplate":"https:\/\/produncan.cl\/fr\/?s={search_term_string}"},"query-input":{"@type":"PropertyValueSpecification","valueRequired":true,"valueName":"search_term_string"}}],"inLanguage":"fr-FR"},{"@type":"Organization","@id":"https:\/\/produncan.cl\/fr\/#organization","name":"Produncan","url":"https:\/\/produncan.cl\/fr\/","logo":{"@type":"ImageObject","inLanguage":"fr-FR","@id":"https:\/\/produncan.cl\/fr\/#\/schema\/logo\/image\/","url":"https:\/\/produncan.cl\/wp-content\/uploads\/2021\/03\/LOGO.jpeg","contentUrl":"https:\/\/produncan.cl\/wp-content\/uploads\/2021\/03\/LOGO.jpeg","width":1280,"height":903,"caption":"Produncan"},"image":{"@id":"https:\/\/produncan.cl\/fr\/#\/schema\/logo\/image\/"},"sameAs":["https:\/\/web.facebook.com\/produncanland","https:\/\/www.instagram.com\/pro_duncan\/","https:\/\/www.linkedin.com\/company\/produncan-lands\/","https:\/\/www.youtube.com\/channel\/UCu7N-f3x0svkazD-Eew1-QQ"],"description":"En Produncan somos especialistas en la venta de terrenos en el sur de Chile. Proveemos estancias, campos, parcelas y hoteles.","email":"info@produncan.cl"}]},"og_video":"https:\/\/www.youtube.com\/embed\/9ne-BKpRihc","og_video_type":"text\/html","og_video_duration":"60","og_video_width":"480","og_video_height":"360","ya_ovs_adult":"false","ya_ovs_upload_date":"2021-05-12T17:29:22+00:00","ya_ovs_allow_embed":"true","product_price_currency":"USD","og_availability":"out of stock","product_availability":"out of stock","product_condition":"new"},"_links":{"self":[{"href":"https:\/\/produncan.cl\/fr\/wp-json\/wp\/v2\/product\/7849","targetHints":{"allow":["GET"]}}],"collection":[{"href":"https:\/\/produncan.cl\/fr\/wp-json\/wp\/v2\/product"}],"about":[{"href":"https:\/\/produncan.cl\/fr\/wp-json\/wp\/v2\/types\/product"}],"version-history":[{"count":0,"href":"https:\/\/produncan.cl\/fr\/wp-json\/wp\/v2\/product\/7849\/revisions"}],"wp:featuredmedia":[{"embeddable":true,"href":"https:\/\/produncan.cl\/fr\/wp-json\/wp\/v2\/media\/6477"}],"wp:attachment":[{"href":"https:\/\/produncan.cl\/fr\/wp-json\/wp\/v2\/media?parent=7849"}],"wp:term":[{"taxonomy":"product_brand","embeddable":true,"href":"https:\/\/produncan.cl\/fr\/wp-json\/wp\/v2\/product_brand?post=7849"},{"taxonomy":"product_cat","embeddable":true,"href":"https:\/\/produncan.cl\/fr\/wp-json\/wp\/v2\/product_cat?post=7849"},{"taxonomy":"product_tag","embeddable":true,"href":"https:\/\/produncan.cl\/fr\/wp-json\/wp\/v2\/product_tag?post=7849"},{"taxonomy":"regiones","embeddable":true,"href":"https:\/\/produncan.cl\/fr\/wp-json\/wp\/v2\/regiones?post=7849"},{"taxonomy":"ciudades","embeddable":true,"href":"https:\/\/produncan.cl\/fr\/wp-json\/wp\/v2\/ciudades?post=7849"}],"curies":[{"name":"wp","href":"https:\/\/api.w.org\/{rel}","templated":true}]}}