{"id":7850,"date":"2023-10-30T12:16:11","date_gmt":"2023-10-30T15:16:11","guid":{"rendered":"https:\/\/produncan.cl\/producto\/camp-el-mirador\/"},"modified":"2025-11-24T18:05:03","modified_gmt":"2025-11-24T21:05:03","slug":"campo-el-mirador-quillagua","status":"publish","type":"product","link":"https:\/\/produncan.cl\/fr\/produit\/campo-el-mirador-quillagua\/","title":{"rendered":"Ferme \u00e0 Quillagua, El Mirador &#8211; Los Muermos, Regi\u00f3n de Los Lagos"},"content":{"rendered":"\t\t<div data-elementor-type=\"product-post\" data-elementor-id=\"7850\" class=\"elementor elementor-7850 elementor-1695\" data-elementor-post-type=\"product\">\n\t\t\t\t\t\t<section class=\"elementor-section elementor-top-section elementor-element elementor-element-6f5c5690 elementor-section-boxed elementor-section-height-default elementor-section-height-default\" data-id=\"6f5c5690\" data-element_type=\"section\" data-e-type=\"section\" data-settings=\"{&quot;jet_parallax_layout_list&quot;:[]}\">\n\t\t\t\t\t\t<div class=\"elementor-container elementor-column-gap-default\">\n\t\t\t\t\t<div class=\"elementor-column elementor-col-100 elementor-top-column elementor-element elementor-element-26e99b9\" data-id=\"26e99b9\" data-element_type=\"column\" data-e-type=\"column\">\n\t\t\t<div class=\"elementor-widget-wrap elementor-element-populated\">\n\t\t\t\t\t\t<div class=\"elementor-element elementor-element-3228ac99 elementor-widget elementor-widget-text-editor\" data-id=\"3228ac99\" data-element_type=\"widget\" data-e-type=\"widget\" data-widget_type=\"text-editor.default\">\n\t\t\t\t\t\t\t\t\t<h2>Un champ \u00e0 Quillagua avec une vue spectaculaire sur la mer !<\/h2>\n<p>Bienvenue sur un magnifique terrain de 29,6 hectares \u00e0 Quillagua, proche de la mer et avec une vue spectaculaire sur Puerto Godoy, dans la commune de Los Muermos.<\/p>\n<p>Le champ est compos\u00e9 de 30% de prairies (pampas) et de 70% d&#8217;arbres indig\u00e8nes, principalement du canelo, du tepa, de l&#8217;ulmo et du luma. Elle poss\u00e8de des estuaires le long de la plupart de ses fronti\u00e8res et plusieurs pentes \u00e0 l&#8217;int\u00e9rieur. Ses p\u00e2turages sont de tr\u00e8s bonne qualit\u00e9 pour le b\u00e9tail et, dans le pass\u00e9, ils \u00e9taient utilis\u00e9s pour le fourrage, les pommes de terre, l&#8217;avoine et le bois de chauffage.<\/p>\n<p>La propri\u00e9t\u00e9 dispose d&#8217;une maison construite il y a 6 ans avec 3 chambres, une cuisine ferm\u00e9e, une salle de bain, une fosse septique, une cuisini\u00e8re \u00e0 bois, une cuisini\u00e8re et un lave-vaisselle. Elle dispose \u00e9galement d&#8217;une cave construite il y a 40 ans, qui servait \u00e0 stocker des aliments pour animaux et de b\u00fbcher. La ferme dispose \u00e9galement de cl\u00f4tures internes pour la gestion des animaux.<\/p>\n<p>Le lieu est aliment\u00e9 en \u00e9lectricit\u00e9 monophas\u00e9e par la soci\u00e9t\u00e9 Crell et dispose de son propre raccordement et compteur. L&#8217;eau provient d&#8217;un puits de 1,5 m de profondeur \u00e9quip\u00e9 d&#8217;un moteur de 0,5 CV et d&#8217;un r\u00e9servoir de 500 litres. En outre, il y a un bon signal de t\u00e9l\u00e9communications.<\/p>\n<p>On acc\u00e8de \u00e0 la propri\u00e9t\u00e9 par une route rurale en gravier en bon \u00e9tat, \u00e0 3 km de l&#8217;asphalte. Depuis le camp 1, il faut 6 minutes pour se rendre \u00e0 la plage de Pino Uno et 12 minutes \u00e0 la plage de Puerto Godoy.<\/p>\n<p>\u00c0 proximit\u00e9 se trouvent une \u00e9cole, une \u00e9glise, un bureau de poste et un club de sport, ainsi que l&#8217;exclusif Mari Mari, le Refugio Quillagua et une entreprise de tinaja.<\/p>\n<p>OSEZ ET D\u00c9MARREZ VOTRE PROJET DANS UNE ZONE \u00c0 FORTE VALEUR AJOUT\u00c9E !<\/p>\t\t\t\t\t\t\t\t<\/div>\n\t\t\t\t\t<\/div>\n\t\t<\/div>\n\t\t\t\t\t<\/div>\n\t\t<\/section>\n\t\t\t\t<\/div>\n\t\t","protected":false},"excerpt":{"rendered":"<p>Terrain \u00e0 Quillagua, Los Muermos, \u00e0 6 minutes de la plage. Avec maison, cave, \u00e9lectricit\u00e9, marais dans son p\u00e9rim\u00e8tre, eau de source et signal. 30 % de prairies et vue spectaculaire sur Puerto Godoy, pr\u00e8s d&#8217;Estaquilla.  <\/p>\n","protected":false},"featured_media":4689,"template":"","meta":{"_acf_changed":false},"product_brand":[],"product_cat":[113],"product_tag":[233,237],"regiones":[226],"ciudades":[245,216,456],"class_list":{"0":"post-7850","1":"product","2":"type-product","3":"status-publish","4":"has-post-thumbnail","6":"product_cat-ohiggins-los-lagos-fr","7":"product_tag-champs","8":"product_tag-proprietes-touristiques","9":"regiones-nuble-los_lagos","10":"ciudades-estaquilla","11":"ciudades-los-muermos","12":"ciudades-quenuir","14":"first","15":"instock","16":"sold-individually","17":"shipping-taxable","18":"purchasable","19":"product-type-simple"},"acf":[],"yoast_head":"<!-- This site is optimized with the Yoast SEO Premium plugin v26.0 (Yoast SEO v27.4) - https:\/\/yoast.com\/product\/yoast-seo-premium-wordpress\/ -->\n<title>Ferme \u00e0 Quillagua, El Mirador - Los Muermos - Produncan<\/title>\n<meta name=\"description\" content=\"Ferme \u00e0 Quillagua avec vue spectaculaire sur la mer, eau, bon signal t\u00e9l\u00e9phonique et \u00e9lectricit\u00e9. Il dispose d&#039;une maison de 3 chambres \u00e0 coucher.\" \/>\n<meta name=\"robots\" content=\"index, follow, max-snippet:-1, max-image-preview:large, max-video-preview:-1\" \/>\n<link rel=\"canonical\" href=\"https:\/\/produncan.cl\/fr\/produit\/campo-el-mirador-quillagua\/\" \/>\n<meta property=\"og:locale\" content=\"fr_FR\" \/>\n<meta property=\"og:type\" content=\"article\" \/>\n<meta property=\"og:title\" content=\"Ferme \u00e0 Quillagua, El Mirador - Los Muermos, Regi\u00f3n de Los Lagos\" \/>\n<meta property=\"og:description\" content=\"Ferme \u00e0 Quillagua avec vue spectaculaire sur la mer, eau, bon signal t\u00e9l\u00e9phonique et \u00e9lectricit\u00e9. Il dispose d&#039;une maison de 3 chambres \u00e0 coucher.\" \/>\n<meta property=\"og:url\" content=\"https:\/\/produncan.cl\/fr\/produit\/campo-el-mirador-quillagua\/\" \/>\n<meta property=\"og:site_name\" content=\"Produncan\" \/>\n<meta property=\"article:publisher\" content=\"https:\/\/web.facebook.com\/produncanland\" \/>\n<meta property=\"article:modified_time\" content=\"2025-11-24T21:05:03+00:00\" \/>\n<meta property=\"og:image\" content=\"https:\/\/produncan.cl\/wp-content\/uploads\/2022\/05\/CAMPO-EL-MIRADOR-QUILLAGUA-V2.webp\" \/>\n\t<meta property=\"og:image:width\" content=\"600\" \/>\n\t<meta property=\"og:image:height\" content=\"450\" \/>\n\t<meta property=\"og:image:type\" content=\"image\/webp\" \/>\n<meta name=\"twitter:card\" content=\"summary_large_image\" \/>\n<meta name=\"twitter:label1\" content=\"Price\" \/>\n\t<meta name=\"twitter:data1\" content=\"USD336.900,00\" \/>\n\t<meta name=\"twitter:label2\" content=\"Availability\" \/>\n\t<meta name=\"twitter:data2\" content=\"In stock\" \/>\n<script type=\"application\/ld+json\" class=\"yoast-schema-graph\">{\"@context\":\"https:\\\/\\\/schema.org\",\"@graph\":[{\"@type\":\"WebPage\",\"@id\":\"https:\\\/\\\/produncan.cl\\\/fr\\\/produit\\\/campo-el-mirador-quillagua\\\/\",\"url\":\"https:\\\/\\\/produncan.cl\\\/fr\\\/produit\\\/campo-el-mirador-quillagua\\\/\",\"name\":\"Ferme \u00e0 Quillagua, El Mirador - Los Muermos - Produncan\",\"isPartOf\":{\"@id\":\"https:\\\/\\\/produncan.cl\\\/fr\\\/#website\"},\"primaryImageOfPage\":{\"@id\":\"https:\\\/\\\/produncan.cl\\\/fr\\\/produit\\\/campo-el-mirador-quillagua\\\/#primaryimage\"},\"image\":{\"@id\":\"https:\\\/\\\/produncan.cl\\\/fr\\\/produit\\\/campo-el-mirador-quillagua\\\/#primaryimage\"},\"thumbnailUrl\":\"https:\\\/\\\/produncan.cl\\\/wp-content\\\/uploads\\\/2022\\\/05\\\/CAMPO-EL-MIRADOR-QUILLAGUA-V2.webp\",\"datePublished\":\"2023-10-30T15:16:11+00:00\",\"dateModified\":\"2025-11-24T21:05:03+00:00\",\"description\":\"Ferme \u00e0 Quillagua avec vue spectaculaire sur la mer, eau, bon signal t\u00e9l\u00e9phonique et \u00e9lectricit\u00e9. Il dispose d'une maison de 3 chambres \u00e0 coucher.\",\"breadcrumb\":{\"@id\":\"https:\\\/\\\/produncan.cl\\\/fr\\\/produit\\\/campo-el-mirador-quillagua\\\/#breadcrumb\"},\"inLanguage\":\"fr-FR\",\"potentialAction\":[{\"@type\":\"ReadAction\",\"target\":[\"https:\\\/\\\/produncan.cl\\\/fr\\\/produit\\\/campo-el-mirador-quillagua\\\/\"]}]},{\"@type\":\"ImageObject\",\"inLanguage\":\"fr-FR\",\"@id\":\"https:\\\/\\\/produncan.cl\\\/fr\\\/produit\\\/campo-el-mirador-quillagua\\\/#primaryimage\",\"url\":\"https:\\\/\\\/produncan.cl\\\/wp-content\\\/uploads\\\/2022\\\/05\\\/CAMPO-EL-MIRADOR-QUILLAGUA-V2.webp\",\"contentUrl\":\"https:\\\/\\\/produncan.cl\\\/wp-content\\\/uploads\\\/2022\\\/05\\\/CAMPO-EL-MIRADOR-QUILLAGUA-V2.webp\",\"width\":600,\"height\":450,\"caption\":\"Campo El Mirador Quillagua\"},{\"@type\":\"BreadcrumbList\",\"@id\":\"https:\\\/\\\/produncan.cl\\\/fr\\\/produit\\\/campo-el-mirador-quillagua\\\/#breadcrumb\",\"itemListElement\":[{\"@type\":\"ListItem\",\"position\":1,\"name\":\"Inicio\",\"item\":\"https:\\\/\\\/produncan.cl\\\/fr\\\/\"},{\"@type\":\"ListItem\",\"position\":2,\"name\":\"Propri\u00e9t\u00e9s\",\"item\":\"https:\\\/\\\/produncan.cl\\\/propiedades\\\/\"},{\"@type\":\"ListItem\",\"position\":3,\"name\":\"Champs\",\"item\":\"https:\\\/\\\/produncan.cl\\\/fr\\\/cat&eacute;gorie\\\/champs\\\/\"},{\"@type\":\"ListItem\",\"position\":4,\"name\":\"Ferme \u00e0 Quillagua, El Mirador &#8211; Los Muermos, Regi\u00f3n de Los Lagos\"}]},{\"@type\":\"WebSite\",\"@id\":\"https:\\\/\\\/produncan.cl\\\/fr\\\/#website\",\"url\":\"https:\\\/\\\/produncan.cl\\\/fr\\\/\",\"name\":\"Produncan\",\"description\":\"Nous vous accompagnons dans votre projet de vie !\",\"publisher\":{\"@id\":\"https:\\\/\\\/produncan.cl\\\/fr\\\/#organization\"},\"potentialAction\":[{\"@type\":\"SearchAction\",\"target\":{\"@type\":\"EntryPoint\",\"urlTemplate\":\"https:\\\/\\\/produncan.cl\\\/fr\\\/?s={search_term_string}\"},\"query-input\":{\"@type\":\"PropertyValueSpecification\",\"valueRequired\":true,\"valueName\":\"search_term_string\"}}],\"inLanguage\":\"fr-FR\"},{\"@type\":\"Organization\",\"@id\":\"https:\\\/\\\/produncan.cl\\\/fr\\\/#organization\",\"name\":\"Produncan\",\"url\":\"https:\\\/\\\/produncan.cl\\\/fr\\\/\",\"logo\":{\"@type\":\"ImageObject\",\"inLanguage\":\"fr-FR\",\"@id\":\"https:\\\/\\\/produncan.cl\\\/fr\\\/#\\\/schema\\\/logo\\\/image\\\/\",\"url\":\"https:\\\/\\\/produncan.cl\\\/wp-content\\\/uploads\\\/2021\\\/03\\\/LOGO.jpeg\",\"contentUrl\":\"https:\\\/\\\/produncan.cl\\\/wp-content\\\/uploads\\\/2021\\\/03\\\/LOGO.jpeg\",\"width\":1280,\"height\":903,\"caption\":\"Produncan\"},\"image\":{\"@id\":\"https:\\\/\\\/produncan.cl\\\/fr\\\/#\\\/schema\\\/logo\\\/image\\\/\"},\"sameAs\":[\"https:\\\/\\\/web.facebook.com\\\/produncanland\",\"https:\\\/\\\/www.instagram.com\\\/pro_duncan\\\/\",\"https:\\\/\\\/www.linkedin.com\\\/company\\\/produncan-lands\\\/\",\"https:\\\/\\\/www.youtube.com\\\/channel\\\/UCu7N-f3x0svkazD-Eew1-QQ\"],\"description\":\"En Produncan somos especialistas en la venta de terrenos en el sur de Chile. Proveemos estancias, campos, parcelas y hoteles.\",\"email\":\"info@produncan.cl\"}]}<\/script>\n<meta property=\"og:video\" content=\"https:\/\/www.youtube.com\/embed\/95LLTHlfMC4\" \/>\n<meta property=\"og:video:type\" content=\"text\/html\" \/>\n<meta property=\"og:video:duration\" content=\"62\" \/>\n<meta property=\"og:video:width\" content=\"480\" \/>\n<meta property=\"og:video:height\" content=\"360\" \/>\n<meta property=\"ya:ovs:adult\" content=\"false\" \/>\n<meta property=\"ya:ovs:upload_date\" content=\"2023-10-30T15:16:11+00:00\" \/>\n<meta property=\"ya:ovs:allow_embed\" content=\"true\" \/>\n<meta property=\"product:price:amount\" content=\"336900.00\" \/>\n<meta property=\"product:price:currency\" content=\"USD\" \/>\n<meta property=\"og:availability\" content=\"instock\" \/>\n<meta property=\"product:availability\" content=\"instock\" \/>\n<meta property=\"product:condition\" content=\"new\" \/>\n<!-- \/ Yoast SEO Premium plugin. -->","yoast_head_json":{"title":"Ferme \u00e0 Quillagua, El Mirador - Los Muermos - Produncan","description":"Ferme \u00e0 Quillagua avec vue spectaculaire sur la mer, eau, bon signal t\u00e9l\u00e9phonique et \u00e9lectricit\u00e9. Il dispose d'une maison de 3 chambres \u00e0 coucher.","robots":{"index":"index","follow":"follow","max-snippet":"max-snippet:-1","max-image-preview":"max-image-preview:large","max-video-preview":"max-video-preview:-1"},"canonical":"https:\/\/produncan.cl\/fr\/produit\/campo-el-mirador-quillagua\/","og_locale":"fr_FR","og_type":"article","og_title":"Ferme \u00e0 Quillagua, El Mirador - Los Muermos, Regi\u00f3n de Los Lagos","og_description":"Ferme \u00e0 Quillagua avec vue spectaculaire sur la mer, eau, bon signal t\u00e9l\u00e9phonique et \u00e9lectricit\u00e9. Il dispose d'une maison de 3 chambres \u00e0 coucher.","og_url":"https:\/\/produncan.cl\/fr\/produit\/campo-el-mirador-quillagua\/","og_site_name":"Produncan","article_publisher":"https:\/\/web.facebook.com\/produncanland","article_modified_time":"2025-11-24T21:05:03+00:00","og_image":[{"width":600,"height":450,"url":"https:\/\/produncan.cl\/wp-content\/uploads\/2022\/05\/CAMPO-EL-MIRADOR-QUILLAGUA-V2.webp","type":"image\/webp"}],"twitter_card":"summary_large_image","twitter_misc":{"Price":"USD336.900,00","Availability":"In stock"},"schema":{"@context":"https:\/\/schema.org","@graph":[{"@type":"WebPage","@id":"https:\/\/produncan.cl\/fr\/produit\/campo-el-mirador-quillagua\/","url":"https:\/\/produncan.cl\/fr\/produit\/campo-el-mirador-quillagua\/","name":"Ferme \u00e0 Quillagua, El Mirador - Los Muermos - Produncan","isPartOf":{"@id":"https:\/\/produncan.cl\/fr\/#website"},"primaryImageOfPage":{"@id":"https:\/\/produncan.cl\/fr\/produit\/campo-el-mirador-quillagua\/#primaryimage"},"image":{"@id":"https:\/\/produncan.cl\/fr\/produit\/campo-el-mirador-quillagua\/#primaryimage"},"thumbnailUrl":"https:\/\/produncan.cl\/wp-content\/uploads\/2022\/05\/CAMPO-EL-MIRADOR-QUILLAGUA-V2.webp","datePublished":"2023-10-30T15:16:11+00:00","dateModified":"2025-11-24T21:05:03+00:00","description":"Ferme \u00e0 Quillagua avec vue spectaculaire sur la mer, eau, bon signal t\u00e9l\u00e9phonique et \u00e9lectricit\u00e9. Il dispose d'une maison de 3 chambres \u00e0 coucher.","breadcrumb":{"@id":"https:\/\/produncan.cl\/fr\/produit\/campo-el-mirador-quillagua\/#breadcrumb"},"inLanguage":"fr-FR","potentialAction":[{"@type":"ReadAction","target":["https:\/\/produncan.cl\/fr\/produit\/campo-el-mirador-quillagua\/"]}]},{"@type":"ImageObject","inLanguage":"fr-FR","@id":"https:\/\/produncan.cl\/fr\/produit\/campo-el-mirador-quillagua\/#primaryimage","url":"https:\/\/produncan.cl\/wp-content\/uploads\/2022\/05\/CAMPO-EL-MIRADOR-QUILLAGUA-V2.webp","contentUrl":"https:\/\/produncan.cl\/wp-content\/uploads\/2022\/05\/CAMPO-EL-MIRADOR-QUILLAGUA-V2.webp","width":600,"height":450,"caption":"Campo El Mirador Quillagua"},{"@type":"BreadcrumbList","@id":"https:\/\/produncan.cl\/fr\/produit\/campo-el-mirador-quillagua\/#breadcrumb","itemListElement":[{"@type":"ListItem","position":1,"name":"Inicio","item":"https:\/\/produncan.cl\/fr\/"},{"@type":"ListItem","position":2,"name":"Propri\u00e9t\u00e9s","item":"https:\/\/produncan.cl\/propiedades\/"},{"@type":"ListItem","position":3,"name":"Champs","item":"https:\/\/produncan.cl\/fr\/cat&eacute;gorie\/champs\/"},{"@type":"ListItem","position":4,"name":"Ferme \u00e0 Quillagua, El Mirador &#8211; Los Muermos, Regi\u00f3n de Los Lagos"}]},{"@type":"WebSite","@id":"https:\/\/produncan.cl\/fr\/#website","url":"https:\/\/produncan.cl\/fr\/","name":"Produncan","description":"Nous vous accompagnons dans votre projet de vie !","publisher":{"@id":"https:\/\/produncan.cl\/fr\/#organization"},"potentialAction":[{"@type":"SearchAction","target":{"@type":"EntryPoint","urlTemplate":"https:\/\/produncan.cl\/fr\/?s={search_term_string}"},"query-input":{"@type":"PropertyValueSpecification","valueRequired":true,"valueName":"search_term_string"}}],"inLanguage":"fr-FR"},{"@type":"Organization","@id":"https:\/\/produncan.cl\/fr\/#organization","name":"Produncan","url":"https:\/\/produncan.cl\/fr\/","logo":{"@type":"ImageObject","inLanguage":"fr-FR","@id":"https:\/\/produncan.cl\/fr\/#\/schema\/logo\/image\/","url":"https:\/\/produncan.cl\/wp-content\/uploads\/2021\/03\/LOGO.jpeg","contentUrl":"https:\/\/produncan.cl\/wp-content\/uploads\/2021\/03\/LOGO.jpeg","width":1280,"height":903,"caption":"Produncan"},"image":{"@id":"https:\/\/produncan.cl\/fr\/#\/schema\/logo\/image\/"},"sameAs":["https:\/\/web.facebook.com\/produncanland","https:\/\/www.instagram.com\/pro_duncan\/","https:\/\/www.linkedin.com\/company\/produncan-lands\/","https:\/\/www.youtube.com\/channel\/UCu7N-f3x0svkazD-Eew1-QQ"],"description":"En Produncan somos especialistas en la venta de terrenos en el sur de Chile. Proveemos estancias, campos, parcelas y hoteles.","email":"info@produncan.cl"}]},"og_video":"https:\/\/www.youtube.com\/embed\/95LLTHlfMC4","og_video_type":"text\/html","og_video_duration":"62","og_video_width":"480","og_video_height":"360","ya_ovs_adult":"false","ya_ovs_upload_date":"2023-10-30T15:16:11+00:00","ya_ovs_allow_embed":"true","product_price_amount":"336900.00","product_price_currency":"USD","og_availability":"instock","product_availability":"instock","product_condition":"new"},"_links":{"self":[{"href":"https:\/\/produncan.cl\/fr\/wp-json\/wp\/v2\/product\/7850","targetHints":{"allow":["GET"]}}],"collection":[{"href":"https:\/\/produncan.cl\/fr\/wp-json\/wp\/v2\/product"}],"about":[{"href":"https:\/\/produncan.cl\/fr\/wp-json\/wp\/v2\/types\/product"}],"version-history":[{"count":1,"href":"https:\/\/produncan.cl\/fr\/wp-json\/wp\/v2\/product\/7850\/revisions"}],"predecessor-version":[{"id":52591,"href":"https:\/\/produncan.cl\/fr\/wp-json\/wp\/v2\/product\/7850\/revisions\/52591"}],"wp:featuredmedia":[{"embeddable":true,"href":"https:\/\/produncan.cl\/fr\/wp-json\/wp\/v2\/media\/4689"}],"wp:attachment":[{"href":"https:\/\/produncan.cl\/fr\/wp-json\/wp\/v2\/media?parent=7850"}],"wp:term":[{"taxonomy":"product_brand","embeddable":true,"href":"https:\/\/produncan.cl\/fr\/wp-json\/wp\/v2\/product_brand?post=7850"},{"taxonomy":"product_cat","embeddable":true,"href":"https:\/\/produncan.cl\/fr\/wp-json\/wp\/v2\/product_cat?post=7850"},{"taxonomy":"product_tag","embeddable":true,"href":"https:\/\/produncan.cl\/fr\/wp-json\/wp\/v2\/product_tag?post=7850"},{"taxonomy":"regiones","embeddable":true,"href":"https:\/\/produncan.cl\/fr\/wp-json\/wp\/v2\/regiones?post=7850"},{"taxonomy":"ciudades","embeddable":true,"href":"https:\/\/produncan.cl\/fr\/wp-json\/wp\/v2\/ciudades?post=7850"}],"curies":[{"name":"wp","href":"https:\/\/api.w.org\/{rel}","templated":true}]}}