{"id":7852,"date":"2021-05-06T14:11:09","date_gmt":"2021-05-06T18:11:09","guid":{"rendered":"https:\/\/produncan.cl\/producto\/secteur-plot-lauca\/"},"modified":"2026-03-12T13:05:25","modified_gmt":"2026-03-12T16:05:25","slug":"parcelle-secteur-lauca","status":"publish","type":"product","link":"https:\/\/produncan.cl\/fr\/produit\/parcelle-secteur-lauca\/","title":{"rendered":"&#8220;Parcelle Secteur Lauca &#8211; Les Alerces, R\u00e9gion des Lacs&#8221;"},"content":{"rendered":"\t\t<div data-elementor-type=\"product-post\" data-elementor-id=\"7852\" class=\"elementor elementor-7852 elementor-1640\" data-elementor-post-type=\"product\">\n\t\t\t\t\t\t<section class=\"elementor-section elementor-top-section elementor-element elementor-element-4b7de249 elementor-section-boxed elementor-section-height-default elementor-section-height-default\" data-id=\"4b7de249\" data-element_type=\"section\" data-e-type=\"section\" data-settings=\"{&quot;jet_parallax_layout_list&quot;:[]}\">\n\t\t\t\t\t\t<div class=\"elementor-container elementor-column-gap-default\">\n\t\t\t\t\t<div class=\"elementor-column elementor-col-100 elementor-top-column elementor-element elementor-element-19d2867f\" data-id=\"19d2867f\" data-element_type=\"column\" data-e-type=\"column\">\n\t\t\t<div class=\"elementor-widget-wrap elementor-element-populated\">\n\t\t\t\t\t\t<div class=\"elementor-element elementor-element-68af2a23 elementor-widget elementor-widget-text-editor\" data-id=\"68af2a23\" data-element_type=\"widget\" data-e-type=\"widget\" data-widget_type=\"text-editor.default\">\n\t\t\t\t\t\t\t\t\t&#8220;`html\n<h2>Une Parcelle Id\u00e9ale pour Vivre et Lancer votre Entreprise !<\/h2>\nParcelle d&#8217;une hectare et demie situ\u00e9e \u00e0 une demi-heure de Puerto Varas et Puerto Montt. Situ\u00e9e dans un endroit strat\u00e9gique pour se d\u00e9placer \u00e0 Ensenada, lac Chapo, Chamiza et le parc Alerce Andino.\n\nLa parcelle jouxte un chemin rural de 2 km de gravier en excellent \u00e9tat et qui sera pav\u00e9 \u00e0 moyen terme.\n<h3>Caract\u00e9ristiques de la Parcelle Secteur Lauca<\/h3>\n<ul>\n \t<li>For\u00eat native<\/li>\n \t<li>Prairie<\/li>\n \t<li>Poss\u00e8de environ 100 m de rivi\u00e8re<\/li>\n \t<li>Fibre optique<\/li>\n \t<li>\u00c9nergie \u00e9lectrique<\/li>\n \t<li>Un hangar<\/li>\n \t<li>Transport \u00e0 proximit\u00e9<\/li>\n \t<li>Belle vue sur les volcans Osorno et Calbuco.<\/li>\n<\/ul>\nLe secteur, qui se trouve en zone s\u00fbre selon l&#8217;ONEMI, est en plein d\u00e9veloppement et est sans aucun doute une excellente option pour s&#8217;installer dans un endroit o\u00f9 vous pourrez r\u00e9aliser votre entreprise au m\u00eame endroit o\u00f9 vous vivez.\n\nLe prix de vente est de 86 millions de $.\n\nNE MANQUEZ PAS CETTE OPPORTUNIT\u00c9 DE LANCER UNE ENTREPRISE DANS UN ENDROIT AVEC UNE FORTE PROJECTION DE CROISSANCE !\n&#8220;`\t\t\t\t\t\t\t\t<\/div>\n\t\t\t\t\t<\/div>\n\t\t<\/div>\n\t\t\t\t\t<\/div>\n\t\t<\/section>\n\t\t\t\t<\/div>\n\t\t","protected":false},"excerpt":{"rendered":"<p>Parcelle \u00e0 30min de Puerto Varas et Puerto Montt. For\u00eat native, prairie, vue sur les volcans.<\/p>\n","protected":false},"featured_media":9794,"template":"","meta":{"_acf_changed":false},"product_brand":[],"product_cat":[113],"product_tag":[],"regiones":[226],"ciudades":[],"class_list":{"0":"post-7852","1":"product","2":"type-product","3":"status-publish","4":"has-post-thumbnail","6":"product_cat-ohiggins-los-lagos-fr","7":"regiones-nuble-los_lagos","9":"first","10":"outofstock","11":"sold-individually","12":"shipping-taxable","13":"product-type-simple"},"acf":[],"yoast_head":"<!-- This site is optimized with the Yoast SEO Premium plugin v26.0 (Yoast SEO v27.4) - https:\/\/yoast.com\/product\/yoast-seo-premium-wordpress\/ -->\n<title>&quot;Parcelle Secteur Lauca - Les Alerces, R\u00e9gion des Lacs&quot; - Produncan<\/title>\n<meta name=\"description\" content=\"Parcelle de 1,5ha \u00e0 une demi-heure de Puerto Varas et Puerto Montt. For\u00eat native, prairie, rivi\u00e8re, fibre optique, \u00e9lectricit\u00e9 et hangar.\" \/>\n<meta name=\"robots\" content=\"index, follow, max-snippet:-1, max-image-preview:large, max-video-preview:-1\" \/>\n<link rel=\"canonical\" href=\"https:\/\/produncan.cl\/fr\/produit\/parcelle-secteur-lauca\/\" \/>\n<meta property=\"og:locale\" content=\"fr_FR\" \/>\n<meta property=\"og:type\" content=\"article\" \/>\n<meta property=\"og:title\" content=\"&quot;Parcelle Secteur Lauca - Les Alerces, R\u00e9gion des Lacs&quot;\" \/>\n<meta property=\"og:description\" content=\"Parcelle de 1,5ha \u00e0 une demi-heure de Puerto Varas et Puerto Montt. For\u00eat native, prairie, rivi\u00e8re, fibre optique, \u00e9lectricit\u00e9 et hangar.\" \/>\n<meta property=\"og:url\" content=\"https:\/\/produncan.cl\/fr\/produit\/parcelle-secteur-lauca\/\" \/>\n<meta property=\"og:site_name\" content=\"Produncan\" \/>\n<meta property=\"article:publisher\" content=\"https:\/\/web.facebook.com\/produncanland\" \/>\n<meta property=\"article:modified_time\" content=\"2026-03-12T16:05:25+00:00\" \/>\n<meta property=\"og:image\" content=\"https:\/\/produncan.cl\/wp-content\/uploads\/2022\/05\/Parcela-Lauca-Vendida.webp\" \/>\n\t<meta property=\"og:image:width\" content=\"600\" \/>\n\t<meta property=\"og:image:height\" content=\"450\" \/>\n\t<meta property=\"og:image:type\" content=\"image\/webp\" \/>\n<meta name=\"twitter:card\" content=\"summary_large_image\" \/>\n<meta name=\"twitter:label1\" content=\"Price\" \/>\n\t<meta name=\"twitter:data1\" content=\"\" \/>\n\t<meta name=\"twitter:label2\" content=\"Availability\" \/>\n\t<meta name=\"twitter:data2\" content=\"Out of stock\" \/>\n<script type=\"application\/ld+json\" class=\"yoast-schema-graph\">{\"@context\":\"https:\\\/\\\/schema.org\",\"@graph\":[{\"@type\":\"WebPage\",\"@id\":\"https:\\\/\\\/produncan.cl\\\/fr\\\/produit\\\/parcelle-secteur-lauca\\\/\",\"url\":\"https:\\\/\\\/produncan.cl\\\/fr\\\/produit\\\/parcelle-secteur-lauca\\\/\",\"name\":\"\\\"Parcelle Secteur Lauca - Les Alerces, R\u00e9gion des Lacs\\\" - Produncan\",\"isPartOf\":{\"@id\":\"https:\\\/\\\/produncan.cl\\\/fr\\\/#website\"},\"primaryImageOfPage\":{\"@id\":\"https:\\\/\\\/produncan.cl\\\/fr\\\/produit\\\/parcelle-secteur-lauca\\\/#primaryimage\"},\"image\":{\"@id\":\"https:\\\/\\\/produncan.cl\\\/fr\\\/produit\\\/parcelle-secteur-lauca\\\/#primaryimage\"},\"thumbnailUrl\":\"https:\\\/\\\/produncan.cl\\\/wp-content\\\/uploads\\\/2022\\\/05\\\/Parcela-Lauca-Vendida.webp\",\"datePublished\":\"2021-05-06T18:11:09+00:00\",\"dateModified\":\"2026-03-12T16:05:25+00:00\",\"description\":\"Parcelle de 1,5ha \u00e0 une demi-heure de Puerto Varas et Puerto Montt. For\u00eat native, prairie, rivi\u00e8re, fibre optique, \u00e9lectricit\u00e9 et hangar.\",\"breadcrumb\":{\"@id\":\"https:\\\/\\\/produncan.cl\\\/fr\\\/produit\\\/parcelle-secteur-lauca\\\/#breadcrumb\"},\"inLanguage\":\"fr-FR\",\"potentialAction\":[{\"@type\":\"ReadAction\",\"target\":[\"https:\\\/\\\/produncan.cl\\\/fr\\\/produit\\\/parcelle-secteur-lauca\\\/\"]}]},{\"@type\":\"ImageObject\",\"inLanguage\":\"fr-FR\",\"@id\":\"https:\\\/\\\/produncan.cl\\\/fr\\\/produit\\\/parcelle-secteur-lauca\\\/#primaryimage\",\"url\":\"https:\\\/\\\/produncan.cl\\\/wp-content\\\/uploads\\\/2022\\\/05\\\/Parcela-Lauca-Vendida.webp\",\"contentUrl\":\"https:\\\/\\\/produncan.cl\\\/wp-content\\\/uploads\\\/2022\\\/05\\\/Parcela-Lauca-Vendida.webp\",\"width\":600,\"height\":450,\"caption\":\"Parcela Lauca Vendida\"},{\"@type\":\"BreadcrumbList\",\"@id\":\"https:\\\/\\\/produncan.cl\\\/fr\\\/produit\\\/parcelle-secteur-lauca\\\/#breadcrumb\",\"itemListElement\":[{\"@type\":\"ListItem\",\"position\":1,\"name\":\"Inicio\",\"item\":\"https:\\\/\\\/produncan.cl\\\/fr\\\/\"},{\"@type\":\"ListItem\",\"position\":2,\"name\":\"Propri\u00e9t\u00e9s\",\"item\":\"https:\\\/\\\/produncan.cl\\\/propiedades\\\/\"},{\"@type\":\"ListItem\",\"position\":3,\"name\":\"&#8220;Parcelle Secteur Lauca &#8211; Les Alerces, R\u00e9gion des Lacs&#8221;\"}]},{\"@type\":\"WebSite\",\"@id\":\"https:\\\/\\\/produncan.cl\\\/fr\\\/#website\",\"url\":\"https:\\\/\\\/produncan.cl\\\/fr\\\/\",\"name\":\"Produncan\",\"description\":\"Nous vous accompagnons dans votre projet de vie !\",\"publisher\":{\"@id\":\"https:\\\/\\\/produncan.cl\\\/fr\\\/#organization\"},\"potentialAction\":[{\"@type\":\"SearchAction\",\"target\":{\"@type\":\"EntryPoint\",\"urlTemplate\":\"https:\\\/\\\/produncan.cl\\\/fr\\\/?s={search_term_string}\"},\"query-input\":{\"@type\":\"PropertyValueSpecification\",\"valueRequired\":true,\"valueName\":\"search_term_string\"}}],\"inLanguage\":\"fr-FR\"},{\"@type\":\"Organization\",\"@id\":\"https:\\\/\\\/produncan.cl\\\/fr\\\/#organization\",\"name\":\"Produncan\",\"url\":\"https:\\\/\\\/produncan.cl\\\/fr\\\/\",\"logo\":{\"@type\":\"ImageObject\",\"inLanguage\":\"fr-FR\",\"@id\":\"https:\\\/\\\/produncan.cl\\\/fr\\\/#\\\/schema\\\/logo\\\/image\\\/\",\"url\":\"https:\\\/\\\/produncan.cl\\\/wp-content\\\/uploads\\\/2021\\\/03\\\/LOGO.jpeg\",\"contentUrl\":\"https:\\\/\\\/produncan.cl\\\/wp-content\\\/uploads\\\/2021\\\/03\\\/LOGO.jpeg\",\"width\":1280,\"height\":903,\"caption\":\"Produncan\"},\"image\":{\"@id\":\"https:\\\/\\\/produncan.cl\\\/fr\\\/#\\\/schema\\\/logo\\\/image\\\/\"},\"sameAs\":[\"https:\\\/\\\/web.facebook.com\\\/produncanland\",\"https:\\\/\\\/www.instagram.com\\\/pro_duncan\\\/\",\"https:\\\/\\\/www.linkedin.com\\\/company\\\/produncan-lands\\\/\",\"https:\\\/\\\/www.youtube.com\\\/channel\\\/UCu7N-f3x0svkazD-Eew1-QQ\"],\"description\":\"En Produncan somos especialistas en la venta de terrenos en el sur de Chile. Proveemos estancias, campos, parcelas y hoteles.\",\"email\":\"info@produncan.cl\"}]}<\/script>\n<meta property=\"og:video\" content=\"https:\/\/www.youtube.com\/embed\/idG-RrgsQJg\" \/>\n<meta property=\"og:video:type\" content=\"text\/html\" \/>\n<meta property=\"og:video:duration\" content=\"61\" \/>\n<meta property=\"og:video:width\" content=\"480\" \/>\n<meta property=\"og:video:height\" content=\"360\" \/>\n<meta property=\"ya:ovs:adult\" content=\"false\" \/>\n<meta property=\"ya:ovs:upload_date\" content=\"2021-05-06T18:11:09+00:00\" \/>\n<meta property=\"ya:ovs:allow_embed\" content=\"true\" \/>\n<meta property=\"product:price:currency\" content=\"USD\" \/>\n<meta property=\"og:availability\" content=\"out of stock\" \/>\n<meta property=\"product:availability\" content=\"out of stock\" \/>\n<meta property=\"product:condition\" content=\"new\" \/>\n<!-- \/ Yoast SEO Premium plugin. -->","yoast_head_json":{"title":"\"Parcelle Secteur Lauca - Les Alerces, R\u00e9gion des Lacs\" - Produncan","description":"Parcelle de 1,5ha \u00e0 une demi-heure de Puerto Varas et Puerto Montt. For\u00eat native, prairie, rivi\u00e8re, fibre optique, \u00e9lectricit\u00e9 et hangar.","robots":{"index":"index","follow":"follow","max-snippet":"max-snippet:-1","max-image-preview":"max-image-preview:large","max-video-preview":"max-video-preview:-1"},"canonical":"https:\/\/produncan.cl\/fr\/produit\/parcelle-secteur-lauca\/","og_locale":"fr_FR","og_type":"article","og_title":"\"Parcelle Secteur Lauca - Les Alerces, R\u00e9gion des Lacs\"","og_description":"Parcelle de 1,5ha \u00e0 une demi-heure de Puerto Varas et Puerto Montt. For\u00eat native, prairie, rivi\u00e8re, fibre optique, \u00e9lectricit\u00e9 et hangar.","og_url":"https:\/\/produncan.cl\/fr\/produit\/parcelle-secteur-lauca\/","og_site_name":"Produncan","article_publisher":"https:\/\/web.facebook.com\/produncanland","article_modified_time":"2026-03-12T16:05:25+00:00","og_image":[{"width":600,"height":450,"url":"https:\/\/produncan.cl\/wp-content\/uploads\/2022\/05\/Parcela-Lauca-Vendida.webp","type":"image\/webp"}],"twitter_card":"summary_large_image","twitter_misc":{"Price":"","Availability":"Out of stock"},"schema":{"@context":"https:\/\/schema.org","@graph":[{"@type":"WebPage","@id":"https:\/\/produncan.cl\/fr\/produit\/parcelle-secteur-lauca\/","url":"https:\/\/produncan.cl\/fr\/produit\/parcelle-secteur-lauca\/","name":"\"Parcelle Secteur Lauca - Les Alerces, R\u00e9gion des Lacs\" - Produncan","isPartOf":{"@id":"https:\/\/produncan.cl\/fr\/#website"},"primaryImageOfPage":{"@id":"https:\/\/produncan.cl\/fr\/produit\/parcelle-secteur-lauca\/#primaryimage"},"image":{"@id":"https:\/\/produncan.cl\/fr\/produit\/parcelle-secteur-lauca\/#primaryimage"},"thumbnailUrl":"https:\/\/produncan.cl\/wp-content\/uploads\/2022\/05\/Parcela-Lauca-Vendida.webp","datePublished":"2021-05-06T18:11:09+00:00","dateModified":"2026-03-12T16:05:25+00:00","description":"Parcelle de 1,5ha \u00e0 une demi-heure de Puerto Varas et Puerto Montt. For\u00eat native, prairie, rivi\u00e8re, fibre optique, \u00e9lectricit\u00e9 et hangar.","breadcrumb":{"@id":"https:\/\/produncan.cl\/fr\/produit\/parcelle-secteur-lauca\/#breadcrumb"},"inLanguage":"fr-FR","potentialAction":[{"@type":"ReadAction","target":["https:\/\/produncan.cl\/fr\/produit\/parcelle-secteur-lauca\/"]}]},{"@type":"ImageObject","inLanguage":"fr-FR","@id":"https:\/\/produncan.cl\/fr\/produit\/parcelle-secteur-lauca\/#primaryimage","url":"https:\/\/produncan.cl\/wp-content\/uploads\/2022\/05\/Parcela-Lauca-Vendida.webp","contentUrl":"https:\/\/produncan.cl\/wp-content\/uploads\/2022\/05\/Parcela-Lauca-Vendida.webp","width":600,"height":450,"caption":"Parcela Lauca Vendida"},{"@type":"BreadcrumbList","@id":"https:\/\/produncan.cl\/fr\/produit\/parcelle-secteur-lauca\/#breadcrumb","itemListElement":[{"@type":"ListItem","position":1,"name":"Inicio","item":"https:\/\/produncan.cl\/fr\/"},{"@type":"ListItem","position":2,"name":"Propri\u00e9t\u00e9s","item":"https:\/\/produncan.cl\/propiedades\/"},{"@type":"ListItem","position":3,"name":"&#8220;Parcelle Secteur Lauca &#8211; Les Alerces, R\u00e9gion des Lacs&#8221;"}]},{"@type":"WebSite","@id":"https:\/\/produncan.cl\/fr\/#website","url":"https:\/\/produncan.cl\/fr\/","name":"Produncan","description":"Nous vous accompagnons dans votre projet de vie !","publisher":{"@id":"https:\/\/produncan.cl\/fr\/#organization"},"potentialAction":[{"@type":"SearchAction","target":{"@type":"EntryPoint","urlTemplate":"https:\/\/produncan.cl\/fr\/?s={search_term_string}"},"query-input":{"@type":"PropertyValueSpecification","valueRequired":true,"valueName":"search_term_string"}}],"inLanguage":"fr-FR"},{"@type":"Organization","@id":"https:\/\/produncan.cl\/fr\/#organization","name":"Produncan","url":"https:\/\/produncan.cl\/fr\/","logo":{"@type":"ImageObject","inLanguage":"fr-FR","@id":"https:\/\/produncan.cl\/fr\/#\/schema\/logo\/image\/","url":"https:\/\/produncan.cl\/wp-content\/uploads\/2021\/03\/LOGO.jpeg","contentUrl":"https:\/\/produncan.cl\/wp-content\/uploads\/2021\/03\/LOGO.jpeg","width":1280,"height":903,"caption":"Produncan"},"image":{"@id":"https:\/\/produncan.cl\/fr\/#\/schema\/logo\/image\/"},"sameAs":["https:\/\/web.facebook.com\/produncanland","https:\/\/www.instagram.com\/pro_duncan\/","https:\/\/www.linkedin.com\/company\/produncan-lands\/","https:\/\/www.youtube.com\/channel\/UCu7N-f3x0svkazD-Eew1-QQ"],"description":"En Produncan somos especialistas en la venta de terrenos en el sur de Chile. Proveemos estancias, campos, parcelas y hoteles.","email":"info@produncan.cl"}]},"og_video":"https:\/\/www.youtube.com\/embed\/idG-RrgsQJg","og_video_type":"text\/html","og_video_duration":"61","og_video_width":"480","og_video_height":"360","ya_ovs_adult":"false","ya_ovs_upload_date":"2021-05-06T18:11:09+00:00","ya_ovs_allow_embed":"true","product_price_currency":"USD","og_availability":"out of stock","product_availability":"out of stock","product_condition":"new"},"_links":{"self":[{"href":"https:\/\/produncan.cl\/fr\/wp-json\/wp\/v2\/product\/7852","targetHints":{"allow":["GET"]}}],"collection":[{"href":"https:\/\/produncan.cl\/fr\/wp-json\/wp\/v2\/product"}],"about":[{"href":"https:\/\/produncan.cl\/fr\/wp-json\/wp\/v2\/types\/product"}],"version-history":[{"count":1,"href":"https:\/\/produncan.cl\/fr\/wp-json\/wp\/v2\/product\/7852\/revisions"}],"predecessor-version":[{"id":54907,"href":"https:\/\/produncan.cl\/fr\/wp-json\/wp\/v2\/product\/7852\/revisions\/54907"}],"wp:featuredmedia":[{"embeddable":true,"href":"https:\/\/produncan.cl\/fr\/wp-json\/wp\/v2\/media\/9794"}],"wp:attachment":[{"href":"https:\/\/produncan.cl\/fr\/wp-json\/wp\/v2\/media?parent=7852"}],"wp:term":[{"taxonomy":"product_brand","embeddable":true,"href":"https:\/\/produncan.cl\/fr\/wp-json\/wp\/v2\/product_brand?post=7852"},{"taxonomy":"product_cat","embeddable":true,"href":"https:\/\/produncan.cl\/fr\/wp-json\/wp\/v2\/product_cat?post=7852"},{"taxonomy":"product_tag","embeddable":true,"href":"https:\/\/produncan.cl\/fr\/wp-json\/wp\/v2\/product_tag?post=7852"},{"taxonomy":"regiones","embeddable":true,"href":"https:\/\/produncan.cl\/fr\/wp-json\/wp\/v2\/regiones?post=7852"},{"taxonomy":"ciudades","embeddable":true,"href":"https:\/\/produncan.cl\/fr\/wp-json\/wp\/v2\/ciudades?post=7852"}],"curies":[{"name":"wp","href":"https:\/\/api.w.org\/{rel}","templated":true}]}}