{"id":7854,"date":"2023-11-05T10:52:22","date_gmt":"2023-11-05T13:52:22","guid":{"rendered":"https:\/\/produncan.cl\/producto\/parcelles-los-alerces-de-lauca\/"},"modified":"2026-01-16T18:16:20","modified_gmt":"2026-01-16T21:16:20","slug":"parcelas-los-alerces-de-lauca-2","status":"publish","type":"product","link":"https:\/\/produncan.cl\/fr\/produit\/parcelas-los-alerces-de-lauca-2\/","title":{"rendered":"Les Alerces de Cauca &#8211; Puerto Varas, r\u00e9gion de Los Lagos"},"content":{"rendered":"\t\t<div data-elementor-type=\"product-post\" data-elementor-id=\"7854\" class=\"elementor elementor-7854 elementor-1636\" data-elementor-post-type=\"product\">\n\t\t\t\t<div class=\"elementor-element elementor-element-e52a522 e-flex e-con-boxed e-con e-parent\" data-id=\"e52a522\" data-element_type=\"container\" data-e-type=\"container\" data-settings=\"{&quot;jet_parallax_layout_list&quot;:[]}\">\n\t\t\t\t\t<div class=\"e-con-inner\">\n\t\t<div class=\"elementor-element elementor-element-c78f944 e-con-full e-flex e-con e-child\" data-id=\"c78f944\" data-element_type=\"container\" data-e-type=\"container\" data-settings=\"{&quot;jet_parallax_layout_list&quot;:[]}\">\n\t\t\t\t<div class=\"elementor-element elementor-element-02062e4 elementor-widget elementor-widget-heading\" data-id=\"02062e4\" data-element_type=\"widget\" data-e-type=\"widget\" data-widget_type=\"heading.default\">\n\t\t\t\t\t<h2 class=\"elementor-heading-title elementor-size-default\">Venez d\u00e9couvrir un projet consolid\u00e9 \u00e0 30 minutes de Puerto Varas.<\/h2>\t\t\t\t<\/div>\n\t\t\t\t<div class=\"elementor-element elementor-element-f873c07 elementor-widget elementor-widget-text-editor\" data-id=\"f873c07\" data-element_type=\"widget\" data-e-type=\"widget\" data-widget_type=\"text-editor.default\">\n\t\t\t\t\t\t\t\t\t<p>Nous vous invitons \u00e0 faire partie de notre projet de parcelles immerg\u00e9es dans une belle for\u00eat indig\u00e8ne. Vous y trouverez tous les services de base en fonctionnement et une vari\u00e9t\u00e9 d&#8217;espaces communs, \u00e0 seulement une demi-heure de Puerto Varas et Puerto Montt.<\/p>\n<p><span style=\"color: var( --e-global-color-text ); font-family: var( --e-global-typography-text-font-family ), Sans-serif; font-weight: var( --e-global-typography-text-font-weight );\">Notre projet offre des services tels que l&#8217;alimentation en \u00e9lectricit\u00e9 et en eau, la connexion par fibre optique et un portail \u00e9lectrique d&#8217;acc\u00e8s \u00e0 distance, tous install\u00e9s et op\u00e9rationnels. Actuellement, nous avons d\u00e9j\u00e0 15 maisons habit\u00e9es et plusieurs en cours de construction.<\/span><\/p>\n<p><span style=\"color: var( --e-global-color-text ); font-family: var( --e-global-typography-text-font-family ), Sans-serif; font-weight: var( --e-global-typography-text-font-weight );\">Le site est bien desservi par les transports publics et la plupart des acc\u00e8s au projet sont asphalt\u00e9s, \u00e0 l&#8217;exception d&#8217;un petit tron\u00e7on dont l&#8217;ach\u00e8vement est pr\u00e9vu prochainement.<\/span><\/p>\n<p><span style=\"color: var( --e-global-color-text ); font-family: var( --e-global-typography-text-font-family ), Sans-serif; font-weight: var( --e-global-typography-text-font-weight );\">Au sein de notre \u00e9tablissement, vous trouverez un magnifique parc naturel partag\u00e9 par tous les propri\u00e9taires, qui s&#8217;\u00e9tend sur 4,2 hectares et comprend des sentiers de contemplation le long de deux rivi\u00e8res et d&#8217;une lagune. Nous disposons \u00e9galement d&#8217;un vaste espace barbecue et d&#8217;un espace pour les activit\u00e9s r\u00e9cr\u00e9atives et sportives.<\/span><\/p>\n<p><span style=\"color: var( --e-global-color-text ); font-family: var( --e-global-typography-text-font-family ), Sans-serif; font-weight: var( --e-global-typography-text-font-weight );\">Nos prix sont tr\u00e8s attractifs et nous proposons des options de financement flexibles par l&#8217;interm\u00e9diaire de l&#8217;agence immobili\u00e8re :<\/span><\/p>\n<ul>\n<li><span style=\"background-color: transparent; color: var( --e-global-color-text ); font-family: var( --e-global-typography-text-font-family ), Sans-serif; font-weight: var( --e-global-typography-text-font-weight );\">Option 1 : payer 50 % au comptant et le solde en 12 versements sans int\u00e9r\u00eats suppl\u00e9mentaires.<\/span><\/li>\n<li>Option 2 : payer 50 % au comptant et reporter les 50 % restants en 24 versements avec une surtaxe de 1 million de dollars.<\/li>\n<li>Option 3 : payer 50 % au comptant et diviser les 50 % restants en 36 versements avec une surtaxe de 2 millions de dollars.<\/li>\n<\/ul>\n<div> <\/div>\n<p>Ce projet est strat\u00e9giquement situ\u00e9 pour ceux qui ont besoin de faire la navette entre Puerto Varas et Puerto Montt, et d&#8217;explorer des lieux d&#8217;int\u00e9r\u00eat tels que le lac Llanquihue et Ensenada au nord, Chamiza et le parc Alerce Andino au sud, ainsi que le lac Chapo \u00e0 l&#8217;est.<\/p>\n<p><span style=\"color: var( --e-global-color-text ); font-family: var( --e-global-typography-text-font-family ), Sans-serif; font-weight: var( --e-global-typography-text-font-weight );\">Pour vos besoins quotidiens, vous trouverez tout ce dont vous avez besoin dans les villages d&#8217;Alerce et de Chamiza, tous deux situ\u00e9s \u00e0 seulement 15 minutes du projet.<\/span><\/p>\n<p><span style=\"color: var( --e-global-color-text ); font-family: var( --e-global-typography-text-font-family ), Sans-serif; font-weight: var( --e-global-typography-text-font-weight );\">Ne manquez pas l&#8217;occasion de s\u00e9curiser votre patrimoine dans un lieu \u00e0 fort potentiel de plus-value.<\/span><\/p>\n<p><span style=\"color: var( --e-global-color-text ); font-family: var( --e-global-typography-text-font-family ), Sans-serif; font-weight: var( --e-global-typography-text-font-weight );\">R\u00e9servez votre terrain \u00e0 Los Alerces de Lauca d\u00e8s aujourd&#8217;hui !<\/span><\/p>\n\t\t\t\t\t\t\t\t<\/div>\n\t\t\t\t<\/div>\n\t\t\t\t\t<\/div>\n\t\t\t\t<\/div>\n\t\t\t\t<\/div>\n\t\t","protected":false},"excerpt":{"rendered":"<p>Terrains \u00e0 Puerto Montt, \u00e0 30 minutes de Puerto Varas. Projet consolid\u00e9 avec 30 maisons construites. Dispose d&#8217;eau, d&#8217;\u00e9lectricit\u00e9, de fibre optique, d&#8217;espaces communs, d&#8217;un portail \u00e9lectrique. Nich\u00e9 dans une for\u00eat native, \u00e0 2 kilom\u00e8tres de la route goudronn\u00e9e.   <\/p>\n","protected":false},"featured_media":44911,"template":"","meta":{"_acf_changed":false},"product_brand":[],"product_cat":[113],"product_tag":[236],"regiones":[226],"ciudades":[218,219],"class_list":{"0":"post-7854","1":"product","2":"type-product","3":"status-publish","4":"has-post-thumbnail","6":"product_cat-ohiggins-los-lagos-fr","7":"product_tag-parcelles","8":"regiones-nuble-los_lagos","9":"ciudades-puerto-montt","10":"ciudades-puerto-varas","12":"first","13":"instock","14":"sold-individually","15":"shipping-taxable","16":"purchasable","17":"product-type-simple"},"acf":[],"yoast_head":"<!-- This site is optimized with the Yoast SEO Premium plugin v26.0 (Yoast SEO v27.4) - https:\/\/yoast.com\/product\/yoast-seo-premium-wordpress\/ -->\n<title>Les Alerces de Cauca - Puerto Varas - Produncan<\/title>\n<meta name=\"description\" content=\"Apprenez \u00e0 conna\u00eetre Los Alerces de Lauca. Parcelles avec \u00e9lectricit\u00e9, eau et fibre optique. \u00c0 seulement 30 minutes des villes de Puerto Varas et Puerto Mont.\" \/>\n<meta name=\"robots\" content=\"index, follow, max-snippet:-1, max-image-preview:large, max-video-preview:-1\" \/>\n<link rel=\"canonical\" href=\"https:\/\/produncan.cl\/fr\/produit\/parcelas-los-alerces-de-lauca-2\/\" \/>\n<meta property=\"og:locale\" content=\"fr_FR\" \/>\n<meta property=\"og:type\" content=\"article\" \/>\n<meta property=\"og:title\" content=\"Les Alerces de Cauca - Puerto Varas, r\u00e9gion de Los Lagos\" \/>\n<meta property=\"og:description\" content=\"Apprenez \u00e0 conna\u00eetre Los Alerces de Lauca. Parcelles avec \u00e9lectricit\u00e9, eau et fibre optique. \u00c0 seulement 30 minutes des villes de Puerto Varas et Puerto Mont.\" \/>\n<meta property=\"og:url\" content=\"https:\/\/produncan.cl\/fr\/produit\/parcelas-los-alerces-de-lauca-2\/\" \/>\n<meta property=\"og:site_name\" content=\"Produncan\" \/>\n<meta property=\"article:publisher\" content=\"https:\/\/web.facebook.com\/produncanland\" \/>\n<meta property=\"article:modified_time\" content=\"2026-01-16T21:16:20+00:00\" \/>\n<meta property=\"og:image\" content=\"https:\/\/produncan.cl\/wp-content\/uploads\/2023\/03\/PARCELAS-LOS-ALERCES-DE-LAUCA.webp\" \/>\n<meta name=\"twitter:card\" content=\"summary_large_image\" \/>\n<meta name=\"twitter:label1\" content=\"Price\" \/>\n\t<meta name=\"twitter:data1\" content=\"USD30.400,00\" \/>\n\t<meta name=\"twitter:label2\" content=\"Availability\" \/>\n\t<meta name=\"twitter:data2\" content=\"In stock\" \/>\n<script type=\"application\/ld+json\" class=\"yoast-schema-graph\">{\"@context\":\"https:\\\/\\\/schema.org\",\"@graph\":[{\"@type\":\"WebPage\",\"@id\":\"https:\\\/\\\/produncan.cl\\\/fr\\\/produit\\\/parcelas-los-alerces-de-lauca-2\\\/\",\"url\":\"https:\\\/\\\/produncan.cl\\\/fr\\\/produit\\\/parcelas-los-alerces-de-lauca-2\\\/\",\"name\":\"Les Alerces de Cauca - Puerto Varas - Produncan\",\"isPartOf\":{\"@id\":\"https:\\\/\\\/produncan.cl\\\/fr\\\/#website\"},\"primaryImageOfPage\":{\"@id\":\"https:\\\/\\\/produncan.cl\\\/fr\\\/produit\\\/parcelas-los-alerces-de-lauca-2\\\/#primaryimage\"},\"image\":{\"@id\":\"https:\\\/\\\/produncan.cl\\\/fr\\\/produit\\\/parcelas-los-alerces-de-lauca-2\\\/#primaryimage\"},\"thumbnailUrl\":\"https:\\\/\\\/produncan.cl\\\/wp-content\\\/uploads\\\/2023\\\/11\\\/Parcelas-Los-Alerces-de-Lauca-Puerto-Varas.webp\",\"datePublished\":\"2023-11-05T13:52:22+00:00\",\"dateModified\":\"2026-01-16T21:16:20+00:00\",\"description\":\"Apprenez \u00e0 conna\u00eetre Los Alerces de Lauca. Parcelles avec \u00e9lectricit\u00e9, eau et fibre optique. \u00c0 seulement 30 minutes des villes de Puerto Varas et Puerto Mont.\",\"breadcrumb\":{\"@id\":\"https:\\\/\\\/produncan.cl\\\/fr\\\/produit\\\/parcelas-los-alerces-de-lauca-2\\\/#breadcrumb\"},\"inLanguage\":\"fr-FR\",\"potentialAction\":[{\"@type\":\"ReadAction\",\"target\":[\"https:\\\/\\\/produncan.cl\\\/fr\\\/produit\\\/parcelas-los-alerces-de-lauca-2\\\/\"]}]},{\"@type\":\"ImageObject\",\"inLanguage\":\"fr-FR\",\"@id\":\"https:\\\/\\\/produncan.cl\\\/fr\\\/produit\\\/parcelas-los-alerces-de-lauca-2\\\/#primaryimage\",\"url\":\"https:\\\/\\\/produncan.cl\\\/wp-content\\\/uploads\\\/2023\\\/11\\\/Parcelas-Los-Alerces-de-Lauca-Puerto-Varas.webp\",\"contentUrl\":\"https:\\\/\\\/produncan.cl\\\/wp-content\\\/uploads\\\/2023\\\/11\\\/Parcelas-Los-Alerces-de-Lauca-Puerto-Varas.webp\",\"width\":800,\"height\":600,\"caption\":\"Terrain Les Alerces de Cauca Puerto Varas\"},{\"@type\":\"BreadcrumbList\",\"@id\":\"https:\\\/\\\/produncan.cl\\\/fr\\\/produit\\\/parcelas-los-alerces-de-lauca-2\\\/#breadcrumb\",\"itemListElement\":[{\"@type\":\"ListItem\",\"position\":1,\"name\":\"Inicio\",\"item\":\"https:\\\/\\\/produncan.cl\\\/fr\\\/\"},{\"@type\":\"ListItem\",\"position\":2,\"name\":\"Propri\u00e9t\u00e9s\",\"item\":\"https:\\\/\\\/produncan.cl\\\/propiedades\\\/\"},{\"@type\":\"ListItem\",\"position\":3,\"name\":\"Parcelles\",\"item\":\"https:\\\/\\\/produncan.cl\\\/fr\\\/cat&eacute;gorie\\\/parcelles\\\/\"},{\"@type\":\"ListItem\",\"position\":4,\"name\":\"Les Alerces de Cauca &#8211; Puerto Varas, r\u00e9gion de Los Lagos\"}]},{\"@type\":\"WebSite\",\"@id\":\"https:\\\/\\\/produncan.cl\\\/fr\\\/#website\",\"url\":\"https:\\\/\\\/produncan.cl\\\/fr\\\/\",\"name\":\"Produncan\",\"description\":\"Nous vous accompagnons dans votre projet de vie !\",\"publisher\":{\"@id\":\"https:\\\/\\\/produncan.cl\\\/fr\\\/#organization\"},\"potentialAction\":[{\"@type\":\"SearchAction\",\"target\":{\"@type\":\"EntryPoint\",\"urlTemplate\":\"https:\\\/\\\/produncan.cl\\\/fr\\\/?s={search_term_string}\"},\"query-input\":{\"@type\":\"PropertyValueSpecification\",\"valueRequired\":true,\"valueName\":\"search_term_string\"}}],\"inLanguage\":\"fr-FR\"},{\"@type\":\"Organization\",\"@id\":\"https:\\\/\\\/produncan.cl\\\/fr\\\/#organization\",\"name\":\"Produncan\",\"url\":\"https:\\\/\\\/produncan.cl\\\/fr\\\/\",\"logo\":{\"@type\":\"ImageObject\",\"inLanguage\":\"fr-FR\",\"@id\":\"https:\\\/\\\/produncan.cl\\\/fr\\\/#\\\/schema\\\/logo\\\/image\\\/\",\"url\":\"https:\\\/\\\/produncan.cl\\\/wp-content\\\/uploads\\\/2021\\\/03\\\/LOGO.jpeg\",\"contentUrl\":\"https:\\\/\\\/produncan.cl\\\/wp-content\\\/uploads\\\/2021\\\/03\\\/LOGO.jpeg\",\"width\":1280,\"height\":903,\"caption\":\"Produncan\"},\"image\":{\"@id\":\"https:\\\/\\\/produncan.cl\\\/fr\\\/#\\\/schema\\\/logo\\\/image\\\/\"},\"sameAs\":[\"https:\\\/\\\/web.facebook.com\\\/produncanland\",\"https:\\\/\\\/www.instagram.com\\\/pro_duncan\\\/\",\"https:\\\/\\\/www.linkedin.com\\\/company\\\/produncan-lands\\\/\",\"https:\\\/\\\/www.youtube.com\\\/channel\\\/UCu7N-f3x0svkazD-Eew1-QQ\"],\"description\":\"En Produncan somos especialistas en la venta de terrenos en el sur de Chile. Proveemos estancias, campos, parcelas y hoteles.\",\"email\":\"info@produncan.cl\"}]}<\/script>\n<meta property=\"og:video\" content=\"https:\/\/www.youtube.com\/embed\/gaIwGxv_-Xs\" \/>\n<meta property=\"og:video:type\" content=\"text\/html\" \/>\n<meta property=\"og:video:duration\" content=\"68\" \/>\n<meta property=\"og:video:width\" content=\"480\" \/>\n<meta property=\"og:video:height\" content=\"270\" \/>\n<meta property=\"ya:ovs:adult\" content=\"false\" \/>\n<meta property=\"ya:ovs:upload_date\" content=\"2023-11-05T13:52:22+00:00\" \/>\n<meta property=\"ya:ovs:allow_embed\" content=\"true\" \/>\n<meta property=\"product:price:amount\" content=\"30400.00\" \/>\n<meta property=\"product:price:currency\" content=\"USD\" \/>\n<meta property=\"og:availability\" content=\"instock\" \/>\n<meta property=\"product:availability\" content=\"instock\" \/>\n<meta property=\"product:condition\" content=\"new\" \/>\n<!-- \/ Yoast SEO Premium plugin. -->","yoast_head_json":{"title":"Les Alerces de Cauca - Puerto Varas - Produncan","description":"Apprenez \u00e0 conna\u00eetre Los Alerces de Lauca. Parcelles avec \u00e9lectricit\u00e9, eau et fibre optique. \u00c0 seulement 30 minutes des villes de Puerto Varas et Puerto Mont.","robots":{"index":"index","follow":"follow","max-snippet":"max-snippet:-1","max-image-preview":"max-image-preview:large","max-video-preview":"max-video-preview:-1"},"canonical":"https:\/\/produncan.cl\/fr\/produit\/parcelas-los-alerces-de-lauca-2\/","og_locale":"fr_FR","og_type":"article","og_title":"Les Alerces de Cauca - Puerto Varas, r\u00e9gion de Los Lagos","og_description":"Apprenez \u00e0 conna\u00eetre Los Alerces de Lauca. Parcelles avec \u00e9lectricit\u00e9, eau et fibre optique. \u00c0 seulement 30 minutes des villes de Puerto Varas et Puerto Mont.","og_url":"https:\/\/produncan.cl\/fr\/produit\/parcelas-los-alerces-de-lauca-2\/","og_site_name":"Produncan","article_publisher":"https:\/\/web.facebook.com\/produncanland","article_modified_time":"2026-01-16T21:16:20+00:00","og_image":[{"url":"https:\/\/produncan.cl\/wp-content\/uploads\/2023\/03\/PARCELAS-LOS-ALERCES-DE-LAUCA.webp","type":"","width":"","height":""}],"twitter_card":"summary_large_image","twitter_misc":{"Price":"USD30.400,00","Availability":"In stock"},"schema":{"@context":"https:\/\/schema.org","@graph":[{"@type":"WebPage","@id":"https:\/\/produncan.cl\/fr\/produit\/parcelas-los-alerces-de-lauca-2\/","url":"https:\/\/produncan.cl\/fr\/produit\/parcelas-los-alerces-de-lauca-2\/","name":"Les Alerces de Cauca - Puerto Varas - Produncan","isPartOf":{"@id":"https:\/\/produncan.cl\/fr\/#website"},"primaryImageOfPage":{"@id":"https:\/\/produncan.cl\/fr\/produit\/parcelas-los-alerces-de-lauca-2\/#primaryimage"},"image":{"@id":"https:\/\/produncan.cl\/fr\/produit\/parcelas-los-alerces-de-lauca-2\/#primaryimage"},"thumbnailUrl":"https:\/\/produncan.cl\/wp-content\/uploads\/2023\/11\/Parcelas-Los-Alerces-de-Lauca-Puerto-Varas.webp","datePublished":"2023-11-05T13:52:22+00:00","dateModified":"2026-01-16T21:16:20+00:00","description":"Apprenez \u00e0 conna\u00eetre Los Alerces de Lauca. Parcelles avec \u00e9lectricit\u00e9, eau et fibre optique. \u00c0 seulement 30 minutes des villes de Puerto Varas et Puerto Mont.","breadcrumb":{"@id":"https:\/\/produncan.cl\/fr\/produit\/parcelas-los-alerces-de-lauca-2\/#breadcrumb"},"inLanguage":"fr-FR","potentialAction":[{"@type":"ReadAction","target":["https:\/\/produncan.cl\/fr\/produit\/parcelas-los-alerces-de-lauca-2\/"]}]},{"@type":"ImageObject","inLanguage":"fr-FR","@id":"https:\/\/produncan.cl\/fr\/produit\/parcelas-los-alerces-de-lauca-2\/#primaryimage","url":"https:\/\/produncan.cl\/wp-content\/uploads\/2023\/11\/Parcelas-Los-Alerces-de-Lauca-Puerto-Varas.webp","contentUrl":"https:\/\/produncan.cl\/wp-content\/uploads\/2023\/11\/Parcelas-Los-Alerces-de-Lauca-Puerto-Varas.webp","width":800,"height":600,"caption":"Terrain Les Alerces de Cauca Puerto Varas"},{"@type":"BreadcrumbList","@id":"https:\/\/produncan.cl\/fr\/produit\/parcelas-los-alerces-de-lauca-2\/#breadcrumb","itemListElement":[{"@type":"ListItem","position":1,"name":"Inicio","item":"https:\/\/produncan.cl\/fr\/"},{"@type":"ListItem","position":2,"name":"Propri\u00e9t\u00e9s","item":"https:\/\/produncan.cl\/propiedades\/"},{"@type":"ListItem","position":3,"name":"Parcelles","item":"https:\/\/produncan.cl\/fr\/cat&eacute;gorie\/parcelles\/"},{"@type":"ListItem","position":4,"name":"Les Alerces de Cauca &#8211; Puerto Varas, r\u00e9gion de Los Lagos"}]},{"@type":"WebSite","@id":"https:\/\/produncan.cl\/fr\/#website","url":"https:\/\/produncan.cl\/fr\/","name":"Produncan","description":"Nous vous accompagnons dans votre projet de vie !","publisher":{"@id":"https:\/\/produncan.cl\/fr\/#organization"},"potentialAction":[{"@type":"SearchAction","target":{"@type":"EntryPoint","urlTemplate":"https:\/\/produncan.cl\/fr\/?s={search_term_string}"},"query-input":{"@type":"PropertyValueSpecification","valueRequired":true,"valueName":"search_term_string"}}],"inLanguage":"fr-FR"},{"@type":"Organization","@id":"https:\/\/produncan.cl\/fr\/#organization","name":"Produncan","url":"https:\/\/produncan.cl\/fr\/","logo":{"@type":"ImageObject","inLanguage":"fr-FR","@id":"https:\/\/produncan.cl\/fr\/#\/schema\/logo\/image\/","url":"https:\/\/produncan.cl\/wp-content\/uploads\/2021\/03\/LOGO.jpeg","contentUrl":"https:\/\/produncan.cl\/wp-content\/uploads\/2021\/03\/LOGO.jpeg","width":1280,"height":903,"caption":"Produncan"},"image":{"@id":"https:\/\/produncan.cl\/fr\/#\/schema\/logo\/image\/"},"sameAs":["https:\/\/web.facebook.com\/produncanland","https:\/\/www.instagram.com\/pro_duncan\/","https:\/\/www.linkedin.com\/company\/produncan-lands\/","https:\/\/www.youtube.com\/channel\/UCu7N-f3x0svkazD-Eew1-QQ"],"description":"En Produncan somos especialistas en la venta de terrenos en el sur de Chile. Proveemos estancias, campos, parcelas y hoteles.","email":"info@produncan.cl"}]},"og_video":"https:\/\/www.youtube.com\/embed\/gaIwGxv_-Xs","og_video_type":"text\/html","og_video_duration":"68","og_video_width":"480","og_video_height":"270","ya_ovs_adult":"false","ya_ovs_upload_date":"2023-11-05T13:52:22+00:00","ya_ovs_allow_embed":"true","product_price_amount":"30400.00","product_price_currency":"USD","og_availability":"instock","product_availability":"instock","product_condition":"new"},"_links":{"self":[{"href":"https:\/\/produncan.cl\/fr\/wp-json\/wp\/v2\/product\/7854","targetHints":{"allow":["GET"]}}],"collection":[{"href":"https:\/\/produncan.cl\/fr\/wp-json\/wp\/v2\/product"}],"about":[{"href":"https:\/\/produncan.cl\/fr\/wp-json\/wp\/v2\/types\/product"}],"version-history":[{"count":4,"href":"https:\/\/produncan.cl\/fr\/wp-json\/wp\/v2\/product\/7854\/revisions"}],"predecessor-version":[{"id":54487,"href":"https:\/\/produncan.cl\/fr\/wp-json\/wp\/v2\/product\/7854\/revisions\/54487"}],"wp:featuredmedia":[{"embeddable":true,"href":"https:\/\/produncan.cl\/fr\/wp-json\/wp\/v2\/media\/44911"}],"wp:attachment":[{"href":"https:\/\/produncan.cl\/fr\/wp-json\/wp\/v2\/media?parent=7854"}],"wp:term":[{"taxonomy":"product_brand","embeddable":true,"href":"https:\/\/produncan.cl\/fr\/wp-json\/wp\/v2\/product_brand?post=7854"},{"taxonomy":"product_cat","embeddable":true,"href":"https:\/\/produncan.cl\/fr\/wp-json\/wp\/v2\/product_cat?post=7854"},{"taxonomy":"product_tag","embeddable":true,"href":"https:\/\/produncan.cl\/fr\/wp-json\/wp\/v2\/product_tag?post=7854"},{"taxonomy":"regiones","embeddable":true,"href":"https:\/\/produncan.cl\/fr\/wp-json\/wp\/v2\/regiones?post=7854"},{"taxonomy":"ciudades","embeddable":true,"href":"https:\/\/produncan.cl\/fr\/wp-json\/wp\/v2\/ciudades?post=7854"}],"curies":[{"name":"wp","href":"https:\/\/api.w.org\/{rel}","templated":true}]}}