{"id":7856,"date":"2022-05-06T13:44:30","date_gmt":"2022-05-06T17:44:30","guid":{"rendered":"https:\/\/produncan.cl\/producto\/estancia-cerro-huelen\/"},"modified":"2025-08-19T12:06:33","modified_gmt":"2025-08-19T16:06:33","slug":"estancia-cerro-huelen-2","status":"publish","type":"product","link":"https:\/\/produncan.cl\/fr\/produit\/estancia-cerro-huelen-2\/","title":{"rendered":"Estancia \u00e0 Puerto Natales 2240 hectares &#8211; Cerro Huel\u00e9n, Magallanes"},"content":{"rendered":"\t\t<div data-elementor-type=\"product-post\" data-elementor-id=\"7856\" class=\"elementor elementor-7856 elementor-1632\" data-elementor-post-type=\"product\">\n\t\t\t\t\t\t<section class=\"elementor-section elementor-top-section elementor-element elementor-element-6d47d280 elementor-section-boxed elementor-section-height-default elementor-section-height-default\" data-id=\"6d47d280\" data-element_type=\"section\" data-e-type=\"section\" data-settings=\"{&quot;jet_parallax_layout_list&quot;:[]}\">\n\t\t\t\t\t\t<div class=\"elementor-container elementor-column-gap-default\">\n\t\t\t\t\t<div class=\"elementor-column elementor-col-100 elementor-top-column elementor-element elementor-element-7e5824c6\" data-id=\"7e5824c6\" data-element_type=\"column\" data-e-type=\"column\">\n\t\t\t<div class=\"elementor-widget-wrap elementor-element-populated\">\n\t\t\t\t\t\t<div class=\"elementor-element elementor-element-34afead9 elementor-widget elementor-widget-text-editor\" data-id=\"34afead9\" data-element_type=\"widget\" data-e-type=\"widget\" data-widget_type=\"text-editor.default\">\n\t\t\t\t\t\t\t\t\t<h2>D\u00e9couvrez la pampa de Magellan dans une estancia pr\u00e8s de Puerto Natales.<\/h2><p>Bienvenue dans la pampa de Magellan et dans une estancia situ\u00e9e \u00e0 seulement 25 minutes de Puerto Natales, l&#8217;un des endroits pr\u00e9sentant le plus grand potentiel de d\u00e9veloppement futur.<\/p><p>Estancia Cerro Huel\u00e9n a une superficie de 2.240 hectares et se trouve \u00e0 22kms de Natales. Il est bord\u00e9 par l&#8217;Argentine sur environ 7 km et par la route 9 sur environ 3,7 km :<\/p><ul><li>Une immense lagune d&#8217;environ 77 hectares.<\/li><li>4.6kms de Rio Tranquilo en venant d&#8217;Argentine<\/li><li>Plusieurs estuaires<\/li><li>3 puits d&#8217;eau d&#8217;environ 50 m\u00e8tres de profondeur.<\/li><\/ul><div> <\/div><p>En outre, il dispose d&#8217;une maison en ch\u00eane inhabit\u00e9e avec trois chambres, une salle de bain, une cuisine en bon \u00e9tat. Il poss\u00e8de \u00e9galement une petite maison, des panneaux solaires, des poteaux, un transformateur et un corral pour 300 vaches.<\/p><p>En outre, le ranch a la particularit\u00e9 d&#8217;avoir deux terrains sur le c\u00f4t\u00e9 oppos\u00e9 de la route, rendant possible un projet int\u00e9ressant, visant le fort flux entre Punta Arenas et Puerto Natales.<\/p><p>Enfin, l&#8217;estancia est cl\u00f4tur\u00e9e sur tout son p\u00e9rim\u00e8tre, \u00e0 la fronti\u00e8re avec l&#8217;Argentine elle a une cl\u00f4ture de 7-8 fils et poss\u00e8de des cl\u00f4tures int\u00e9rieures pour la gestion des animaux.<\/p><p>FAITES LE GRAND SAUT ET INVESTISSEZ DANS LES NATALES !<\/p>\t\t\t\t\t\t\t\t<\/div>\n\t\t\t\t\t<\/div>\n\t\t<\/div>\n\t\t\t\t\t<\/div>\n\t\t<\/section>\n\t\t\t\t<\/div>\n\t\t","protected":false},"excerpt":{"rendered":"<p>S\u00e9jour \u00e0 Puerto Natales, \u00e0 seulement 25 minutes de la ville, avec une superficie. Il dispose d&#8217;un grand lac, d&#8217;une rivi\u00e8re, de marais et de 3 puits.  Id\u00e9al pour le tourisme et la conservation.<\/p>\n","protected":false},"featured_media":52812,"template":"","meta":{"_acf_changed":false},"product_brand":[],"product_cat":[129],"product_tag":[233,238],"regiones":[225],"ciudades":[210],"class_list":{"0":"post-7856","1":"product","2":"type-product","3":"status-publish","4":"has-post-thumbnail","6":"product_cat-aysen-magallanes-fr","7":"product_tag-champs","8":"product_tag-champs-de-conservation","9":"regiones-aysen-magallanes","10":"ciudades-puerto-natales","12":"first","13":"instock","14":"sold-individually","15":"shipping-taxable","16":"purchasable","17":"product-type-simple"},"acf":[],"yoast_head":"<!-- This site is optimized with the Yoast SEO Premium plugin v26.0 (Yoast SEO v27.3) - https:\/\/yoast.com\/product\/yoast-seo-premium-wordpress\/ -->\n<title>S\u00e9jour \u00e0 Puerto Natales - Cerro Huel\u00e9n - Produncan<\/title>\n<meta name=\"description\" content=\"Estancia \u00e0 Puerto Natales de 2.240 hectares o\u00f9 vous pourrez profiter de la pampa magellanique dans toute sa splendeur avec ses \u00e9normes lagunes, rivi\u00e8res et estuaires.\" \/>\n<meta name=\"robots\" content=\"index, follow, max-snippet:-1, max-image-preview:large, max-video-preview:-1\" \/>\n<link rel=\"canonical\" href=\"https:\/\/produncan.cl\/fr\/produit\/estancia-cerro-huelen-2\/\" \/>\n<meta property=\"og:locale\" content=\"fr_FR\" \/>\n<meta property=\"og:type\" content=\"article\" \/>\n<meta property=\"og:title\" content=\"Estancia \u00e0 Puerto Natales 2240 hectares - Cerro Huel\u00e9n, Magallanes\" \/>\n<meta property=\"og:description\" content=\"Estancia \u00e0 Puerto Natales de 2.240 hectares o\u00f9 vous pourrez profiter de la pampa magellanique dans toute sa splendeur avec ses \u00e9normes lagunes, rivi\u00e8res et estuaires.\" \/>\n<meta property=\"og:url\" content=\"https:\/\/produncan.cl\/fr\/produit\/estancia-cerro-huelen-2\/\" \/>\n<meta property=\"og:site_name\" content=\"Produncan\" \/>\n<meta property=\"article:publisher\" content=\"https:\/\/web.facebook.com\/produncanland\" \/>\n<meta property=\"article:modified_time\" content=\"2025-08-19T16:06:33+00:00\" \/>\n<meta property=\"og:image\" content=\"https:\/\/produncan.cl\/wp-content\/uploads\/2022\/05\/Estancia-Cerro-Huelen-1.webp\" \/>\n\t<meta property=\"og:image:width\" content=\"600\" \/>\n\t<meta property=\"og:image:height\" content=\"450\" \/>\n\t<meta property=\"og:image:type\" content=\"image\/webp\" \/>\n<meta name=\"twitter:card\" content=\"summary_large_image\" \/>\n<meta name=\"twitter:label1\" content=\"Price\" \/>\n\t<meta name=\"twitter:data1\" content=\"USD2.608.800,00\" \/>\n\t<meta name=\"twitter:label2\" content=\"Availability\" \/>\n\t<meta name=\"twitter:data2\" content=\"In stock\" \/>\n<script type=\"application\/ld+json\" class=\"yoast-schema-graph\">{\"@context\":\"https:\\\/\\\/schema.org\",\"@graph\":[{\"@type\":\"WebPage\",\"@id\":\"https:\\\/\\\/produncan.cl\\\/fr\\\/produit\\\/estancia-cerro-huelen-2\\\/\",\"url\":\"https:\\\/\\\/produncan.cl\\\/fr\\\/produit\\\/estancia-cerro-huelen-2\\\/\",\"name\":\"S\u00e9jour \u00e0 Puerto Natales - Cerro Huel\u00e9n - Produncan\",\"isPartOf\":{\"@id\":\"https:\\\/\\\/produncan.cl\\\/fr\\\/#website\"},\"primaryImageOfPage\":{\"@id\":\"https:\\\/\\\/produncan.cl\\\/fr\\\/produit\\\/estancia-cerro-huelen-2\\\/#primaryimage\"},\"image\":{\"@id\":\"https:\\\/\\\/produncan.cl\\\/fr\\\/produit\\\/estancia-cerro-huelen-2\\\/#primaryimage\"},\"thumbnailUrl\":\"https:\\\/\\\/produncan.cl\\\/wp-content\\\/uploads\\\/2022\\\/05\\\/Cerro-Huelen-vendido.webp\",\"datePublished\":\"2022-05-06T17:44:30+00:00\",\"dateModified\":\"2025-08-19T16:06:33+00:00\",\"description\":\"Estancia \u00e0 Puerto Natales de 2.240 hectares o\u00f9 vous pourrez profiter de la pampa magellanique dans toute sa splendeur avec ses \u00e9normes lagunes, rivi\u00e8res et estuaires.\",\"breadcrumb\":{\"@id\":\"https:\\\/\\\/produncan.cl\\\/fr\\\/produit\\\/estancia-cerro-huelen-2\\\/#breadcrumb\"},\"inLanguage\":\"fr-FR\",\"potentialAction\":[{\"@type\":\"ReadAction\",\"target\":[\"https:\\\/\\\/produncan.cl\\\/fr\\\/produit\\\/estancia-cerro-huelen-2\\\/\"]}]},{\"@type\":\"ImageObject\",\"inLanguage\":\"fr-FR\",\"@id\":\"https:\\\/\\\/produncan.cl\\\/fr\\\/produit\\\/estancia-cerro-huelen-2\\\/#primaryimage\",\"url\":\"https:\\\/\\\/produncan.cl\\\/wp-content\\\/uploads\\\/2022\\\/05\\\/Cerro-Huelen-vendido.webp\",\"contentUrl\":\"https:\\\/\\\/produncan.cl\\\/wp-content\\\/uploads\\\/2022\\\/05\\\/Cerro-Huelen-vendido.webp\",\"width\":600,\"height\":450,\"caption\":\"Cerro Huel\u00e9n vendido\"},{\"@type\":\"BreadcrumbList\",\"@id\":\"https:\\\/\\\/produncan.cl\\\/fr\\\/produit\\\/estancia-cerro-huelen-2\\\/#breadcrumb\",\"itemListElement\":[{\"@type\":\"ListItem\",\"position\":1,\"name\":\"Inicio\",\"item\":\"https:\\\/\\\/produncan.cl\\\/fr\\\/\"},{\"@type\":\"ListItem\",\"position\":2,\"name\":\"Propri\u00e9t\u00e9s\",\"item\":\"https:\\\/\\\/produncan.cl\\\/propiedades\\\/\"},{\"@type\":\"ListItem\",\"position\":3,\"name\":\"Champs\",\"item\":\"https:\\\/\\\/produncan.cl\\\/fr\\\/cat&eacute;gorie\\\/champs\\\/\"},{\"@type\":\"ListItem\",\"position\":4,\"name\":\"Estancia \u00e0 Puerto Natales 2240 hectares &#8211; Cerro Huel\u00e9n, Magallanes\"}]},{\"@type\":\"WebSite\",\"@id\":\"https:\\\/\\\/produncan.cl\\\/fr\\\/#website\",\"url\":\"https:\\\/\\\/produncan.cl\\\/fr\\\/\",\"name\":\"Produncan\",\"description\":\"Nous vous accompagnons dans votre projet de vie !\",\"publisher\":{\"@id\":\"https:\\\/\\\/produncan.cl\\\/fr\\\/#organization\"},\"potentialAction\":[{\"@type\":\"SearchAction\",\"target\":{\"@type\":\"EntryPoint\",\"urlTemplate\":\"https:\\\/\\\/produncan.cl\\\/fr\\\/?s={search_term_string}\"},\"query-input\":{\"@type\":\"PropertyValueSpecification\",\"valueRequired\":true,\"valueName\":\"search_term_string\"}}],\"inLanguage\":\"fr-FR\"},{\"@type\":\"Organization\",\"@id\":\"https:\\\/\\\/produncan.cl\\\/fr\\\/#organization\",\"name\":\"Produncan\",\"url\":\"https:\\\/\\\/produncan.cl\\\/fr\\\/\",\"logo\":{\"@type\":\"ImageObject\",\"inLanguage\":\"fr-FR\",\"@id\":\"https:\\\/\\\/produncan.cl\\\/fr\\\/#\\\/schema\\\/logo\\\/image\\\/\",\"url\":\"https:\\\/\\\/produncan.cl\\\/wp-content\\\/uploads\\\/2021\\\/03\\\/LOGO.jpeg\",\"contentUrl\":\"https:\\\/\\\/produncan.cl\\\/wp-content\\\/uploads\\\/2021\\\/03\\\/LOGO.jpeg\",\"width\":1280,\"height\":903,\"caption\":\"Produncan\"},\"image\":{\"@id\":\"https:\\\/\\\/produncan.cl\\\/fr\\\/#\\\/schema\\\/logo\\\/image\\\/\"},\"sameAs\":[\"https:\\\/\\\/web.facebook.com\\\/produncanland\",\"https:\\\/\\\/www.instagram.com\\\/pro_duncan\\\/\",\"https:\\\/\\\/www.linkedin.com\\\/company\\\/produncan-lands\\\/\",\"https:\\\/\\\/www.youtube.com\\\/channel\\\/UCu7N-f3x0svkazD-Eew1-QQ\"],\"description\":\"En Produncan somos especialistas en la venta de terrenos en el sur de Chile. Proveemos estancias, campos, parcelas y hoteles.\",\"email\":\"info@produncan.cl\"}]}<\/script>\n<meta property=\"og:video\" content=\"https:\/\/www.youtube.com\/embed\/C0NPRnqt9WY\" \/>\n<meta property=\"og:video:type\" content=\"text\/html\" \/>\n<meta property=\"og:video:duration\" content=\"61\" \/>\n<meta property=\"og:video:width\" content=\"480\" \/>\n<meta property=\"og:video:height\" content=\"360\" \/>\n<meta property=\"ya:ovs:adult\" content=\"false\" \/>\n<meta property=\"ya:ovs:upload_date\" content=\"2022-05-06T17:44:30+00:00\" \/>\n<meta property=\"ya:ovs:allow_embed\" content=\"true\" \/>\n<meta property=\"product:price:amount\" content=\"2608800.00\" \/>\n<meta property=\"product:price:currency\" content=\"USD\" \/>\n<meta property=\"og:availability\" content=\"instock\" \/>\n<meta property=\"product:availability\" content=\"instock\" \/>\n<meta property=\"product:condition\" content=\"new\" \/>\n<!-- \/ Yoast SEO Premium plugin. -->","yoast_head_json":{"title":"S\u00e9jour \u00e0 Puerto Natales - Cerro Huel\u00e9n - Produncan","description":"Estancia \u00e0 Puerto Natales de 2.240 hectares o\u00f9 vous pourrez profiter de la pampa magellanique dans toute sa splendeur avec ses \u00e9normes lagunes, rivi\u00e8res et estuaires.","robots":{"index":"index","follow":"follow","max-snippet":"max-snippet:-1","max-image-preview":"max-image-preview:large","max-video-preview":"max-video-preview:-1"},"canonical":"https:\/\/produncan.cl\/fr\/produit\/estancia-cerro-huelen-2\/","og_locale":"fr_FR","og_type":"article","og_title":"Estancia \u00e0 Puerto Natales 2240 hectares - Cerro Huel\u00e9n, Magallanes","og_description":"Estancia \u00e0 Puerto Natales de 2.240 hectares o\u00f9 vous pourrez profiter de la pampa magellanique dans toute sa splendeur avec ses \u00e9normes lagunes, rivi\u00e8res et estuaires.","og_url":"https:\/\/produncan.cl\/fr\/produit\/estancia-cerro-huelen-2\/","og_site_name":"Produncan","article_publisher":"https:\/\/web.facebook.com\/produncanland","article_modified_time":"2025-08-19T16:06:33+00:00","og_image":[{"width":600,"height":450,"url":"https:\/\/produncan.cl\/wp-content\/uploads\/2022\/05\/Estancia-Cerro-Huelen-1.webp","type":"image\/webp"}],"twitter_card":"summary_large_image","twitter_misc":{"Price":"USD2.608.800,00","Availability":"In stock"},"schema":{"@context":"https:\/\/schema.org","@graph":[{"@type":"WebPage","@id":"https:\/\/produncan.cl\/fr\/produit\/estancia-cerro-huelen-2\/","url":"https:\/\/produncan.cl\/fr\/produit\/estancia-cerro-huelen-2\/","name":"S\u00e9jour \u00e0 Puerto Natales - Cerro Huel\u00e9n - Produncan","isPartOf":{"@id":"https:\/\/produncan.cl\/fr\/#website"},"primaryImageOfPage":{"@id":"https:\/\/produncan.cl\/fr\/produit\/estancia-cerro-huelen-2\/#primaryimage"},"image":{"@id":"https:\/\/produncan.cl\/fr\/produit\/estancia-cerro-huelen-2\/#primaryimage"},"thumbnailUrl":"https:\/\/produncan.cl\/wp-content\/uploads\/2022\/05\/Cerro-Huelen-vendido.webp","datePublished":"2022-05-06T17:44:30+00:00","dateModified":"2025-08-19T16:06:33+00:00","description":"Estancia \u00e0 Puerto Natales de 2.240 hectares o\u00f9 vous pourrez profiter de la pampa magellanique dans toute sa splendeur avec ses \u00e9normes lagunes, rivi\u00e8res et estuaires.","breadcrumb":{"@id":"https:\/\/produncan.cl\/fr\/produit\/estancia-cerro-huelen-2\/#breadcrumb"},"inLanguage":"fr-FR","potentialAction":[{"@type":"ReadAction","target":["https:\/\/produncan.cl\/fr\/produit\/estancia-cerro-huelen-2\/"]}]},{"@type":"ImageObject","inLanguage":"fr-FR","@id":"https:\/\/produncan.cl\/fr\/produit\/estancia-cerro-huelen-2\/#primaryimage","url":"https:\/\/produncan.cl\/wp-content\/uploads\/2022\/05\/Cerro-Huelen-vendido.webp","contentUrl":"https:\/\/produncan.cl\/wp-content\/uploads\/2022\/05\/Cerro-Huelen-vendido.webp","width":600,"height":450,"caption":"Cerro Huel\u00e9n vendido"},{"@type":"BreadcrumbList","@id":"https:\/\/produncan.cl\/fr\/produit\/estancia-cerro-huelen-2\/#breadcrumb","itemListElement":[{"@type":"ListItem","position":1,"name":"Inicio","item":"https:\/\/produncan.cl\/fr\/"},{"@type":"ListItem","position":2,"name":"Propri\u00e9t\u00e9s","item":"https:\/\/produncan.cl\/propiedades\/"},{"@type":"ListItem","position":3,"name":"Champs","item":"https:\/\/produncan.cl\/fr\/cat&eacute;gorie\/champs\/"},{"@type":"ListItem","position":4,"name":"Estancia \u00e0 Puerto Natales 2240 hectares &#8211; Cerro Huel\u00e9n, Magallanes"}]},{"@type":"WebSite","@id":"https:\/\/produncan.cl\/fr\/#website","url":"https:\/\/produncan.cl\/fr\/","name":"Produncan","description":"Nous vous accompagnons dans votre projet de vie !","publisher":{"@id":"https:\/\/produncan.cl\/fr\/#organization"},"potentialAction":[{"@type":"SearchAction","target":{"@type":"EntryPoint","urlTemplate":"https:\/\/produncan.cl\/fr\/?s={search_term_string}"},"query-input":{"@type":"PropertyValueSpecification","valueRequired":true,"valueName":"search_term_string"}}],"inLanguage":"fr-FR"},{"@type":"Organization","@id":"https:\/\/produncan.cl\/fr\/#organization","name":"Produncan","url":"https:\/\/produncan.cl\/fr\/","logo":{"@type":"ImageObject","inLanguage":"fr-FR","@id":"https:\/\/produncan.cl\/fr\/#\/schema\/logo\/image\/","url":"https:\/\/produncan.cl\/wp-content\/uploads\/2021\/03\/LOGO.jpeg","contentUrl":"https:\/\/produncan.cl\/wp-content\/uploads\/2021\/03\/LOGO.jpeg","width":1280,"height":903,"caption":"Produncan"},"image":{"@id":"https:\/\/produncan.cl\/fr\/#\/schema\/logo\/image\/"},"sameAs":["https:\/\/web.facebook.com\/produncanland","https:\/\/www.instagram.com\/pro_duncan\/","https:\/\/www.linkedin.com\/company\/produncan-lands\/","https:\/\/www.youtube.com\/channel\/UCu7N-f3x0svkazD-Eew1-QQ"],"description":"En Produncan somos especialistas en la venta de terrenos en el sur de Chile. Proveemos estancias, campos, parcelas y hoteles.","email":"info@produncan.cl"}]},"og_video":"https:\/\/www.youtube.com\/embed\/C0NPRnqt9WY","og_video_type":"text\/html","og_video_duration":"61","og_video_width":"480","og_video_height":"360","ya_ovs_adult":"false","ya_ovs_upload_date":"2022-05-06T17:44:30+00:00","ya_ovs_allow_embed":"true","product_price_amount":"2608800.00","product_price_currency":"USD","og_availability":"instock","product_availability":"instock","product_condition":"new"},"_links":{"self":[{"href":"https:\/\/produncan.cl\/fr\/wp-json\/wp\/v2\/product\/7856","targetHints":{"allow":["GET"]}}],"collection":[{"href":"https:\/\/produncan.cl\/fr\/wp-json\/wp\/v2\/product"}],"about":[{"href":"https:\/\/produncan.cl\/fr\/wp-json\/wp\/v2\/types\/product"}],"version-history":[{"count":0,"href":"https:\/\/produncan.cl\/fr\/wp-json\/wp\/v2\/product\/7856\/revisions"}],"wp:featuredmedia":[{"embeddable":true,"href":"https:\/\/produncan.cl\/fr\/wp-json\/wp\/v2\/media\/52812"}],"wp:attachment":[{"href":"https:\/\/produncan.cl\/fr\/wp-json\/wp\/v2\/media?parent=7856"}],"wp:term":[{"taxonomy":"product_brand","embeddable":true,"href":"https:\/\/produncan.cl\/fr\/wp-json\/wp\/v2\/product_brand?post=7856"},{"taxonomy":"product_cat","embeddable":true,"href":"https:\/\/produncan.cl\/fr\/wp-json\/wp\/v2\/product_cat?post=7856"},{"taxonomy":"product_tag","embeddable":true,"href":"https:\/\/produncan.cl\/fr\/wp-json\/wp\/v2\/product_tag?post=7856"},{"taxonomy":"regiones","embeddable":true,"href":"https:\/\/produncan.cl\/fr\/wp-json\/wp\/v2\/regiones?post=7856"},{"taxonomy":"ciudades","embeddable":true,"href":"https:\/\/produncan.cl\/fr\/wp-json\/wp\/v2\/ciudades?post=7856"}],"curies":[{"name":"wp","href":"https:\/\/api.w.org\/{rel}","templated":true}]}}