{"id":7857,"date":"2021-02-10T13:42:53","date_gmt":"2021-02-10T16:42:53","guid":{"rendered":"https:\/\/produncan.cl\/producto\/hotel-boutique-el-muelle\/"},"modified":"2025-08-07T16:54:06","modified_gmt":"2025-08-07T20:54:06","slug":"hotel-boutique-el-muelle-2","status":"publish","type":"product","link":"https:\/\/produncan.cl\/fr\/produit\/hotel-boutique-el-muelle-2\/","title":{"rendered":"&#8220;Hotel Boutique El Muelle &#8211; Puerto Natales, Magallanes&#8221; en franc\u00e9s se traduce como:\n\n&#8220;Hotel Boutique El Muelle &#8211; Puerto Natales, Magallanes&#8221; \n\nEl nombre propio y la ubicaci\u00f3n no requieren traducci\u00f3n."},"content":{"rendered":"\t\t<div data-elementor-type=\"product-post\" data-elementor-id=\"7857\" class=\"elementor elementor-7857 elementor-1630\" data-elementor-post-type=\"product\">\n\t\t\t\t\t\t<section class=\"elementor-section elementor-top-section elementor-element elementor-element-4c3abe2d elementor-section-boxed elementor-section-height-default elementor-section-height-default\" data-id=\"4c3abe2d\" data-element_type=\"section\" data-e-type=\"section\" data-settings=\"{&quot;jet_parallax_layout_list&quot;:[]}\">\n\t\t\t\t\t\t<div class=\"elementor-container elementor-column-gap-default\">\n\t\t\t\t\t<div class=\"elementor-column elementor-col-100 elementor-top-column elementor-element elementor-element-47cc8ff3\" data-id=\"47cc8ff3\" data-element_type=\"column\" data-e-type=\"column\">\n\t\t\t<div class=\"elementor-widget-wrap elementor-element-populated\">\n\t\t\t\t\t\t<div class=\"elementor-element elementor-element-6c64fa45 elementor-widget elementor-widget-text-editor\" data-id=\"6c64fa45\" data-element_type=\"widget\" data-e-type=\"widget\" data-widget_type=\"text-editor.default\">\n\t\t\t\t\t\t\t\t\t<p>&#8220;`html<\/p>\n<h2>Entreprenez votre Entreprise Touristique avec un H\u00f4tel Boutique dans un Endroit \u00e0 Forte Croissance!<\/h2>\n<p>El Muelle est un h\u00f4tel boutique construit en 2015 et situ\u00e9 \u00e0 quelques pas de la promenade de Puerto Natales et du quai historique Braun et Blanchard.<\/p>\n<p>\u00a0<\/p>\n<p>L&#8217;h\u00f4tel de 350m\u00b2 utiles sur 2 \u00e9tages et sur une surface totale de 620m\u00b2, dispose de :<\/p>\n<p>\u00a0<\/p>\n<p>\u00a0<\/p>\n<ul>\n<li>9 chambres<\/li>\n<li>11 salles de bains<\/li>\n<li>R\u00e9ception<\/li>\n<li>Salle \u00e0 manger<\/li>\n<li>Salon<\/li>\n<li>Hangar de 91m\u00b2<\/li>\n<li>Belle fa\u00e7ade en bois<\/li>\n<li>Jardin d&#8217;entr\u00e9e avec espace pour 4 v\u00e9hicules.<\/li>\n<\/ul>\n<p>L&#8217;h\u00f4tel, qui est en excellent \u00e9tat, a \u00e9t\u00e9 construit avec Metalcon, recouvert de panneaux OSB recouverts de plaques de pl\u00e2tre, les sols ont \u00e9t\u00e9 rev\u00eatus de parquet flottant \u00e0 fort trafic et de porcelaine dans les salles de bains, et toutes ses fen\u00eatres sont \u00e9quip\u00e9es de double vitrage.<\/p>\n<p>\u00a0<\/p>\n<p>Le chauffage est fourni par une centrale avec chaudi\u00e8re \u00e0 gaz avec label vert, l&#8217;\u00e9lectricit\u00e9 est monophas\u00e9e et la blanchisserie se trouve dans le hangar.<\/p>\n<p>\u00a0<\/p>\n<p>De plus, l&#8217;h\u00f4tel dispose d&#8217;une licence d&#8217;alcool et est certifi\u00e9 par Sernatur. Prix de Vente 28000UF.<\/p>\n<p>\u00a0<\/p>\n<p>\u00c0 Puerto Natales, il existe un taux d&#8217;occupation h\u00f4teli\u00e8re \u00e9lev\u00e9 en raison des attractions telles que Torres del Paine. Le tarif d&#8217;une chambre standard dans cet h\u00f4tel est de 90 000 $ par nuit.<\/p>\n<p>\u00a0<\/p>\n<p>N&#8217;ATTENDEZ PLUS ET ENTREPRENEZ \u00c0 PUERTO NATALES, L&#8217;ACC\u00c8S AU PARC TORRES DEL PAINE!<\/p>\n<p>\u00a0<\/p>\n<p>Puerto Natales est un endroit magique, base de Torres del Paine, un lieu touristique de premier plan! c&#8217;est votre opportunit\u00e9 id\u00e9ale pour travailler et passer vos meilleures ann\u00e9es!<\/p>\n<p>&#8220;`<\/p>\n\t\t\t\t\t\t\t\t<\/div>\n\t\t\t\t\t<\/div>\n\t\t<\/div>\n\t\t\t\t\t<\/div>\n\t\t<\/section>\n\t\t\t\t<\/div>\n\t\t","protected":false},"excerpt":{"rendered":"<p>&#8220;H\u00f4tel boutique de 9 chambres \u00e0 Natales. Id\u00e9al pour une entreprise touristique.&#8221;<\/p>\n","protected":false},"featured_media":26740,"template":"","meta":{"_acf_changed":false},"product_brand":[],"product_cat":[129],"product_tag":[],"regiones":[225],"ciudades":[],"class_list":{"0":"post-7857","1":"product","2":"type-product","3":"status-publish","4":"has-post-thumbnail","6":"product_cat-aysen-magallanes-fr","7":"regiones-aysen-magallanes","9":"first","10":"outofstock","11":"sold-individually","12":"shipping-taxable","13":"purchasable","14":"product-type-simple"},"acf":[],"yoast_head":"<!-- This site is optimized with the Yoast SEO Premium plugin v26.0 (Yoast SEO v27.5) - https:\/\/yoast.com\/product\/yoast-seo-premium-wordpress\/ -->\n<title>&quot;Hotel Boutique El Muelle - Puerto Natales, Magallanes&quot; en franc\u00e9s se traduce como: &quot;Hotel Boutique El Muelle - Puerto Natales, Magallanes&quot;  El nombre propio y la ubicaci\u00f3n no requieren traducci\u00f3n. - Produncan<\/title>\n<meta name=\"description\" content=\"Le boutique h\u00f4tel de 9 chambres El Muelle, se trouve \u00e0 quelques pas de la promenade de Natales et de l&#039;historique jet\u00e9e Braun et Blanchard.\" \/>\n<meta name=\"robots\" content=\"index, follow, max-snippet:-1, max-image-preview:large, max-video-preview:-1\" \/>\n<link rel=\"canonical\" href=\"https:\/\/produncan.cl\/fr\/produit\/hotel-boutique-el-muelle-2\/\" \/>\n<meta property=\"og:locale\" content=\"fr_FR\" \/>\n<meta property=\"og:type\" content=\"article\" \/>\n<meta property=\"og:title\" content=\"&quot;Hotel Boutique El Muelle - Puerto Natales, Magallanes&quot; en franc\u00e9s se traduce como: &quot;Hotel Boutique El Muelle - Puerto Natales, Magallanes&quot;  El nombre propio y la ubicaci\u00f3n no requieren traducci\u00f3n.\" \/>\n<meta property=\"og:description\" content=\"Le boutique h\u00f4tel de 9 chambres El Muelle, se trouve \u00e0 quelques pas de la promenade de Natales et de l&#039;historique jet\u00e9e Braun et Blanchard.\" \/>\n<meta property=\"og:url\" content=\"https:\/\/produncan.cl\/fr\/produit\/hotel-boutique-el-muelle-2\/\" \/>\n<meta property=\"og:site_name\" content=\"Produncan\" \/>\n<meta property=\"article:publisher\" content=\"https:\/\/web.facebook.com\/produncanland\" \/>\n<meta property=\"article:modified_time\" content=\"2025-08-07T20:54:06+00:00\" \/>\n<meta property=\"og:image\" content=\"https:\/\/produncan.cl\/wp-content\/uploads\/2022\/02\/Hotel-El-Muelle-Vendido.webp\" \/>\n\t<meta property=\"og:image:width\" content=\"600\" \/>\n\t<meta property=\"og:image:height\" content=\"450\" \/>\n\t<meta property=\"og:image:type\" content=\"image\/webp\" \/>\n<meta name=\"twitter:card\" content=\"summary_large_image\" \/>\n<meta name=\"twitter:label1\" content=\"Price\" \/>\n\t<meta name=\"twitter:data1\" content=\"USD1.110.500,00\" \/>\n\t<meta name=\"twitter:label2\" content=\"Availability\" \/>\n\t<meta name=\"twitter:data2\" content=\"Out of stock\" \/>\n<script type=\"application\/ld+json\" class=\"yoast-schema-graph\">{\"@context\":\"https:\\\/\\\/schema.org\",\"@graph\":[{\"@type\":\"WebPage\",\"@id\":\"https:\\\/\\\/produncan.cl\\\/fr\\\/produit\\\/hotel-boutique-el-muelle-2\\\/\",\"url\":\"https:\\\/\\\/produncan.cl\\\/fr\\\/produit\\\/hotel-boutique-el-muelle-2\\\/\",\"name\":\"\\\"Hotel Boutique El Muelle - Puerto Natales, Magallanes\\\" en franc\u00e9s se traduce como: \\\"Hotel Boutique El Muelle - Puerto Natales, Magallanes\\\" El nombre propio y la ubicaci\u00f3n no requieren traducci\u00f3n. - Produncan\",\"isPartOf\":{\"@id\":\"https:\\\/\\\/produncan.cl\\\/fr\\\/#website\"},\"primaryImageOfPage\":{\"@id\":\"https:\\\/\\\/produncan.cl\\\/fr\\\/produit\\\/hotel-boutique-el-muelle-2\\\/#primaryimage\"},\"image\":{\"@id\":\"https:\\\/\\\/produncan.cl\\\/fr\\\/produit\\\/hotel-boutique-el-muelle-2\\\/#primaryimage\"},\"thumbnailUrl\":\"https:\\\/\\\/produncan.cl\\\/wp-content\\\/uploads\\\/2022\\\/02\\\/Hotel-El-Muelle-Vendido.webp\",\"datePublished\":\"2021-02-10T16:42:53+00:00\",\"dateModified\":\"2025-08-07T20:54:06+00:00\",\"description\":\"Le boutique h\u00f4tel de 9 chambres El Muelle, se trouve \u00e0 quelques pas de la promenade de Natales et de l'historique jet\u00e9e Braun et Blanchard.\",\"breadcrumb\":{\"@id\":\"https:\\\/\\\/produncan.cl\\\/fr\\\/produit\\\/hotel-boutique-el-muelle-2\\\/#breadcrumb\"},\"inLanguage\":\"fr-FR\",\"potentialAction\":[{\"@type\":\"ReadAction\",\"target\":[\"https:\\\/\\\/produncan.cl\\\/fr\\\/produit\\\/hotel-boutique-el-muelle-2\\\/\"]}]},{\"@type\":\"ImageObject\",\"inLanguage\":\"fr-FR\",\"@id\":\"https:\\\/\\\/produncan.cl\\\/fr\\\/produit\\\/hotel-boutique-el-muelle-2\\\/#primaryimage\",\"url\":\"https:\\\/\\\/produncan.cl\\\/wp-content\\\/uploads\\\/2022\\\/02\\\/Hotel-El-Muelle-Vendido.webp\",\"contentUrl\":\"https:\\\/\\\/produncan.cl\\\/wp-content\\\/uploads\\\/2022\\\/02\\\/Hotel-El-Muelle-Vendido.webp\",\"width\":600,\"height\":450},{\"@type\":\"BreadcrumbList\",\"@id\":\"https:\\\/\\\/produncan.cl\\\/fr\\\/produit\\\/hotel-boutique-el-muelle-2\\\/#breadcrumb\",\"itemListElement\":[{\"@type\":\"ListItem\",\"position\":1,\"name\":\"Inicio\",\"item\":\"https:\\\/\\\/produncan.cl\\\/fr\\\/\"},{\"@type\":\"ListItem\",\"position\":2,\"name\":\"Propri\u00e9t\u00e9s\",\"item\":\"https:\\\/\\\/produncan.cl\\\/propiedades\\\/\"},{\"@type\":\"ListItem\",\"position\":3,\"name\":\"&#8220;Hotel Boutique El Muelle &#8211; Puerto Natales, Magallanes&#8221; en franc\u00e9s se traduce como: &#8220;Hotel Boutique El Muelle &#8211; Puerto Natales, Magallanes&#8221; El nombre propio y la ubicaci\u00f3n no requieren traducci\u00f3n.\"}]},{\"@type\":\"WebSite\",\"@id\":\"https:\\\/\\\/produncan.cl\\\/fr\\\/#website\",\"url\":\"https:\\\/\\\/produncan.cl\\\/fr\\\/\",\"name\":\"Produncan\",\"description\":\"Nous vous accompagnons dans votre projet de vie !\",\"publisher\":{\"@id\":\"https:\\\/\\\/produncan.cl\\\/fr\\\/#organization\"},\"potentialAction\":[{\"@type\":\"SearchAction\",\"target\":{\"@type\":\"EntryPoint\",\"urlTemplate\":\"https:\\\/\\\/produncan.cl\\\/fr\\\/?s={search_term_string}\"},\"query-input\":{\"@type\":\"PropertyValueSpecification\",\"valueRequired\":true,\"valueName\":\"search_term_string\"}}],\"inLanguage\":\"fr-FR\"},{\"@type\":\"Organization\",\"@id\":\"https:\\\/\\\/produncan.cl\\\/fr\\\/#organization\",\"name\":\"Produncan\",\"url\":\"https:\\\/\\\/produncan.cl\\\/fr\\\/\",\"logo\":{\"@type\":\"ImageObject\",\"inLanguage\":\"fr-FR\",\"@id\":\"https:\\\/\\\/produncan.cl\\\/fr\\\/#\\\/schema\\\/logo\\\/image\\\/\",\"url\":\"https:\\\/\\\/produncan.cl\\\/wp-content\\\/uploads\\\/2021\\\/03\\\/LOGO.jpeg\",\"contentUrl\":\"https:\\\/\\\/produncan.cl\\\/wp-content\\\/uploads\\\/2021\\\/03\\\/LOGO.jpeg\",\"width\":1280,\"height\":903,\"caption\":\"Produncan\"},\"image\":{\"@id\":\"https:\\\/\\\/produncan.cl\\\/fr\\\/#\\\/schema\\\/logo\\\/image\\\/\"},\"sameAs\":[\"https:\\\/\\\/web.facebook.com\\\/produncanland\",\"https:\\\/\\\/www.instagram.com\\\/pro_duncan\\\/\",\"https:\\\/\\\/www.linkedin.com\\\/company\\\/produncan-lands\\\/\",\"https:\\\/\\\/www.youtube.com\\\/channel\\\/UCu7N-f3x0svkazD-Eew1-QQ\"],\"description\":\"En Produncan somos especialistas en la venta de terrenos en el sur de Chile. Proveemos estancias, campos, parcelas y hoteles.\",\"email\":\"info@produncan.cl\"}]}<\/script>\n<meta property=\"og:video\" content=\"https:\/\/www.youtube.com\/embed\/1ZFkpCUz4zc\" \/>\n<meta property=\"og:video:type\" content=\"text\/html\" \/>\n<meta property=\"og:video:duration\" content=\"213\" \/>\n<meta property=\"og:video:width\" content=\"480\" \/>\n<meta property=\"og:video:height\" content=\"360\" \/>\n<meta property=\"ya:ovs:adult\" content=\"false\" \/>\n<meta property=\"ya:ovs:upload_date\" content=\"2021-02-10T16:42:53+00:00\" \/>\n<meta property=\"ya:ovs:allow_embed\" content=\"true\" \/>\n<meta property=\"product:price:amount\" content=\"1110500.00\" \/>\n<meta property=\"product:price:currency\" content=\"USD\" \/>\n<meta property=\"og:availability\" content=\"out of stock\" \/>\n<meta property=\"product:availability\" content=\"out of stock\" \/>\n<meta property=\"product:condition\" content=\"new\" \/>\n<!-- \/ Yoast SEO Premium plugin. -->","yoast_head_json":{"title":"\"Hotel Boutique El Muelle - Puerto Natales, Magallanes\" en franc\u00e9s se traduce como: \"Hotel Boutique El Muelle - Puerto Natales, Magallanes\"  El nombre propio y la ubicaci\u00f3n no requieren traducci\u00f3n. - Produncan","description":"Le boutique h\u00f4tel de 9 chambres El Muelle, se trouve \u00e0 quelques pas de la promenade de Natales et de l'historique jet\u00e9e Braun et Blanchard.","robots":{"index":"index","follow":"follow","max-snippet":"max-snippet:-1","max-image-preview":"max-image-preview:large","max-video-preview":"max-video-preview:-1"},"canonical":"https:\/\/produncan.cl\/fr\/produit\/hotel-boutique-el-muelle-2\/","og_locale":"fr_FR","og_type":"article","og_title":"\"Hotel Boutique El Muelle - Puerto Natales, Magallanes\" en franc\u00e9s se traduce como: \"Hotel Boutique El Muelle - Puerto Natales, Magallanes\"  El nombre propio y la ubicaci\u00f3n no requieren traducci\u00f3n.","og_description":"Le boutique h\u00f4tel de 9 chambres El Muelle, se trouve \u00e0 quelques pas de la promenade de Natales et de l'historique jet\u00e9e Braun et Blanchard.","og_url":"https:\/\/produncan.cl\/fr\/produit\/hotel-boutique-el-muelle-2\/","og_site_name":"Produncan","article_publisher":"https:\/\/web.facebook.com\/produncanland","article_modified_time":"2025-08-07T20:54:06+00:00","og_image":[{"width":600,"height":450,"url":"https:\/\/produncan.cl\/wp-content\/uploads\/2022\/02\/Hotel-El-Muelle-Vendido.webp","type":"image\/webp"}],"twitter_card":"summary_large_image","twitter_misc":{"Price":"USD1.110.500,00","Availability":"Out of stock"},"schema":{"@context":"https:\/\/schema.org","@graph":[{"@type":"WebPage","@id":"https:\/\/produncan.cl\/fr\/produit\/hotel-boutique-el-muelle-2\/","url":"https:\/\/produncan.cl\/fr\/produit\/hotel-boutique-el-muelle-2\/","name":"\"Hotel Boutique El Muelle - Puerto Natales, Magallanes\" en franc\u00e9s se traduce como: \"Hotel Boutique El Muelle - Puerto Natales, Magallanes\" El nombre propio y la ubicaci\u00f3n no requieren traducci\u00f3n. - Produncan","isPartOf":{"@id":"https:\/\/produncan.cl\/fr\/#website"},"primaryImageOfPage":{"@id":"https:\/\/produncan.cl\/fr\/produit\/hotel-boutique-el-muelle-2\/#primaryimage"},"image":{"@id":"https:\/\/produncan.cl\/fr\/produit\/hotel-boutique-el-muelle-2\/#primaryimage"},"thumbnailUrl":"https:\/\/produncan.cl\/wp-content\/uploads\/2022\/02\/Hotel-El-Muelle-Vendido.webp","datePublished":"2021-02-10T16:42:53+00:00","dateModified":"2025-08-07T20:54:06+00:00","description":"Le boutique h\u00f4tel de 9 chambres El Muelle, se trouve \u00e0 quelques pas de la promenade de Natales et de l'historique jet\u00e9e Braun et Blanchard.","breadcrumb":{"@id":"https:\/\/produncan.cl\/fr\/produit\/hotel-boutique-el-muelle-2\/#breadcrumb"},"inLanguage":"fr-FR","potentialAction":[{"@type":"ReadAction","target":["https:\/\/produncan.cl\/fr\/produit\/hotel-boutique-el-muelle-2\/"]}]},{"@type":"ImageObject","inLanguage":"fr-FR","@id":"https:\/\/produncan.cl\/fr\/produit\/hotel-boutique-el-muelle-2\/#primaryimage","url":"https:\/\/produncan.cl\/wp-content\/uploads\/2022\/02\/Hotel-El-Muelle-Vendido.webp","contentUrl":"https:\/\/produncan.cl\/wp-content\/uploads\/2022\/02\/Hotel-El-Muelle-Vendido.webp","width":600,"height":450},{"@type":"BreadcrumbList","@id":"https:\/\/produncan.cl\/fr\/produit\/hotel-boutique-el-muelle-2\/#breadcrumb","itemListElement":[{"@type":"ListItem","position":1,"name":"Inicio","item":"https:\/\/produncan.cl\/fr\/"},{"@type":"ListItem","position":2,"name":"Propri\u00e9t\u00e9s","item":"https:\/\/produncan.cl\/propiedades\/"},{"@type":"ListItem","position":3,"name":"&#8220;Hotel Boutique El Muelle &#8211; Puerto Natales, Magallanes&#8221; en franc\u00e9s se traduce como: &#8220;Hotel Boutique El Muelle &#8211; Puerto Natales, Magallanes&#8221; El nombre propio y la ubicaci\u00f3n no requieren traducci\u00f3n."}]},{"@type":"WebSite","@id":"https:\/\/produncan.cl\/fr\/#website","url":"https:\/\/produncan.cl\/fr\/","name":"Produncan","description":"Nous vous accompagnons dans votre projet de vie !","publisher":{"@id":"https:\/\/produncan.cl\/fr\/#organization"},"potentialAction":[{"@type":"SearchAction","target":{"@type":"EntryPoint","urlTemplate":"https:\/\/produncan.cl\/fr\/?s={search_term_string}"},"query-input":{"@type":"PropertyValueSpecification","valueRequired":true,"valueName":"search_term_string"}}],"inLanguage":"fr-FR"},{"@type":"Organization","@id":"https:\/\/produncan.cl\/fr\/#organization","name":"Produncan","url":"https:\/\/produncan.cl\/fr\/","logo":{"@type":"ImageObject","inLanguage":"fr-FR","@id":"https:\/\/produncan.cl\/fr\/#\/schema\/logo\/image\/","url":"https:\/\/produncan.cl\/wp-content\/uploads\/2021\/03\/LOGO.jpeg","contentUrl":"https:\/\/produncan.cl\/wp-content\/uploads\/2021\/03\/LOGO.jpeg","width":1280,"height":903,"caption":"Produncan"},"image":{"@id":"https:\/\/produncan.cl\/fr\/#\/schema\/logo\/image\/"},"sameAs":["https:\/\/web.facebook.com\/produncanland","https:\/\/www.instagram.com\/pro_duncan\/","https:\/\/www.linkedin.com\/company\/produncan-lands\/","https:\/\/www.youtube.com\/channel\/UCu7N-f3x0svkazD-Eew1-QQ"],"description":"En Produncan somos especialistas en la venta de terrenos en el sur de Chile. Proveemos estancias, campos, parcelas y hoteles.","email":"info@produncan.cl"}]},"og_video":"https:\/\/www.youtube.com\/embed\/1ZFkpCUz4zc","og_video_type":"text\/html","og_video_duration":"213","og_video_width":"480","og_video_height":"360","ya_ovs_adult":"false","ya_ovs_upload_date":"2021-02-10T16:42:53+00:00","ya_ovs_allow_embed":"true","product_price_amount":"1110500.00","product_price_currency":"USD","og_availability":"out of stock","product_availability":"out of stock","product_condition":"new"},"_links":{"self":[{"href":"https:\/\/produncan.cl\/fr\/wp-json\/wp\/v2\/product\/7857","targetHints":{"allow":["GET"]}}],"collection":[{"href":"https:\/\/produncan.cl\/fr\/wp-json\/wp\/v2\/product"}],"about":[{"href":"https:\/\/produncan.cl\/fr\/wp-json\/wp\/v2\/types\/product"}],"version-history":[{"count":0,"href":"https:\/\/produncan.cl\/fr\/wp-json\/wp\/v2\/product\/7857\/revisions"}],"wp:featuredmedia":[{"embeddable":true,"href":"https:\/\/produncan.cl\/fr\/wp-json\/wp\/v2\/media\/26740"}],"wp:attachment":[{"href":"https:\/\/produncan.cl\/fr\/wp-json\/wp\/v2\/media?parent=7857"}],"wp:term":[{"taxonomy":"product_brand","embeddable":true,"href":"https:\/\/produncan.cl\/fr\/wp-json\/wp\/v2\/product_brand?post=7857"},{"taxonomy":"product_cat","embeddable":true,"href":"https:\/\/produncan.cl\/fr\/wp-json\/wp\/v2\/product_cat?post=7857"},{"taxonomy":"product_tag","embeddable":true,"href":"https:\/\/produncan.cl\/fr\/wp-json\/wp\/v2\/product_tag?post=7857"},{"taxonomy":"regiones","embeddable":true,"href":"https:\/\/produncan.cl\/fr\/wp-json\/wp\/v2\/regiones?post=7857"},{"taxonomy":"ciudades","embeddable":true,"href":"https:\/\/produncan.cl\/fr\/wp-json\/wp\/v2\/ciudades?post=7857"}],"curies":[{"name":"wp","href":"https:\/\/api.w.org\/{rel}","templated":true}]}}