{"id":7858,"date":"2021-05-06T13:40:46","date_gmt":"2021-05-06T17:40:46","guid":{"rendered":"https:\/\/produncan.cl\/producto\/camp-rio-blanco\/"},"modified":"2025-08-14T12:35:25","modified_gmt":"2025-08-14T16:35:25","slug":"campo-rio-rio-blanco","status":"publish","type":"product","link":"https:\/\/produncan.cl\/fr\/produit\/campo-rio-rio-blanco\/","title":{"rendered":"&#8220;Champ 45ha R\u00edo Blanco &#8211; Lac Chapo, Puerto Montt&#8221;"},"content":{"rendered":"<p>&#8220;`html<br \/>\n<span style=\"color: #fb1212;\"><a style=\"color: #fb1212;\" href=\"https:\/\/www.instagram.com\/tv\/CZsQhK6Frco\/?hl=es-la\">VOIR LA VID\u00c9O SUR INSTAGRAM<\/a><\/span><\/p>\n<h2>BIENVENUE DANS UN MAGNIFIQUE CHAMP QUI VOUS INVITE \u00c0 D\u00c9VELOPPER UN PROJET !<\/h2>\n<p>D\u00e9couvrez ce magnifique champ de 45 hectares situ\u00e9 dans la commune de Puerto Montt, province de Llanquihue, r\u00e9gion des Lacs.<\/p>\n<p>Vous acc\u00e9dez au terrain par une route asphalt\u00e9e en excellent \u00e9tat et seulement un kilom\u00e8tre de gravier. Il est ins\u00e9r\u00e9 entre des montagnes majestueuses, des arbres indig\u00e8nes, \u00e0 seulement 7 minutes du lac Chapo et proche de Chamiza, un endroit o\u00f9 des projets immobiliers de haut niveau sont en cours de d\u00e9veloppement. De plus, il se trouve \u00e0 40 minutes de Puerto Montt et \u00e0 une heure de Puerto Varas.<\/p>\n<p>Le champ poss\u00e8de 1050 m\u00e8tres de rive de rivi\u00e8re, n&#8217;a pas de constructions ant\u00e9rieures, il y a un signal t\u00e9l\u00e9phonique, le p\u00e9rim\u00e8tre est en grande partie cl\u00f4tur\u00e9 et il n&#8217;a pas de droits d&#8217;eau, bien qu&#8217;ils puissent \u00eatre demand\u00e9s.<\/p>\n<p>De plus, il poss\u00e8de une belle flore, o\u00f9 vous pourrez trouver tepa, ma\u00f1\u00edo, ulmo, tiaca, luma, canelo et cypr\u00e8s, nalcas, entre autres. Et sa faune est compos\u00e9e de puma, gui\u00f1a, pud\u00fa, chat sauvage, renard chilla, vizcacha andine, condor, faucon, peuco, caiqu\u00e9n, huet huet, canard, chucao, monito del monte et une vari\u00e9t\u00e9 de grenouilles entre autres.<\/p>\n<p>Adjacent au terrain, un lotissement a \u00e9t\u00e9 d\u00e9velopp\u00e9 qui est actuellement vendu dans sa totalit\u00e9 avec des prix \u00e0 partir de 25 millions de $. Nous estimons que dans cet endroit, vous aurez l&#8217;opportunit\u00e9 de d\u00e9velopper un \u00e9co-lotissement avec une surface vendable de 41 hectares, 82 unit\u00e9s totales \u00e0 partir de 15 millions de $ avec une vitesse de vente qui ne devrait pas d\u00e9passer deux ans.<\/p>\n<p>Venez d\u00e9couvrir ce magnifique endroit o\u00f9 vous aurez l&#8217;opportunit\u00e9 de d\u00e9velopper votre projet et de vivre votre r\u00eave !<br \/>\n&#8220;`<\/p>\n","protected":false},"excerpt":{"rendered":"<p>Champ pr\u00e8s de Chamiza et du lac Chapo. Id\u00e9al pour projet. \u00c9lectricit\u00e9, acc\u00e8s.<\/p>\n","protected":false},"featured_media":5933,"template":"","meta":{"_acf_changed":false},"product_brand":[],"product_cat":[113],"product_tag":[],"regiones":[226],"ciudades":[],"class_list":{"0":"post-7858","1":"product","2":"type-product","3":"status-publish","4":"has-post-thumbnail","6":"product_cat-ohiggins-los-lagos-fr","7":"regiones-nuble-los_lagos","9":"first","10":"outofstock","11":"sold-individually","12":"shipping-taxable","13":"product-type-simple"},"acf":[],"yoast_head":"<!-- This site is optimized with the Yoast SEO Premium plugin v26.0 (Yoast SEO v27.3) - https:\/\/yoast.com\/product\/yoast-seo-premium-wordpress\/ -->\n<title>&quot;Champ 45ha R\u00edo Blanco - Lac Chapo, Puerto Montt&quot; - Produncan<\/title>\n<meta name=\"description\" content=\"Champ de 45ha proche de Chamiza et du lac Chapo, Puerto Montt. Poss\u00e8de 1050 m\u00e8tres de rivi\u00e8re, signal t\u00e9l\u00e9phonique, faisabilit\u00e9 \u00e9lectrique et acc\u00e8s asphalt\u00e9.\" \/>\n<meta name=\"robots\" content=\"index, follow, max-snippet:-1, max-image-preview:large, max-video-preview:-1\" \/>\n<link rel=\"canonical\" href=\"https:\/\/produncan.cl\/fr\/produit\/campo-rio-rio-blanco\/\" \/>\n<meta property=\"og:locale\" content=\"fr_FR\" \/>\n<meta property=\"og:type\" content=\"article\" \/>\n<meta property=\"og:title\" content=\"&quot;Champ 45ha R\u00edo Blanco - Lac Chapo, Puerto Montt&quot;\" \/>\n<meta property=\"og:description\" content=\"Champ de 45ha proche de Chamiza et du lac Chapo, Puerto Montt. Poss\u00e8de 1050 m\u00e8tres de rivi\u00e8re, signal t\u00e9l\u00e9phonique, faisabilit\u00e9 \u00e9lectrique et acc\u00e8s asphalt\u00e9.\" \/>\n<meta property=\"og:url\" content=\"https:\/\/produncan.cl\/fr\/produit\/campo-rio-rio-blanco\/\" \/>\n<meta property=\"og:site_name\" content=\"Produncan\" \/>\n<meta property=\"article:publisher\" content=\"https:\/\/web.facebook.com\/produncanland\" \/>\n<meta property=\"article:modified_time\" content=\"2025-08-14T16:35:25+00:00\" \/>\n<meta property=\"og:image\" content=\"https:\/\/produncan.cl\/wp-content\/uploads\/2022\/05\/Campo-Rio-Blanco-Vendido.webp\" \/>\n\t<meta property=\"og:image:width\" content=\"600\" \/>\n\t<meta property=\"og:image:height\" content=\"450\" \/>\n\t<meta property=\"og:image:type\" content=\"image\/webp\" \/>\n<meta name=\"twitter:card\" content=\"summary_large_image\" \/>\n<meta name=\"twitter:label1\" content=\"Price\" \/>\n\t<meta name=\"twitter:data1\" content=\"\" \/>\n\t<meta name=\"twitter:label2\" content=\"Availability\" \/>\n\t<meta name=\"twitter:data2\" content=\"Out of stock\" \/>\n<script type=\"application\/ld+json\" class=\"yoast-schema-graph\">{\"@context\":\"https:\\\/\\\/schema.org\",\"@graph\":[{\"@type\":\"WebPage\",\"@id\":\"https:\\\/\\\/produncan.cl\\\/fr\\\/produit\\\/campo-rio-rio-blanco\\\/\",\"url\":\"https:\\\/\\\/produncan.cl\\\/fr\\\/produit\\\/campo-rio-rio-blanco\\\/\",\"name\":\"\\\"Champ 45ha R\u00edo Blanco - Lac Chapo, Puerto Montt\\\" - Produncan\",\"isPartOf\":{\"@id\":\"https:\\\/\\\/produncan.cl\\\/fr\\\/#website\"},\"primaryImageOfPage\":{\"@id\":\"https:\\\/\\\/produncan.cl\\\/fr\\\/produit\\\/campo-rio-rio-blanco\\\/#primaryimage\"},\"image\":{\"@id\":\"https:\\\/\\\/produncan.cl\\\/fr\\\/produit\\\/campo-rio-rio-blanco\\\/#primaryimage\"},\"thumbnailUrl\":\"https:\\\/\\\/produncan.cl\\\/wp-content\\\/uploads\\\/2022\\\/05\\\/Campo-Rio-Blanco-Vendido.webp\",\"datePublished\":\"2021-05-06T17:40:46+00:00\",\"dateModified\":\"2025-08-14T16:35:25+00:00\",\"description\":\"Champ de 45ha proche de Chamiza et du lac Chapo, Puerto Montt. Poss\u00e8de 1050 m\u00e8tres de rivi\u00e8re, signal t\u00e9l\u00e9phonique, faisabilit\u00e9 \u00e9lectrique et acc\u00e8s asphalt\u00e9.\",\"breadcrumb\":{\"@id\":\"https:\\\/\\\/produncan.cl\\\/fr\\\/produit\\\/campo-rio-rio-blanco\\\/#breadcrumb\"},\"inLanguage\":\"fr-FR\",\"potentialAction\":[{\"@type\":\"ReadAction\",\"target\":[\"https:\\\/\\\/produncan.cl\\\/fr\\\/produit\\\/campo-rio-rio-blanco\\\/\"]}]},{\"@type\":\"ImageObject\",\"inLanguage\":\"fr-FR\",\"@id\":\"https:\\\/\\\/produncan.cl\\\/fr\\\/produit\\\/campo-rio-rio-blanco\\\/#primaryimage\",\"url\":\"https:\\\/\\\/produncan.cl\\\/wp-content\\\/uploads\\\/2022\\\/05\\\/Campo-Rio-Blanco-Vendido.webp\",\"contentUrl\":\"https:\\\/\\\/produncan.cl\\\/wp-content\\\/uploads\\\/2022\\\/05\\\/Campo-Rio-Blanco-Vendido.webp\",\"width\":600,\"height\":450},{\"@type\":\"BreadcrumbList\",\"@id\":\"https:\\\/\\\/produncan.cl\\\/fr\\\/produit\\\/campo-rio-rio-blanco\\\/#breadcrumb\",\"itemListElement\":[{\"@type\":\"ListItem\",\"position\":1,\"name\":\"Inicio\",\"item\":\"https:\\\/\\\/produncan.cl\\\/fr\\\/\"},{\"@type\":\"ListItem\",\"position\":2,\"name\":\"Propri\u00e9t\u00e9s\",\"item\":\"https:\\\/\\\/produncan.cl\\\/propiedades\\\/\"},{\"@type\":\"ListItem\",\"position\":3,\"name\":\"&#8220;Champ 45ha R\u00edo Blanco &#8211; Lac Chapo, Puerto Montt&#8221;\"}]},{\"@type\":\"WebSite\",\"@id\":\"https:\\\/\\\/produncan.cl\\\/fr\\\/#website\",\"url\":\"https:\\\/\\\/produncan.cl\\\/fr\\\/\",\"name\":\"Produncan\",\"description\":\"Nous vous accompagnons dans votre projet de vie !\",\"publisher\":{\"@id\":\"https:\\\/\\\/produncan.cl\\\/fr\\\/#organization\"},\"potentialAction\":[{\"@type\":\"SearchAction\",\"target\":{\"@type\":\"EntryPoint\",\"urlTemplate\":\"https:\\\/\\\/produncan.cl\\\/fr\\\/?s={search_term_string}\"},\"query-input\":{\"@type\":\"PropertyValueSpecification\",\"valueRequired\":true,\"valueName\":\"search_term_string\"}}],\"inLanguage\":\"fr-FR\"},{\"@type\":\"Organization\",\"@id\":\"https:\\\/\\\/produncan.cl\\\/fr\\\/#organization\",\"name\":\"Produncan\",\"url\":\"https:\\\/\\\/produncan.cl\\\/fr\\\/\",\"logo\":{\"@type\":\"ImageObject\",\"inLanguage\":\"fr-FR\",\"@id\":\"https:\\\/\\\/produncan.cl\\\/fr\\\/#\\\/schema\\\/logo\\\/image\\\/\",\"url\":\"https:\\\/\\\/produncan.cl\\\/wp-content\\\/uploads\\\/2021\\\/03\\\/LOGO.jpeg\",\"contentUrl\":\"https:\\\/\\\/produncan.cl\\\/wp-content\\\/uploads\\\/2021\\\/03\\\/LOGO.jpeg\",\"width\":1280,\"height\":903,\"caption\":\"Produncan\"},\"image\":{\"@id\":\"https:\\\/\\\/produncan.cl\\\/fr\\\/#\\\/schema\\\/logo\\\/image\\\/\"},\"sameAs\":[\"https:\\\/\\\/web.facebook.com\\\/produncanland\",\"https:\\\/\\\/www.instagram.com\\\/pro_duncan\\\/\",\"https:\\\/\\\/www.linkedin.com\\\/company\\\/produncan-lands\\\/\",\"https:\\\/\\\/www.youtube.com\\\/channel\\\/UCu7N-f3x0svkazD-Eew1-QQ\"],\"description\":\"En Produncan somos especialistas en la venta de terrenos en el sur de Chile. Proveemos estancias, campos, parcelas y hoteles.\",\"email\":\"info@produncan.cl\"}]}<\/script>\n<meta property=\"og:video\" content=\"https:\/\/www.youtube.com\/embed\/-glYWvCkntI\" \/>\n<meta property=\"og:video:type\" content=\"text\/html\" \/>\n<meta property=\"og:video:duration\" content=\"61\" \/>\n<meta property=\"og:video:width\" content=\"480\" \/>\n<meta property=\"og:video:height\" content=\"360\" \/>\n<meta property=\"ya:ovs:adult\" content=\"false\" \/>\n<meta property=\"ya:ovs:upload_date\" content=\"2021-05-06T17:40:46+00:00\" \/>\n<meta property=\"ya:ovs:allow_embed\" content=\"true\" \/>\n<meta property=\"product:price:currency\" content=\"USD\" \/>\n<meta property=\"og:availability\" content=\"out of stock\" \/>\n<meta property=\"product:availability\" content=\"out of stock\" \/>\n<meta property=\"product:condition\" content=\"new\" \/>\n<!-- \/ Yoast SEO Premium plugin. -->","yoast_head_json":{"title":"\"Champ 45ha R\u00edo Blanco - Lac Chapo, Puerto Montt\" - Produncan","description":"Champ de 45ha proche de Chamiza et du lac Chapo, Puerto Montt. Poss\u00e8de 1050 m\u00e8tres de rivi\u00e8re, signal t\u00e9l\u00e9phonique, faisabilit\u00e9 \u00e9lectrique et acc\u00e8s asphalt\u00e9.","robots":{"index":"index","follow":"follow","max-snippet":"max-snippet:-1","max-image-preview":"max-image-preview:large","max-video-preview":"max-video-preview:-1"},"canonical":"https:\/\/produncan.cl\/fr\/produit\/campo-rio-rio-blanco\/","og_locale":"fr_FR","og_type":"article","og_title":"\"Champ 45ha R\u00edo Blanco - Lac Chapo, Puerto Montt\"","og_description":"Champ de 45ha proche de Chamiza et du lac Chapo, Puerto Montt. Poss\u00e8de 1050 m\u00e8tres de rivi\u00e8re, signal t\u00e9l\u00e9phonique, faisabilit\u00e9 \u00e9lectrique et acc\u00e8s asphalt\u00e9.","og_url":"https:\/\/produncan.cl\/fr\/produit\/campo-rio-rio-blanco\/","og_site_name":"Produncan","article_publisher":"https:\/\/web.facebook.com\/produncanland","article_modified_time":"2025-08-14T16:35:25+00:00","og_image":[{"width":600,"height":450,"url":"https:\/\/produncan.cl\/wp-content\/uploads\/2022\/05\/Campo-Rio-Blanco-Vendido.webp","type":"image\/webp"}],"twitter_card":"summary_large_image","twitter_misc":{"Price":"","Availability":"Out of stock"},"schema":{"@context":"https:\/\/schema.org","@graph":[{"@type":"WebPage","@id":"https:\/\/produncan.cl\/fr\/produit\/campo-rio-rio-blanco\/","url":"https:\/\/produncan.cl\/fr\/produit\/campo-rio-rio-blanco\/","name":"\"Champ 45ha R\u00edo Blanco - Lac Chapo, Puerto Montt\" - Produncan","isPartOf":{"@id":"https:\/\/produncan.cl\/fr\/#website"},"primaryImageOfPage":{"@id":"https:\/\/produncan.cl\/fr\/produit\/campo-rio-rio-blanco\/#primaryimage"},"image":{"@id":"https:\/\/produncan.cl\/fr\/produit\/campo-rio-rio-blanco\/#primaryimage"},"thumbnailUrl":"https:\/\/produncan.cl\/wp-content\/uploads\/2022\/05\/Campo-Rio-Blanco-Vendido.webp","datePublished":"2021-05-06T17:40:46+00:00","dateModified":"2025-08-14T16:35:25+00:00","description":"Champ de 45ha proche de Chamiza et du lac Chapo, Puerto Montt. Poss\u00e8de 1050 m\u00e8tres de rivi\u00e8re, signal t\u00e9l\u00e9phonique, faisabilit\u00e9 \u00e9lectrique et acc\u00e8s asphalt\u00e9.","breadcrumb":{"@id":"https:\/\/produncan.cl\/fr\/produit\/campo-rio-rio-blanco\/#breadcrumb"},"inLanguage":"fr-FR","potentialAction":[{"@type":"ReadAction","target":["https:\/\/produncan.cl\/fr\/produit\/campo-rio-rio-blanco\/"]}]},{"@type":"ImageObject","inLanguage":"fr-FR","@id":"https:\/\/produncan.cl\/fr\/produit\/campo-rio-rio-blanco\/#primaryimage","url":"https:\/\/produncan.cl\/wp-content\/uploads\/2022\/05\/Campo-Rio-Blanco-Vendido.webp","contentUrl":"https:\/\/produncan.cl\/wp-content\/uploads\/2022\/05\/Campo-Rio-Blanco-Vendido.webp","width":600,"height":450},{"@type":"BreadcrumbList","@id":"https:\/\/produncan.cl\/fr\/produit\/campo-rio-rio-blanco\/#breadcrumb","itemListElement":[{"@type":"ListItem","position":1,"name":"Inicio","item":"https:\/\/produncan.cl\/fr\/"},{"@type":"ListItem","position":2,"name":"Propri\u00e9t\u00e9s","item":"https:\/\/produncan.cl\/propiedades\/"},{"@type":"ListItem","position":3,"name":"&#8220;Champ 45ha R\u00edo Blanco &#8211; Lac Chapo, Puerto Montt&#8221;"}]},{"@type":"WebSite","@id":"https:\/\/produncan.cl\/fr\/#website","url":"https:\/\/produncan.cl\/fr\/","name":"Produncan","description":"Nous vous accompagnons dans votre projet de vie !","publisher":{"@id":"https:\/\/produncan.cl\/fr\/#organization"},"potentialAction":[{"@type":"SearchAction","target":{"@type":"EntryPoint","urlTemplate":"https:\/\/produncan.cl\/fr\/?s={search_term_string}"},"query-input":{"@type":"PropertyValueSpecification","valueRequired":true,"valueName":"search_term_string"}}],"inLanguage":"fr-FR"},{"@type":"Organization","@id":"https:\/\/produncan.cl\/fr\/#organization","name":"Produncan","url":"https:\/\/produncan.cl\/fr\/","logo":{"@type":"ImageObject","inLanguage":"fr-FR","@id":"https:\/\/produncan.cl\/fr\/#\/schema\/logo\/image\/","url":"https:\/\/produncan.cl\/wp-content\/uploads\/2021\/03\/LOGO.jpeg","contentUrl":"https:\/\/produncan.cl\/wp-content\/uploads\/2021\/03\/LOGO.jpeg","width":1280,"height":903,"caption":"Produncan"},"image":{"@id":"https:\/\/produncan.cl\/fr\/#\/schema\/logo\/image\/"},"sameAs":["https:\/\/web.facebook.com\/produncanland","https:\/\/www.instagram.com\/pro_duncan\/","https:\/\/www.linkedin.com\/company\/produncan-lands\/","https:\/\/www.youtube.com\/channel\/UCu7N-f3x0svkazD-Eew1-QQ"],"description":"En Produncan somos especialistas en la venta de terrenos en el sur de Chile. Proveemos estancias, campos, parcelas y hoteles.","email":"info@produncan.cl"}]},"og_video":"https:\/\/www.youtube.com\/embed\/-glYWvCkntI","og_video_type":"text\/html","og_video_duration":"61","og_video_width":"480","og_video_height":"360","ya_ovs_adult":"false","ya_ovs_upload_date":"2021-05-06T17:40:46+00:00","ya_ovs_allow_embed":"true","product_price_currency":"USD","og_availability":"out of stock","product_availability":"out of stock","product_condition":"new"},"_links":{"self":[{"href":"https:\/\/produncan.cl\/fr\/wp-json\/wp\/v2\/product\/7858","targetHints":{"allow":["GET"]}}],"collection":[{"href":"https:\/\/produncan.cl\/fr\/wp-json\/wp\/v2\/product"}],"about":[{"href":"https:\/\/produncan.cl\/fr\/wp-json\/wp\/v2\/types\/product"}],"version-history":[{"count":0,"href":"https:\/\/produncan.cl\/fr\/wp-json\/wp\/v2\/product\/7858\/revisions"}],"wp:featuredmedia":[{"embeddable":true,"href":"https:\/\/produncan.cl\/fr\/wp-json\/wp\/v2\/media\/5933"}],"wp:attachment":[{"href":"https:\/\/produncan.cl\/fr\/wp-json\/wp\/v2\/media?parent=7858"}],"wp:term":[{"taxonomy":"product_brand","embeddable":true,"href":"https:\/\/produncan.cl\/fr\/wp-json\/wp\/v2\/product_brand?post=7858"},{"taxonomy":"product_cat","embeddable":true,"href":"https:\/\/produncan.cl\/fr\/wp-json\/wp\/v2\/product_cat?post=7858"},{"taxonomy":"product_tag","embeddable":true,"href":"https:\/\/produncan.cl\/fr\/wp-json\/wp\/v2\/product_tag?post=7858"},{"taxonomy":"regiones","embeddable":true,"href":"https:\/\/produncan.cl\/fr\/wp-json\/wp\/v2\/regiones?post=7858"},{"taxonomy":"ciudades","embeddable":true,"href":"https:\/\/produncan.cl\/fr\/wp-json\/wp\/v2\/ciudades?post=7858"}],"curies":[{"name":"wp","href":"https:\/\/api.w.org\/{rel}","templated":true}]}}