{"id":7859,"date":"2022-11-06T13:37:41","date_gmt":"2022-11-06T16:37:41","guid":{"rendered":"https:\/\/produncan.cl\/producto\/camp-putrihue\/"},"modified":"2025-08-19T12:02:28","modified_gmt":"2025-08-19T16:02:28","slug":"campo-putrihue","status":"publish","type":"product","link":"https:\/\/produncan.cl\/fr\/produit\/campo-putrihue\/","title":{"rendered":"Campagne \u00e0 Riachuelo, Osorno &#8211; Putrihue, r\u00e9gion des Lacs"},"content":{"rendered":"\t\t<div data-elementor-type=\"product-post\" data-elementor-id=\"7859\" class=\"elementor elementor-7859 elementor-1626\" data-elementor-post-type=\"product\">\n\t\t\t\t\t\t<section class=\"elementor-section elementor-top-section elementor-element elementor-element-3fcbde91 elementor-section-boxed elementor-section-height-default elementor-section-height-default\" data-id=\"3fcbde91\" data-element_type=\"section\" data-e-type=\"section\" data-settings=\"{&quot;jet_parallax_layout_list&quot;:[]}\">\n\t\t\t\t\t\t<div class=\"elementor-container elementor-column-gap-default\">\n\t\t\t\t\t<div class=\"elementor-column elementor-col-100 elementor-top-column elementor-element elementor-element-568bad23\" data-id=\"568bad23\" data-element_type=\"column\" data-e-type=\"column\">\n\t\t\t<div class=\"elementor-widget-wrap elementor-element-populated\">\n\t\t\t\t\t\t<div class=\"elementor-element elementor-element-1b7b4ee6 elementor-widget elementor-widget-text-editor\" data-id=\"1b7b4ee6\" data-element_type=\"widget\" data-e-type=\"widget\" data-widget_type=\"text-editor.default\">\n\t\t\t\t\t\t\t\t\t<h2>D\u00e9couvrez le charme que Riachuelo a \u00e0 vous offrir !<\/h2><p>Bienvenue \u00e0 Campo Putrihue. Situ\u00e9 pr\u00e8s du village pittoresque de Riachuelo, dans la commune de Rio Negro, province d&#8217;Osorno, Regi\u00f3n de los Lagos.<\/p><p>Le champ a une superficie totale de 17,5 hectares. Elle est s\u00e9par\u00e9e par une route publique qui divise le champ. D&#8217;une part, dans 5 hectares de prairies avec un relief plat et 260mts de berge de ruisseau, et d&#8217;autre part, dans 12,5 hectares de for\u00eat indig\u00e8ne avec une l\u00e9g\u00e8re pente et une belle vue sur la vall\u00e9e.<\/p><p>La route qui traverse la campagne nous m\u00e8ne au secteur de Hueyelhue, \u00e0 Bah\u00eda Mansa et \u00e0 Caleta C\u00f3ndor, connu pour \u00eatre l&#8217;un des endroits les plus attrayants du Chili et dot\u00e9 d&#8217;un immense potentiel de d\u00e9veloppement futur.<\/p><h3>Caract\u00e9ristiques du Camp Putrihue<\/h3><ul><li>Il y a des pyl\u00f4nes \u00e9lectriques Saesa qui traversent la route.<\/li><li>Il existe une APR \u00e0 proximit\u00e9, bien qu&#8217;aucune proc\u00e9dure d&#8217;enregistrement n&#8217;ait \u00e9t\u00e9 effectu\u00e9e, et il n&#8217;y a pas de constructions ant\u00e9rieures.<\/li><li>Le p\u00e9rim\u00e8tre est cl\u00f4tur\u00e9 et pour y acc\u00e9der, vous n&#8217;aurez que 2 kilom\u00e8tres de route en gravier en excellent \u00e9tat.<\/li><\/ul><div> <\/div><p>Auparavant, le champ \u00e9tait utilis\u00e9 pour planter de l&#8217;avoine, \u00e9lever du b\u00e9tail et obtenir du bois de chauffage pour la famille. Le site offre plusieurs possibilit\u00e9s, notamment la construction d&#8217;un parc \u00e9cologique dans les 12,5 hectares de for\u00eat, la construction d&#8217;une auberge avec un espace barbecue pr\u00e8s de l&#8217;estuaire, l&#8217;\u00e9levage de vos propres animaux et un grand espace pour l&#8217;agriculture.<\/p><p><span style=\"color: var( --e-global-color-text ); font-family: var( --e-global-typography-text-font-family ), Sans-serif; font-weight: var( --e-global-typography-text-font-weight );\">Nous vous invitons \u00e0 visiter cet endroit attrayant o\u00f9 vous aurez la possibilit\u00e9 de r\u00e9aliser vos r\u00eaves !<\/span><\/p>\t\t\t\t\t\t\t\t<\/div>\n\t\t\t\t\t<\/div>\n\t\t<\/div>\n\t\t\t\t\t<\/div>\n\t\t<\/section>\n\t\t\t\t<\/div>\n\t\t","protected":false},"excerpt":{"rendered":"<p>Terrain \u00e0 Riachuelo, Osorno, avec une surface totale et plane de prairie et de rivi\u00e8re, ainsi qu&#8217;une for\u00eat indig\u00e8ne. Ligne \u00e9lectrique et bon acc\u00e8s.<\/p>\n","protected":false},"featured_media":5129,"template":"","meta":{"_acf_changed":false},"product_brand":[],"product_cat":[113],"product_tag":[233],"regiones":[226],"ciudades":[217],"class_list":{"0":"post-7859","1":"product","2":"type-product","3":"status-publish","4":"has-post-thumbnail","6":"product_cat-ohiggins-los-lagos-fr","7":"product_tag-champs","8":"regiones-nuble-los_lagos","9":"ciudades-osorno","11":"first","12":"instock","13":"sold-individually","14":"shipping-taxable","15":"purchasable","16":"product-type-simple"},"acf":[],"yoast_head":"<!-- This site is optimized with the Yoast SEO Premium plugin v26.0 (Yoast SEO v27.3) - https:\/\/yoast.com\/product\/yoast-seo-premium-wordpress\/ -->\n<title>Campagne \u00e0 Riachuelo, Osorno - Putrihue, r\u00e9gion des Lacs - Produncan<\/title>\n<meta name=\"description\" content=\"Champ de Putrihue, 17,5 ha pr\u00e8s de Riachuelo, Osorno. Il comprend 5 ha de prairie avec 260 m d&#039;estuaire et 15 ha de for\u00eat indig\u00e8ne en pente douce.\" \/>\n<meta name=\"robots\" content=\"index, follow, max-snippet:-1, max-image-preview:large, max-video-preview:-1\" \/>\n<link rel=\"canonical\" href=\"https:\/\/produncan.cl\/fr\/produit\/campo-putrihue\/\" \/>\n<meta property=\"og:locale\" content=\"fr_FR\" \/>\n<meta property=\"og:type\" content=\"article\" \/>\n<meta property=\"og:title\" content=\"Campagne \u00e0 Riachuelo, Osorno - Putrihue, r\u00e9gion des Lacs\" \/>\n<meta property=\"og:description\" content=\"Champ de Putrihue, 17,5 ha pr\u00e8s de Riachuelo, Osorno. Il comprend 5 ha de prairie avec 260 m d&#039;estuaire et 15 ha de for\u00eat indig\u00e8ne en pente douce.\" \/>\n<meta property=\"og:url\" content=\"https:\/\/produncan.cl\/fr\/produit\/campo-putrihue\/\" \/>\n<meta property=\"og:site_name\" content=\"Produncan\" \/>\n<meta property=\"article:publisher\" content=\"https:\/\/web.facebook.com\/produncanland\" \/>\n<meta property=\"article:modified_time\" content=\"2025-08-19T16:02:28+00:00\" \/>\n<meta property=\"og:image\" content=\"https:\/\/produncan.cl\/wp-content\/uploads\/2022\/05\/Campo-Putrihue-1.webp\" \/>\n\t<meta property=\"og:image:width\" content=\"600\" \/>\n\t<meta property=\"og:image:height\" content=\"450\" \/>\n\t<meta property=\"og:image:type\" content=\"image\/webp\" \/>\n<meta name=\"twitter:card\" content=\"summary_large_image\" \/>\n<meta name=\"twitter:label1\" content=\"Price\" \/>\n\t<meta name=\"twitter:data1\" content=\"USD174.000,00\" \/>\n\t<meta name=\"twitter:label2\" content=\"Availability\" \/>\n\t<meta name=\"twitter:data2\" content=\"In stock\" \/>\n<script type=\"application\/ld+json\" class=\"yoast-schema-graph\">{\"@context\":\"https:\\\/\\\/schema.org\",\"@graph\":[{\"@type\":\"WebPage\",\"@id\":\"https:\\\/\\\/produncan.cl\\\/fr\\\/produit\\\/campo-putrihue\\\/\",\"url\":\"https:\\\/\\\/produncan.cl\\\/fr\\\/produit\\\/campo-putrihue\\\/\",\"name\":\"Campagne \u00e0 Riachuelo, Osorno - Putrihue, r\u00e9gion des Lacs - Produncan\",\"isPartOf\":{\"@id\":\"https:\\\/\\\/produncan.cl\\\/fr\\\/#website\"},\"primaryImageOfPage\":{\"@id\":\"https:\\\/\\\/produncan.cl\\\/fr\\\/produit\\\/campo-putrihue\\\/#primaryimage\"},\"image\":{\"@id\":\"https:\\\/\\\/produncan.cl\\\/fr\\\/produit\\\/campo-putrihue\\\/#primaryimage\"},\"thumbnailUrl\":\"https:\\\/\\\/produncan.cl\\\/wp-content\\\/uploads\\\/2022\\\/05\\\/Campo-Putrihue-1.webp\",\"datePublished\":\"2022-11-06T16:37:41+00:00\",\"dateModified\":\"2025-08-19T16:02:28+00:00\",\"description\":\"Champ de Putrihue, 17,5 ha pr\u00e8s de Riachuelo, Osorno. Il comprend 5 ha de prairie avec 260 m d'estuaire et 15 ha de for\u00eat indig\u00e8ne en pente douce.\",\"breadcrumb\":{\"@id\":\"https:\\\/\\\/produncan.cl\\\/fr\\\/produit\\\/campo-putrihue\\\/#breadcrumb\"},\"inLanguage\":\"fr-FR\",\"potentialAction\":[{\"@type\":\"ReadAction\",\"target\":[\"https:\\\/\\\/produncan.cl\\\/fr\\\/produit\\\/campo-putrihue\\\/\"]}]},{\"@type\":\"ImageObject\",\"inLanguage\":\"fr-FR\",\"@id\":\"https:\\\/\\\/produncan.cl\\\/fr\\\/produit\\\/campo-putrihue\\\/#primaryimage\",\"url\":\"https:\\\/\\\/produncan.cl\\\/wp-content\\\/uploads\\\/2022\\\/05\\\/Campo-Putrihue-1.webp\",\"contentUrl\":\"https:\\\/\\\/produncan.cl\\\/wp-content\\\/uploads\\\/2022\\\/05\\\/Campo-Putrihue-1.webp\",\"width\":600,\"height\":450},{\"@type\":\"BreadcrumbList\",\"@id\":\"https:\\\/\\\/produncan.cl\\\/fr\\\/produit\\\/campo-putrihue\\\/#breadcrumb\",\"itemListElement\":[{\"@type\":\"ListItem\",\"position\":1,\"name\":\"Inicio\",\"item\":\"https:\\\/\\\/produncan.cl\\\/fr\\\/\"},{\"@type\":\"ListItem\",\"position\":2,\"name\":\"Propri\u00e9t\u00e9s\",\"item\":\"https:\\\/\\\/produncan.cl\\\/propiedades\\\/\"},{\"@type\":\"ListItem\",\"position\":3,\"name\":\"Champs\",\"item\":\"https:\\\/\\\/produncan.cl\\\/fr\\\/cat&eacute;gorie\\\/champs\\\/\"},{\"@type\":\"ListItem\",\"position\":4,\"name\":\"Campagne \u00e0 Riachuelo, Osorno &#8211; Putrihue, r\u00e9gion des Lacs\"}]},{\"@type\":\"WebSite\",\"@id\":\"https:\\\/\\\/produncan.cl\\\/fr\\\/#website\",\"url\":\"https:\\\/\\\/produncan.cl\\\/fr\\\/\",\"name\":\"Produncan\",\"description\":\"Nous vous accompagnons dans votre projet de vie !\",\"publisher\":{\"@id\":\"https:\\\/\\\/produncan.cl\\\/fr\\\/#organization\"},\"potentialAction\":[{\"@type\":\"SearchAction\",\"target\":{\"@type\":\"EntryPoint\",\"urlTemplate\":\"https:\\\/\\\/produncan.cl\\\/fr\\\/?s={search_term_string}\"},\"query-input\":{\"@type\":\"PropertyValueSpecification\",\"valueRequired\":true,\"valueName\":\"search_term_string\"}}],\"inLanguage\":\"fr-FR\"},{\"@type\":\"Organization\",\"@id\":\"https:\\\/\\\/produncan.cl\\\/fr\\\/#organization\",\"name\":\"Produncan\",\"url\":\"https:\\\/\\\/produncan.cl\\\/fr\\\/\",\"logo\":{\"@type\":\"ImageObject\",\"inLanguage\":\"fr-FR\",\"@id\":\"https:\\\/\\\/produncan.cl\\\/fr\\\/#\\\/schema\\\/logo\\\/image\\\/\",\"url\":\"https:\\\/\\\/produncan.cl\\\/wp-content\\\/uploads\\\/2021\\\/03\\\/LOGO.jpeg\",\"contentUrl\":\"https:\\\/\\\/produncan.cl\\\/wp-content\\\/uploads\\\/2021\\\/03\\\/LOGO.jpeg\",\"width\":1280,\"height\":903,\"caption\":\"Produncan\"},\"image\":{\"@id\":\"https:\\\/\\\/produncan.cl\\\/fr\\\/#\\\/schema\\\/logo\\\/image\\\/\"},\"sameAs\":[\"https:\\\/\\\/web.facebook.com\\\/produncanland\",\"https:\\\/\\\/www.instagram.com\\\/pro_duncan\\\/\",\"https:\\\/\\\/www.linkedin.com\\\/company\\\/produncan-lands\\\/\",\"https:\\\/\\\/www.youtube.com\\\/channel\\\/UCu7N-f3x0svkazD-Eew1-QQ\"],\"description\":\"En Produncan somos especialistas en la venta de terrenos en el sur de Chile. Proveemos estancias, campos, parcelas y hoteles.\",\"email\":\"info@produncan.cl\"}]}<\/script>\n<meta property=\"og:video\" content=\"https:\/\/www.youtube.com\/embed\/qzIIC7xCYmI\" \/>\n<meta property=\"og:video:type\" content=\"text\/html\" \/>\n<meta property=\"og:video:duration\" content=\"61\" \/>\n<meta property=\"og:video:width\" content=\"480\" \/>\n<meta property=\"og:video:height\" content=\"360\" \/>\n<meta property=\"ya:ovs:adult\" content=\"false\" \/>\n<meta property=\"ya:ovs:upload_date\" content=\"2022-11-06T16:37:41+00:00\" \/>\n<meta property=\"ya:ovs:allow_embed\" content=\"true\" \/>\n<meta property=\"product:price:amount\" content=\"174000.00\" \/>\n<meta property=\"product:price:currency\" content=\"USD\" \/>\n<meta property=\"og:availability\" content=\"instock\" \/>\n<meta property=\"product:availability\" content=\"instock\" \/>\n<meta property=\"product:condition\" content=\"new\" \/>\n<!-- \/ Yoast SEO Premium plugin. -->","yoast_head_json":{"title":"Campagne \u00e0 Riachuelo, Osorno - Putrihue, r\u00e9gion des Lacs - Produncan","description":"Champ de Putrihue, 17,5 ha pr\u00e8s de Riachuelo, Osorno. Il comprend 5 ha de prairie avec 260 m d'estuaire et 15 ha de for\u00eat indig\u00e8ne en pente douce.","robots":{"index":"index","follow":"follow","max-snippet":"max-snippet:-1","max-image-preview":"max-image-preview:large","max-video-preview":"max-video-preview:-1"},"canonical":"https:\/\/produncan.cl\/fr\/produit\/campo-putrihue\/","og_locale":"fr_FR","og_type":"article","og_title":"Campagne \u00e0 Riachuelo, Osorno - Putrihue, r\u00e9gion des Lacs","og_description":"Champ de Putrihue, 17,5 ha pr\u00e8s de Riachuelo, Osorno. Il comprend 5 ha de prairie avec 260 m d'estuaire et 15 ha de for\u00eat indig\u00e8ne en pente douce.","og_url":"https:\/\/produncan.cl\/fr\/produit\/campo-putrihue\/","og_site_name":"Produncan","article_publisher":"https:\/\/web.facebook.com\/produncanland","article_modified_time":"2025-08-19T16:02:28+00:00","og_image":[{"width":600,"height":450,"url":"https:\/\/produncan.cl\/wp-content\/uploads\/2022\/05\/Campo-Putrihue-1.webp","type":"image\/webp"}],"twitter_card":"summary_large_image","twitter_misc":{"Price":"USD174.000,00","Availability":"In stock"},"schema":{"@context":"https:\/\/schema.org","@graph":[{"@type":"WebPage","@id":"https:\/\/produncan.cl\/fr\/produit\/campo-putrihue\/","url":"https:\/\/produncan.cl\/fr\/produit\/campo-putrihue\/","name":"Campagne \u00e0 Riachuelo, Osorno - Putrihue, r\u00e9gion des Lacs - Produncan","isPartOf":{"@id":"https:\/\/produncan.cl\/fr\/#website"},"primaryImageOfPage":{"@id":"https:\/\/produncan.cl\/fr\/produit\/campo-putrihue\/#primaryimage"},"image":{"@id":"https:\/\/produncan.cl\/fr\/produit\/campo-putrihue\/#primaryimage"},"thumbnailUrl":"https:\/\/produncan.cl\/wp-content\/uploads\/2022\/05\/Campo-Putrihue-1.webp","datePublished":"2022-11-06T16:37:41+00:00","dateModified":"2025-08-19T16:02:28+00:00","description":"Champ de Putrihue, 17,5 ha pr\u00e8s de Riachuelo, Osorno. Il comprend 5 ha de prairie avec 260 m d'estuaire et 15 ha de for\u00eat indig\u00e8ne en pente douce.","breadcrumb":{"@id":"https:\/\/produncan.cl\/fr\/produit\/campo-putrihue\/#breadcrumb"},"inLanguage":"fr-FR","potentialAction":[{"@type":"ReadAction","target":["https:\/\/produncan.cl\/fr\/produit\/campo-putrihue\/"]}]},{"@type":"ImageObject","inLanguage":"fr-FR","@id":"https:\/\/produncan.cl\/fr\/produit\/campo-putrihue\/#primaryimage","url":"https:\/\/produncan.cl\/wp-content\/uploads\/2022\/05\/Campo-Putrihue-1.webp","contentUrl":"https:\/\/produncan.cl\/wp-content\/uploads\/2022\/05\/Campo-Putrihue-1.webp","width":600,"height":450},{"@type":"BreadcrumbList","@id":"https:\/\/produncan.cl\/fr\/produit\/campo-putrihue\/#breadcrumb","itemListElement":[{"@type":"ListItem","position":1,"name":"Inicio","item":"https:\/\/produncan.cl\/fr\/"},{"@type":"ListItem","position":2,"name":"Propri\u00e9t\u00e9s","item":"https:\/\/produncan.cl\/propiedades\/"},{"@type":"ListItem","position":3,"name":"Champs","item":"https:\/\/produncan.cl\/fr\/cat&eacute;gorie\/champs\/"},{"@type":"ListItem","position":4,"name":"Campagne \u00e0 Riachuelo, Osorno &#8211; Putrihue, r\u00e9gion des Lacs"}]},{"@type":"WebSite","@id":"https:\/\/produncan.cl\/fr\/#website","url":"https:\/\/produncan.cl\/fr\/","name":"Produncan","description":"Nous vous accompagnons dans votre projet de vie !","publisher":{"@id":"https:\/\/produncan.cl\/fr\/#organization"},"potentialAction":[{"@type":"SearchAction","target":{"@type":"EntryPoint","urlTemplate":"https:\/\/produncan.cl\/fr\/?s={search_term_string}"},"query-input":{"@type":"PropertyValueSpecification","valueRequired":true,"valueName":"search_term_string"}}],"inLanguage":"fr-FR"},{"@type":"Organization","@id":"https:\/\/produncan.cl\/fr\/#organization","name":"Produncan","url":"https:\/\/produncan.cl\/fr\/","logo":{"@type":"ImageObject","inLanguage":"fr-FR","@id":"https:\/\/produncan.cl\/fr\/#\/schema\/logo\/image\/","url":"https:\/\/produncan.cl\/wp-content\/uploads\/2021\/03\/LOGO.jpeg","contentUrl":"https:\/\/produncan.cl\/wp-content\/uploads\/2021\/03\/LOGO.jpeg","width":1280,"height":903,"caption":"Produncan"},"image":{"@id":"https:\/\/produncan.cl\/fr\/#\/schema\/logo\/image\/"},"sameAs":["https:\/\/web.facebook.com\/produncanland","https:\/\/www.instagram.com\/pro_duncan\/","https:\/\/www.linkedin.com\/company\/produncan-lands\/","https:\/\/www.youtube.com\/channel\/UCu7N-f3x0svkazD-Eew1-QQ"],"description":"En Produncan somos especialistas en la venta de terrenos en el sur de Chile. Proveemos estancias, campos, parcelas y hoteles.","email":"info@produncan.cl"}]},"og_video":"https:\/\/www.youtube.com\/embed\/qzIIC7xCYmI","og_video_type":"text\/html","og_video_duration":"61","og_video_width":"480","og_video_height":"360","ya_ovs_adult":"false","ya_ovs_upload_date":"2022-11-06T16:37:41+00:00","ya_ovs_allow_embed":"true","product_price_amount":"174000.00","product_price_currency":"USD","og_availability":"instock","product_availability":"instock","product_condition":"new"},"_links":{"self":[{"href":"https:\/\/produncan.cl\/fr\/wp-json\/wp\/v2\/product\/7859","targetHints":{"allow":["GET"]}}],"collection":[{"href":"https:\/\/produncan.cl\/fr\/wp-json\/wp\/v2\/product"}],"about":[{"href":"https:\/\/produncan.cl\/fr\/wp-json\/wp\/v2\/types\/product"}],"version-history":[{"count":0,"href":"https:\/\/produncan.cl\/fr\/wp-json\/wp\/v2\/product\/7859\/revisions"}],"wp:featuredmedia":[{"embeddable":true,"href":"https:\/\/produncan.cl\/fr\/wp-json\/wp\/v2\/media\/5129"}],"wp:attachment":[{"href":"https:\/\/produncan.cl\/fr\/wp-json\/wp\/v2\/media?parent=7859"}],"wp:term":[{"taxonomy":"product_brand","embeddable":true,"href":"https:\/\/produncan.cl\/fr\/wp-json\/wp\/v2\/product_brand?post=7859"},{"taxonomy":"product_cat","embeddable":true,"href":"https:\/\/produncan.cl\/fr\/wp-json\/wp\/v2\/product_cat?post=7859"},{"taxonomy":"product_tag","embeddable":true,"href":"https:\/\/produncan.cl\/fr\/wp-json\/wp\/v2\/product_tag?post=7859"},{"taxonomy":"regiones","embeddable":true,"href":"https:\/\/produncan.cl\/fr\/wp-json\/wp\/v2\/regiones?post=7859"},{"taxonomy":"ciudades","embeddable":true,"href":"https:\/\/produncan.cl\/fr\/wp-json\/wp\/v2\/ciudades?post=7859"}],"curies":[{"name":"wp","href":"https:\/\/api.w.org\/{rel}","templated":true}]}}