{"id":7861,"date":"2021-05-06T13:34:07","date_gmt":"2021-05-06T17:34:07","guid":{"rendered":"https:\/\/produncan.cl\/producto\/camp-bellavista\/"},"modified":"2025-08-07T16:52:42","modified_gmt":"2025-08-07T20:52:42","slug":"campo-bellavista","status":"publish","type":"product","link":"https:\/\/produncan.cl\/fr\/produit\/campo-bellavista\/","title":{"rendered":"&#8220;Champ 16,5ha Bellavista &#8211; R\u00e9gion des Lacs&#8221;"},"content":{"rendered":"<p>&#8220;`html<br \/>\n<span style=\"color: #fb1212;\"><a style=\"color: #fb1212;\" href=\"https:\/\/www.instagram.com\/tv\/CYWtRIhlKLx\/?hl=es-la\">VOIR LA VID\u00c9O SUR INSTAGRAM<\/a><\/span><\/p>\n<h2>Venez dans un Magnifique Champ \u00e0 Osorno de 16,5ha avec de Multiples Possibilit\u00e9s de D\u00e9veloppement !<\/h2>\n<p>Le champ Bellavista se trouve \u00e0 seulement 20 minutes au nord d&#8217;Osorno, en direction du magnifique secteur de Trumao, Rio Bueno. Il dispose d&#8217;\u00e9lectricit\u00e9, d&#8217;eau de puits, d&#8217;un tr\u00e8s bon signal et d&#8217;un acc\u00e8s avec seulement 6 km de gravier en tr\u00e8s bon \u00e9tat, qui, \u00e0 l&#8217;\u00e9t\u00e9 2022, devrait \u00eatre enti\u00e8rement pav\u00e9.<\/p>\n<p>La propri\u00e9t\u00e9 poss\u00e8de une maison de 80m2 sur deux \u00e9tages, un salon-salle \u00e0 manger, une cuisine ouverte, 4 chambres, une salle de bain, un hangar de 48m2 et un verger de 45m2, tout fonctionnant.<\/p>\n<p>La partie haute du champ, correspondant \u00e0 environ 6,1 hectares et r\u00e9cemment ensemenc\u00e9e, a un relief plat et est id\u00e9ale pour l&#8217;agriculture. Le secteur est bord\u00e9 sur 500 m\u00e8tres par le chemin rural, s\u00e9par\u00e9 par une ligne de pins de l&#8217;Oregon.<\/p>\n<p>Ensuite, la partie m\u00e9diane du champ, d&#8217;environ 7,7 hectares, poss\u00e8de une prairie avec une l\u00e9g\u00e8re pente, offrant une belle vue sur la vall\u00e9e.<\/p>\n<p>Ce secteur comprend :<\/p>\n<ul>\n<li>Arbres indig\u00e8nes (laurier, ch\u00e2taignier, hualle et saule)<\/li>\n<li>Un bosquet (cerisiers, pommiers et pruniers)<\/li>\n<li>Un ruisseau et un petit puits de ballast pour obtenir du gravier et du maicillo<\/li>\n<\/ul>\n<p>L&#8217;endroit permettrait le d\u00e9veloppement de maisons avec une belle vue.<\/p>\n<p>Enfin, la partie basse du champ, d&#8217;environ 2,7 hectares, est bord\u00e9e sur 86 m\u00e8tres par une rivi\u00e8re, o\u00f9 vous pourrez r\u00e9colter des crevettes et p\u00eacher des saumons et des truites. Le relief du secteur est plat et devient une prairie humide pendant le mois de juin, permettant tout au long de l&#8217;ann\u00e9e la cr\u00e9ation d&#8217;un \u00e9cosyst\u00e8me et d&#8217;une alimentation spectaculaire pour l&#8217;\u00e9levage et l&#8217;\u00e9levage de chevaux, avec beaucoup de ray-grass, de menthe pouliot et de tr\u00e8fle.<\/p>\n<p>Le champ paie des contributions d&#8217;environ 65 000 pesos tous les deux mois.<br \/>\nLa maison poss\u00e8de du pin insigne \u00e0 l&#8217;ext\u00e9rieur, du pell\u00edn \u00e0 l&#8217;int\u00e9rieur et des sols en pin. Le hangar a un abri pour moutons.<\/p>\n<p>D\u00c9COUVREZ TOUTES LES ALTERNATIVES DE D\u00c9VELOPPEMENT DU CHAMP PUTRIHUE \u00c0 PROXIMIT\u00c9 D&#8217;OSORNO ! CONTACTEZ-NOUS, NOUS VOUS ATTENDONS !<br \/>\n&#8220;`<\/p>\n","protected":false},"excerpt":{"rendered":"<p>&#8220;Champ \u00e0 20 minutes au nord d&#8217;Osorno. Maison, hangar, bord de rivi\u00e8re, natifs.&#8221;<\/p>\n","protected":false},"featured_media":7077,"template":"","meta":{"_acf_changed":false},"product_brand":[],"product_cat":[113],"product_tag":[],"regiones":[226],"ciudades":[],"class_list":{"0":"post-7861","1":"product","2":"type-product","3":"status-publish","4":"has-post-thumbnail","6":"product_cat-ohiggins-los-lagos-fr","7":"regiones-nuble-los_lagos","9":"first","10":"outofstock","11":"sold-individually","12":"shipping-taxable","13":"product-type-simple"},"acf":[],"yoast_head":"<!-- This site is optimized with the Yoast SEO Premium plugin v26.0 (Yoast SEO v27.4) - https:\/\/yoast.com\/product\/yoast-seo-premium-wordpress\/ -->\n<title>&quot;Campo Bellavista - R\u00e9gion des Lacs - Produncan&quot;<\/title>\n<meta name=\"description\" content=\"&quot;Campo Bellavista, 16,5ha \u00e0 20 minutes au nord d&#039;Osorno avec de multiples possibilit\u00e9s de d\u00e9veloppement. Avec maison, hangar, verger et bord de rivi\u00e8re&quot;\" \/>\n<meta name=\"robots\" content=\"index, follow, max-snippet:-1, max-image-preview:large, max-video-preview:-1\" \/>\n<link rel=\"canonical\" href=\"https:\/\/produncan.cl\/fr\/produit\/campo-bellavista\/\" \/>\n<meta property=\"og:locale\" content=\"fr_FR\" \/>\n<meta property=\"og:type\" content=\"article\" \/>\n<meta property=\"og:title\" content=\"&quot;Champ 16,5ha Bellavista - R\u00e9gion des Lacs&quot;\" \/>\n<meta property=\"og:description\" content=\"&quot;Campo Bellavista, 16,5ha \u00e0 20 minutes au nord d&#039;Osorno avec de multiples possibilit\u00e9s de d\u00e9veloppement. Avec maison, hangar, verger et bord de rivi\u00e8re&quot;\" \/>\n<meta property=\"og:url\" content=\"https:\/\/produncan.cl\/fr\/produit\/campo-bellavista\/\" \/>\n<meta property=\"og:site_name\" content=\"Produncan\" \/>\n<meta property=\"article:publisher\" content=\"https:\/\/web.facebook.com\/produncanland\" \/>\n<meta property=\"article:modified_time\" content=\"2025-08-07T20:52:42+00:00\" \/>\n<meta property=\"og:image\" content=\"https:\/\/produncan.cl\/wp-content\/uploads\/2022\/05\/Bellavista-Vendido.webp\" \/>\n\t<meta property=\"og:image:width\" content=\"600\" \/>\n\t<meta property=\"og:image:height\" content=\"450\" \/>\n\t<meta property=\"og:image:type\" content=\"image\/webp\" \/>\n<meta name=\"twitter:card\" content=\"summary_large_image\" \/>\n<meta name=\"twitter:label1\" content=\"Price\" \/>\n\t<meta name=\"twitter:data1\" content=\"\" \/>\n\t<meta name=\"twitter:label2\" content=\"Availability\" \/>\n\t<meta name=\"twitter:data2\" content=\"Out of stock\" \/>\n<script type=\"application\/ld+json\" class=\"yoast-schema-graph\">{\"@context\":\"https:\\\/\\\/schema.org\",\"@graph\":[{\"@type\":\"WebPage\",\"@id\":\"https:\\\/\\\/produncan.cl\\\/fr\\\/produit\\\/campo-bellavista\\\/\",\"url\":\"https:\\\/\\\/produncan.cl\\\/fr\\\/produit\\\/campo-bellavista\\\/\",\"name\":\"\\\"Campo Bellavista - R\u00e9gion des Lacs - Produncan\\\"\",\"isPartOf\":{\"@id\":\"https:\\\/\\\/produncan.cl\\\/fr\\\/#website\"},\"primaryImageOfPage\":{\"@id\":\"https:\\\/\\\/produncan.cl\\\/fr\\\/produit\\\/campo-bellavista\\\/#primaryimage\"},\"image\":{\"@id\":\"https:\\\/\\\/produncan.cl\\\/fr\\\/produit\\\/campo-bellavista\\\/#primaryimage\"},\"thumbnailUrl\":\"https:\\\/\\\/produncan.cl\\\/wp-content\\\/uploads\\\/2022\\\/05\\\/Bellavista-Vendido.webp\",\"datePublished\":\"2021-05-06T17:34:07+00:00\",\"dateModified\":\"2025-08-07T20:52:42+00:00\",\"description\":\"\\\"Campo Bellavista, 16,5ha \u00e0 20 minutes au nord d'Osorno avec de multiples possibilit\u00e9s de d\u00e9veloppement. Avec maison, hangar, verger et bord de rivi\u00e8re\\\"\",\"breadcrumb\":{\"@id\":\"https:\\\/\\\/produncan.cl\\\/fr\\\/produit\\\/campo-bellavista\\\/#breadcrumb\"},\"inLanguage\":\"fr-FR\",\"potentialAction\":[{\"@type\":\"ReadAction\",\"target\":[\"https:\\\/\\\/produncan.cl\\\/fr\\\/produit\\\/campo-bellavista\\\/\"]}]},{\"@type\":\"ImageObject\",\"inLanguage\":\"fr-FR\",\"@id\":\"https:\\\/\\\/produncan.cl\\\/fr\\\/produit\\\/campo-bellavista\\\/#primaryimage\",\"url\":\"https:\\\/\\\/produncan.cl\\\/wp-content\\\/uploads\\\/2022\\\/05\\\/Bellavista-Vendido.webp\",\"contentUrl\":\"https:\\\/\\\/produncan.cl\\\/wp-content\\\/uploads\\\/2022\\\/05\\\/Bellavista-Vendido.webp\",\"width\":600,\"height\":450},{\"@type\":\"BreadcrumbList\",\"@id\":\"https:\\\/\\\/produncan.cl\\\/fr\\\/produit\\\/campo-bellavista\\\/#breadcrumb\",\"itemListElement\":[{\"@type\":\"ListItem\",\"position\":1,\"name\":\"Inicio\",\"item\":\"https:\\\/\\\/produncan.cl\\\/fr\\\/\"},{\"@type\":\"ListItem\",\"position\":2,\"name\":\"Propri\u00e9t\u00e9s\",\"item\":\"https:\\\/\\\/produncan.cl\\\/propiedades\\\/\"},{\"@type\":\"ListItem\",\"position\":3,\"name\":\"&#8220;Champ 16,5ha Bellavista &#8211; R\u00e9gion des Lacs&#8221;\"}]},{\"@type\":\"WebSite\",\"@id\":\"https:\\\/\\\/produncan.cl\\\/fr\\\/#website\",\"url\":\"https:\\\/\\\/produncan.cl\\\/fr\\\/\",\"name\":\"Produncan\",\"description\":\"Nous vous accompagnons dans votre projet de vie !\",\"publisher\":{\"@id\":\"https:\\\/\\\/produncan.cl\\\/fr\\\/#organization\"},\"potentialAction\":[{\"@type\":\"SearchAction\",\"target\":{\"@type\":\"EntryPoint\",\"urlTemplate\":\"https:\\\/\\\/produncan.cl\\\/fr\\\/?s={search_term_string}\"},\"query-input\":{\"@type\":\"PropertyValueSpecification\",\"valueRequired\":true,\"valueName\":\"search_term_string\"}}],\"inLanguage\":\"fr-FR\"},{\"@type\":\"Organization\",\"@id\":\"https:\\\/\\\/produncan.cl\\\/fr\\\/#organization\",\"name\":\"Produncan\",\"url\":\"https:\\\/\\\/produncan.cl\\\/fr\\\/\",\"logo\":{\"@type\":\"ImageObject\",\"inLanguage\":\"fr-FR\",\"@id\":\"https:\\\/\\\/produncan.cl\\\/fr\\\/#\\\/schema\\\/logo\\\/image\\\/\",\"url\":\"https:\\\/\\\/produncan.cl\\\/wp-content\\\/uploads\\\/2021\\\/03\\\/LOGO.jpeg\",\"contentUrl\":\"https:\\\/\\\/produncan.cl\\\/wp-content\\\/uploads\\\/2021\\\/03\\\/LOGO.jpeg\",\"width\":1280,\"height\":903,\"caption\":\"Produncan\"},\"image\":{\"@id\":\"https:\\\/\\\/produncan.cl\\\/fr\\\/#\\\/schema\\\/logo\\\/image\\\/\"},\"sameAs\":[\"https:\\\/\\\/web.facebook.com\\\/produncanland\",\"https:\\\/\\\/www.instagram.com\\\/pro_duncan\\\/\",\"https:\\\/\\\/www.linkedin.com\\\/company\\\/produncan-lands\\\/\",\"https:\\\/\\\/www.youtube.com\\\/channel\\\/UCu7N-f3x0svkazD-Eew1-QQ\"],\"description\":\"En Produncan somos especialistas en la venta de terrenos en el sur de Chile. Proveemos estancias, campos, parcelas y hoteles.\",\"email\":\"info@produncan.cl\"}]}<\/script>\n<meta property=\"og:video\" content=\"https:\/\/www.youtube.com\/embed\/UaDTG4qF13c\" \/>\n<meta property=\"og:video:type\" content=\"text\/html\" \/>\n<meta property=\"og:video:duration\" content=\"292\" \/>\n<meta property=\"og:video:width\" content=\"480\" \/>\n<meta property=\"og:video:height\" content=\"360\" \/>\n<meta property=\"ya:ovs:adult\" content=\"false\" \/>\n<meta property=\"ya:ovs:upload_date\" content=\"2021-05-06T17:34:07+00:00\" \/>\n<meta property=\"ya:ovs:allow_embed\" content=\"true\" \/>\n<meta property=\"product:price:currency\" content=\"USD\" \/>\n<meta property=\"og:availability\" content=\"out of stock\" \/>\n<meta property=\"product:availability\" content=\"out of stock\" \/>\n<meta property=\"product:condition\" content=\"new\" \/>\n<!-- \/ Yoast SEO Premium plugin. -->","yoast_head_json":{"title":"\"Campo Bellavista - R\u00e9gion des Lacs - Produncan\"","description":"\"Campo Bellavista, 16,5ha \u00e0 20 minutes au nord d'Osorno avec de multiples possibilit\u00e9s de d\u00e9veloppement. Avec maison, hangar, verger et bord de rivi\u00e8re\"","robots":{"index":"index","follow":"follow","max-snippet":"max-snippet:-1","max-image-preview":"max-image-preview:large","max-video-preview":"max-video-preview:-1"},"canonical":"https:\/\/produncan.cl\/fr\/produit\/campo-bellavista\/","og_locale":"fr_FR","og_type":"article","og_title":"\"Champ 16,5ha Bellavista - R\u00e9gion des Lacs\"","og_description":"\"Campo Bellavista, 16,5ha \u00e0 20 minutes au nord d'Osorno avec de multiples possibilit\u00e9s de d\u00e9veloppement. Avec maison, hangar, verger et bord de rivi\u00e8re\"","og_url":"https:\/\/produncan.cl\/fr\/produit\/campo-bellavista\/","og_site_name":"Produncan","article_publisher":"https:\/\/web.facebook.com\/produncanland","article_modified_time":"2025-08-07T20:52:42+00:00","og_image":[{"width":600,"height":450,"url":"https:\/\/produncan.cl\/wp-content\/uploads\/2022\/05\/Bellavista-Vendido.webp","type":"image\/webp"}],"twitter_card":"summary_large_image","twitter_misc":{"Price":"","Availability":"Out of stock"},"schema":{"@context":"https:\/\/schema.org","@graph":[{"@type":"WebPage","@id":"https:\/\/produncan.cl\/fr\/produit\/campo-bellavista\/","url":"https:\/\/produncan.cl\/fr\/produit\/campo-bellavista\/","name":"\"Campo Bellavista - R\u00e9gion des Lacs - Produncan\"","isPartOf":{"@id":"https:\/\/produncan.cl\/fr\/#website"},"primaryImageOfPage":{"@id":"https:\/\/produncan.cl\/fr\/produit\/campo-bellavista\/#primaryimage"},"image":{"@id":"https:\/\/produncan.cl\/fr\/produit\/campo-bellavista\/#primaryimage"},"thumbnailUrl":"https:\/\/produncan.cl\/wp-content\/uploads\/2022\/05\/Bellavista-Vendido.webp","datePublished":"2021-05-06T17:34:07+00:00","dateModified":"2025-08-07T20:52:42+00:00","description":"\"Campo Bellavista, 16,5ha \u00e0 20 minutes au nord d'Osorno avec de multiples possibilit\u00e9s de d\u00e9veloppement. Avec maison, hangar, verger et bord de rivi\u00e8re\"","breadcrumb":{"@id":"https:\/\/produncan.cl\/fr\/produit\/campo-bellavista\/#breadcrumb"},"inLanguage":"fr-FR","potentialAction":[{"@type":"ReadAction","target":["https:\/\/produncan.cl\/fr\/produit\/campo-bellavista\/"]}]},{"@type":"ImageObject","inLanguage":"fr-FR","@id":"https:\/\/produncan.cl\/fr\/produit\/campo-bellavista\/#primaryimage","url":"https:\/\/produncan.cl\/wp-content\/uploads\/2022\/05\/Bellavista-Vendido.webp","contentUrl":"https:\/\/produncan.cl\/wp-content\/uploads\/2022\/05\/Bellavista-Vendido.webp","width":600,"height":450},{"@type":"BreadcrumbList","@id":"https:\/\/produncan.cl\/fr\/produit\/campo-bellavista\/#breadcrumb","itemListElement":[{"@type":"ListItem","position":1,"name":"Inicio","item":"https:\/\/produncan.cl\/fr\/"},{"@type":"ListItem","position":2,"name":"Propri\u00e9t\u00e9s","item":"https:\/\/produncan.cl\/propiedades\/"},{"@type":"ListItem","position":3,"name":"&#8220;Champ 16,5ha Bellavista &#8211; R\u00e9gion des Lacs&#8221;"}]},{"@type":"WebSite","@id":"https:\/\/produncan.cl\/fr\/#website","url":"https:\/\/produncan.cl\/fr\/","name":"Produncan","description":"Nous vous accompagnons dans votre projet de vie !","publisher":{"@id":"https:\/\/produncan.cl\/fr\/#organization"},"potentialAction":[{"@type":"SearchAction","target":{"@type":"EntryPoint","urlTemplate":"https:\/\/produncan.cl\/fr\/?s={search_term_string}"},"query-input":{"@type":"PropertyValueSpecification","valueRequired":true,"valueName":"search_term_string"}}],"inLanguage":"fr-FR"},{"@type":"Organization","@id":"https:\/\/produncan.cl\/fr\/#organization","name":"Produncan","url":"https:\/\/produncan.cl\/fr\/","logo":{"@type":"ImageObject","inLanguage":"fr-FR","@id":"https:\/\/produncan.cl\/fr\/#\/schema\/logo\/image\/","url":"https:\/\/produncan.cl\/wp-content\/uploads\/2021\/03\/LOGO.jpeg","contentUrl":"https:\/\/produncan.cl\/wp-content\/uploads\/2021\/03\/LOGO.jpeg","width":1280,"height":903,"caption":"Produncan"},"image":{"@id":"https:\/\/produncan.cl\/fr\/#\/schema\/logo\/image\/"},"sameAs":["https:\/\/web.facebook.com\/produncanland","https:\/\/www.instagram.com\/pro_duncan\/","https:\/\/www.linkedin.com\/company\/produncan-lands\/","https:\/\/www.youtube.com\/channel\/UCu7N-f3x0svkazD-Eew1-QQ"],"description":"En Produncan somos especialistas en la venta de terrenos en el sur de Chile. Proveemos estancias, campos, parcelas y hoteles.","email":"info@produncan.cl"}]},"og_video":"https:\/\/www.youtube.com\/embed\/UaDTG4qF13c","og_video_type":"text\/html","og_video_duration":"292","og_video_width":"480","og_video_height":"360","ya_ovs_adult":"false","ya_ovs_upload_date":"2021-05-06T17:34:07+00:00","ya_ovs_allow_embed":"true","product_price_currency":"USD","og_availability":"out of stock","product_availability":"out of stock","product_condition":"new"},"_links":{"self":[{"href":"https:\/\/produncan.cl\/fr\/wp-json\/wp\/v2\/product\/7861","targetHints":{"allow":["GET"]}}],"collection":[{"href":"https:\/\/produncan.cl\/fr\/wp-json\/wp\/v2\/product"}],"about":[{"href":"https:\/\/produncan.cl\/fr\/wp-json\/wp\/v2\/types\/product"}],"version-history":[{"count":0,"href":"https:\/\/produncan.cl\/fr\/wp-json\/wp\/v2\/product\/7861\/revisions"}],"wp:featuredmedia":[{"embeddable":true,"href":"https:\/\/produncan.cl\/fr\/wp-json\/wp\/v2\/media\/7077"}],"wp:attachment":[{"href":"https:\/\/produncan.cl\/fr\/wp-json\/wp\/v2\/media?parent=7861"}],"wp:term":[{"taxonomy":"product_brand","embeddable":true,"href":"https:\/\/produncan.cl\/fr\/wp-json\/wp\/v2\/product_brand?post=7861"},{"taxonomy":"product_cat","embeddable":true,"href":"https:\/\/produncan.cl\/fr\/wp-json\/wp\/v2\/product_cat?post=7861"},{"taxonomy":"product_tag","embeddable":true,"href":"https:\/\/produncan.cl\/fr\/wp-json\/wp\/v2\/product_tag?post=7861"},{"taxonomy":"regiones","embeddable":true,"href":"https:\/\/produncan.cl\/fr\/wp-json\/wp\/v2\/regiones?post=7861"},{"taxonomy":"ciudades","embeddable":true,"href":"https:\/\/produncan.cl\/fr\/wp-json\/wp\/v2\/ciudades?post=7861"}],"curies":[{"name":"wp","href":"https:\/\/api.w.org\/{rel}","templated":true}]}}