{"id":7862,"date":"2021-05-06T13:32:46","date_gmt":"2021-05-06T17:32:46","guid":{"rendered":"https:\/\/produncan.cl\/producto\/parcela-los-rulos\/"},"modified":"2025-08-07T17:52:33","modified_gmt":"2025-08-07T21:52:33","slug":"les-colis-les-rulos","status":"publish","type":"product","link":"https:\/\/produncan.cl\/fr\/produit\/les-colis-les-rulos\/","title":{"rendered":"Parcela Los Rulos &#8211; Calbuco, Los Lagos"},"content":{"rendered":"<p><span style=\"color: #fb1212;\"><a style=\"color: #fb1212;\" href=\"https:\/\/www.instagram.com\/tv\/CXzGB3alNNQ\/?hl=es-la\">REGARDER LA VID\u00c9O SUR INSTAGRAM<\/a><\/span><\/p>\n<h2>Passez vos meilleures ann\u00e9es avec la meilleure vue sur ce terrain \u00e0 Calbuco !<\/h2>\n<p>C&#8217;est une excellente occasion de s&#8217;installer sur un terrain \u00e0 Calbuco avec un bon acc\u00e8s, une belle vue, une maison \u00e0 moiti\u00e9 termin\u00e9e et \u00e0 un bon prix !<\/p>\n<p>Le terrain est situ\u00e9 dans la zone de Los Rulos, dans la province de Llanquihue, \u00e0 40 minutes de la ville de Puerto Montt, sur la route de Chilo\u00e9.<\/p>\n<p>L&#8217;endroit dispose d&#8217;\u00e9lectricit\u00e9 monophas\u00e9e, il est inscrit au syst\u00e8me rural d&#8217;eau potable, il y a un bon signal de t\u00e9l\u00e9communications et des transports vers Calbuco et Puerto Montt.<\/p>\n<p>Le terrain est principalement ouvert, avec des prairies en pente douce et un p\u00e9rim\u00e8tre cl\u00f4tur\u00e9.<\/p>\n<p>La maison de 55M2, orient\u00e9e \u00e0 l&#8217;est et \u00e0 moiti\u00e9 termin\u00e9e, a une architecture moderne, un rev\u00eatement ext\u00e9rieur en t\u00f4le noire pr\u00e9peinte, une structure en pin, un plancher structurel en contreplaqu\u00e9, des piliers en fer et des supports en b\u00e9ton. Il faut envisager un investissement d&#8217;environ 10 \u00e0 15 millions de dollars pour le rendre impeccable.<\/p>\n<p>L&#8217;acc\u00e8s au site est pav\u00e9 puis une servitude de 600mts partag\u00e9e avec deux voisins. Par contre, le plan du conservateur montre une servitude non encore r\u00e9alis\u00e9e de 340m vers le sentier c\u00f4tier de la baie.<br \/>\nDevant votre maison, vous pouvez p\u00eacher, r\u00e9colter des palourdes, des moules, des moules et observer des cygnes \u00e0 cou noir et une vari\u00e9t\u00e9 d&#8217;animaux sauvages !<\/p>\n<p>\u00c0 proximit\u00e9 se trouvent une poste, une \u00e9cole, une \u00e9glise et la ville de Calbuco, une \u00eele reli\u00e9e au continent o\u00f9 vous pouvez visiter le mus\u00e9e, la tour de boue, les terrasses du lever du soleil et la meilleure vari\u00e9t\u00e9 de fruits de mer, entre autres attractions.<\/p>\n<p>La parcelle a une superficie de 6881m2 et son prix de vente est de 85 millions de dollars, avec un tr\u00e8s bon cr\u00e9dit direct de 50 millions de dollars en esp\u00e8ces et le solde en 12 versements.<\/p>\n<p>VIVEZ \u00c0 LOS RULOS AVEC UNE BELLE VUE SUR LA MER LES MEILLEURES ANN\u00c9ES DE VOTRE VIE !<\/p>\n","protected":false},"excerpt":{"rendered":"<p>Prairie surplombant la baie de Calbuco. 40 minutes de Puerto Montt. Maison en construction.<\/p>\n","protected":false},"featured_media":6085,"template":"","meta":{"_acf_changed":false},"product_brand":[],"product_cat":[113],"product_tag":[],"regiones":[226],"ciudades":[],"class_list":{"0":"post-7862","1":"product","2":"type-product","3":"status-publish","4":"has-post-thumbnail","6":"product_cat-ohiggins-los-lagos-fr","7":"regiones-nuble-los_lagos","9":"first","10":"outofstock","11":"sold-individually","12":"shipping-taxable","13":"product-type-simple"},"acf":[],"yoast_head":"<!-- This site is optimized with the Yoast SEO Premium plugin v26.0 (Yoast SEO v27.4) - https:\/\/yoast.com\/product\/yoast-seo-premium-wordpress\/ -->\n<title>Parcela Los Rulos - Calbuco, Los Lagos -% Calbuco - Produncan% Produncan%<\/title>\n<meta name=\"description\" content=\"Prairie ouverte avec de douces collines de 6681m2 avec vue panoramique sur la baie de la mer, \u00e0 40min de Puerto Montt, sur la route de Chilo\u00e9 et pr\u00e8s de Calbuco.\" \/>\n<meta name=\"robots\" content=\"index, follow, max-snippet:-1, max-image-preview:large, max-video-preview:-1\" \/>\n<link rel=\"canonical\" href=\"https:\/\/produncan.cl\/fr\/produit\/les-colis-les-rulos\/\" \/>\n<meta property=\"og:locale\" content=\"fr_FR\" \/>\n<meta property=\"og:type\" content=\"article\" \/>\n<meta property=\"og:title\" content=\"Parcela Los Rulos - Calbuco, Los Lagos\" \/>\n<meta property=\"og:description\" content=\"Prairie ouverte avec de douces collines de 6681m2 avec vue panoramique sur la baie de la mer, \u00e0 40min de Puerto Montt, sur la route de Chilo\u00e9 et pr\u00e8s de Calbuco.\" \/>\n<meta property=\"og:url\" content=\"https:\/\/produncan.cl\/fr\/produit\/les-colis-les-rulos\/\" \/>\n<meta property=\"og:site_name\" content=\"Produncan\" \/>\n<meta property=\"article:publisher\" content=\"https:\/\/web.facebook.com\/produncanland\" \/>\n<meta property=\"article:modified_time\" content=\"2025-08-07T21:52:33+00:00\" \/>\n<meta property=\"og:image\" content=\"https:\/\/produncan.cl\/wp-content\/uploads\/2022\/05\/Parcela-Los-Rulos-vendida.webp\" \/>\n\t<meta property=\"og:image:width\" content=\"600\" \/>\n\t<meta property=\"og:image:height\" content=\"450\" \/>\n\t<meta property=\"og:image:type\" content=\"image\/webp\" \/>\n<meta name=\"twitter:card\" content=\"summary_large_image\" \/>\n<meta name=\"twitter:label1\" content=\"Price\" \/>\n\t<meta name=\"twitter:data1\" content=\"\" \/>\n\t<meta name=\"twitter:label2\" content=\"Availability\" \/>\n\t<meta name=\"twitter:data2\" content=\"Out of stock\" \/>\n<script type=\"application\/ld+json\" class=\"yoast-schema-graph\">{\"@context\":\"https:\\\/\\\/schema.org\",\"@graph\":[{\"@type\":\"WebPage\",\"@id\":\"https:\\\/\\\/produncan.cl\\\/fr\\\/produit\\\/les-colis-les-rulos\\\/\",\"url\":\"https:\\\/\\\/produncan.cl\\\/fr\\\/produit\\\/les-colis-les-rulos\\\/\",\"name\":\"Parcela Los Rulos - Calbuco, Los Lagos -% Calbuco - Produncan% Produncan%\",\"isPartOf\":{\"@id\":\"https:\\\/\\\/produncan.cl\\\/fr\\\/#website\"},\"primaryImageOfPage\":{\"@id\":\"https:\\\/\\\/produncan.cl\\\/fr\\\/produit\\\/les-colis-les-rulos\\\/#primaryimage\"},\"image\":{\"@id\":\"https:\\\/\\\/produncan.cl\\\/fr\\\/produit\\\/les-colis-les-rulos\\\/#primaryimage\"},\"thumbnailUrl\":\"https:\\\/\\\/produncan.cl\\\/wp-content\\\/uploads\\\/2022\\\/05\\\/Parcela-Los-Rulos-vendida.webp\",\"datePublished\":\"2021-05-06T17:32:46+00:00\",\"dateModified\":\"2025-08-07T21:52:33+00:00\",\"description\":\"Prairie ouverte avec de douces collines de 6681m2 avec vue panoramique sur la baie de la mer, \u00e0 40min de Puerto Montt, sur la route de Chilo\u00e9 et pr\u00e8s de Calbuco.\",\"breadcrumb\":{\"@id\":\"https:\\\/\\\/produncan.cl\\\/fr\\\/produit\\\/les-colis-les-rulos\\\/#breadcrumb\"},\"inLanguage\":\"fr-FR\",\"potentialAction\":[{\"@type\":\"ReadAction\",\"target\":[\"https:\\\/\\\/produncan.cl\\\/fr\\\/produit\\\/les-colis-les-rulos\\\/\"]}]},{\"@type\":\"ImageObject\",\"inLanguage\":\"fr-FR\",\"@id\":\"https:\\\/\\\/produncan.cl\\\/fr\\\/produit\\\/les-colis-les-rulos\\\/#primaryimage\",\"url\":\"https:\\\/\\\/produncan.cl\\\/wp-content\\\/uploads\\\/2022\\\/05\\\/Parcela-Los-Rulos-vendida.webp\",\"contentUrl\":\"https:\\\/\\\/produncan.cl\\\/wp-content\\\/uploads\\\/2022\\\/05\\\/Parcela-Los-Rulos-vendida.webp\",\"width\":600,\"height\":450},{\"@type\":\"BreadcrumbList\",\"@id\":\"https:\\\/\\\/produncan.cl\\\/fr\\\/produit\\\/les-colis-les-rulos\\\/#breadcrumb\",\"itemListElement\":[{\"@type\":\"ListItem\",\"position\":1,\"name\":\"Inicio\",\"item\":\"https:\\\/\\\/produncan.cl\\\/fr\\\/\"},{\"@type\":\"ListItem\",\"position\":2,\"name\":\"Propri\u00e9t\u00e9s\",\"item\":\"https:\\\/\\\/produncan.cl\\\/propiedades\\\/\"},{\"@type\":\"ListItem\",\"position\":3,\"name\":\"Parcela Los Rulos &#8211; Calbuco, Los Lagos\"}]},{\"@type\":\"WebSite\",\"@id\":\"https:\\\/\\\/produncan.cl\\\/fr\\\/#website\",\"url\":\"https:\\\/\\\/produncan.cl\\\/fr\\\/\",\"name\":\"Produncan\",\"description\":\"Nous vous accompagnons dans votre projet de vie !\",\"publisher\":{\"@id\":\"https:\\\/\\\/produncan.cl\\\/fr\\\/#organization\"},\"potentialAction\":[{\"@type\":\"SearchAction\",\"target\":{\"@type\":\"EntryPoint\",\"urlTemplate\":\"https:\\\/\\\/produncan.cl\\\/fr\\\/?s={search_term_string}\"},\"query-input\":{\"@type\":\"PropertyValueSpecification\",\"valueRequired\":true,\"valueName\":\"search_term_string\"}}],\"inLanguage\":\"fr-FR\"},{\"@type\":\"Organization\",\"@id\":\"https:\\\/\\\/produncan.cl\\\/fr\\\/#organization\",\"name\":\"Produncan\",\"url\":\"https:\\\/\\\/produncan.cl\\\/fr\\\/\",\"logo\":{\"@type\":\"ImageObject\",\"inLanguage\":\"fr-FR\",\"@id\":\"https:\\\/\\\/produncan.cl\\\/fr\\\/#\\\/schema\\\/logo\\\/image\\\/\",\"url\":\"https:\\\/\\\/produncan.cl\\\/wp-content\\\/uploads\\\/2021\\\/03\\\/LOGO.jpeg\",\"contentUrl\":\"https:\\\/\\\/produncan.cl\\\/wp-content\\\/uploads\\\/2021\\\/03\\\/LOGO.jpeg\",\"width\":1280,\"height\":903,\"caption\":\"Produncan\"},\"image\":{\"@id\":\"https:\\\/\\\/produncan.cl\\\/fr\\\/#\\\/schema\\\/logo\\\/image\\\/\"},\"sameAs\":[\"https:\\\/\\\/web.facebook.com\\\/produncanland\",\"https:\\\/\\\/www.instagram.com\\\/pro_duncan\\\/\",\"https:\\\/\\\/www.linkedin.com\\\/company\\\/produncan-lands\\\/\",\"https:\\\/\\\/www.youtube.com\\\/channel\\\/UCu7N-f3x0svkazD-Eew1-QQ\"],\"description\":\"En Produncan somos especialistas en la venta de terrenos en el sur de Chile. Proveemos estancias, campos, parcelas y hoteles.\",\"email\":\"info@produncan.cl\"}]}<\/script>\n<meta property=\"og:video\" content=\"https:\/\/www.youtube.com\/embed\/WMDT4NfvEgk\" \/>\n<meta property=\"og:video:type\" content=\"text\/html\" \/>\n<meta property=\"og:video:duration\" content=\"61\" \/>\n<meta property=\"og:video:width\" content=\"480\" \/>\n<meta property=\"og:video:height\" content=\"360\" \/>\n<meta property=\"ya:ovs:adult\" content=\"false\" \/>\n<meta property=\"ya:ovs:upload_date\" content=\"2021-05-06T17:32:46+00:00\" \/>\n<meta property=\"ya:ovs:allow_embed\" content=\"true\" \/>\n<meta property=\"product:price:currency\" content=\"USD\" \/>\n<meta property=\"og:availability\" content=\"out of stock\" \/>\n<meta property=\"product:availability\" content=\"out of stock\" \/>\n<meta property=\"product:condition\" content=\"new\" \/>\n<!-- \/ Yoast SEO Premium plugin. -->","yoast_head_json":{"title":"Parcela Los Rulos - Calbuco, Los Lagos -% Calbuco - Produncan% Produncan%","description":"Prairie ouverte avec de douces collines de 6681m2 avec vue panoramique sur la baie de la mer, \u00e0 40min de Puerto Montt, sur la route de Chilo\u00e9 et pr\u00e8s de Calbuco.","robots":{"index":"index","follow":"follow","max-snippet":"max-snippet:-1","max-image-preview":"max-image-preview:large","max-video-preview":"max-video-preview:-1"},"canonical":"https:\/\/produncan.cl\/fr\/produit\/les-colis-les-rulos\/","og_locale":"fr_FR","og_type":"article","og_title":"Parcela Los Rulos - Calbuco, Los Lagos","og_description":"Prairie ouverte avec de douces collines de 6681m2 avec vue panoramique sur la baie de la mer, \u00e0 40min de Puerto Montt, sur la route de Chilo\u00e9 et pr\u00e8s de Calbuco.","og_url":"https:\/\/produncan.cl\/fr\/produit\/les-colis-les-rulos\/","og_site_name":"Produncan","article_publisher":"https:\/\/web.facebook.com\/produncanland","article_modified_time":"2025-08-07T21:52:33+00:00","og_image":[{"width":600,"height":450,"url":"https:\/\/produncan.cl\/wp-content\/uploads\/2022\/05\/Parcela-Los-Rulos-vendida.webp","type":"image\/webp"}],"twitter_card":"summary_large_image","twitter_misc":{"Price":"","Availability":"Out of stock"},"schema":{"@context":"https:\/\/schema.org","@graph":[{"@type":"WebPage","@id":"https:\/\/produncan.cl\/fr\/produit\/les-colis-les-rulos\/","url":"https:\/\/produncan.cl\/fr\/produit\/les-colis-les-rulos\/","name":"Parcela Los Rulos - Calbuco, Los Lagos -% Calbuco - Produncan% Produncan%","isPartOf":{"@id":"https:\/\/produncan.cl\/fr\/#website"},"primaryImageOfPage":{"@id":"https:\/\/produncan.cl\/fr\/produit\/les-colis-les-rulos\/#primaryimage"},"image":{"@id":"https:\/\/produncan.cl\/fr\/produit\/les-colis-les-rulos\/#primaryimage"},"thumbnailUrl":"https:\/\/produncan.cl\/wp-content\/uploads\/2022\/05\/Parcela-Los-Rulos-vendida.webp","datePublished":"2021-05-06T17:32:46+00:00","dateModified":"2025-08-07T21:52:33+00:00","description":"Prairie ouverte avec de douces collines de 6681m2 avec vue panoramique sur la baie de la mer, \u00e0 40min de Puerto Montt, sur la route de Chilo\u00e9 et pr\u00e8s de Calbuco.","breadcrumb":{"@id":"https:\/\/produncan.cl\/fr\/produit\/les-colis-les-rulos\/#breadcrumb"},"inLanguage":"fr-FR","potentialAction":[{"@type":"ReadAction","target":["https:\/\/produncan.cl\/fr\/produit\/les-colis-les-rulos\/"]}]},{"@type":"ImageObject","inLanguage":"fr-FR","@id":"https:\/\/produncan.cl\/fr\/produit\/les-colis-les-rulos\/#primaryimage","url":"https:\/\/produncan.cl\/wp-content\/uploads\/2022\/05\/Parcela-Los-Rulos-vendida.webp","contentUrl":"https:\/\/produncan.cl\/wp-content\/uploads\/2022\/05\/Parcela-Los-Rulos-vendida.webp","width":600,"height":450},{"@type":"BreadcrumbList","@id":"https:\/\/produncan.cl\/fr\/produit\/les-colis-les-rulos\/#breadcrumb","itemListElement":[{"@type":"ListItem","position":1,"name":"Inicio","item":"https:\/\/produncan.cl\/fr\/"},{"@type":"ListItem","position":2,"name":"Propri\u00e9t\u00e9s","item":"https:\/\/produncan.cl\/propiedades\/"},{"@type":"ListItem","position":3,"name":"Parcela Los Rulos &#8211; Calbuco, Los Lagos"}]},{"@type":"WebSite","@id":"https:\/\/produncan.cl\/fr\/#website","url":"https:\/\/produncan.cl\/fr\/","name":"Produncan","description":"Nous vous accompagnons dans votre projet de vie !","publisher":{"@id":"https:\/\/produncan.cl\/fr\/#organization"},"potentialAction":[{"@type":"SearchAction","target":{"@type":"EntryPoint","urlTemplate":"https:\/\/produncan.cl\/fr\/?s={search_term_string}"},"query-input":{"@type":"PropertyValueSpecification","valueRequired":true,"valueName":"search_term_string"}}],"inLanguage":"fr-FR"},{"@type":"Organization","@id":"https:\/\/produncan.cl\/fr\/#organization","name":"Produncan","url":"https:\/\/produncan.cl\/fr\/","logo":{"@type":"ImageObject","inLanguage":"fr-FR","@id":"https:\/\/produncan.cl\/fr\/#\/schema\/logo\/image\/","url":"https:\/\/produncan.cl\/wp-content\/uploads\/2021\/03\/LOGO.jpeg","contentUrl":"https:\/\/produncan.cl\/wp-content\/uploads\/2021\/03\/LOGO.jpeg","width":1280,"height":903,"caption":"Produncan"},"image":{"@id":"https:\/\/produncan.cl\/fr\/#\/schema\/logo\/image\/"},"sameAs":["https:\/\/web.facebook.com\/produncanland","https:\/\/www.instagram.com\/pro_duncan\/","https:\/\/www.linkedin.com\/company\/produncan-lands\/","https:\/\/www.youtube.com\/channel\/UCu7N-f3x0svkazD-Eew1-QQ"],"description":"En Produncan somos especialistas en la venta de terrenos en el sur de Chile. Proveemos estancias, campos, parcelas y hoteles.","email":"info@produncan.cl"}]},"og_video":"https:\/\/www.youtube.com\/embed\/WMDT4NfvEgk","og_video_type":"text\/html","og_video_duration":"61","og_video_width":"480","og_video_height":"360","ya_ovs_adult":"false","ya_ovs_upload_date":"2021-05-06T17:32:46+00:00","ya_ovs_allow_embed":"true","product_price_currency":"USD","og_availability":"out of stock","product_availability":"out of stock","product_condition":"new"},"_links":{"self":[{"href":"https:\/\/produncan.cl\/fr\/wp-json\/wp\/v2\/product\/7862","targetHints":{"allow":["GET"]}}],"collection":[{"href":"https:\/\/produncan.cl\/fr\/wp-json\/wp\/v2\/product"}],"about":[{"href":"https:\/\/produncan.cl\/fr\/wp-json\/wp\/v2\/types\/product"}],"version-history":[{"count":0,"href":"https:\/\/produncan.cl\/fr\/wp-json\/wp\/v2\/product\/7862\/revisions"}],"wp:featuredmedia":[{"embeddable":true,"href":"https:\/\/produncan.cl\/fr\/wp-json\/wp\/v2\/media\/6085"}],"wp:attachment":[{"href":"https:\/\/produncan.cl\/fr\/wp-json\/wp\/v2\/media?parent=7862"}],"wp:term":[{"taxonomy":"product_brand","embeddable":true,"href":"https:\/\/produncan.cl\/fr\/wp-json\/wp\/v2\/product_brand?post=7862"},{"taxonomy":"product_cat","embeddable":true,"href":"https:\/\/produncan.cl\/fr\/wp-json\/wp\/v2\/product_cat?post=7862"},{"taxonomy":"product_tag","embeddable":true,"href":"https:\/\/produncan.cl\/fr\/wp-json\/wp\/v2\/product_tag?post=7862"},{"taxonomy":"regiones","embeddable":true,"href":"https:\/\/produncan.cl\/fr\/wp-json\/wp\/v2\/regiones?post=7862"},{"taxonomy":"ciudades","embeddable":true,"href":"https:\/\/produncan.cl\/fr\/wp-json\/wp\/v2\/ciudades?post=7862"}],"curies":[{"name":"wp","href":"https:\/\/api.w.org\/{rel}","templated":true}]}}