{"id":7863,"date":"2021-05-06T13:09:51","date_gmt":"2021-05-06T17:09:51","guid":{"rendered":"https:\/\/produncan.cl\/producto\/site-a-vicuna\/"},"modified":"2025-07-09T11:50:58","modified_gmt":"2025-07-09T15:50:58","slug":"sitio-en-vicuna","status":"publish","type":"product","link":"https:\/\/produncan.cl\/fr\/produit\/sitio-en-vicuna\/","title":{"rendered":"Site \u00e0 Vicu\u00f1a &#8211; Route des \u00e9toiles"},"content":{"rendered":"<h2>D\u00e9veloppez votre projet touristique dans la vall\u00e9e de l&#8217;Elqui !<\/h2>\n<p>Nous vous invitons \u00e0 visiter un site attrayant \u00e0 Vicu\u00f1a. \u00c0 un p\u00e2t\u00e9 de maisons de la Plaza de Armas, la porte de la vall\u00e9e de l&#8217;Elqui, l&#8217;une des plus importantes destinations touristiques du Chili !<br \/>\nLe terrain b\u00e9n\u00e9ficie d&#8217;un emplacement privil\u00e9gi\u00e9. Elle a une superficie totale de 595m\u00b2, avec 17,5mts devant et 30mts derri\u00e8re, 3 grandes pi\u00e8ces, 1 salle de bain et un canal avec des droits d&#8217;eau avec un d\u00e9bit permanent toute l&#8217;ann\u00e9e.<\/p>\n<ul>\n<li>La fa\u00e7ade de la propri\u00e9t\u00e9 est en bon \u00e9tat et il est propos\u00e9 de conserver le style qui caract\u00e9rise les constructions de la ville.<\/li>\n<li>A l&#8217;int\u00e9rieur, certaines des d\u00e9pendances peuvent \u00eatre r\u00e9utilis\u00e9es comme base.<\/li>\n<li>Il dispose actuellement d&#8217;une salle de bain fonctionnelle.<\/li>\n<li>Il dispose d&#8217;une installation \u00e9lectrique courante, et de trois entr\u00e9es depuis la rue.<\/li>\n<li>Il poss\u00e8de \u00e9galement une v\u00e9g\u00e9tation abondante : olivier, pommier, avocat, citronnier, mandarinier, un grand laurier et un palmier.<\/li>\n<\/ul>\n<p>Le site est tr\u00e8s expos\u00e9 aux v\u00e9hicules, car il s&#8217;agit d&#8217;un arr\u00eat obligatoire pour ceux qui entrent dans la ville de Vicu\u00f1a et se dirigent directement vers la Plaza de Armas.<br \/>\nLe terrain pr\u00e9sente de multiples possibilit\u00e9s de d\u00e9veloppement. Bien qu&#8217;id\u00e9al pour une maison d&#8217;h\u00f4tes, o\u00f9 vous pourriez construire un site de glamping avec une vue panoramique sur la vall\u00e9e et un restaurant au 1er \u00e9tage, une activit\u00e9 qui devrait porter ses fruits dans un endroit aussi fr\u00e9quent\u00e9.<br \/>\nChez Produncan, nous vous accompagnons pas \u00e0 pas dans la gestion d&#8217;une entreprise de cette nature.<\/p>\n<p>Le prix de la vente du site de Vicu\u00f1a est de 180 millions de dollars.<br \/>\nCONTACTEZ-NOUS POUR PLUS DE D\u00c9TAILS SUR CETTE OPPORTUNIT\u00c9 PASSIONNANTE !<\/p>\n","protected":false},"excerpt":{"rendered":"<p>Terrain \u00e0 Vicu\u00f1a id\u00e9al pour auberge et restaurant. Pas \u00e0 pas avec l&#8217;aide de Produncan.<\/p>\n","protected":false},"featured_media":25186,"template":"","meta":{"_acf_changed":false},"product_brand":[],"product_cat":[138],"product_tag":[],"regiones":[],"ciudades":[],"class_list":{"0":"post-7863","1":"product","2":"type-product","3":"status-publish","4":"has-post-thumbnail","6":"product_cat-non-categorise","8":"first","9":"outofstock","10":"sold-individually","11":"shipping-taxable","12":"product-type-simple"},"acf":[],"yoast_head":"<!-- This site is optimized with the Yoast SEO Premium plugin v26.0 (Yoast SEO v27.3) - https:\/\/yoast.com\/product\/yoast-seo-premium-wordpress\/ -->\n<title>Site \u00e0 Vicu\u00f1a - Route des \u00e9toiles - Produncan<\/title>\n<meta name=\"description\" content=\"Ce site \u00e0 Vicu\u00f1a, porte d&#039;entr\u00e9e de la vall\u00e9e de l&#039;Elqui, a une superficie de 595 m2 et est situ\u00e9 \u00e0 un p\u00e2t\u00e9 de maisons de la Plaza de Armas.\" \/>\n<meta name=\"robots\" content=\"index, follow, max-snippet:-1, max-image-preview:large, max-video-preview:-1\" \/>\n<link rel=\"canonical\" href=\"https:\/\/produncan.cl\/fr\/produit\/sitio-en-vicuna\/\" \/>\n<meta property=\"og:locale\" content=\"fr_FR\" \/>\n<meta property=\"og:type\" content=\"article\" \/>\n<meta property=\"og:title\" content=\"Site \u00e0 Vicu\u00f1a - Route des \u00e9toiles\" \/>\n<meta property=\"og:description\" content=\"Ce site \u00e0 Vicu\u00f1a, porte d&#039;entr\u00e9e de la vall\u00e9e de l&#039;Elqui, a une superficie de 595 m2 et est situ\u00e9 \u00e0 un p\u00e2t\u00e9 de maisons de la Plaza de Armas.\" \/>\n<meta property=\"og:url\" content=\"https:\/\/produncan.cl\/fr\/produit\/sitio-en-vicuna\/\" \/>\n<meta property=\"og:site_name\" content=\"Produncan\" \/>\n<meta property=\"article:publisher\" content=\"https:\/\/web.facebook.com\/produncanland\" \/>\n<meta property=\"article:modified_time\" content=\"2025-07-09T15:50:58+00:00\" \/>\n<meta property=\"og:image\" content=\"https:\/\/produncan.cl\/wp-content\/uploads\/2022\/05\/Sitio-en-Vicuna-Vendido.webp\" \/>\n\t<meta property=\"og:image:width\" content=\"600\" \/>\n\t<meta property=\"og:image:height\" content=\"450\" \/>\n\t<meta property=\"og:image:type\" content=\"image\/webp\" \/>\n<meta name=\"twitter:card\" content=\"summary_large_image\" \/>\n<meta name=\"twitter:label1\" content=\"Price\" \/>\n\t<meta name=\"twitter:data1\" content=\"\" \/>\n\t<meta name=\"twitter:label2\" content=\"Availability\" \/>\n\t<meta name=\"twitter:data2\" content=\"Out of stock\" \/>\n<script type=\"application\/ld+json\" class=\"yoast-schema-graph\">{\"@context\":\"https:\\\/\\\/schema.org\",\"@graph\":[{\"@type\":\"WebPage\",\"@id\":\"https:\\\/\\\/produncan.cl\\\/fr\\\/produit\\\/sitio-en-vicuna\\\/\",\"url\":\"https:\\\/\\\/produncan.cl\\\/fr\\\/produit\\\/sitio-en-vicuna\\\/\",\"name\":\"Site \u00e0 Vicu\u00f1a - Route des \u00e9toiles - Produncan\",\"isPartOf\":{\"@id\":\"https:\\\/\\\/produncan.cl\\\/fr\\\/#website\"},\"primaryImageOfPage\":{\"@id\":\"https:\\\/\\\/produncan.cl\\\/fr\\\/produit\\\/sitio-en-vicuna\\\/#primaryimage\"},\"image\":{\"@id\":\"https:\\\/\\\/produncan.cl\\\/fr\\\/produit\\\/sitio-en-vicuna\\\/#primaryimage\"},\"thumbnailUrl\":\"https:\\\/\\\/produncan.cl\\\/wp-content\\\/uploads\\\/2022\\\/05\\\/Sitio-en-Vicuna-Vendido.webp\",\"datePublished\":\"2021-05-06T17:09:51+00:00\",\"dateModified\":\"2025-07-09T15:50:58+00:00\",\"description\":\"Ce site \u00e0 Vicu\u00f1a, porte d'entr\u00e9e de la vall\u00e9e de l'Elqui, a une superficie de 595 m2 et est situ\u00e9 \u00e0 un p\u00e2t\u00e9 de maisons de la Plaza de Armas.\",\"breadcrumb\":{\"@id\":\"https:\\\/\\\/produncan.cl\\\/fr\\\/produit\\\/sitio-en-vicuna\\\/#breadcrumb\"},\"inLanguage\":\"fr-FR\",\"potentialAction\":[{\"@type\":\"ReadAction\",\"target\":[\"https:\\\/\\\/produncan.cl\\\/fr\\\/produit\\\/sitio-en-vicuna\\\/\"]}]},{\"@type\":\"ImageObject\",\"inLanguage\":\"fr-FR\",\"@id\":\"https:\\\/\\\/produncan.cl\\\/fr\\\/produit\\\/sitio-en-vicuna\\\/#primaryimage\",\"url\":\"https:\\\/\\\/produncan.cl\\\/wp-content\\\/uploads\\\/2022\\\/05\\\/Sitio-en-Vicuna-Vendido.webp\",\"contentUrl\":\"https:\\\/\\\/produncan.cl\\\/wp-content\\\/uploads\\\/2022\\\/05\\\/Sitio-en-Vicuna-Vendido.webp\",\"width\":600,\"height\":450},{\"@type\":\"BreadcrumbList\",\"@id\":\"https:\\\/\\\/produncan.cl\\\/fr\\\/produit\\\/sitio-en-vicuna\\\/#breadcrumb\",\"itemListElement\":[{\"@type\":\"ListItem\",\"position\":1,\"name\":\"Inicio\",\"item\":\"https:\\\/\\\/produncan.cl\\\/fr\\\/\"},{\"@type\":\"ListItem\",\"position\":2,\"name\":\"Propri\u00e9t\u00e9s\",\"item\":\"https:\\\/\\\/produncan.cl\\\/propiedades\\\/\"},{\"@type\":\"ListItem\",\"position\":3,\"name\":\"Site \u00e0 Vicu\u00f1a &#8211; Route des \u00e9toiles\"}]},{\"@type\":\"WebSite\",\"@id\":\"https:\\\/\\\/produncan.cl\\\/fr\\\/#website\",\"url\":\"https:\\\/\\\/produncan.cl\\\/fr\\\/\",\"name\":\"Produncan\",\"description\":\"Nous vous accompagnons dans votre projet de vie !\",\"publisher\":{\"@id\":\"https:\\\/\\\/produncan.cl\\\/fr\\\/#organization\"},\"potentialAction\":[{\"@type\":\"SearchAction\",\"target\":{\"@type\":\"EntryPoint\",\"urlTemplate\":\"https:\\\/\\\/produncan.cl\\\/fr\\\/?s={search_term_string}\"},\"query-input\":{\"@type\":\"PropertyValueSpecification\",\"valueRequired\":true,\"valueName\":\"search_term_string\"}}],\"inLanguage\":\"fr-FR\"},{\"@type\":\"Organization\",\"@id\":\"https:\\\/\\\/produncan.cl\\\/fr\\\/#organization\",\"name\":\"Produncan\",\"url\":\"https:\\\/\\\/produncan.cl\\\/fr\\\/\",\"logo\":{\"@type\":\"ImageObject\",\"inLanguage\":\"fr-FR\",\"@id\":\"https:\\\/\\\/produncan.cl\\\/fr\\\/#\\\/schema\\\/logo\\\/image\\\/\",\"url\":\"https:\\\/\\\/produncan.cl\\\/wp-content\\\/uploads\\\/2021\\\/03\\\/LOGO.jpeg\",\"contentUrl\":\"https:\\\/\\\/produncan.cl\\\/wp-content\\\/uploads\\\/2021\\\/03\\\/LOGO.jpeg\",\"width\":1280,\"height\":903,\"caption\":\"Produncan\"},\"image\":{\"@id\":\"https:\\\/\\\/produncan.cl\\\/fr\\\/#\\\/schema\\\/logo\\\/image\\\/\"},\"sameAs\":[\"https:\\\/\\\/web.facebook.com\\\/produncanland\",\"https:\\\/\\\/www.instagram.com\\\/pro_duncan\\\/\",\"https:\\\/\\\/www.linkedin.com\\\/company\\\/produncan-lands\\\/\",\"https:\\\/\\\/www.youtube.com\\\/channel\\\/UCu7N-f3x0svkazD-Eew1-QQ\"],\"description\":\"En Produncan somos especialistas en la venta de terrenos en el sur de Chile. Proveemos estancias, campos, parcelas y hoteles.\",\"email\":\"info@produncan.cl\"}]}<\/script>\n<meta property=\"og:video\" content=\"https:\/\/www.youtube.com\/embed\/nDHrgw59H3c\" \/>\n<meta property=\"og:video:type\" content=\"text\/html\" \/>\n<meta property=\"og:video:duration\" content=\"61\" \/>\n<meta property=\"og:video:width\" content=\"480\" \/>\n<meta property=\"og:video:height\" content=\"360\" \/>\n<meta property=\"ya:ovs:adult\" content=\"false\" \/>\n<meta property=\"ya:ovs:upload_date\" content=\"2021-05-06T17:09:51+00:00\" \/>\n<meta property=\"ya:ovs:allow_embed\" content=\"true\" \/>\n<meta property=\"product:price:currency\" content=\"USD\" \/>\n<meta property=\"og:availability\" content=\"out of stock\" \/>\n<meta property=\"product:availability\" content=\"out of stock\" \/>\n<meta property=\"product:condition\" content=\"new\" \/>\n<!-- \/ Yoast SEO Premium plugin. -->","yoast_head_json":{"title":"Site \u00e0 Vicu\u00f1a - Route des \u00e9toiles - Produncan","description":"Ce site \u00e0 Vicu\u00f1a, porte d'entr\u00e9e de la vall\u00e9e de l'Elqui, a une superficie de 595 m2 et est situ\u00e9 \u00e0 un p\u00e2t\u00e9 de maisons de la Plaza de Armas.","robots":{"index":"index","follow":"follow","max-snippet":"max-snippet:-1","max-image-preview":"max-image-preview:large","max-video-preview":"max-video-preview:-1"},"canonical":"https:\/\/produncan.cl\/fr\/produit\/sitio-en-vicuna\/","og_locale":"fr_FR","og_type":"article","og_title":"Site \u00e0 Vicu\u00f1a - Route des \u00e9toiles","og_description":"Ce site \u00e0 Vicu\u00f1a, porte d'entr\u00e9e de la vall\u00e9e de l'Elqui, a une superficie de 595 m2 et est situ\u00e9 \u00e0 un p\u00e2t\u00e9 de maisons de la Plaza de Armas.","og_url":"https:\/\/produncan.cl\/fr\/produit\/sitio-en-vicuna\/","og_site_name":"Produncan","article_publisher":"https:\/\/web.facebook.com\/produncanland","article_modified_time":"2025-07-09T15:50:58+00:00","og_image":[{"width":600,"height":450,"url":"https:\/\/produncan.cl\/wp-content\/uploads\/2022\/05\/Sitio-en-Vicuna-Vendido.webp","type":"image\/webp"}],"twitter_card":"summary_large_image","twitter_misc":{"Price":"","Availability":"Out of stock"},"schema":{"@context":"https:\/\/schema.org","@graph":[{"@type":"WebPage","@id":"https:\/\/produncan.cl\/fr\/produit\/sitio-en-vicuna\/","url":"https:\/\/produncan.cl\/fr\/produit\/sitio-en-vicuna\/","name":"Site \u00e0 Vicu\u00f1a - Route des \u00e9toiles - Produncan","isPartOf":{"@id":"https:\/\/produncan.cl\/fr\/#website"},"primaryImageOfPage":{"@id":"https:\/\/produncan.cl\/fr\/produit\/sitio-en-vicuna\/#primaryimage"},"image":{"@id":"https:\/\/produncan.cl\/fr\/produit\/sitio-en-vicuna\/#primaryimage"},"thumbnailUrl":"https:\/\/produncan.cl\/wp-content\/uploads\/2022\/05\/Sitio-en-Vicuna-Vendido.webp","datePublished":"2021-05-06T17:09:51+00:00","dateModified":"2025-07-09T15:50:58+00:00","description":"Ce site \u00e0 Vicu\u00f1a, porte d'entr\u00e9e de la vall\u00e9e de l'Elqui, a une superficie de 595 m2 et est situ\u00e9 \u00e0 un p\u00e2t\u00e9 de maisons de la Plaza de Armas.","breadcrumb":{"@id":"https:\/\/produncan.cl\/fr\/produit\/sitio-en-vicuna\/#breadcrumb"},"inLanguage":"fr-FR","potentialAction":[{"@type":"ReadAction","target":["https:\/\/produncan.cl\/fr\/produit\/sitio-en-vicuna\/"]}]},{"@type":"ImageObject","inLanguage":"fr-FR","@id":"https:\/\/produncan.cl\/fr\/produit\/sitio-en-vicuna\/#primaryimage","url":"https:\/\/produncan.cl\/wp-content\/uploads\/2022\/05\/Sitio-en-Vicuna-Vendido.webp","contentUrl":"https:\/\/produncan.cl\/wp-content\/uploads\/2022\/05\/Sitio-en-Vicuna-Vendido.webp","width":600,"height":450},{"@type":"BreadcrumbList","@id":"https:\/\/produncan.cl\/fr\/produit\/sitio-en-vicuna\/#breadcrumb","itemListElement":[{"@type":"ListItem","position":1,"name":"Inicio","item":"https:\/\/produncan.cl\/fr\/"},{"@type":"ListItem","position":2,"name":"Propri\u00e9t\u00e9s","item":"https:\/\/produncan.cl\/propiedades\/"},{"@type":"ListItem","position":3,"name":"Site \u00e0 Vicu\u00f1a &#8211; Route des \u00e9toiles"}]},{"@type":"WebSite","@id":"https:\/\/produncan.cl\/fr\/#website","url":"https:\/\/produncan.cl\/fr\/","name":"Produncan","description":"Nous vous accompagnons dans votre projet de vie !","publisher":{"@id":"https:\/\/produncan.cl\/fr\/#organization"},"potentialAction":[{"@type":"SearchAction","target":{"@type":"EntryPoint","urlTemplate":"https:\/\/produncan.cl\/fr\/?s={search_term_string}"},"query-input":{"@type":"PropertyValueSpecification","valueRequired":true,"valueName":"search_term_string"}}],"inLanguage":"fr-FR"},{"@type":"Organization","@id":"https:\/\/produncan.cl\/fr\/#organization","name":"Produncan","url":"https:\/\/produncan.cl\/fr\/","logo":{"@type":"ImageObject","inLanguage":"fr-FR","@id":"https:\/\/produncan.cl\/fr\/#\/schema\/logo\/image\/","url":"https:\/\/produncan.cl\/wp-content\/uploads\/2021\/03\/LOGO.jpeg","contentUrl":"https:\/\/produncan.cl\/wp-content\/uploads\/2021\/03\/LOGO.jpeg","width":1280,"height":903,"caption":"Produncan"},"image":{"@id":"https:\/\/produncan.cl\/fr\/#\/schema\/logo\/image\/"},"sameAs":["https:\/\/web.facebook.com\/produncanland","https:\/\/www.instagram.com\/pro_duncan\/","https:\/\/www.linkedin.com\/company\/produncan-lands\/","https:\/\/www.youtube.com\/channel\/UCu7N-f3x0svkazD-Eew1-QQ"],"description":"En Produncan somos especialistas en la venta de terrenos en el sur de Chile. Proveemos estancias, campos, parcelas y hoteles.","email":"info@produncan.cl"}]},"og_video":"https:\/\/www.youtube.com\/embed\/nDHrgw59H3c","og_video_type":"text\/html","og_video_duration":"61","og_video_width":"480","og_video_height":"360","ya_ovs_adult":"false","ya_ovs_upload_date":"2021-05-06T17:09:51+00:00","ya_ovs_allow_embed":"true","product_price_currency":"USD","og_availability":"out of stock","product_availability":"out of stock","product_condition":"new"},"_links":{"self":[{"href":"https:\/\/produncan.cl\/fr\/wp-json\/wp\/v2\/product\/7863","targetHints":{"allow":["GET"]}}],"collection":[{"href":"https:\/\/produncan.cl\/fr\/wp-json\/wp\/v2\/product"}],"about":[{"href":"https:\/\/produncan.cl\/fr\/wp-json\/wp\/v2\/types\/product"}],"version-history":[{"count":0,"href":"https:\/\/produncan.cl\/fr\/wp-json\/wp\/v2\/product\/7863\/revisions"}],"wp:featuredmedia":[{"embeddable":true,"href":"https:\/\/produncan.cl\/fr\/wp-json\/wp\/v2\/media\/25186"}],"wp:attachment":[{"href":"https:\/\/produncan.cl\/fr\/wp-json\/wp\/v2\/media?parent=7863"}],"wp:term":[{"taxonomy":"product_brand","embeddable":true,"href":"https:\/\/produncan.cl\/fr\/wp-json\/wp\/v2\/product_brand?post=7863"},{"taxonomy":"product_cat","embeddable":true,"href":"https:\/\/produncan.cl\/fr\/wp-json\/wp\/v2\/product_cat?post=7863"},{"taxonomy":"product_tag","embeddable":true,"href":"https:\/\/produncan.cl\/fr\/wp-json\/wp\/v2\/product_tag?post=7863"},{"taxonomy":"regiones","embeddable":true,"href":"https:\/\/produncan.cl\/fr\/wp-json\/wp\/v2\/regiones?post=7863"},{"taxonomy":"ciudades","embeddable":true,"href":"https:\/\/produncan.cl\/fr\/wp-json\/wp\/v2\/ciudades?post=7863"}],"curies":[{"name":"wp","href":"https:\/\/api.w.org\/{rel}","templated":true}]}}