{"id":7867,"date":"2023-08-06T12:21:54","date_gmt":"2023-08-06T16:21:54","guid":{"rendered":"https:\/\/produncan.cl\/producto\/parcelles-puerto-bonito\/"},"modified":"2025-08-18T16:43:26","modified_gmt":"2025-08-18T20:43:26","slug":"parcelles-port-bonito","status":"publish","type":"product","link":"https:\/\/produncan.cl\/fr\/produit\/parcelles-port-bonito\/","title":{"rendered":"Parcelles Puerto Bonito &#8211; Lagune San Rafael"},"content":{"rendered":"\t\t<div data-elementor-type=\"product-post\" data-elementor-id=\"7867\" class=\"elementor elementor-7867 elementor-1591\" data-elementor-post-type=\"product\">\n\t\t\t\t<div class=\"elementor-element elementor-element-064919c e-flex e-con-boxed e-con e-parent\" data-id=\"064919c\" data-element_type=\"container\" data-e-type=\"container\" data-settings=\"{&quot;jet_parallax_layout_list&quot;:[]}\">\n\t\t\t\t\t<div class=\"e-con-inner\">\n\t\t\t\t<div class=\"elementor-element elementor-element-ea416a2 elementor-widget elementor-widget-heading\" data-id=\"ea416a2\" data-element_type=\"widget\" data-e-type=\"widget\" data-widget_type=\"heading.default\">\n\t\t\t\t\t<h2 class=\"elementor-heading-title elementor-size-default\">Un investissement en bord de mer qui inspire l'\u00e2me<\/h2>\t\t\t\t<\/div>\n\t\t\t\t\t<\/div>\n\t\t\t\t<\/div>\n\t\t<div class=\"elementor-element elementor-element-c292d89 e-flex e-con-boxed e-con e-parent\" data-id=\"c292d89\" data-element_type=\"container\" data-e-type=\"container\" data-settings=\"{&quot;jet_parallax_layout_list&quot;:[]}\">\n\t\t\t\t\t<div class=\"e-con-inner\">\n\t\t<div class=\"elementor-element elementor-element-03120f7 e-con-full e-flex e-con e-child\" data-id=\"03120f7\" data-element_type=\"container\" data-e-type=\"container\" data-settings=\"{&quot;jet_parallax_layout_list&quot;:[]}\">\n\t\t\t\t<div class=\"elementor-element elementor-element-cb68e21 elementor-widget elementor-widget-text-editor\" data-id=\"cb68e21\" data-element_type=\"widget\" data-e-type=\"widget\" data-widget_type=\"text-editor.default\">\n\t\t\t\t\t\t\t\t\t<p>Depuis le calme de ma maison au bord du fjord, je contemple une beaut\u00e9 indescriptible : la nature \u00e0 l&#8217;\u00e9tat pur, un silence qui parle, et l&#8217;eau qui relie les destinations et les r\u00eaves. C&#8217;est ainsi que se pr\u00e9sente Puerto Bonito, un coin extraordinaire du sud d&#8217;Ays\u00e9n qui s&#8217;ouvre aujourd&#8217;hui comme une opportunit\u00e9 unique pour ceux qui cherchent \u00e0 se projeter \u00e0 moyen et long terme, avec sens, beaut\u00e9 et vision. <\/p><p>Situ\u00e9 au sud de Puerto Chacabuco, sur la route menant \u00e0 la lagune San Rafael, ce projet magique s&#8217;\u00e9tend entre des montagnes vierges, des eaux cristallines et des for\u00eats \u00e9ternelles. Puerto Bonito compte 65 terrains en bord de mer et 29 en deuxi\u00e8me ligne, tous offrant une vue panoramique imprenable sur le fjord. L&#8217;acc\u00e8s fait partie de l&#8217;exp\u00e9rience : des barges, des bateaux rapides et m\u00eame des hydravions vous permettent de rejoindre ce sanctuaire de Patagonie. Depuis Puerto Chacabuco, le principal port de la r\u00e9gion d&#8217;Ays\u00e9n, le trajet en bateau dure 3 heures. Depuis Puerto Grosse, le trajet en bateau ne dure qu&#8217;une heure et demie.    <\/p><p>Puerto Grosse, \u00e9galement connu sous le nom de Bah\u00eda Exploradores, est le port du futur en Patagonie. Situ\u00e9 au bout de ce que beaucoup consid\u00e8rent comme la plus belle route de toute la r\u00e9gion, la mythique Valle Exploradores, cet enclave fluviale est entour\u00e9 de certains des paysages les plus embl\u00e9matiques d&#8217;Ays\u00e9n : les imposantes cath\u00e9drales de marbre, les glaciers mill\u00e9naires, les rivi\u00e8res tumultueuses, les lacs et les lagunes d&#8217;un turquoise indescriptible. <\/p><p>Aujourd&#8217;hui, Puerto Grosse se positionne comme le nouveau p\u00f4le de d\u00e9veloppement local, avec un grand potentiel touristique et logistique. C&#8217;est le point d&#8217;embarquement id\u00e9al vers la lagune San Rafael, l&#8217;une des destinations les plus impressionnantes du sud du Chili, ainsi que vers Puerto Bonito, un projet qui repr\u00e9sente une opportunit\u00e9 d&#8217;investissement unique face au fjord. <\/p><p>Les terrains \u00e0 Puerto Bonito disposent d&#8217;infrastructures telles qu&#8217;un quai op\u00e9rationnel, des sentiers am\u00e9nag\u00e9s et une r\u00e9serve \u00e9cologique de 27,2 hectares. De plus, ils b\u00e9n\u00e9ficient du soutien d&#8217;une communaut\u00e9 active et engag\u00e9e, qui garantit leur d\u00e9veloppement durable \u00e0 long terme. L&#8217;agence immobili\u00e8re a garanti la maintenance du projet pendant au moins dix ans.  <\/p><p>Puerto Bonito est un projet ancien, et aujourd&#8217;hui, il ne reste plus que quelques terrains disponibles, soit directement aupr\u00e8s de l&#8217;agence immobili\u00e8re, soit aupr\u00e8s des propri\u00e9taires actuels qui les revendent. Vous trouverez : <\/p><ul><li>Terrains au bord du fjord entre 1,3 et 6,7 hectares, avec des fronts de mer entre 46 et 100 m\u00e8tres, de 20 \u00e0 45 millions de pesos chiliens.<\/li><li>Terrains en deuxi\u00e8me ligne entre 2,1 et 5,8 hectares, de 6,9 \u00e0 11,5 millions de dollars.<br><br><\/li><\/ul><p>Renseignez-vous sur les facilit\u00e9s de paiement et recevez la fiche technique avec les options disponibles.<\/p><p>Puerto Bonito n&#8217;est pas seulement un investissement : c&#8217;est un h\u00e9ritage. Id\u00e9al pour ceux qui r\u00eavent de naviguer dans les fjords chiliens et de disposer de leur propre point d&#8217;arr\u00eat sur cette route majestueuse. Un lieu pour construire, se connecter et grandir en harmonie avec la nature.  <\/p><p>Si vous avez toujours r\u00eav\u00e9 d&#8217;avoir un refuge au c\u0153ur de la Patagonie, face \u00e0 la mer, c&#8217;est le moment ou jamais. Contactez-nous d\u00e8s aujourd&#8217;hui et rejoignez cette communaut\u00e9 qui \u00e9crit d\u00e9j\u00e0 son histoire \u00e0 Puerto Bonito. <\/p>\t\t\t\t\t\t\t\t<\/div>\n\t\t\t\t<\/div>\n\t\t\t\t\t<\/div>\n\t\t\t\t<\/div>\n\t\t\t\t<\/div>\n\t\t","protected":false},"excerpt":{"rendered":"<p>Lotissement \u00e0 Ays\u00e9n sur les rives du canal Moraleda, \u00e0 3 heures au sud en bateau depuis Puerto Chacabuco. Avec quai pour embarcations et sentiers. Peu d&#8217;unit\u00e9s propos\u00e9es par leurs propri\u00e9taires. Superficies comprises entre 1,3 et 6,7 hectares.   <\/p>\n","protected":false},"featured_media":5593,"template":"","meta":{"_acf_changed":false},"product_brand":[],"product_cat":[129],"product_tag":[236,237],"regiones":[225],"ciudades":[448],"class_list":{"0":"post-7867","1":"product","2":"type-product","3":"status-publish","4":"has-post-thumbnail","6":"product_cat-aysen-magallanes-fr","7":"product_tag-parcelles","8":"product_tag-proprietes-touristiques","9":"regiones-aysen-magallanes","10":"ciudades-puerto-aysen","12":"first","13":"instock","14":"sold-individually","15":"shipping-taxable","16":"purchasable","17":"product-type-simple"},"acf":[],"yoast_head":"<!-- This site is optimized with the Yoast SEO Premium plugin v26.0 (Yoast SEO v27.3) - https:\/\/yoast.com\/product\/yoast-seo-premium-wordpress\/ -->\n<title>Parcelles Puerto Bonito - Lagune San Rafael - Produncan<\/title>\n<meta name=\"description\" content=\"Parcelas Puerto Bonito est l&#039;endroit id\u00e9al pour un investissement \u00e0 long terme dans les environs de la Laguna San Rafael Il dispose d&#039;un embarcad\u00e8re pour les bateaux et de sentiers p\u00e9destres.\" \/>\n<meta name=\"robots\" content=\"index, follow, max-snippet:-1, max-image-preview:large, max-video-preview:-1\" \/>\n<link rel=\"canonical\" href=\"https:\/\/produncan.cl\/fr\/produit\/parcelles-port-bonito\/\" \/>\n<meta property=\"og:locale\" content=\"fr_FR\" \/>\n<meta property=\"og:type\" content=\"article\" \/>\n<meta property=\"og:title\" content=\"Parcelles Puerto Bonito - Lagune San Rafael\" \/>\n<meta property=\"og:description\" content=\"Parcelas Puerto Bonito est l&#039;endroit id\u00e9al pour un investissement \u00e0 long terme dans les environs de la Laguna San Rafael Il dispose d&#039;un embarcad\u00e8re pour les bateaux et de sentiers p\u00e9destres.\" \/>\n<meta property=\"og:url\" content=\"https:\/\/produncan.cl\/fr\/produit\/parcelles-port-bonito\/\" \/>\n<meta property=\"og:site_name\" content=\"Produncan\" \/>\n<meta property=\"article:publisher\" content=\"https:\/\/web.facebook.com\/produncanland\" \/>\n<meta property=\"article:modified_time\" content=\"2025-08-18T20:43:26+00:00\" \/>\n<meta property=\"og:image\" content=\"https:\/\/produncan.cl\/wp-content\/uploads\/2022\/05\/Puerto-Bonito.webp\" \/>\n\t<meta property=\"og:image:width\" content=\"600\" \/>\n\t<meta property=\"og:image:height\" content=\"450\" \/>\n\t<meta property=\"og:image:type\" content=\"image\/webp\" \/>\n<meta name=\"twitter:card\" content=\"summary_large_image\" \/>\n<meta name=\"twitter:label1\" content=\"Price\" \/>\n\t<meta name=\"twitter:data1\" content=\"USD7.600,00\" \/>\n\t<meta name=\"twitter:label2\" content=\"Availability\" \/>\n\t<meta name=\"twitter:data2\" content=\"In stock\" \/>\n<script type=\"application\/ld+json\" class=\"yoast-schema-graph\">{\"@context\":\"https:\\\/\\\/schema.org\",\"@graph\":[{\"@type\":\"WebPage\",\"@id\":\"https:\\\/\\\/produncan.cl\\\/fr\\\/produit\\\/parcelles-port-bonito\\\/\",\"url\":\"https:\\\/\\\/produncan.cl\\\/fr\\\/produit\\\/parcelles-port-bonito\\\/\",\"name\":\"Parcelles Puerto Bonito - Lagune San Rafael - Produncan\",\"isPartOf\":{\"@id\":\"https:\\\/\\\/produncan.cl\\\/fr\\\/#website\"},\"primaryImageOfPage\":{\"@id\":\"https:\\\/\\\/produncan.cl\\\/fr\\\/produit\\\/parcelles-port-bonito\\\/#primaryimage\"},\"image\":{\"@id\":\"https:\\\/\\\/produncan.cl\\\/fr\\\/produit\\\/parcelles-port-bonito\\\/#primaryimage\"},\"thumbnailUrl\":\"https:\\\/\\\/produncan.cl\\\/wp-content\\\/uploads\\\/2022\\\/05\\\/Puerto-Bonito.webp\",\"datePublished\":\"2023-08-06T16:21:54+00:00\",\"dateModified\":\"2025-08-18T20:43:26+00:00\",\"description\":\"Parcelas Puerto Bonito est l'endroit id\u00e9al pour un investissement \u00e0 long terme dans les environs de la Laguna San Rafael Il dispose d'un embarcad\u00e8re pour les bateaux et de sentiers p\u00e9destres.\",\"breadcrumb\":{\"@id\":\"https:\\\/\\\/produncan.cl\\\/fr\\\/produit\\\/parcelles-port-bonito\\\/#breadcrumb\"},\"inLanguage\":\"fr-FR\",\"potentialAction\":[{\"@type\":\"ReadAction\",\"target\":[\"https:\\\/\\\/produncan.cl\\\/fr\\\/produit\\\/parcelles-port-bonito\\\/\"]}]},{\"@type\":\"ImageObject\",\"inLanguage\":\"fr-FR\",\"@id\":\"https:\\\/\\\/produncan.cl\\\/fr\\\/produit\\\/parcelles-port-bonito\\\/#primaryimage\",\"url\":\"https:\\\/\\\/produncan.cl\\\/wp-content\\\/uploads\\\/2022\\\/05\\\/Puerto-Bonito.webp\",\"contentUrl\":\"https:\\\/\\\/produncan.cl\\\/wp-content\\\/uploads\\\/2022\\\/05\\\/Puerto-Bonito.webp\",\"width\":600,\"height\":450},{\"@type\":\"BreadcrumbList\",\"@id\":\"https:\\\/\\\/produncan.cl\\\/fr\\\/produit\\\/parcelles-port-bonito\\\/#breadcrumb\",\"itemListElement\":[{\"@type\":\"ListItem\",\"position\":1,\"name\":\"Inicio\",\"item\":\"https:\\\/\\\/produncan.cl\\\/fr\\\/\"},{\"@type\":\"ListItem\",\"position\":2,\"name\":\"Propri\u00e9t\u00e9s\",\"item\":\"https:\\\/\\\/produncan.cl\\\/propiedades\\\/\"},{\"@type\":\"ListItem\",\"position\":3,\"name\":\"Parcelles\",\"item\":\"https:\\\/\\\/produncan.cl\\\/fr\\\/cat&eacute;gorie\\\/parcelles\\\/\"},{\"@type\":\"ListItem\",\"position\":4,\"name\":\"Parcelles Puerto Bonito &#8211; Lagune San Rafael\"}]},{\"@type\":\"WebSite\",\"@id\":\"https:\\\/\\\/produncan.cl\\\/fr\\\/#website\",\"url\":\"https:\\\/\\\/produncan.cl\\\/fr\\\/\",\"name\":\"Produncan\",\"description\":\"Nous vous accompagnons dans votre projet de vie !\",\"publisher\":{\"@id\":\"https:\\\/\\\/produncan.cl\\\/fr\\\/#organization\"},\"potentialAction\":[{\"@type\":\"SearchAction\",\"target\":{\"@type\":\"EntryPoint\",\"urlTemplate\":\"https:\\\/\\\/produncan.cl\\\/fr\\\/?s={search_term_string}\"},\"query-input\":{\"@type\":\"PropertyValueSpecification\",\"valueRequired\":true,\"valueName\":\"search_term_string\"}}],\"inLanguage\":\"fr-FR\"},{\"@type\":\"Organization\",\"@id\":\"https:\\\/\\\/produncan.cl\\\/fr\\\/#organization\",\"name\":\"Produncan\",\"url\":\"https:\\\/\\\/produncan.cl\\\/fr\\\/\",\"logo\":{\"@type\":\"ImageObject\",\"inLanguage\":\"fr-FR\",\"@id\":\"https:\\\/\\\/produncan.cl\\\/fr\\\/#\\\/schema\\\/logo\\\/image\\\/\",\"url\":\"https:\\\/\\\/produncan.cl\\\/wp-content\\\/uploads\\\/2021\\\/03\\\/LOGO.jpeg\",\"contentUrl\":\"https:\\\/\\\/produncan.cl\\\/wp-content\\\/uploads\\\/2021\\\/03\\\/LOGO.jpeg\",\"width\":1280,\"height\":903,\"caption\":\"Produncan\"},\"image\":{\"@id\":\"https:\\\/\\\/produncan.cl\\\/fr\\\/#\\\/schema\\\/logo\\\/image\\\/\"},\"sameAs\":[\"https:\\\/\\\/web.facebook.com\\\/produncanland\",\"https:\\\/\\\/www.instagram.com\\\/pro_duncan\\\/\",\"https:\\\/\\\/www.linkedin.com\\\/company\\\/produncan-lands\\\/\",\"https:\\\/\\\/www.youtube.com\\\/channel\\\/UCu7N-f3x0svkazD-Eew1-QQ\"],\"description\":\"En Produncan somos especialistas en la venta de terrenos en el sur de Chile. Proveemos estancias, campos, parcelas y hoteles.\",\"email\":\"info@produncan.cl\"}]}<\/script>\n<meta property=\"og:video\" content=\"https:\/\/www.youtube.com\/embed\/rqKQJcjIISg\" \/>\n<meta property=\"og:video:type\" content=\"text\/html\" \/>\n<meta property=\"og:video:duration\" content=\"61\" \/>\n<meta property=\"og:video:width\" content=\"480\" \/>\n<meta property=\"og:video:height\" content=\"360\" \/>\n<meta property=\"ya:ovs:adult\" content=\"false\" \/>\n<meta property=\"ya:ovs:upload_date\" content=\"2023-08-06T16:21:54+00:00\" \/>\n<meta property=\"ya:ovs:allow_embed\" content=\"true\" \/>\n<meta property=\"product:price:amount\" content=\"7600.00\" \/>\n<meta property=\"product:price:currency\" content=\"USD\" \/>\n<meta property=\"og:availability\" content=\"instock\" \/>\n<meta property=\"product:availability\" content=\"instock\" \/>\n<meta property=\"product:condition\" content=\"new\" \/>\n<!-- \/ Yoast SEO Premium plugin. -->","yoast_head_json":{"title":"Parcelles Puerto Bonito - Lagune San Rafael - Produncan","description":"Parcelas Puerto Bonito est l'endroit id\u00e9al pour un investissement \u00e0 long terme dans les environs de la Laguna San Rafael Il dispose d'un embarcad\u00e8re pour les bateaux et de sentiers p\u00e9destres.","robots":{"index":"index","follow":"follow","max-snippet":"max-snippet:-1","max-image-preview":"max-image-preview:large","max-video-preview":"max-video-preview:-1"},"canonical":"https:\/\/produncan.cl\/fr\/produit\/parcelles-port-bonito\/","og_locale":"fr_FR","og_type":"article","og_title":"Parcelles Puerto Bonito - Lagune San Rafael","og_description":"Parcelas Puerto Bonito est l'endroit id\u00e9al pour un investissement \u00e0 long terme dans les environs de la Laguna San Rafael Il dispose d'un embarcad\u00e8re pour les bateaux et de sentiers p\u00e9destres.","og_url":"https:\/\/produncan.cl\/fr\/produit\/parcelles-port-bonito\/","og_site_name":"Produncan","article_publisher":"https:\/\/web.facebook.com\/produncanland","article_modified_time":"2025-08-18T20:43:26+00:00","og_image":[{"width":600,"height":450,"url":"https:\/\/produncan.cl\/wp-content\/uploads\/2022\/05\/Puerto-Bonito.webp","type":"image\/webp"}],"twitter_card":"summary_large_image","twitter_misc":{"Price":"USD7.600,00","Availability":"In stock"},"schema":{"@context":"https:\/\/schema.org","@graph":[{"@type":"WebPage","@id":"https:\/\/produncan.cl\/fr\/produit\/parcelles-port-bonito\/","url":"https:\/\/produncan.cl\/fr\/produit\/parcelles-port-bonito\/","name":"Parcelles Puerto Bonito - Lagune San Rafael - Produncan","isPartOf":{"@id":"https:\/\/produncan.cl\/fr\/#website"},"primaryImageOfPage":{"@id":"https:\/\/produncan.cl\/fr\/produit\/parcelles-port-bonito\/#primaryimage"},"image":{"@id":"https:\/\/produncan.cl\/fr\/produit\/parcelles-port-bonito\/#primaryimage"},"thumbnailUrl":"https:\/\/produncan.cl\/wp-content\/uploads\/2022\/05\/Puerto-Bonito.webp","datePublished":"2023-08-06T16:21:54+00:00","dateModified":"2025-08-18T20:43:26+00:00","description":"Parcelas Puerto Bonito est l'endroit id\u00e9al pour un investissement \u00e0 long terme dans les environs de la Laguna San Rafael Il dispose d'un embarcad\u00e8re pour les bateaux et de sentiers p\u00e9destres.","breadcrumb":{"@id":"https:\/\/produncan.cl\/fr\/produit\/parcelles-port-bonito\/#breadcrumb"},"inLanguage":"fr-FR","potentialAction":[{"@type":"ReadAction","target":["https:\/\/produncan.cl\/fr\/produit\/parcelles-port-bonito\/"]}]},{"@type":"ImageObject","inLanguage":"fr-FR","@id":"https:\/\/produncan.cl\/fr\/produit\/parcelles-port-bonito\/#primaryimage","url":"https:\/\/produncan.cl\/wp-content\/uploads\/2022\/05\/Puerto-Bonito.webp","contentUrl":"https:\/\/produncan.cl\/wp-content\/uploads\/2022\/05\/Puerto-Bonito.webp","width":600,"height":450},{"@type":"BreadcrumbList","@id":"https:\/\/produncan.cl\/fr\/produit\/parcelles-port-bonito\/#breadcrumb","itemListElement":[{"@type":"ListItem","position":1,"name":"Inicio","item":"https:\/\/produncan.cl\/fr\/"},{"@type":"ListItem","position":2,"name":"Propri\u00e9t\u00e9s","item":"https:\/\/produncan.cl\/propiedades\/"},{"@type":"ListItem","position":3,"name":"Parcelles","item":"https:\/\/produncan.cl\/fr\/cat&eacute;gorie\/parcelles\/"},{"@type":"ListItem","position":4,"name":"Parcelles Puerto Bonito &#8211; Lagune San Rafael"}]},{"@type":"WebSite","@id":"https:\/\/produncan.cl\/fr\/#website","url":"https:\/\/produncan.cl\/fr\/","name":"Produncan","description":"Nous vous accompagnons dans votre projet de vie !","publisher":{"@id":"https:\/\/produncan.cl\/fr\/#organization"},"potentialAction":[{"@type":"SearchAction","target":{"@type":"EntryPoint","urlTemplate":"https:\/\/produncan.cl\/fr\/?s={search_term_string}"},"query-input":{"@type":"PropertyValueSpecification","valueRequired":true,"valueName":"search_term_string"}}],"inLanguage":"fr-FR"},{"@type":"Organization","@id":"https:\/\/produncan.cl\/fr\/#organization","name":"Produncan","url":"https:\/\/produncan.cl\/fr\/","logo":{"@type":"ImageObject","inLanguage":"fr-FR","@id":"https:\/\/produncan.cl\/fr\/#\/schema\/logo\/image\/","url":"https:\/\/produncan.cl\/wp-content\/uploads\/2021\/03\/LOGO.jpeg","contentUrl":"https:\/\/produncan.cl\/wp-content\/uploads\/2021\/03\/LOGO.jpeg","width":1280,"height":903,"caption":"Produncan"},"image":{"@id":"https:\/\/produncan.cl\/fr\/#\/schema\/logo\/image\/"},"sameAs":["https:\/\/web.facebook.com\/produncanland","https:\/\/www.instagram.com\/pro_duncan\/","https:\/\/www.linkedin.com\/company\/produncan-lands\/","https:\/\/www.youtube.com\/channel\/UCu7N-f3x0svkazD-Eew1-QQ"],"description":"En Produncan somos especialistas en la venta de terrenos en el sur de Chile. Proveemos estancias, campos, parcelas y hoteles.","email":"info@produncan.cl"}]},"og_video":"https:\/\/www.youtube.com\/embed\/rqKQJcjIISg","og_video_type":"text\/html","og_video_duration":"61","og_video_width":"480","og_video_height":"360","ya_ovs_adult":"false","ya_ovs_upload_date":"2023-08-06T16:21:54+00:00","ya_ovs_allow_embed":"true","product_price_amount":"7600.00","product_price_currency":"USD","og_availability":"instock","product_availability":"instock","product_condition":"new"},"_links":{"self":[{"href":"https:\/\/produncan.cl\/fr\/wp-json\/wp\/v2\/product\/7867","targetHints":{"allow":["GET"]}}],"collection":[{"href":"https:\/\/produncan.cl\/fr\/wp-json\/wp\/v2\/product"}],"about":[{"href":"https:\/\/produncan.cl\/fr\/wp-json\/wp\/v2\/types\/product"}],"version-history":[{"count":0,"href":"https:\/\/produncan.cl\/fr\/wp-json\/wp\/v2\/product\/7867\/revisions"}],"wp:featuredmedia":[{"embeddable":true,"href":"https:\/\/produncan.cl\/fr\/wp-json\/wp\/v2\/media\/5593"}],"wp:attachment":[{"href":"https:\/\/produncan.cl\/fr\/wp-json\/wp\/v2\/media?parent=7867"}],"wp:term":[{"taxonomy":"product_brand","embeddable":true,"href":"https:\/\/produncan.cl\/fr\/wp-json\/wp\/v2\/product_brand?post=7867"},{"taxonomy":"product_cat","embeddable":true,"href":"https:\/\/produncan.cl\/fr\/wp-json\/wp\/v2\/product_cat?post=7867"},{"taxonomy":"product_tag","embeddable":true,"href":"https:\/\/produncan.cl\/fr\/wp-json\/wp\/v2\/product_tag?post=7867"},{"taxonomy":"regiones","embeddable":true,"href":"https:\/\/produncan.cl\/fr\/wp-json\/wp\/v2\/regiones?post=7867"},{"taxonomy":"ciudades","embeddable":true,"href":"https:\/\/produncan.cl\/fr\/wp-json\/wp\/v2\/ciudades?post=7867"}],"curies":[{"name":"wp","href":"https:\/\/api.w.org\/{rel}","templated":true}]}}