{"id":7983,"date":"2022-11-24T18:57:01","date_gmt":"2022-11-24T21:57:01","guid":{"rendered":"https:\/\/produncan.cl\/producto\/campito-mirador-del-manio-7ha\/"},"modified":"2025-08-19T11:22:20","modified_gmt":"2025-08-19T15:22:20","slug":"campito-mirador-del-manio-2","status":"publish","type":"product","link":"https:\/\/produncan.cl\/fr\/produit\/campito-mirador-del-manio-2\/","title":{"rendered":"Campito 7ha Mirador del Ma\u00f1\u00edo &#8211; Estaci\u00f3n R\u00edo Fr\u00edo, Regi\u00f3n de los Lagos"},"content":{"rendered":"\t\t<div data-elementor-type=\"product-post\" data-elementor-id=\"7983\" class=\"elementor elementor-7983 elementor-7914\" data-elementor-post-type=\"product\">\n\t\t\t\t\t\t<section class=\"elementor-section elementor-top-section elementor-element elementor-element-24555bf8 elementor-section-boxed elementor-section-height-default elementor-section-height-default\" data-id=\"24555bf8\" data-element_type=\"section\" data-e-type=\"section\" data-settings=\"{&quot;jet_parallax_layout_list&quot;:[]}\">\n\t\t\t\t\t\t<div class=\"elementor-container elementor-column-gap-default\">\n\t\t\t\t\t<div class=\"elementor-column elementor-col-100 elementor-top-column elementor-element elementor-element-d7f9a0\" data-id=\"d7f9a0\" data-element_type=\"column\" data-e-type=\"column\">\n\t\t\t<div class=\"elementor-widget-wrap elementor-element-populated\">\n\t\t\t\t\t\t<div class=\"elementor-element elementor-element-2d8a2f8b elementor-widget elementor-widget-text-editor\" data-id=\"2d8a2f8b\" data-element_type=\"widget\" data-e-type=\"widget\" data-widget_type=\"text-editor.default\">\n\t\t\t\t\t\t\t\t\t<h2>Campito de 7 hectares avec une vue magnifique \u00e0 une heure de Puerto Varas !<\/h2><p>Nous vous invitons \u00e0 faire connaissance avec ce camp de 7 hectares avec acc\u00e8s asphalt\u00e9 et vue merveilleuse, \u00e0 seulement une heure \u00e0 l&#8217;ouest de Puerto Varas.<\/p><p>On acc\u00e8de \u00e0 la propri\u00e9t\u00e9 depuis la Estaci\u00f3n R\u00edo Frio \u00e0 l&#8217;ouest, par une route goudronn\u00e9e en excellent \u00e9tat et enfin quelques m\u00e8tres de servitude, o\u00f9 l&#8217;on passe devant une \u00e9glise locale pittoresque.<\/p><p><span style=\"color: var( --e-global-color-text ); font-family: var( --e-global-typography-text-font-family ), Sans-serif; font-weight: var( --e-global-typography-text-font-weight );\">Le campito est situ\u00e9 au d\u00e9but de la cha\u00eene de montagnes c\u00f4ti\u00e8res, orient\u00e9 au nord-est, avec une belle vue sur les stations Rio Frio, Puerto Varas et les volcans Calbuco, Osorno et Puntiagudo, entre autres.<\/span><\/p><p><span style=\"color: var( --e-global-color-text ); font-family: var( --e-global-typography-text-font-family ), Sans-serif; font-weight: var( --e-global-typography-text-font-weight );\">La ligne \u00e9lectrique traverse la propri\u00e9t\u00e9, l&#8217;eau provient de trois sources et un ruisseau ne s&#8217;ass\u00e8che pas en \u00e9t\u00e9. En outre, le signal t\u00e9l\u00e9phonique est excellent.<\/span><\/p><p><span style=\"color: var( --e-global-color-text ); font-family: var( --e-global-typography-text-font-family ), Sans-serif; font-weight: var( --e-global-typography-text-font-weight );\">Depuis la servitude d&#8217;acc\u00e8s au sommet du campito, la propri\u00e9t\u00e9 entame une pente douce, avec des p\u00e2turages parfaits, le tout agr\u00e9ment\u00e9 de formations bois\u00e9es indig\u00e8nes, ce qui en fait l&#8217;endroit id\u00e9al pour ceux qui recherchent quelque chose de vraiment beau.<\/span><\/p><p><span style=\"color: var( --e-global-color-text ); font-family: var( --e-global-typography-text-font-family ), Sans-serif; font-weight: var( --e-global-typography-text-font-weight );\">La propri\u00e9t\u00e9 compte environ 80 % de prairies et 20 % d&#8217;arbres indig\u00e8nes. La for\u00eat poss\u00e8de des arbres anciens et une grande biodiversit\u00e9 et faune, id\u00e9ale pour les amoureux de la nature. Dans la flore, vous trouverez Canelo, Ciruelillo, Rodal, Ulmo, Array\u00e1n, Luma, Meli, Lingue, Tepa.<\/span><\/p><p><span style=\"color: var( --e-global-color-text ); font-family: var( --e-global-typography-text-font-family ), Sans-serif; font-weight: var( --e-global-typography-text-font-weight );\">Le champ n&#8217;est pas encore subdivis\u00e9 et la possibilit\u00e9 d&#8217;acheter entre 7 et 10 hectares \u00e0 35 millions de dollars par hectare est ouverte. Le prix est n\u00e9gociable.<\/span><\/p><p><span style=\"color: var( --e-global-color-text ); font-family: var( --e-global-typography-text-font-family ), Sans-serif; font-weight: var( --e-global-typography-text-font-weight );\">\u00c0 proximit\u00e9, on trouve un bureau de poste, une sup\u00e9rette, une \u00e9cole et une \u00e9glise. La petite ville de Los Muermos n&#8217;est qu&#8217;\u00e0 20 minutes pour faire le plein de tout ce dont vous avez besoin.<\/span><\/p><p><span style=\"color: var( --e-global-color-text ); font-family: var( --e-global-typography-text-font-family ), Sans-serif; font-weight: var( --e-global-typography-text-font-weight );\">La propri\u00e9t\u00e9 est \u00e9galement relativement proche de la c\u00f4te, qui commence \u00e0 conna\u00eetre un fort d\u00e9veloppement en raison de ses endroits paradisiaques tels que Llico bajo, Puerto Godoy, Quenir et Caleta Estaquilla.<\/span><\/p><p><span style=\"color: var( --e-global-color-text ); font-family: var( --e-global-typography-text-font-family ), Sans-serif; font-weight: var( --e-global-typography-text-font-weight );\">CONTACTEZ-NOUS<\/span><\/p><p><span style=\"color: var( --e-global-color-text ); font-family: var( --e-global-typography-text-font-family ), Sans-serif; font-weight: var( --e-global-typography-text-font-weight );\">NE MANQUEZ PAS L&#8217;ENDROIT ID\u00c9AL POUR UN MAGNIFIQUE PROJET DE VIE !<\/span><\/p>\t\t\t\t\t\t\t\t<\/div>\n\t\t\t\t\t<\/div>\n\t\t<\/div>\n\t\t\t\t\t<\/div>\n\t\t<\/section>\n\t\t\t\t<\/div>\n\t\t","protected":false},"excerpt":{"rendered":"<p>Petit campement pr\u00e8s de Los Muermos. Principalement des prairies avec une belle vue. \u00c9lectricit\u00e9, eau courante, bon signal et acc\u00e8s goudronn\u00e9.<\/p>\n","protected":false},"featured_media":7919,"template":"","meta":{"_acf_changed":false},"product_brand":[],"product_cat":[113],"product_tag":[236,237],"regiones":[226],"ciudades":[214,216],"class_list":{"0":"post-7983","1":"product","2":"type-product","3":"status-publish","4":"has-post-thumbnail","6":"product_cat-ohiggins-los-lagos-fr","7":"product_tag-parcelles","8":"product_tag-proprietes-touristiques","9":"regiones-nuble-los_lagos","10":"ciudades-fresia","11":"ciudades-los-muermos","13":"first","14":"instock","15":"shipping-taxable","16":"purchasable","17":"product-type-simple"},"acf":[],"yoast_head":"<!-- This site is optimized with the Yoast SEO Premium plugin v26.0 (Yoast SEO v27.3) - https:\/\/yoast.com\/product\/yoast-seo-premium-wordpress\/ -->\n<title>Campito Mirador del Ma\u00f1\u00edo - Estaci\u00f3n R\u00edo Fr\u00edo - Produncan<\/title>\n<meta name=\"description\" content=\"Campito Mirador del Ma\u00f1\u00edo : une opportunit\u00e9 d&#039;investissement unique dans la r\u00e9gion des lacs 5 hectares de terrain avec une situation privil\u00e9gi\u00e9e, \u00e0 seulement 15 minutes de la ville de Puerto Varas\" \/>\n<meta name=\"robots\" content=\"index, follow, max-snippet:-1, max-image-preview:large, max-video-preview:-1\" \/>\n<link rel=\"canonical\" href=\"https:\/\/produncan.cl\/fr\/produit\/campito-mirador-del-manio-2\/\" \/>\n<meta property=\"og:locale\" content=\"fr_FR\" \/>\n<meta property=\"og:type\" content=\"article\" \/>\n<meta property=\"og:title\" content=\"Campito 7ha Mirador del Ma\u00f1\u00edo - Estaci\u00f3n R\u00edo Fr\u00edo, Regi\u00f3n de los Lagos\" \/>\n<meta property=\"og:description\" content=\"Campito Mirador del Ma\u00f1\u00edo : une opportunit\u00e9 d&#039;investissement unique dans la r\u00e9gion des lacs 5 hectares de terrain avec une situation privil\u00e9gi\u00e9e, \u00e0 seulement 15 minutes de la ville de Puerto Varas\" \/>\n<meta property=\"og:url\" content=\"https:\/\/produncan.cl\/fr\/produit\/campito-mirador-del-manio-2\/\" \/>\n<meta property=\"og:site_name\" content=\"Produncan\" \/>\n<meta property=\"article:publisher\" content=\"https:\/\/web.facebook.com\/produncanland\" \/>\n<meta property=\"article:modified_time\" content=\"2025-08-19T15:22:20+00:00\" \/>\n<meta property=\"og:image\" content=\"https:\/\/produncan.cl\/wp-content\/uploads\/2022\/11\/Campito-Mirador-El-Manio.webp\" \/>\n\t<meta property=\"og:image:width\" content=\"600\" \/>\n\t<meta property=\"og:image:height\" content=\"450\" \/>\n\t<meta property=\"og:image:type\" content=\"image\/webp\" \/>\n<meta name=\"twitter:card\" content=\"summary_large_image\" \/>\n<meta name=\"twitter:label1\" content=\"Price\" \/>\n\t<meta name=\"twitter:data1\" content=\"USD266.400,00\" \/>\n\t<meta name=\"twitter:label2\" content=\"Availability\" \/>\n\t<meta name=\"twitter:data2\" content=\"In stock\" \/>\n<script type=\"application\/ld+json\" class=\"yoast-schema-graph\">{\"@context\":\"https:\\\/\\\/schema.org\",\"@graph\":[{\"@type\":\"WebPage\",\"@id\":\"https:\\\/\\\/produncan.cl\\\/fr\\\/produit\\\/campito-mirador-del-manio-2\\\/\",\"url\":\"https:\\\/\\\/produncan.cl\\\/fr\\\/produit\\\/campito-mirador-del-manio-2\\\/\",\"name\":\"Campito Mirador del Ma\u00f1\u00edo - Estaci\u00f3n R\u00edo Fr\u00edo - Produncan\",\"isPartOf\":{\"@id\":\"https:\\\/\\\/produncan.cl\\\/fr\\\/#website\"},\"primaryImageOfPage\":{\"@id\":\"https:\\\/\\\/produncan.cl\\\/fr\\\/produit\\\/campito-mirador-del-manio-2\\\/#primaryimage\"},\"image\":{\"@id\":\"https:\\\/\\\/produncan.cl\\\/fr\\\/produit\\\/campito-mirador-del-manio-2\\\/#primaryimage\"},\"thumbnailUrl\":\"https:\\\/\\\/produncan.cl\\\/wp-content\\\/uploads\\\/2022\\\/11\\\/Campito-Mirador-El-Manio.webp\",\"datePublished\":\"2022-11-24T21:57:01+00:00\",\"dateModified\":\"2025-08-19T15:22:20+00:00\",\"description\":\"Campito Mirador del Ma\u00f1\u00edo : une opportunit\u00e9 d'investissement unique dans la r\u00e9gion des lacs 5 hectares de terrain avec une situation privil\u00e9gi\u00e9e, \u00e0 seulement 15 minutes de la ville de Puerto Varas\",\"breadcrumb\":{\"@id\":\"https:\\\/\\\/produncan.cl\\\/fr\\\/produit\\\/campito-mirador-del-manio-2\\\/#breadcrumb\"},\"inLanguage\":\"fr-FR\",\"potentialAction\":[{\"@type\":\"ReadAction\",\"target\":[\"https:\\\/\\\/produncan.cl\\\/fr\\\/produit\\\/campito-mirador-del-manio-2\\\/\"]}]},{\"@type\":\"ImageObject\",\"inLanguage\":\"fr-FR\",\"@id\":\"https:\\\/\\\/produncan.cl\\\/fr\\\/produit\\\/campito-mirador-del-manio-2\\\/#primaryimage\",\"url\":\"https:\\\/\\\/produncan.cl\\\/wp-content\\\/uploads\\\/2022\\\/11\\\/Campito-Mirador-El-Manio.webp\",\"contentUrl\":\"https:\\\/\\\/produncan.cl\\\/wp-content\\\/uploads\\\/2022\\\/11\\\/Campito-Mirador-El-Manio.webp\",\"width\":600,\"height\":450,\"caption\":\"Campito Mirador Del Ma\u00f1io\"},{\"@type\":\"BreadcrumbList\",\"@id\":\"https:\\\/\\\/produncan.cl\\\/fr\\\/produit\\\/campito-mirador-del-manio-2\\\/#breadcrumb\",\"itemListElement\":[{\"@type\":\"ListItem\",\"position\":1,\"name\":\"Inicio\",\"item\":\"https:\\\/\\\/produncan.cl\\\/fr\\\/\"},{\"@type\":\"ListItem\",\"position\":2,\"name\":\"Propri\u00e9t\u00e9s\",\"item\":\"https:\\\/\\\/produncan.cl\\\/propiedades\\\/\"},{\"@type\":\"ListItem\",\"position\":3,\"name\":\"Parcelles\",\"item\":\"https:\\\/\\\/produncan.cl\\\/fr\\\/cat&eacute;gorie\\\/parcelles\\\/\"},{\"@type\":\"ListItem\",\"position\":4,\"name\":\"Campito 7ha Mirador del Ma\u00f1\u00edo &#8211; Estaci\u00f3n R\u00edo Fr\u00edo, Regi\u00f3n de los Lagos\"}]},{\"@type\":\"WebSite\",\"@id\":\"https:\\\/\\\/produncan.cl\\\/fr\\\/#website\",\"url\":\"https:\\\/\\\/produncan.cl\\\/fr\\\/\",\"name\":\"Produncan\",\"description\":\"Nous vous accompagnons dans votre projet de vie !\",\"publisher\":{\"@id\":\"https:\\\/\\\/produncan.cl\\\/fr\\\/#organization\"},\"potentialAction\":[{\"@type\":\"SearchAction\",\"target\":{\"@type\":\"EntryPoint\",\"urlTemplate\":\"https:\\\/\\\/produncan.cl\\\/fr\\\/?s={search_term_string}\"},\"query-input\":{\"@type\":\"PropertyValueSpecification\",\"valueRequired\":true,\"valueName\":\"search_term_string\"}}],\"inLanguage\":\"fr-FR\"},{\"@type\":\"Organization\",\"@id\":\"https:\\\/\\\/produncan.cl\\\/fr\\\/#organization\",\"name\":\"Produncan\",\"url\":\"https:\\\/\\\/produncan.cl\\\/fr\\\/\",\"logo\":{\"@type\":\"ImageObject\",\"inLanguage\":\"fr-FR\",\"@id\":\"https:\\\/\\\/produncan.cl\\\/fr\\\/#\\\/schema\\\/logo\\\/image\\\/\",\"url\":\"https:\\\/\\\/produncan.cl\\\/wp-content\\\/uploads\\\/2021\\\/03\\\/LOGO.jpeg\",\"contentUrl\":\"https:\\\/\\\/produncan.cl\\\/wp-content\\\/uploads\\\/2021\\\/03\\\/LOGO.jpeg\",\"width\":1280,\"height\":903,\"caption\":\"Produncan\"},\"image\":{\"@id\":\"https:\\\/\\\/produncan.cl\\\/fr\\\/#\\\/schema\\\/logo\\\/image\\\/\"},\"sameAs\":[\"https:\\\/\\\/web.facebook.com\\\/produncanland\",\"https:\\\/\\\/www.instagram.com\\\/pro_duncan\\\/\",\"https:\\\/\\\/www.linkedin.com\\\/company\\\/produncan-lands\\\/\",\"https:\\\/\\\/www.youtube.com\\\/channel\\\/UCu7N-f3x0svkazD-Eew1-QQ\"],\"description\":\"En Produncan somos especialistas en la venta de terrenos en el sur de Chile. Proveemos estancias, campos, parcelas y hoteles.\",\"email\":\"info@produncan.cl\"}]}<\/script>\n<meta property=\"og:video\" content=\"https:\/\/www.youtube.com\/embed\/h7GOvs2Fv9c\" \/>\n<meta property=\"og:video:type\" content=\"text\/html\" \/>\n<meta property=\"og:video:duration\" content=\"60\" \/>\n<meta property=\"og:video:width\" content=\"480\" \/>\n<meta property=\"og:video:height\" content=\"360\" \/>\n<meta property=\"ya:ovs:adult\" content=\"false\" \/>\n<meta property=\"ya:ovs:upload_date\" content=\"2022-11-24T21:57:01+00:00\" \/>\n<meta property=\"ya:ovs:allow_embed\" content=\"true\" \/>\n<meta property=\"product:price:amount\" content=\"266400.00\" \/>\n<meta property=\"product:price:currency\" content=\"USD\" \/>\n<meta property=\"og:availability\" content=\"instock\" \/>\n<meta property=\"product:availability\" content=\"instock\" \/>\n<meta property=\"product:condition\" content=\"new\" \/>\n<!-- \/ Yoast SEO Premium plugin. -->","yoast_head_json":{"title":"Campito Mirador del Ma\u00f1\u00edo - Estaci\u00f3n R\u00edo Fr\u00edo - Produncan","description":"Campito Mirador del Ma\u00f1\u00edo : une opportunit\u00e9 d'investissement unique dans la r\u00e9gion des lacs 5 hectares de terrain avec une situation privil\u00e9gi\u00e9e, \u00e0 seulement 15 minutes de la ville de Puerto Varas","robots":{"index":"index","follow":"follow","max-snippet":"max-snippet:-1","max-image-preview":"max-image-preview:large","max-video-preview":"max-video-preview:-1"},"canonical":"https:\/\/produncan.cl\/fr\/produit\/campito-mirador-del-manio-2\/","og_locale":"fr_FR","og_type":"article","og_title":"Campito 7ha Mirador del Ma\u00f1\u00edo - Estaci\u00f3n R\u00edo Fr\u00edo, Regi\u00f3n de los Lagos","og_description":"Campito Mirador del Ma\u00f1\u00edo : une opportunit\u00e9 d'investissement unique dans la r\u00e9gion des lacs 5 hectares de terrain avec une situation privil\u00e9gi\u00e9e, \u00e0 seulement 15 minutes de la ville de Puerto Varas","og_url":"https:\/\/produncan.cl\/fr\/produit\/campito-mirador-del-manio-2\/","og_site_name":"Produncan","article_publisher":"https:\/\/web.facebook.com\/produncanland","article_modified_time":"2025-08-19T15:22:20+00:00","og_image":[{"width":600,"height":450,"url":"https:\/\/produncan.cl\/wp-content\/uploads\/2022\/11\/Campito-Mirador-El-Manio.webp","type":"image\/webp"}],"twitter_card":"summary_large_image","twitter_misc":{"Price":"USD266.400,00","Availability":"In stock"},"schema":{"@context":"https:\/\/schema.org","@graph":[{"@type":"WebPage","@id":"https:\/\/produncan.cl\/fr\/produit\/campito-mirador-del-manio-2\/","url":"https:\/\/produncan.cl\/fr\/produit\/campito-mirador-del-manio-2\/","name":"Campito Mirador del Ma\u00f1\u00edo - Estaci\u00f3n R\u00edo Fr\u00edo - Produncan","isPartOf":{"@id":"https:\/\/produncan.cl\/fr\/#website"},"primaryImageOfPage":{"@id":"https:\/\/produncan.cl\/fr\/produit\/campito-mirador-del-manio-2\/#primaryimage"},"image":{"@id":"https:\/\/produncan.cl\/fr\/produit\/campito-mirador-del-manio-2\/#primaryimage"},"thumbnailUrl":"https:\/\/produncan.cl\/wp-content\/uploads\/2022\/11\/Campito-Mirador-El-Manio.webp","datePublished":"2022-11-24T21:57:01+00:00","dateModified":"2025-08-19T15:22:20+00:00","description":"Campito Mirador del Ma\u00f1\u00edo : une opportunit\u00e9 d'investissement unique dans la r\u00e9gion des lacs 5 hectares de terrain avec une situation privil\u00e9gi\u00e9e, \u00e0 seulement 15 minutes de la ville de Puerto Varas","breadcrumb":{"@id":"https:\/\/produncan.cl\/fr\/produit\/campito-mirador-del-manio-2\/#breadcrumb"},"inLanguage":"fr-FR","potentialAction":[{"@type":"ReadAction","target":["https:\/\/produncan.cl\/fr\/produit\/campito-mirador-del-manio-2\/"]}]},{"@type":"ImageObject","inLanguage":"fr-FR","@id":"https:\/\/produncan.cl\/fr\/produit\/campito-mirador-del-manio-2\/#primaryimage","url":"https:\/\/produncan.cl\/wp-content\/uploads\/2022\/11\/Campito-Mirador-El-Manio.webp","contentUrl":"https:\/\/produncan.cl\/wp-content\/uploads\/2022\/11\/Campito-Mirador-El-Manio.webp","width":600,"height":450,"caption":"Campito Mirador Del Ma\u00f1io"},{"@type":"BreadcrumbList","@id":"https:\/\/produncan.cl\/fr\/produit\/campito-mirador-del-manio-2\/#breadcrumb","itemListElement":[{"@type":"ListItem","position":1,"name":"Inicio","item":"https:\/\/produncan.cl\/fr\/"},{"@type":"ListItem","position":2,"name":"Propri\u00e9t\u00e9s","item":"https:\/\/produncan.cl\/propiedades\/"},{"@type":"ListItem","position":3,"name":"Parcelles","item":"https:\/\/produncan.cl\/fr\/cat&eacute;gorie\/parcelles\/"},{"@type":"ListItem","position":4,"name":"Campito 7ha Mirador del Ma\u00f1\u00edo &#8211; Estaci\u00f3n R\u00edo Fr\u00edo, Regi\u00f3n de los Lagos"}]},{"@type":"WebSite","@id":"https:\/\/produncan.cl\/fr\/#website","url":"https:\/\/produncan.cl\/fr\/","name":"Produncan","description":"Nous vous accompagnons dans votre projet de vie !","publisher":{"@id":"https:\/\/produncan.cl\/fr\/#organization"},"potentialAction":[{"@type":"SearchAction","target":{"@type":"EntryPoint","urlTemplate":"https:\/\/produncan.cl\/fr\/?s={search_term_string}"},"query-input":{"@type":"PropertyValueSpecification","valueRequired":true,"valueName":"search_term_string"}}],"inLanguage":"fr-FR"},{"@type":"Organization","@id":"https:\/\/produncan.cl\/fr\/#organization","name":"Produncan","url":"https:\/\/produncan.cl\/fr\/","logo":{"@type":"ImageObject","inLanguage":"fr-FR","@id":"https:\/\/produncan.cl\/fr\/#\/schema\/logo\/image\/","url":"https:\/\/produncan.cl\/wp-content\/uploads\/2021\/03\/LOGO.jpeg","contentUrl":"https:\/\/produncan.cl\/wp-content\/uploads\/2021\/03\/LOGO.jpeg","width":1280,"height":903,"caption":"Produncan"},"image":{"@id":"https:\/\/produncan.cl\/fr\/#\/schema\/logo\/image\/"},"sameAs":["https:\/\/web.facebook.com\/produncanland","https:\/\/www.instagram.com\/pro_duncan\/","https:\/\/www.linkedin.com\/company\/produncan-lands\/","https:\/\/www.youtube.com\/channel\/UCu7N-f3x0svkazD-Eew1-QQ"],"description":"En Produncan somos especialistas en la venta de terrenos en el sur de Chile. Proveemos estancias, campos, parcelas y hoteles.","email":"info@produncan.cl"}]},"og_video":"https:\/\/www.youtube.com\/embed\/h7GOvs2Fv9c","og_video_type":"text\/html","og_video_duration":"60","og_video_width":"480","og_video_height":"360","ya_ovs_adult":"false","ya_ovs_upload_date":"2022-11-24T21:57:01+00:00","ya_ovs_allow_embed":"true","product_price_amount":"266400.00","product_price_currency":"USD","og_availability":"instock","product_availability":"instock","product_condition":"new"},"_links":{"self":[{"href":"https:\/\/produncan.cl\/fr\/wp-json\/wp\/v2\/product\/7983","targetHints":{"allow":["GET"]}}],"collection":[{"href":"https:\/\/produncan.cl\/fr\/wp-json\/wp\/v2\/product"}],"about":[{"href":"https:\/\/produncan.cl\/fr\/wp-json\/wp\/v2\/types\/product"}],"version-history":[{"count":0,"href":"https:\/\/produncan.cl\/fr\/wp-json\/wp\/v2\/product\/7983\/revisions"}],"wp:featuredmedia":[{"embeddable":true,"href":"https:\/\/produncan.cl\/fr\/wp-json\/wp\/v2\/media\/7919"}],"wp:attachment":[{"href":"https:\/\/produncan.cl\/fr\/wp-json\/wp\/v2\/media?parent=7983"}],"wp:term":[{"taxonomy":"product_brand","embeddable":true,"href":"https:\/\/produncan.cl\/fr\/wp-json\/wp\/v2\/product_brand?post=7983"},{"taxonomy":"product_cat","embeddable":true,"href":"https:\/\/produncan.cl\/fr\/wp-json\/wp\/v2\/product_cat?post=7983"},{"taxonomy":"product_tag","embeddable":true,"href":"https:\/\/produncan.cl\/fr\/wp-json\/wp\/v2\/product_tag?post=7983"},{"taxonomy":"regiones","embeddable":true,"href":"https:\/\/produncan.cl\/fr\/wp-json\/wp\/v2\/regiones?post=7983"},{"taxonomy":"ciudades","embeddable":true,"href":"https:\/\/produncan.cl\/fr\/wp-json\/wp\/v2\/ciudades?post=7983"}],"curies":[{"name":"wp","href":"https:\/\/api.w.org\/{rel}","templated":true}]}}