{"id":8599,"date":"2021-05-06T13:31:25","date_gmt":"2021-05-06T17:31:25","guid":{"rendered":"https:\/\/produncan.cl\/producto\/campito-llico-alto\/"},"modified":"2025-08-07T16:52:43","modified_gmt":"2025-08-07T20:52:43","slug":"campito-llico-high","status":"publish","type":"product","link":"https:\/\/produncan.cl\/fr\/produit\/campito-llico-high\/","title":{"rendered":"&#8220;Campito 8,66 Llico Alto &#8211; Parga, R\u00e9gion des Lacs&#8221;"},"content":{"rendered":"<p><span style=\"color: #fb1212;\"><a style=\"color: #fb1212;\" href=\"https:\/\/www.instagram.com\/reel\/CXjY2YjJkUT\/\" target=\"_blank\" rel=\"noopener\">REGARDER LA VID\u00c9O SUR INSTAGRAM<\/a><\/span><\/p>\n<h2>VIVRE DANS UN PETIT CAMP D&#8217;ALTITUDE AVEC UNE EXCELLENTE VUE SUR LA CHA\u00ceNE DE MONTAGNES !<\/h2>\n<p>Ce champ a une superficie de 8,66 hectares et est situ\u00e9 au d\u00e9but de la cha\u00eene de montagnes c\u00f4ti\u00e8res, dans un secteur appel\u00e9 Llico Alto, permettant une belle vue vers Frutillar, Puerto Varas et les Volcans.<br \/>\nLe terrain comporte 60 % de prairie en pente douce, une for\u00eat indig\u00e8ne (ulmo, myrte, lingue, maqui, luma, radal, meli et tilleul), trois ruisseaux qui ne s&#8217;ass\u00e8chent pas en \u00e9t\u00e9 et un bosquet avec de nombreux arbres fruitiers biologiques : cerisiers, pommiers et pruniers.<br \/>\nL&#8217;acc\u00e8s dispose d&#8217;une route en gravier de seulement 2 km de long en excellent \u00e9tat et est desservi par les transports publics deux fois par jour vers Parga et Fresia.<br \/>\nLe campito dispose \u00e9galement d&#8217;eau de source, bient\u00f4t d&#8217;eau potable rurale APR, d&#8217;\u00e9lectricit\u00e9 monophas\u00e9e, de cl\u00f4tures internes pour la gestion des animaux, d&#8217;un excellent signal de t\u00e9l\u00e9communications, d&#8217;une maison de 48m2 (\u00e0 r\u00e9parer) construite il y a 20 ans, avec cuisine, salle \u00e0 manger, 2 chambres, salle de bain, fosse septique, cave et b\u00fbcher, et \u00e0 proximit\u00e9 se trouve une tour de contr\u00f4le des incendies Conaf.<br \/>\nEn effet, \u00e0 c\u00f4t\u00e9 de l&#8217;entr\u00e9e se trouve une petite \u00e9cole primaire, de tr\u00e8s belle architecture, dont le terrain a \u00e9t\u00e9 donn\u00e9 par les propri\u00e9taires. Pour leur part, les voisins sont de premi\u00e8re classe !<br \/>\nLe site est proche de Parga, Fresia, Ca\u00f1itas, Estaquilla, Llico bajo, Rio Blanco, Rio Pato et Los Muermos.<br \/>\nEn outre, \u00e0 seulement 2 km, il y a un bureau de poste, une \u00e9cole, une \u00e9glise, un conseil de quartier et un centre touristique avec \u00e9quitation, barbecues, piscine et cabanes. Son prix demand\u00e9 est de 98 millions.<\/p>\n<p>NE PERDEZ PLUS DE TEMPS ET PASSEZ VOS MEILLEURES ANN\u00c9ES \u00c0 LA CAMPAGNE !<\/p>\n","protected":false},"excerpt":{"rendered":"<p>&#8220;Petit champ \u00e0 1 heure de Puerto Varas. \u00c9lectricit\u00e9, eau, ruisseaux.&#8221;<\/p>\n","protected":false},"featured_media":4397,"template":"","meta":{"_acf_changed":false},"product_brand":[],"product_cat":[113],"product_tag":[],"regiones":[226],"ciudades":[],"class_list":{"0":"post-8599","1":"product","2":"type-product","3":"status-publish","4":"has-post-thumbnail","6":"product_cat-ohiggins-los-lagos-fr","7":"regiones-nuble-los_lagos","9":"first","10":"outofstock","11":"sold-individually","12":"shipping-taxable","13":"product-type-simple"},"acf":[],"yoast_head":"<!-- This site is optimized with the Yoast SEO Premium plugin v26.0 (Yoast SEO v27.4) - https:\/\/yoast.com\/product\/yoast-seo-premium-wordpress\/ -->\n<title>&quot;Campito 8,66 Llico Alto - Parga, R\u00e9gion des Lacs&quot; - Produncan<\/title>\n<meta name=\"description\" content=\"Venez dans ce petit champ de 8,66 hectares avec des collines douces, des arbres indig\u00e8nes et une belle vue sur Frutillar et Puerto Montt.\" \/>\n<meta name=\"robots\" content=\"index, follow, max-snippet:-1, max-image-preview:large, max-video-preview:-1\" \/>\n<link rel=\"canonical\" href=\"https:\/\/produncan.cl\/fr\/produit\/campito-llico-high\/\" \/>\n<meta property=\"og:locale\" content=\"fr_FR\" \/>\n<meta property=\"og:type\" content=\"article\" \/>\n<meta property=\"og:title\" content=\"&quot;Campito 8,66 Llico Alto - Parga, R\u00e9gion des Lacs&quot;\" \/>\n<meta property=\"og:description\" content=\"Venez dans ce petit champ de 8,66 hectares avec des collines douces, des arbres indig\u00e8nes et une belle vue sur Frutillar et Puerto Montt.\" \/>\n<meta property=\"og:url\" content=\"https:\/\/produncan.cl\/fr\/produit\/campito-llico-high\/\" \/>\n<meta property=\"og:site_name\" content=\"Produncan\" \/>\n<meta property=\"article:publisher\" content=\"https:\/\/web.facebook.com\/produncanland\" \/>\n<meta property=\"article:modified_time\" content=\"2025-08-07T20:52:43+00:00\" \/>\n<meta property=\"og:image\" content=\"https:\/\/produncan.cl\/wp-content\/uploads\/2022\/04\/Llico-Alto-Vendido.webp\" \/>\n\t<meta property=\"og:image:width\" content=\"300\" \/>\n\t<meta property=\"og:image:height\" content=\"225\" \/>\n\t<meta property=\"og:image:type\" content=\"image\/webp\" \/>\n<meta name=\"twitter:card\" content=\"summary_large_image\" \/>\n<meta name=\"twitter:label1\" content=\"Price\" \/>\n\t<meta name=\"twitter:data1\" content=\"\" \/>\n\t<meta name=\"twitter:label2\" content=\"Availability\" \/>\n\t<meta name=\"twitter:data2\" content=\"Out of stock\" \/>\n<script type=\"application\/ld+json\" class=\"yoast-schema-graph\">{\"@context\":\"https:\\\/\\\/schema.org\",\"@graph\":[{\"@type\":\"WebPage\",\"@id\":\"https:\\\/\\\/produncan.cl\\\/fr\\\/produit\\\/campito-llico-high\\\/\",\"url\":\"https:\\\/\\\/produncan.cl\\\/fr\\\/produit\\\/campito-llico-high\\\/\",\"name\":\"\\\"Campito 8,66 Llico Alto - Parga, R\u00e9gion des Lacs\\\" - Produncan\",\"isPartOf\":{\"@id\":\"https:\\\/\\\/produncan.cl\\\/fr\\\/#website\"},\"primaryImageOfPage\":{\"@id\":\"https:\\\/\\\/produncan.cl\\\/fr\\\/produit\\\/campito-llico-high\\\/#primaryimage\"},\"image\":{\"@id\":\"https:\\\/\\\/produncan.cl\\\/fr\\\/produit\\\/campito-llico-high\\\/#primaryimage\"},\"thumbnailUrl\":\"https:\\\/\\\/produncan.cl\\\/wp-content\\\/uploads\\\/2022\\\/04\\\/Llico-Alto-Vendido.webp\",\"datePublished\":\"2021-05-06T17:31:25+00:00\",\"dateModified\":\"2025-08-07T20:52:43+00:00\",\"description\":\"Venez dans ce petit champ de 8,66 hectares avec des collines douces, des arbres indig\u00e8nes et une belle vue sur Frutillar et Puerto Montt.\",\"breadcrumb\":{\"@id\":\"https:\\\/\\\/produncan.cl\\\/fr\\\/produit\\\/campito-llico-high\\\/#breadcrumb\"},\"inLanguage\":\"fr-FR\",\"potentialAction\":[{\"@type\":\"ReadAction\",\"target\":[\"https:\\\/\\\/produncan.cl\\\/fr\\\/produit\\\/campito-llico-high\\\/\"]}]},{\"@type\":\"ImageObject\",\"inLanguage\":\"fr-FR\",\"@id\":\"https:\\\/\\\/produncan.cl\\\/fr\\\/produit\\\/campito-llico-high\\\/#primaryimage\",\"url\":\"https:\\\/\\\/produncan.cl\\\/wp-content\\\/uploads\\\/2022\\\/04\\\/Llico-Alto-Vendido.webp\",\"contentUrl\":\"https:\\\/\\\/produncan.cl\\\/wp-content\\\/uploads\\\/2022\\\/04\\\/Llico-Alto-Vendido.webp\",\"width\":300,\"height\":225},{\"@type\":\"BreadcrumbList\",\"@id\":\"https:\\\/\\\/produncan.cl\\\/fr\\\/produit\\\/campito-llico-high\\\/#breadcrumb\",\"itemListElement\":[{\"@type\":\"ListItem\",\"position\":1,\"name\":\"Inicio\",\"item\":\"https:\\\/\\\/produncan.cl\\\/fr\\\/\"},{\"@type\":\"ListItem\",\"position\":2,\"name\":\"Propri\u00e9t\u00e9s\",\"item\":\"https:\\\/\\\/produncan.cl\\\/propiedades\\\/\"},{\"@type\":\"ListItem\",\"position\":3,\"name\":\"&#8220;Campito 8,66 Llico Alto &#8211; Parga, R\u00e9gion des Lacs&#8221;\"}]},{\"@type\":\"WebSite\",\"@id\":\"https:\\\/\\\/produncan.cl\\\/fr\\\/#website\",\"url\":\"https:\\\/\\\/produncan.cl\\\/fr\\\/\",\"name\":\"Produncan\",\"description\":\"Nous vous accompagnons dans votre projet de vie !\",\"publisher\":{\"@id\":\"https:\\\/\\\/produncan.cl\\\/fr\\\/#organization\"},\"potentialAction\":[{\"@type\":\"SearchAction\",\"target\":{\"@type\":\"EntryPoint\",\"urlTemplate\":\"https:\\\/\\\/produncan.cl\\\/fr\\\/?s={search_term_string}\"},\"query-input\":{\"@type\":\"PropertyValueSpecification\",\"valueRequired\":true,\"valueName\":\"search_term_string\"}}],\"inLanguage\":\"fr-FR\"},{\"@type\":\"Organization\",\"@id\":\"https:\\\/\\\/produncan.cl\\\/fr\\\/#organization\",\"name\":\"Produncan\",\"url\":\"https:\\\/\\\/produncan.cl\\\/fr\\\/\",\"logo\":{\"@type\":\"ImageObject\",\"inLanguage\":\"fr-FR\",\"@id\":\"https:\\\/\\\/produncan.cl\\\/fr\\\/#\\\/schema\\\/logo\\\/image\\\/\",\"url\":\"https:\\\/\\\/produncan.cl\\\/wp-content\\\/uploads\\\/2021\\\/03\\\/LOGO.jpeg\",\"contentUrl\":\"https:\\\/\\\/produncan.cl\\\/wp-content\\\/uploads\\\/2021\\\/03\\\/LOGO.jpeg\",\"width\":1280,\"height\":903,\"caption\":\"Produncan\"},\"image\":{\"@id\":\"https:\\\/\\\/produncan.cl\\\/fr\\\/#\\\/schema\\\/logo\\\/image\\\/\"},\"sameAs\":[\"https:\\\/\\\/web.facebook.com\\\/produncanland\",\"https:\\\/\\\/www.instagram.com\\\/pro_duncan\\\/\",\"https:\\\/\\\/www.linkedin.com\\\/company\\\/produncan-lands\\\/\",\"https:\\\/\\\/www.youtube.com\\\/channel\\\/UCu7N-f3x0svkazD-Eew1-QQ\"],\"description\":\"En Produncan somos especialistas en la venta de terrenos en el sur de Chile. Proveemos estancias, campos, parcelas y hoteles.\",\"email\":\"info@produncan.cl\"}]}<\/script>\n<meta property=\"og:video\" content=\"https:\/\/www.youtube.com\/embed\/SB5MTrkdzwQ\" \/>\n<meta property=\"og:video:type\" content=\"text\/html\" \/>\n<meta property=\"og:video:duration\" content=\"60\" \/>\n<meta property=\"og:video:width\" content=\"480\" \/>\n<meta property=\"og:video:height\" content=\"360\" \/>\n<meta property=\"ya:ovs:adult\" content=\"false\" \/>\n<meta property=\"ya:ovs:upload_date\" content=\"2021-05-06T17:31:25+00:00\" \/>\n<meta property=\"ya:ovs:allow_embed\" content=\"true\" \/>\n<meta property=\"product:price:currency\" content=\"USD\" \/>\n<meta property=\"og:availability\" content=\"out of stock\" \/>\n<meta property=\"product:availability\" content=\"out of stock\" \/>\n<meta property=\"product:condition\" content=\"new\" \/>\n<!-- \/ Yoast SEO Premium plugin. -->","yoast_head_json":{"title":"\"Campito 8,66 Llico Alto - Parga, R\u00e9gion des Lacs\" - Produncan","description":"Venez dans ce petit champ de 8,66 hectares avec des collines douces, des arbres indig\u00e8nes et une belle vue sur Frutillar et Puerto Montt.","robots":{"index":"index","follow":"follow","max-snippet":"max-snippet:-1","max-image-preview":"max-image-preview:large","max-video-preview":"max-video-preview:-1"},"canonical":"https:\/\/produncan.cl\/fr\/produit\/campito-llico-high\/","og_locale":"fr_FR","og_type":"article","og_title":"\"Campito 8,66 Llico Alto - Parga, R\u00e9gion des Lacs\"","og_description":"Venez dans ce petit champ de 8,66 hectares avec des collines douces, des arbres indig\u00e8nes et une belle vue sur Frutillar et Puerto Montt.","og_url":"https:\/\/produncan.cl\/fr\/produit\/campito-llico-high\/","og_site_name":"Produncan","article_publisher":"https:\/\/web.facebook.com\/produncanland","article_modified_time":"2025-08-07T20:52:43+00:00","og_image":[{"width":300,"height":225,"url":"https:\/\/produncan.cl\/wp-content\/uploads\/2022\/04\/Llico-Alto-Vendido.webp","type":"image\/webp"}],"twitter_card":"summary_large_image","twitter_misc":{"Price":"","Availability":"Out of stock"},"schema":{"@context":"https:\/\/schema.org","@graph":[{"@type":"WebPage","@id":"https:\/\/produncan.cl\/fr\/produit\/campito-llico-high\/","url":"https:\/\/produncan.cl\/fr\/produit\/campito-llico-high\/","name":"\"Campito 8,66 Llico Alto - Parga, R\u00e9gion des Lacs\" - Produncan","isPartOf":{"@id":"https:\/\/produncan.cl\/fr\/#website"},"primaryImageOfPage":{"@id":"https:\/\/produncan.cl\/fr\/produit\/campito-llico-high\/#primaryimage"},"image":{"@id":"https:\/\/produncan.cl\/fr\/produit\/campito-llico-high\/#primaryimage"},"thumbnailUrl":"https:\/\/produncan.cl\/wp-content\/uploads\/2022\/04\/Llico-Alto-Vendido.webp","datePublished":"2021-05-06T17:31:25+00:00","dateModified":"2025-08-07T20:52:43+00:00","description":"Venez dans ce petit champ de 8,66 hectares avec des collines douces, des arbres indig\u00e8nes et une belle vue sur Frutillar et Puerto Montt.","breadcrumb":{"@id":"https:\/\/produncan.cl\/fr\/produit\/campito-llico-high\/#breadcrumb"},"inLanguage":"fr-FR","potentialAction":[{"@type":"ReadAction","target":["https:\/\/produncan.cl\/fr\/produit\/campito-llico-high\/"]}]},{"@type":"ImageObject","inLanguage":"fr-FR","@id":"https:\/\/produncan.cl\/fr\/produit\/campito-llico-high\/#primaryimage","url":"https:\/\/produncan.cl\/wp-content\/uploads\/2022\/04\/Llico-Alto-Vendido.webp","contentUrl":"https:\/\/produncan.cl\/wp-content\/uploads\/2022\/04\/Llico-Alto-Vendido.webp","width":300,"height":225},{"@type":"BreadcrumbList","@id":"https:\/\/produncan.cl\/fr\/produit\/campito-llico-high\/#breadcrumb","itemListElement":[{"@type":"ListItem","position":1,"name":"Inicio","item":"https:\/\/produncan.cl\/fr\/"},{"@type":"ListItem","position":2,"name":"Propri\u00e9t\u00e9s","item":"https:\/\/produncan.cl\/propiedades\/"},{"@type":"ListItem","position":3,"name":"&#8220;Campito 8,66 Llico Alto &#8211; Parga, R\u00e9gion des Lacs&#8221;"}]},{"@type":"WebSite","@id":"https:\/\/produncan.cl\/fr\/#website","url":"https:\/\/produncan.cl\/fr\/","name":"Produncan","description":"Nous vous accompagnons dans votre projet de vie !","publisher":{"@id":"https:\/\/produncan.cl\/fr\/#organization"},"potentialAction":[{"@type":"SearchAction","target":{"@type":"EntryPoint","urlTemplate":"https:\/\/produncan.cl\/fr\/?s={search_term_string}"},"query-input":{"@type":"PropertyValueSpecification","valueRequired":true,"valueName":"search_term_string"}}],"inLanguage":"fr-FR"},{"@type":"Organization","@id":"https:\/\/produncan.cl\/fr\/#organization","name":"Produncan","url":"https:\/\/produncan.cl\/fr\/","logo":{"@type":"ImageObject","inLanguage":"fr-FR","@id":"https:\/\/produncan.cl\/fr\/#\/schema\/logo\/image\/","url":"https:\/\/produncan.cl\/wp-content\/uploads\/2021\/03\/LOGO.jpeg","contentUrl":"https:\/\/produncan.cl\/wp-content\/uploads\/2021\/03\/LOGO.jpeg","width":1280,"height":903,"caption":"Produncan"},"image":{"@id":"https:\/\/produncan.cl\/fr\/#\/schema\/logo\/image\/"},"sameAs":["https:\/\/web.facebook.com\/produncanland","https:\/\/www.instagram.com\/pro_duncan\/","https:\/\/www.linkedin.com\/company\/produncan-lands\/","https:\/\/www.youtube.com\/channel\/UCu7N-f3x0svkazD-Eew1-QQ"],"description":"En Produncan somos especialistas en la venta de terrenos en el sur de Chile. Proveemos estancias, campos, parcelas y hoteles.","email":"info@produncan.cl"}]},"og_video":"https:\/\/www.youtube.com\/embed\/SB5MTrkdzwQ","og_video_type":"text\/html","og_video_duration":"60","og_video_width":"480","og_video_height":"360","ya_ovs_adult":"false","ya_ovs_upload_date":"2021-05-06T17:31:25+00:00","ya_ovs_allow_embed":"true","product_price_currency":"USD","og_availability":"out of stock","product_availability":"out of stock","product_condition":"new"},"_links":{"self":[{"href":"https:\/\/produncan.cl\/fr\/wp-json\/wp\/v2\/product\/8599","targetHints":{"allow":["GET"]}}],"collection":[{"href":"https:\/\/produncan.cl\/fr\/wp-json\/wp\/v2\/product"}],"about":[{"href":"https:\/\/produncan.cl\/fr\/wp-json\/wp\/v2\/types\/product"}],"version-history":[{"count":0,"href":"https:\/\/produncan.cl\/fr\/wp-json\/wp\/v2\/product\/8599\/revisions"}],"wp:featuredmedia":[{"embeddable":true,"href":"https:\/\/produncan.cl\/fr\/wp-json\/wp\/v2\/media\/4397"}],"wp:attachment":[{"href":"https:\/\/produncan.cl\/fr\/wp-json\/wp\/v2\/media?parent=8599"}],"wp:term":[{"taxonomy":"product_brand","embeddable":true,"href":"https:\/\/produncan.cl\/fr\/wp-json\/wp\/v2\/product_brand?post=8599"},{"taxonomy":"product_cat","embeddable":true,"href":"https:\/\/produncan.cl\/fr\/wp-json\/wp\/v2\/product_cat?post=8599"},{"taxonomy":"product_tag","embeddable":true,"href":"https:\/\/produncan.cl\/fr\/wp-json\/wp\/v2\/product_tag?post=8599"},{"taxonomy":"regiones","embeddable":true,"href":"https:\/\/produncan.cl\/fr\/wp-json\/wp\/v2\/regiones?post=8599"},{"taxonomy":"ciudades","embeddable":true,"href":"https:\/\/produncan.cl\/fr\/wp-json\/wp\/v2\/ciudades?post=8599"}],"curies":[{"name":"wp","href":"https:\/\/api.w.org\/{rel}","templated":true}]}}