{"id":9308,"date":"2024-05-10T13:29:49","date_gmt":"2024-05-10T17:29:49","guid":{"rendered":"https:\/\/produncan.cl\/producto\/champ-tres-lagunas-65-7ha\/"},"modified":"2025-12-26T17:19:55","modified_gmt":"2025-12-26T20:19:55","slug":"champ-tres-lagunas-65-7ha","status":"publish","type":"product","link":"https:\/\/produncan.cl\/fr\/produit\/champ-tres-lagunas-65-7ha\/","title":{"rendered":"Campagne \u00e0 Coyhaique, Tres Lagunas &#8211; R\u00e9gion d&#8217;Ays\u00e9n"},"content":{"rendered":"\t\t<div data-elementor-type=\"product-post\" data-elementor-id=\"9308\" class=\"elementor elementor-9308 elementor-9236\" data-elementor-post-type=\"product\">\n\t\t\t\t<div class=\"elementor-element elementor-element-2ef3637 e-flex e-con-boxed e-con e-parent\" data-id=\"2ef3637\" data-element_type=\"container\" data-e-type=\"container\" data-settings=\"{&quot;jet_parallax_layout_list&quot;:[]}\">\n\t\t\t\t\t<div class=\"e-con-inner\">\n\t\t\t\t<div class=\"elementor-element elementor-element-920c6ee elementor-widget elementor-widget-heading\" data-id=\"920c6ee\" data-element_type=\"widget\" data-e-type=\"widget\" data-widget_type=\"heading.default\">\n\t\t\t\t\t<h2 class=\"elementor-heading-title elementor-size-default\">D\u00e9couvrez un champ \u00e0 Coyhaique avec des formations fascinantes et des vues fantastiques !<\/h2>\t\t\t\t<\/div>\n\t\t\t\t\t<\/div>\n\t\t\t\t<\/div>\n\t\t\t\t<section class=\"elementor-section elementor-top-section elementor-element elementor-element-152f868e elementor-section-boxed elementor-section-height-default elementor-section-height-default\" data-id=\"152f868e\" data-element_type=\"section\" data-e-type=\"section\" data-settings=\"{&quot;jet_parallax_layout_list&quot;:[]}\">\n\t\t\t\t\t\t<div class=\"elementor-container elementor-column-gap-default\">\n\t\t\t\t\t<div class=\"elementor-column elementor-col-100 elementor-top-column elementor-element elementor-element-bde7b88\" data-id=\"bde7b88\" data-element_type=\"column\" data-e-type=\"column\">\n\t\t\t<div class=\"elementor-widget-wrap elementor-element-populated\">\n\t\t\t\t\t\t<div class=\"elementor-element elementor-element-d5084c0 elementor-widget elementor-widget-text-editor\" data-id=\"d5084c0\" data-element_type=\"widget\" data-e-type=\"widget\" data-widget_type=\"text-editor.default\">\n\t\t\t\t\t\t\t\t\t<p>Bienvenue sur un terrain de 65,7 hectares avec 800 m\u00e8tres de berge, situ\u00e9 dans le secteur de Rio Norte, au nord-est de Coyhaique, \u00e0 l&#8217;est de Villa Ma\u00f1ihuales et \u00e0 proximit\u00e9 de la c\u00e9l\u00e8bre vall\u00e9e de la Lune.<\/p>\n<p>La propri\u00e9t\u00e9 borde la rivi\u00e8re du nord sur environ 800 m\u00e8tres, o\u00f9 l&#8217;on peut p\u00eacher et o\u00f9 se trouve une grande chute d&#8217;eau. Dans la partie sup\u00e9rieure, il y a une belle lagune o\u00f9 vous pouvez observer des vues majestueuses d\u00e9cor\u00e9es par des cha\u00eenes de montagnes avec des falaises et des arbres condor.<\/p>\n<p>En outre, il y a des ruisseaux et des sources dans la campagne. Hay postaci\u00f3n el\u00e9ctrica por el camino rural que pasa a 750 metros de la entrada al campo, se obtiene agua a trav\u00e9s de vertientes, existen cercos en parte de su per\u00edmetro y para el manejo de animales, y hay poca se\u00f1al telef\u00f3nica.<\/p>\n<p>Al campo se accede a trav\u00e9s de un camino de ripio en buen estado y posteriormente un puente que prontamente ser\u00e1 renovado por uno mecano.Il y a l&#8217;\u00e9lectricit\u00e9 sur le chemin rural qui passe \u00e0 750 m\u00e8tres de l&#8217;entr\u00e9e du camp, l&#8217;eau provient de sources, il y a des cl\u00f4tures autour d&#8217;une partie du p\u00e9rim\u00e8tre et pour la gestion des animaux, et il y a peu de signal t\u00e9l\u00e9phonique. Enfin, on y acc\u00e8de par une servitude inscrite d&#8217;environ 1,2 km. qui est \u00e0 moiti\u00e9 termin\u00e9.<\/p>\n<p>Dans la flore, on trouve surtout du lenga, de l&#8217;\u00f1irre, du calafate, de l&#8217;herbe en grappe, du buisson noir et du tr\u00e8fle. En termes de faune, on peut voir des renards, des cerfs, des pumas, des sangliers, des condors, des pics, des pitios, des coliparados, des huet huet et des chucao.<\/p>\n<p>Auparavant, le champ \u00e9tait utilis\u00e9 pour l&#8217;engraissement des moutons et l&#8217;extraction sporadique de bois de chauffage.<\/p>\n<p>Le champ de 65,7 hectares \u00e0 Coyhaique, correspondant au lot G, fait partie du lotissement r\u00e9alis\u00e9 par une succession. Adjacent au Lot G il y a d&#8217;autres champs \u00e0 vendre : Lot H de 65,7ha avec 500mts de rivi\u00e8re, Lot C de 65,7ha et 820mts de rivi\u00e8re, et Lot E de 55,7ha sans rivi\u00e8re, tous avec servitude, tous vendus au m\u00eame prix par hectare que le Lot G et qui ouvrent la possibilit\u00e9 de cultiver dans cet endroit incroyable.<\/p>\n<p>\u00c0 proximit\u00e9, on trouve un bureau de poste, une \u00e9glise, une \u00e9cole, une \u00e9picerie et une caisse voisine. En outre, vous trouverez la Valle de la Luna, la Laguna Brava, le Lago Norte, le Cerro Catedral, le Rio \u00d1irehuao, Los Juntos, le Lago Norte, le Lago Misterioso, le Lago Zapato et le Lago Arados, des endroits o\u00f9 vous trouverez des g\u00eetes de p\u00eache, des g\u00eetes de chasse, des promenades \u00e0 cheval, des randonn\u00e9es, la p\u00eache au saumon et \u00e0 la truite.<\/p>\n<p>Le camp est situ\u00e9 \u00e0 proximit\u00e9 de la route internationale menant \u00e0 Alto R\u00edo Senguer et \u00e0 d&#8217;autres beaut\u00e9s de l&#8217;Argentine voisine.<\/p>\n<p>Les roches s\u00e9dimentaires et les for\u00eats indig\u00e8nes luxuriantes de ses cha\u00eenes de montagnes pr\u00e9sentent de nombreuses formations fascinantes et font le bonheur des g\u00e9ologues et des amoureux de la nature.<\/p>\n<p>CONTACTEZ-NOUS ET FAITES CONNAISSANCE AVEC CETTE BELLE CAMPAGNE !<\/p>\t\t\t\t\t\t\t\t<\/div>\n\t\t\t\t\t<\/div>\n\t\t<\/div>\n\t\t\t\t\t<\/div>\n\t\t<\/section>\n\t\t\t\t<\/div>\n\t\t","protected":false},"excerpt":{"rendered":"<p>Champ \u00e0 Coyhaique, Rio Norte, surface de 65,7 hectares, 600 m\u00e8tres de berge, partie d&#8217;une belle lagune, acc\u00e8s par servitude et ligne \u00e9lectrique \u00e0 750 m\u00e8tres.<\/p>\n","protected":false},"featured_media":9332,"template":"","meta":{"_acf_changed":false},"product_brand":[],"product_cat":[129],"product_tag":[233,237],"regiones":[225],"ciudades":[209,512],"class_list":{"0":"post-9308","1":"product","2":"type-product","3":"status-publish","4":"has-post-thumbnail","6":"product_cat-aysen-magallanes-fr","7":"product_tag-champs","8":"product_tag-proprietes-touristiques","9":"regiones-aysen-magallanes","10":"ciudades-coyhaique","11":"ciudades-villa-manihuales","13":"first","14":"instock","15":"featured","16":"sold-individually","17":"shipping-taxable","18":"purchasable","19":"product-type-simple"},"acf":[],"yoast_head":"<!-- This site is optimized with the Yoast SEO Premium plugin v26.0 (Yoast SEO v27.3) - https:\/\/yoast.com\/product\/yoast-seo-premium-wordpress\/ -->\n<title>% % titre %<\/title>\n<meta name=\"description\" content=\"Champ de Coyhaique, r\u00e9gion d&#039;Ays\u00e9n, de 65,7 hectares avec 800 m\u00e8tres de berges et une partie de lagune, situ\u00e9 dans le secteur du R\u00edo Norte.\" \/>\n<meta name=\"robots\" content=\"index, follow, max-snippet:-1, max-image-preview:large, max-video-preview:-1\" \/>\n<link rel=\"canonical\" href=\"https:\/\/produncan.cl\/fr\/produit\/champ-tres-lagunas-65-7ha\/\" \/>\n<meta property=\"og:locale\" content=\"fr_FR\" \/>\n<meta property=\"og:type\" content=\"article\" \/>\n<meta property=\"og:title\" content=\"Campagne \u00e0 Coyhaique, Tres Lagunas - R\u00e9gion d&#039;Ays\u00e9n\" \/>\n<meta property=\"og:description\" content=\"Champ de Coyhaique, r\u00e9gion d&#039;Ays\u00e9n, de 65,7 hectares avec 800 m\u00e8tres de berges et une partie de lagune, situ\u00e9 dans le secteur du R\u00edo Norte.\" \/>\n<meta property=\"og:url\" content=\"https:\/\/produncan.cl\/fr\/produit\/champ-tres-lagunas-65-7ha\/\" \/>\n<meta property=\"og:site_name\" content=\"Produncan\" \/>\n<meta property=\"article:publisher\" content=\"https:\/\/web.facebook.com\/produncanland\" \/>\n<meta property=\"article:modified_time\" content=\"2025-12-26T20:19:55+00:00\" \/>\n<meta property=\"og:image\" content=\"https:\/\/produncan.cl\/wp-content\/uploads\/2022\/12\/Campo-Tres-Lagunas.webp\" \/>\n\t<meta property=\"og:image:width\" content=\"600\" \/>\n\t<meta property=\"og:image:height\" content=\"450\" \/>\n\t<meta property=\"og:image:type\" content=\"image\/webp\" \/>\n<meta name=\"twitter:card\" content=\"summary_large_image\" \/>\n<meta name=\"twitter:label1\" content=\"Price\" \/>\n\t<meta name=\"twitter:data1\" content=\"USD371.600,00\" \/>\n\t<meta name=\"twitter:label2\" content=\"Availability\" \/>\n\t<meta name=\"twitter:data2\" content=\"In stock\" \/>\n<script type=\"application\/ld+json\" class=\"yoast-schema-graph\">{\"@context\":\"https:\\\/\\\/schema.org\",\"@graph\":[{\"@type\":\"WebPage\",\"@id\":\"https:\\\/\\\/produncan.cl\\\/fr\\\/produit\\\/champ-tres-lagunas-65-7ha\\\/\",\"url\":\"https:\\\/\\\/produncan.cl\\\/fr\\\/produit\\\/champ-tres-lagunas-65-7ha\\\/\",\"name\":\"% % titre %\",\"isPartOf\":{\"@id\":\"https:\\\/\\\/produncan.cl\\\/fr\\\/#website\"},\"primaryImageOfPage\":{\"@id\":\"https:\\\/\\\/produncan.cl\\\/fr\\\/produit\\\/champ-tres-lagunas-65-7ha\\\/#primaryimage\"},\"image\":{\"@id\":\"https:\\\/\\\/produncan.cl\\\/fr\\\/produit\\\/champ-tres-lagunas-65-7ha\\\/#primaryimage\"},\"thumbnailUrl\":\"https:\\\/\\\/produncan.cl\\\/wp-content\\\/uploads\\\/2022\\\/12\\\/Campo-Tres-Lagunas.webp\",\"datePublished\":\"2024-05-10T17:29:49+00:00\",\"dateModified\":\"2025-12-26T20:19:55+00:00\",\"description\":\"Champ de Coyhaique, r\u00e9gion d'Ays\u00e9n, de 65,7 hectares avec 800 m\u00e8tres de berges et une partie de lagune, situ\u00e9 dans le secteur du R\u00edo Norte.\",\"breadcrumb\":{\"@id\":\"https:\\\/\\\/produncan.cl\\\/fr\\\/produit\\\/champ-tres-lagunas-65-7ha\\\/#breadcrumb\"},\"inLanguage\":\"fr-FR\",\"potentialAction\":[{\"@type\":\"ReadAction\",\"target\":[\"https:\\\/\\\/produncan.cl\\\/fr\\\/produit\\\/champ-tres-lagunas-65-7ha\\\/\"]}]},{\"@type\":\"ImageObject\",\"inLanguage\":\"fr-FR\",\"@id\":\"https:\\\/\\\/produncan.cl\\\/fr\\\/produit\\\/champ-tres-lagunas-65-7ha\\\/#primaryimage\",\"url\":\"https:\\\/\\\/produncan.cl\\\/wp-content\\\/uploads\\\/2022\\\/12\\\/Campo-Tres-Lagunas.webp\",\"contentUrl\":\"https:\\\/\\\/produncan.cl\\\/wp-content\\\/uploads\\\/2022\\\/12\\\/Campo-Tres-Lagunas.webp\",\"width\":600,\"height\":450,\"caption\":\"Champ trois Lagunas\"},{\"@type\":\"BreadcrumbList\",\"@id\":\"https:\\\/\\\/produncan.cl\\\/fr\\\/produit\\\/champ-tres-lagunas-65-7ha\\\/#breadcrumb\",\"itemListElement\":[{\"@type\":\"ListItem\",\"position\":1,\"name\":\"Inicio\",\"item\":\"https:\\\/\\\/produncan.cl\\\/fr\\\/\"},{\"@type\":\"ListItem\",\"position\":2,\"name\":\"Propri\u00e9t\u00e9s\",\"item\":\"https:\\\/\\\/produncan.cl\\\/propiedades\\\/\"},{\"@type\":\"ListItem\",\"position\":3,\"name\":\"Champs\",\"item\":\"https:\\\/\\\/produncan.cl\\\/fr\\\/cat&eacute;gorie\\\/champs\\\/\"},{\"@type\":\"ListItem\",\"position\":4,\"name\":\"Campagne \u00e0 Coyhaique, Tres Lagunas &#8211; R\u00e9gion d&#8217;Ays\u00e9n\"}]},{\"@type\":\"WebSite\",\"@id\":\"https:\\\/\\\/produncan.cl\\\/fr\\\/#website\",\"url\":\"https:\\\/\\\/produncan.cl\\\/fr\\\/\",\"name\":\"Produncan\",\"description\":\"Nous vous accompagnons dans votre projet de vie !\",\"publisher\":{\"@id\":\"https:\\\/\\\/produncan.cl\\\/fr\\\/#organization\"},\"potentialAction\":[{\"@type\":\"SearchAction\",\"target\":{\"@type\":\"EntryPoint\",\"urlTemplate\":\"https:\\\/\\\/produncan.cl\\\/fr\\\/?s={search_term_string}\"},\"query-input\":{\"@type\":\"PropertyValueSpecification\",\"valueRequired\":true,\"valueName\":\"search_term_string\"}}],\"inLanguage\":\"fr-FR\"},{\"@type\":\"Organization\",\"@id\":\"https:\\\/\\\/produncan.cl\\\/fr\\\/#organization\",\"name\":\"Produncan\",\"url\":\"https:\\\/\\\/produncan.cl\\\/fr\\\/\",\"logo\":{\"@type\":\"ImageObject\",\"inLanguage\":\"fr-FR\",\"@id\":\"https:\\\/\\\/produncan.cl\\\/fr\\\/#\\\/schema\\\/logo\\\/image\\\/\",\"url\":\"https:\\\/\\\/produncan.cl\\\/wp-content\\\/uploads\\\/2021\\\/03\\\/LOGO.jpeg\",\"contentUrl\":\"https:\\\/\\\/produncan.cl\\\/wp-content\\\/uploads\\\/2021\\\/03\\\/LOGO.jpeg\",\"width\":1280,\"height\":903,\"caption\":\"Produncan\"},\"image\":{\"@id\":\"https:\\\/\\\/produncan.cl\\\/fr\\\/#\\\/schema\\\/logo\\\/image\\\/\"},\"sameAs\":[\"https:\\\/\\\/web.facebook.com\\\/produncanland\",\"https:\\\/\\\/www.instagram.com\\\/pro_duncan\\\/\",\"https:\\\/\\\/www.linkedin.com\\\/company\\\/produncan-lands\\\/\",\"https:\\\/\\\/www.youtube.com\\\/channel\\\/UCu7N-f3x0svkazD-Eew1-QQ\"],\"description\":\"En Produncan somos especialistas en la venta de terrenos en el sur de Chile. Proveemos estancias, campos, parcelas y hoteles.\",\"email\":\"info@produncan.cl\"}]}<\/script>\n<meta property=\"og:video\" content=\"https:\/\/www.youtube.com\/embed\/JDidFGaI5k8\" \/>\n<meta property=\"og:video:type\" content=\"text\/html\" \/>\n<meta property=\"og:video:duration\" content=\"298\" \/>\n<meta property=\"og:video:width\" content=\"480\" \/>\n<meta property=\"og:video:height\" content=\"360\" \/>\n<meta property=\"ya:ovs:adult\" content=\"false\" \/>\n<meta property=\"ya:ovs:upload_date\" content=\"2024-05-10T17:29:49+00:00\" \/>\n<meta property=\"ya:ovs:allow_embed\" content=\"true\" \/>\n<meta property=\"product:price:amount\" content=\"371600.00\" \/>\n<meta property=\"product:price:currency\" content=\"USD\" \/>\n<meta property=\"og:availability\" content=\"instock\" \/>\n<meta property=\"product:availability\" content=\"instock\" \/>\n<meta property=\"product:condition\" content=\"new\" \/>\n<!-- \/ Yoast SEO Premium plugin. -->","yoast_head_json":{"title":"% % titre %","description":"Champ de Coyhaique, r\u00e9gion d'Ays\u00e9n, de 65,7 hectares avec 800 m\u00e8tres de berges et une partie de lagune, situ\u00e9 dans le secteur du R\u00edo Norte.","robots":{"index":"index","follow":"follow","max-snippet":"max-snippet:-1","max-image-preview":"max-image-preview:large","max-video-preview":"max-video-preview:-1"},"canonical":"https:\/\/produncan.cl\/fr\/produit\/champ-tres-lagunas-65-7ha\/","og_locale":"fr_FR","og_type":"article","og_title":"Campagne \u00e0 Coyhaique, Tres Lagunas - R\u00e9gion d'Ays\u00e9n","og_description":"Champ de Coyhaique, r\u00e9gion d'Ays\u00e9n, de 65,7 hectares avec 800 m\u00e8tres de berges et une partie de lagune, situ\u00e9 dans le secteur du R\u00edo Norte.","og_url":"https:\/\/produncan.cl\/fr\/produit\/champ-tres-lagunas-65-7ha\/","og_site_name":"Produncan","article_publisher":"https:\/\/web.facebook.com\/produncanland","article_modified_time":"2025-12-26T20:19:55+00:00","og_image":[{"width":600,"height":450,"url":"https:\/\/produncan.cl\/wp-content\/uploads\/2022\/12\/Campo-Tres-Lagunas.webp","type":"image\/webp"}],"twitter_card":"summary_large_image","twitter_misc":{"Price":"USD371.600,00","Availability":"In stock"},"schema":{"@context":"https:\/\/schema.org","@graph":[{"@type":"WebPage","@id":"https:\/\/produncan.cl\/fr\/produit\/champ-tres-lagunas-65-7ha\/","url":"https:\/\/produncan.cl\/fr\/produit\/champ-tres-lagunas-65-7ha\/","name":"% % titre %","isPartOf":{"@id":"https:\/\/produncan.cl\/fr\/#website"},"primaryImageOfPage":{"@id":"https:\/\/produncan.cl\/fr\/produit\/champ-tres-lagunas-65-7ha\/#primaryimage"},"image":{"@id":"https:\/\/produncan.cl\/fr\/produit\/champ-tres-lagunas-65-7ha\/#primaryimage"},"thumbnailUrl":"https:\/\/produncan.cl\/wp-content\/uploads\/2022\/12\/Campo-Tres-Lagunas.webp","datePublished":"2024-05-10T17:29:49+00:00","dateModified":"2025-12-26T20:19:55+00:00","description":"Champ de Coyhaique, r\u00e9gion d'Ays\u00e9n, de 65,7 hectares avec 800 m\u00e8tres de berges et une partie de lagune, situ\u00e9 dans le secteur du R\u00edo Norte.","breadcrumb":{"@id":"https:\/\/produncan.cl\/fr\/produit\/champ-tres-lagunas-65-7ha\/#breadcrumb"},"inLanguage":"fr-FR","potentialAction":[{"@type":"ReadAction","target":["https:\/\/produncan.cl\/fr\/produit\/champ-tres-lagunas-65-7ha\/"]}]},{"@type":"ImageObject","inLanguage":"fr-FR","@id":"https:\/\/produncan.cl\/fr\/produit\/champ-tres-lagunas-65-7ha\/#primaryimage","url":"https:\/\/produncan.cl\/wp-content\/uploads\/2022\/12\/Campo-Tres-Lagunas.webp","contentUrl":"https:\/\/produncan.cl\/wp-content\/uploads\/2022\/12\/Campo-Tres-Lagunas.webp","width":600,"height":450,"caption":"Champ trois Lagunas"},{"@type":"BreadcrumbList","@id":"https:\/\/produncan.cl\/fr\/produit\/champ-tres-lagunas-65-7ha\/#breadcrumb","itemListElement":[{"@type":"ListItem","position":1,"name":"Inicio","item":"https:\/\/produncan.cl\/fr\/"},{"@type":"ListItem","position":2,"name":"Propri\u00e9t\u00e9s","item":"https:\/\/produncan.cl\/propiedades\/"},{"@type":"ListItem","position":3,"name":"Champs","item":"https:\/\/produncan.cl\/fr\/cat&eacute;gorie\/champs\/"},{"@type":"ListItem","position":4,"name":"Campagne \u00e0 Coyhaique, Tres Lagunas &#8211; R\u00e9gion d&#8217;Ays\u00e9n"}]},{"@type":"WebSite","@id":"https:\/\/produncan.cl\/fr\/#website","url":"https:\/\/produncan.cl\/fr\/","name":"Produncan","description":"Nous vous accompagnons dans votre projet de vie !","publisher":{"@id":"https:\/\/produncan.cl\/fr\/#organization"},"potentialAction":[{"@type":"SearchAction","target":{"@type":"EntryPoint","urlTemplate":"https:\/\/produncan.cl\/fr\/?s={search_term_string}"},"query-input":{"@type":"PropertyValueSpecification","valueRequired":true,"valueName":"search_term_string"}}],"inLanguage":"fr-FR"},{"@type":"Organization","@id":"https:\/\/produncan.cl\/fr\/#organization","name":"Produncan","url":"https:\/\/produncan.cl\/fr\/","logo":{"@type":"ImageObject","inLanguage":"fr-FR","@id":"https:\/\/produncan.cl\/fr\/#\/schema\/logo\/image\/","url":"https:\/\/produncan.cl\/wp-content\/uploads\/2021\/03\/LOGO.jpeg","contentUrl":"https:\/\/produncan.cl\/wp-content\/uploads\/2021\/03\/LOGO.jpeg","width":1280,"height":903,"caption":"Produncan"},"image":{"@id":"https:\/\/produncan.cl\/fr\/#\/schema\/logo\/image\/"},"sameAs":["https:\/\/web.facebook.com\/produncanland","https:\/\/www.instagram.com\/pro_duncan\/","https:\/\/www.linkedin.com\/company\/produncan-lands\/","https:\/\/www.youtube.com\/channel\/UCu7N-f3x0svkazD-Eew1-QQ"],"description":"En Produncan somos especialistas en la venta de terrenos en el sur de Chile. Proveemos estancias, campos, parcelas y hoteles.","email":"info@produncan.cl"}]},"og_video":"https:\/\/www.youtube.com\/embed\/JDidFGaI5k8","og_video_type":"text\/html","og_video_duration":"298","og_video_width":"480","og_video_height":"360","ya_ovs_adult":"false","ya_ovs_upload_date":"2024-05-10T17:29:49+00:00","ya_ovs_allow_embed":"true","product_price_amount":"371600.00","product_price_currency":"USD","og_availability":"instock","product_availability":"instock","product_condition":"new"},"_links":{"self":[{"href":"https:\/\/produncan.cl\/fr\/wp-json\/wp\/v2\/product\/9308","targetHints":{"allow":["GET"]}}],"collection":[{"href":"https:\/\/produncan.cl\/fr\/wp-json\/wp\/v2\/product"}],"about":[{"href":"https:\/\/produncan.cl\/fr\/wp-json\/wp\/v2\/types\/product"}],"version-history":[{"count":2,"href":"https:\/\/produncan.cl\/fr\/wp-json\/wp\/v2\/product\/9308\/revisions"}],"predecessor-version":[{"id":54142,"href":"https:\/\/produncan.cl\/fr\/wp-json\/wp\/v2\/product\/9308\/revisions\/54142"}],"wp:featuredmedia":[{"embeddable":true,"href":"https:\/\/produncan.cl\/fr\/wp-json\/wp\/v2\/media\/9332"}],"wp:attachment":[{"href":"https:\/\/produncan.cl\/fr\/wp-json\/wp\/v2\/media?parent=9308"}],"wp:term":[{"taxonomy":"product_brand","embeddable":true,"href":"https:\/\/produncan.cl\/fr\/wp-json\/wp\/v2\/product_brand?post=9308"},{"taxonomy":"product_cat","embeddable":true,"href":"https:\/\/produncan.cl\/fr\/wp-json\/wp\/v2\/product_cat?post=9308"},{"taxonomy":"product_tag","embeddable":true,"href":"https:\/\/produncan.cl\/fr\/wp-json\/wp\/v2\/product_tag?post=9308"},{"taxonomy":"regiones","embeddable":true,"href":"https:\/\/produncan.cl\/fr\/wp-json\/wp\/v2\/regiones?post=9308"},{"taxonomy":"ciudades","embeddable":true,"href":"https:\/\/produncan.cl\/fr\/wp-json\/wp\/v2\/ciudades?post=9308"}],"curies":[{"name":"wp","href":"https:\/\/api.w.org\/{rel}","templated":true}]}}