{"id":13892,"date":"2022-08-05T13:13:20","date_gmt":"2022-08-05T17:13:20","guid":{"rendered":"https:\/\/produncan.cl\/producto\/campito-picaflor-623ha-los-muermos-r-de-los-lagos\/"},"modified":"2025-12-26T17:29:21","modified_gmt":"2025-12-26T20:29:21","slug":"campito-picaflor-623ha-los-muermos-r-de-los-lagos","status":"publish","type":"product","link":"https:\/\/produncan.cl\/zh-hans\/\u4ea7\u54c1\/campito-picaflor-623ha-los-muermos-r-de-los-lagos\/","title":{"rendered":"\u574e\u76ae\u6258\u00b7\u76ae\u5361\u5f17\u5c14 6.23 \u516c\u9877 &#8211; \u6d1b\u65af\u7a46\u5c14\u83ab\u65af\uff0c\u6e56\u533a"},"content":{"rendered":"\t\t<div data-elementor-type=\"product-post\" data-elementor-id=\"13892\" class=\"elementor elementor-13892 elementor-11698\" data-elementor-post-type=\"product\">\n\t\t\t\t<div class=\"elementor-element elementor-element-f1f662f e-flex e-con-boxed e-con e-parent\" data-id=\"f1f662f\" data-element_type=\"container\" data-e-type=\"container\" data-settings=\"{&quot;jet_parallax_layout_list&quot;:[]}\">\n\t\t\t\t\t<div class=\"e-con-inner\">\n\t\t\t\t<div class=\"elementor-element elementor-element-e1749e5 elementor-widget elementor-widget-heading\" data-id=\"e1749e5\" data-element_type=\"widget\" data-e-type=\"widget\" data-widget_type=\"heading.default\">\n\t\t\t\t\t<h2 class=\"elementor-heading-title elementor-size-default\">6.23\u516c\u9877\u7684\u571f\u5730\uff0c\u6c34\u91cf\u5145\u6c9b\uff0c\u98ce\u666f\u4f18\u7f8e\uff0c\u8ddd\u74e6\u62c9\u65af\u6e2f\u4e00\u5c0f\u65f6\u8f66\u7a0b!<\/h2>\t\t\t\t<\/div>\n\t\t\t\t\t<\/div>\n\t\t\t\t<\/div>\n\t\t<div class=\"elementor-element elementor-element-75d1655 e-flex e-con-boxed e-con e-parent\" data-id=\"75d1655\" data-element_type=\"container\" data-e-type=\"container\" data-settings=\"{&quot;jet_parallax_layout_list&quot;:[]}\">\n\t\t\t\t\t<div class=\"e-con-inner\">\n\t\t\t\t<div class=\"elementor-element elementor-element-f1ec3fe elementor-widget elementor-widget-text-editor\" data-id=\"f1ec3fe\" data-element_type=\"widget\" data-e-type=\"widget\" data-widget_type=\"text-editor.default\">\n\t\t\t\t\t\t\t\t\t<p>\u6211\u4eec\u9080\u8bf7\u60a8\u6765\u53c2\u89c2\u8fd9\u4e2a\u5360\u57306,23\u516c\u9877\u7684\u5c0f\u8425\u5730\uff0c\u5b83\u4f4d\u4e8e\u6cbf\u6d77\u5c71\u8109\u7684\u8d77\u70b9\uff0c\u6709\u6eaa\u6d41\u3001\u6cb3\u6d41\u548c\u7f8e\u4e3d\u7684\u666f\u8272\uff0c\u8ddd\u79bb\u74e6\u62c9\u65af\u6e2f\u4ee5\u897f\u4ec5\u4e00\u5c0f\u65f6\u8f66\u7a0b\u3002<\/p>\n<p><span style=\"color: var( --e-global-color-text ); font-family: var( --e-global-typography-text-font-family ), Sans-serif; font-weight: var( --e-global-typography-text-font-weight ); text-align: var(--text-align);\">\u8be5\u7269\u4e1a\u4ece5\u53f7\u516c\u8def\u8fdb\u5165\uff0c\u6709\u4e00\u6761\u5927\u90e8\u5206\u4e3a\u6ca5\u9752\u8def\uff0c\u7ecf\u8fc7Estaci\u00f3n R\u00edo fr\u00edo\uff0c\u7136\u540e\u901a\u5411Llico Bajo\u7684\u6d77\u6ee9\u5ea6\u5047\u6751\u3002 \u4e3a\u4e86\u5230\u8fbe\u8425\u5730\uff0c\u4f60\u6cbf\u7740\u4e00\u67614.2\u516c\u91cc\u957f\u7684\u788e\u77f3\u8def\u884c\u9a76\uff0c\u8fd9\u6761\u9053\u8def\u6b63\u5728\u94fa\u8bbe\u6ca5\u9752\u3002 <\/span><\/p>\n<p><span style=\"color: var( --e-global-color-text ); font-family: var( --e-global-typography-text-font-family ), Sans-serif; font-weight: var( --e-global-typography-text-font-weight ); text-align: var(--text-align);\">\u4e00\u6761\u7535\u529b\u7ebf\u6cbf\u7740\u516c\u5171\u9053\u8def\u8fd0\u884c\uff0c\u4e0e\u8be5\u7269\u4e1a\u76f8\u90bb\u3002 \u6b64\u5916\uff0c\u901a\u8fc7\u6cc9\u6c34\u3001\u4e00\u4e2a\u540d\u4e3aPicaflor\u7684\u6cb3\u53e3\u548c\u4e00\u6761\u540d\u4e3aPato llico\u7684\u6cb3\u6d41\uff0c\u8fd9\u91cc\u6709\u4e30\u5bcc\u7684\u6c34\u8d44\u6e90\u3002 \u5728\u8be5\u533a\uff0c\u7535\u8bdd\u4fe1\u53f7\u5f88\u597d\u3002<\/span><\/p>\n<p><span style=\"color: var( --e-global-color-text ); font-family: var( --e-global-typography-text-font-family ), Sans-serif; font-weight: var( --e-global-typography-text-font-weight ); text-align: var(--text-align);\">\u8be5\u7269\u4e1a\u6ca1\u6709\u5efa\u7b51\u7269\uff0c\u5176\u5927\u90e8\u5206\u5468\u8fb9\u90fd\u6709\u56f4\u680f\u3002<\/span><\/p>\n<p><span style=\"color: var( --e-global-color-text ); font-family: var( --e-global-typography-text-font-family ), Sans-serif; font-weight: var( --e-global-typography-text-font-weight ); text-align: var(--text-align);\">\u671d\u5317\u7684\u5c0f\u573a\u5730\u6709\u4e00\u7247\u5e73\u5766\u7684\u8349\u5730\uff0c\u98ce\u666f\u4f18\u7f8e\uff0c\u662f\u5efa\u9020\u623f\u5c4b\u6216\u65c5\u6e38\u7efc\u5408\u4f53\u7684\u7406\u60f3\u9009\u62e9\u3002 \u7136\u540e\u662f\u7f13\u5761\uff0c\u6700\u540e\u662f\u4e2d\u5761\uff0c\u76f4\u5230\u6cb3\u8fb9\u3002<\/span><\/p>\n<p><span style=\"color: var( --e-global-color-text ); font-family: var( --e-global-typography-text-font-family ), Sans-serif; font-weight: var( --e-global-typography-text-font-weight ); text-align: var(--text-align);\">\u5e84\u56ed\u9644\u8fd1\u4e3b\u8981\u662f\u91cd\u65b0\u690d\u88ab\u548c\u53e4\u8001\u7684\u539f\u751f\u6797\uff0c\u4e3b\u8981\u6709\u79d1\u4f0a\u683c\uff08Coigue\uff09\u3001\u5361\u5185\u6d1b\uff08Canelo\uff09\u3001\u963f\u97e6\u62c9\u8bfa\uff08Avellano\uff09\u3001\u62c9\u5df4\u5c14\uff08Rabal\uff09\u3001\u9a6c\u5c3c\u5965\uff08Ma\u00f1io\uff09\u3001\u4e4c\u5c14\u83ab\uff08Ulmo\uff09\u548c\u8482\u7c73\u5965\uff08Timeo\uff09<\/span><\/p>\n<p><span style=\"color: var( --e-global-color-text ); font-family: var( --e-global-typography-text-font-family ), Sans-serif; font-weight: var( --e-global-typography-text-font-weight ); text-align: var(--text-align);\">\u81f3\u4e8e\u52a8\u7269\uff0c\u4f60\u53ef\u4ee5\u770b\u5230\u72d0\u72f8\u3001\u91ce\u5154\u3001Chucao\u3001Wet Wet\u3001Tiuque\u7b49\u3002<\/span><\/p>\n<p><span style=\"color: var( --e-global-color-text ); font-family: var( --e-global-typography-text-font-family ), Sans-serif; font-weight: var( --e-global-typography-text-font-weight ); text-align: var(--text-align);\">\u8fd9\u7247\u7530\u5730\u5177\u6709\u65c5\u6e38\u6f5c\u529b\uff0c\u56e0\u4e3a\u5b83\u6bd7\u90bb\u4e00\u6761\u5373\u5c06\u94fa\u8bbe\u6ca5\u9752\u7684\u516c\u8def\uff0c\u672a\u6765\u5c06\u6709\u5927\u91cf\u4eba\u6d41\u6d8c\u5411 Llico bajo \u5730\u533a\u7684\u6d77\u5cb8\u3002<\/span><\/p>\n<p><span style=\"color: var( --e-global-color-text ); font-family: var( --e-global-typography-text-font-family ), Sans-serif; font-weight: var( --e-global-typography-text-font-weight ); text-align: var(--text-align);\">\u8be5\u7269\u4e1a\u76f8\u5bf9\u9760\u8fd1\u6d77\u5cb8\uff0c\u7531\u4e8e\u5176\u5929\u5802\u822c\u7684\u5730\u65b9\uff0c\u5982Llico Bajo\u3001Puerto Godoy\u3001Quenir\u548cEstaquilla\u7b49\u6d77\u6ee9\u5ea6\u5047\u6751\uff0c\u6b63\u5728\u5f00\u59cb\u5f3a\u52b2\u7684\u53d1\u5c55\u3002<\/span><\/p>\n<p><span style=\"color: var( --e-global-color-text ); font-family: var( --e-global-typography-text-font-family ), Sans-serif; font-weight: var( --e-global-typography-text-font-weight ); text-align: var(--text-align);\">\u8bf7\u4e0e\u6211\u4eec\u8054\u7cfb\uff0c\u4e0d\u8981\u9519\u8fc7\u8fd9\u4e2a\u5b8c\u7f8e\u7684\u5730\u65b9\uff0c\u8ba9\u6211\u4eec\u7684\u751f\u6d3b\u9879\u76ee\u66f4\u52a0\u5b8f\u4f1f\u58ee\u89c2!<\/span><\/p>\n\t\t\t\t\t\t\t\t<\/div>\n\t\t\t\t\t<\/div>\n\t\t\t\t<\/div>\n\t\t\t\t<\/div>\n\t\t","protected":false},"excerpt":{"rendered":"<p>\u5f17\u96f7\u897f\u4e9a\u5730\u533a\u7684\u4e00\u5904\u7530\u91ce\uff0c\u8ddd\u79bb\u666e\u57c3\u5c14\u6258\u74e6\u62c9\u65af\u4ec5\u4e00\u5c0f\u65f6\u8f66\u7a0b\u3002\u8be5\u5730\u5757\u4f4d\u4e8e\u901a\u5f80\u5229\u79d1\u5df4\u970d\u7684\u9053\u8def\u4e0a\uff0c\u53ef\u901a\u8fc7\u516c\u5171\u9053\u8def\u8fdb\u5165\u3002\u8fd9\u91cc\u914d\u5907\u6709\u7535\u529b\u4f9b\u5e94\u3001\u4fe1\u53f7\u8986\u76d6\u3001\u6cb3\u6d41\u3001\u6e7f\u5730\u3001\u6cc9\u6c34\u4ee5\u53ca\u7f8e\u4e3d\u7684\u666f\u8272\u3002\u76ee\u524d\uff0c\u901a\u5f80\u8be5\u5730\u5757\u76844\u516c\u91cc\u788e\u77f3\u8def\u6b63\u5728\u8fdb\u884c\u6ca5\u9752\u94fa\u8bbe\u5de5\u7a0b\u3002   <\/p>\n","protected":false},"featured_media":11701,"template":"","meta":{"_acf_changed":false},"product_brand":[],"product_cat":[108],"product_tag":[240,241],"regiones":[226],"ciudades":[514,214,216,515],"class_list":{"0":"post-13892","1":"product","2":"type-product","3":"status-publish","4":"has-post-thumbnail","6":"product_cat-108","7":"product_tag-240","8":"product_tag-241","9":"regiones-nuble-los_lagos","10":"ciudades-canitas","11":"ciudades-fresia","12":"ciudades-los-muermos","13":"ciudades-rio-frio","15":"first","16":"instock","17":"sold-individually","18":"shipping-taxable","19":"purchasable","20":"product-type-simple"},"acf":[],"yoast_head":"<!-- This site is optimized with the Yoast SEO Premium plugin v26.0 (Yoast SEO v27.3) - https:\/\/yoast.com\/product\/yoast-seo-premium-wordpress\/ -->\n<title>Campito Picaflor - \u6d1b\u65af\u62c9\u5404\u65af\u5927\u533a\u6d1b\u65af\u7a46\u57c3\u83ab\u65af - Produncan<\/title>\n<meta name=\"description\" content=\"6,23\u516c\u9877\u7684\u5c0f\u519c\u573a\uff0c\u6709\u7535\uff0c\u6709\u6c34\uff0c\u98ce\u666f\u4f18\u7f8e\uff0c\u8ddd\u74e6\u62c9\u65af\u6e2f\u4ee5\u897f1\u5c0f\u65f6\u8f66\u7a0b\u3002 \u8fd9\u6761\u8def\u5f88\u5feb\u5c31\u4f1a\u94fa\u4e0a\u6ca5\u9752\u3002\" \/>\n<meta name=\"robots\" content=\"index, follow, max-snippet:-1, max-image-preview:large, max-video-preview:-1\" \/>\n<link rel=\"canonical\" href=\"https:\/\/produncan.cl\/zh-hans\/\u4ea7\u54c1\/campito-picaflor-623ha-los-muermos-r-de-los-lagos\/\" \/>\n<meta property=\"og:locale\" content=\"zh_CN\" \/>\n<meta property=\"og:type\" content=\"article\" \/>\n<meta property=\"og:title\" content=\"\u574e\u76ae\u6258\u00b7\u76ae\u5361\u5f17\u5c14 6.23 \u516c\u9877 - \u6d1b\u65af\u7a46\u5c14\u83ab\u65af\uff0c\u6e56\u533a\" \/>\n<meta property=\"og:description\" content=\"6,23\u516c\u9877\u7684\u5c0f\u519c\u573a\uff0c\u6709\u7535\uff0c\u6709\u6c34\uff0c\u98ce\u666f\u4f18\u7f8e\uff0c\u8ddd\u74e6\u62c9\u65af\u6e2f\u4ee5\u897f1\u5c0f\u65f6\u8f66\u7a0b\u3002 \u8fd9\u6761\u8def\u5f88\u5feb\u5c31\u4f1a\u94fa\u4e0a\u6ca5\u9752\u3002\" \/>\n<meta property=\"og:url\" content=\"https:\/\/produncan.cl\/zh-hans\/\u4ea7\u54c1\/campito-picaflor-623ha-los-muermos-r-de-los-lagos\/\" \/>\n<meta property=\"og:site_name\" content=\"\u751f\u4ea7\" \/>\n<meta property=\"article:publisher\" content=\"https:\/\/web.facebook.com\/produncanland\" \/>\n<meta property=\"article:modified_time\" content=\"2025-12-26T20:29:21+00:00\" \/>\n<meta property=\"og:image\" content=\"https:\/\/produncan.cl\/wp-content\/uploads\/2023\/02\/Presentacion-Campito-Picaflor.webp\" \/>\n\t<meta property=\"og:image:width\" content=\"600\" \/>\n\t<meta property=\"og:image:height\" content=\"450\" \/>\n\t<meta property=\"og:image:type\" content=\"image\/webp\" \/>\n<meta name=\"twitter:card\" content=\"summary_large_image\" \/>\n<meta name=\"twitter:label1\" content=\"Price\" \/>\n\t<meta name=\"twitter:data1\" content=\"USD97.900,00\" \/>\n\t<meta name=\"twitter:label2\" content=\"Availability\" \/>\n\t<meta name=\"twitter:data2\" content=\"In stock\" \/>\n<script type=\"application\/ld+json\" class=\"yoast-schema-graph\">{\"@context\":\"https:\\\/\\\/schema.org\",\"@graph\":[{\"@type\":\"WebPage\",\"@id\":\"https:\\\/\\\/produncan.cl\\\/zh-hans\\\/\u4ea7\u54c1\\\/campito-picaflor-623ha-los-muermos-r-de-los-lagos\\\/\",\"url\":\"https:\\\/\\\/produncan.cl\\\/zh-hans\\\/\u4ea7\u54c1\\\/campito-picaflor-623ha-los-muermos-r-de-los-lagos\\\/\",\"name\":\"Campito Picaflor - \u6d1b\u65af\u62c9\u5404\u65af\u5927\u533a\u6d1b\u65af\u7a46\u57c3\u83ab\u65af - Produncan\",\"isPartOf\":{\"@id\":\"https:\\\/\\\/produncan.cl\\\/zh-hans\\\/#website\"},\"primaryImageOfPage\":{\"@id\":\"https:\\\/\\\/produncan.cl\\\/zh-hans\\\/\u4ea7\u54c1\\\/campito-picaflor-623ha-los-muermos-r-de-los-lagos\\\/#primaryimage\"},\"image\":{\"@id\":\"https:\\\/\\\/produncan.cl\\\/zh-hans\\\/\u4ea7\u54c1\\\/campito-picaflor-623ha-los-muermos-r-de-los-lagos\\\/#primaryimage\"},\"thumbnailUrl\":\"https:\\\/\\\/produncan.cl\\\/wp-content\\\/uploads\\\/2023\\\/02\\\/Presentacion-Campito-Picaflor.webp\",\"datePublished\":\"2022-08-05T17:13:20+00:00\",\"dateModified\":\"2025-12-26T20:29:21+00:00\",\"description\":\"6,23\u516c\u9877\u7684\u5c0f\u519c\u573a\uff0c\u6709\u7535\uff0c\u6709\u6c34\uff0c\u98ce\u666f\u4f18\u7f8e\uff0c\u8ddd\u74e6\u62c9\u65af\u6e2f\u4ee5\u897f1\u5c0f\u65f6\u8f66\u7a0b\u3002 \u8fd9\u6761\u8def\u5f88\u5feb\u5c31\u4f1a\u94fa\u4e0a\u6ca5\u9752\u3002\",\"breadcrumb\":{\"@id\":\"https:\\\/\\\/produncan.cl\\\/zh-hans\\\/\u4ea7\u54c1\\\/campito-picaflor-623ha-los-muermos-r-de-los-lagos\\\/#breadcrumb\"},\"inLanguage\":\"zh-CN\",\"potentialAction\":[{\"@type\":\"ReadAction\",\"target\":[\"https:\\\/\\\/produncan.cl\\\/zh-hans\\\/\u4ea7\u54c1\\\/campito-picaflor-623ha-los-muermos-r-de-los-lagos\\\/\"]}]},{\"@type\":\"ImageObject\",\"inLanguage\":\"zh-CN\",\"@id\":\"https:\\\/\\\/produncan.cl\\\/zh-hans\\\/\u4ea7\u54c1\\\/campito-picaflor-623ha-los-muermos-r-de-los-lagos\\\/#primaryimage\",\"url\":\"https:\\\/\\\/produncan.cl\\\/wp-content\\\/uploads\\\/2023\\\/02\\\/Presentacion-Campito-Picaflor.webp\",\"contentUrl\":\"https:\\\/\\\/produncan.cl\\\/wp-content\\\/uploads\\\/2023\\\/02\\\/Presentacion-Campito-Picaflor.webp\",\"width\":600,\"height\":450},{\"@type\":\"BreadcrumbList\",\"@id\":\"https:\\\/\\\/produncan.cl\\\/zh-hans\\\/\u4ea7\u54c1\\\/campito-picaflor-623ha-los-muermos-r-de-los-lagos\\\/#breadcrumb\",\"itemListElement\":[{\"@type\":\"ListItem\",\"position\":1,\"name\":\"Inicio\",\"item\":\"https:\\\/\\\/produncan.cl\\\/zh-hans\\\/\"},{\"@type\":\"ListItem\",\"position\":2,\"name\":\"\u7279\u6027\",\"item\":\"https:\\\/\\\/produncan.cl\\\/propiedades\\\/\"},{\"@type\":\"ListItem\",\"position\":3,\"name\":\"\u5305\u88f9\",\"item\":\"https:\\\/\\\/produncan.cl\\\/zh-hans\\\/\u7c7b\u522b\\\/%e5%8c%85%e8%a3%b9\\\/\"},{\"@type\":\"ListItem\",\"position\":4,\"name\":\"\u574e\u76ae\u6258\u00b7\u76ae\u5361\u5f17\u5c14 6.23 \u516c\u9877 &#8211; \u6d1b\u65af\u7a46\u5c14\u83ab\u65af\uff0c\u6e56\u533a\"}]},{\"@type\":\"WebSite\",\"@id\":\"https:\\\/\\\/produncan.cl\\\/zh-hans\\\/#website\",\"url\":\"https:\\\/\\\/produncan.cl\\\/zh-hans\\\/\",\"name\":\"Produncan\",\"description\":\"\u6211\u4eec\u966a\u4f34\u60a8\u5b8c\u6210\u60a8\u7684\u4eba\u751f\u5927\u4e8b\uff01\",\"publisher\":{\"@id\":\"https:\\\/\\\/produncan.cl\\\/zh-hans\\\/#organization\"},\"potentialAction\":[{\"@type\":\"SearchAction\",\"target\":{\"@type\":\"EntryPoint\",\"urlTemplate\":\"https:\\\/\\\/produncan.cl\\\/zh-hans\\\/?s={search_term_string}\"},\"query-input\":{\"@type\":\"PropertyValueSpecification\",\"valueRequired\":true,\"valueName\":\"search_term_string\"}}],\"inLanguage\":\"zh-CN\"},{\"@type\":\"Organization\",\"@id\":\"https:\\\/\\\/produncan.cl\\\/zh-hans\\\/#organization\",\"name\":\"Produncan\",\"url\":\"https:\\\/\\\/produncan.cl\\\/zh-hans\\\/\",\"logo\":{\"@type\":\"ImageObject\",\"inLanguage\":\"zh-CN\",\"@id\":\"https:\\\/\\\/produncan.cl\\\/zh-hans\\\/#\\\/schema\\\/logo\\\/image\\\/\",\"url\":\"https:\\\/\\\/produncan.cl\\\/wp-content\\\/uploads\\\/2021\\\/03\\\/LOGO.jpeg\",\"contentUrl\":\"https:\\\/\\\/produncan.cl\\\/wp-content\\\/uploads\\\/2021\\\/03\\\/LOGO.jpeg\",\"width\":1280,\"height\":903,\"caption\":\"Produncan\"},\"image\":{\"@id\":\"https:\\\/\\\/produncan.cl\\\/zh-hans\\\/#\\\/schema\\\/logo\\\/image\\\/\"},\"sameAs\":[\"https:\\\/\\\/web.facebook.com\\\/produncanland\",\"https:\\\/\\\/www.instagram.com\\\/pro_duncan\\\/\",\"https:\\\/\\\/www.linkedin.com\\\/company\\\/produncan-lands\\\/\",\"https:\\\/\\\/www.youtube.com\\\/channel\\\/UCu7N-f3x0svkazD-Eew1-QQ\"],\"description\":\"En Produncan somos especialistas en la venta de terrenos en el sur de Chile. Proveemos estancias, campos, parcelas y hoteles.\",\"email\":\"info@produncan.cl\"}]}<\/script>\n<meta property=\"og:video\" content=\"https:\/\/www.youtube.com\/embed\/wydwM-kdIzs\" \/>\n<meta property=\"og:video:type\" content=\"text\/html\" \/>\n<meta property=\"og:video:duration\" content=\"104\" \/>\n<meta property=\"og:video:width\" content=\"480\" \/>\n<meta property=\"og:video:height\" content=\"360\" \/>\n<meta property=\"ya:ovs:adult\" content=\"false\" \/>\n<meta property=\"ya:ovs:upload_date\" content=\"2022-08-05T17:13:20+00:00\" \/>\n<meta property=\"ya:ovs:allow_embed\" content=\"true\" \/>\n<meta property=\"product:price:amount\" content=\"97900.00\" \/>\n<meta property=\"product:price:currency\" content=\"USD\" \/>\n<meta property=\"og:availability\" content=\"instock\" \/>\n<meta property=\"product:availability\" content=\"instock\" \/>\n<meta property=\"product:condition\" content=\"new\" \/>\n<!-- \/ Yoast SEO Premium plugin. -->","yoast_head_json":{"title":"Campito Picaflor - \u6d1b\u65af\u62c9\u5404\u65af\u5927\u533a\u6d1b\u65af\u7a46\u57c3\u83ab\u65af - Produncan","description":"6,23\u516c\u9877\u7684\u5c0f\u519c\u573a\uff0c\u6709\u7535\uff0c\u6709\u6c34\uff0c\u98ce\u666f\u4f18\u7f8e\uff0c\u8ddd\u74e6\u62c9\u65af\u6e2f\u4ee5\u897f1\u5c0f\u65f6\u8f66\u7a0b\u3002 \u8fd9\u6761\u8def\u5f88\u5feb\u5c31\u4f1a\u94fa\u4e0a\u6ca5\u9752\u3002","robots":{"index":"index","follow":"follow","max-snippet":"max-snippet:-1","max-image-preview":"max-image-preview:large","max-video-preview":"max-video-preview:-1"},"canonical":"https:\/\/produncan.cl\/zh-hans\/\u4ea7\u54c1\/campito-picaflor-623ha-los-muermos-r-de-los-lagos\/","og_locale":"zh_CN","og_type":"article","og_title":"\u574e\u76ae\u6258\u00b7\u76ae\u5361\u5f17\u5c14 6.23 \u516c\u9877 - \u6d1b\u65af\u7a46\u5c14\u83ab\u65af\uff0c\u6e56\u533a","og_description":"6,23\u516c\u9877\u7684\u5c0f\u519c\u573a\uff0c\u6709\u7535\uff0c\u6709\u6c34\uff0c\u98ce\u666f\u4f18\u7f8e\uff0c\u8ddd\u74e6\u62c9\u65af\u6e2f\u4ee5\u897f1\u5c0f\u65f6\u8f66\u7a0b\u3002 \u8fd9\u6761\u8def\u5f88\u5feb\u5c31\u4f1a\u94fa\u4e0a\u6ca5\u9752\u3002","og_url":"https:\/\/produncan.cl\/zh-hans\/\u4ea7\u54c1\/campito-picaflor-623ha-los-muermos-r-de-los-lagos\/","og_site_name":"\u751f\u4ea7","article_publisher":"https:\/\/web.facebook.com\/produncanland","article_modified_time":"2025-12-26T20:29:21+00:00","og_image":[{"width":600,"height":450,"url":"https:\/\/produncan.cl\/wp-content\/uploads\/2023\/02\/Presentacion-Campito-Picaflor.webp","type":"image\/webp"}],"twitter_card":"summary_large_image","twitter_misc":{"Price":"USD97.900,00","Availability":"In stock"},"schema":{"@context":"https:\/\/schema.org","@graph":[{"@type":"WebPage","@id":"https:\/\/produncan.cl\/zh-hans\/\u4ea7\u54c1\/campito-picaflor-623ha-los-muermos-r-de-los-lagos\/","url":"https:\/\/produncan.cl\/zh-hans\/\u4ea7\u54c1\/campito-picaflor-623ha-los-muermos-r-de-los-lagos\/","name":"Campito Picaflor - \u6d1b\u65af\u62c9\u5404\u65af\u5927\u533a\u6d1b\u65af\u7a46\u57c3\u83ab\u65af - Produncan","isPartOf":{"@id":"https:\/\/produncan.cl\/zh-hans\/#website"},"primaryImageOfPage":{"@id":"https:\/\/produncan.cl\/zh-hans\/\u4ea7\u54c1\/campito-picaflor-623ha-los-muermos-r-de-los-lagos\/#primaryimage"},"image":{"@id":"https:\/\/produncan.cl\/zh-hans\/\u4ea7\u54c1\/campito-picaflor-623ha-los-muermos-r-de-los-lagos\/#primaryimage"},"thumbnailUrl":"https:\/\/produncan.cl\/wp-content\/uploads\/2023\/02\/Presentacion-Campito-Picaflor.webp","datePublished":"2022-08-05T17:13:20+00:00","dateModified":"2025-12-26T20:29:21+00:00","description":"6,23\u516c\u9877\u7684\u5c0f\u519c\u573a\uff0c\u6709\u7535\uff0c\u6709\u6c34\uff0c\u98ce\u666f\u4f18\u7f8e\uff0c\u8ddd\u74e6\u62c9\u65af\u6e2f\u4ee5\u897f1\u5c0f\u65f6\u8f66\u7a0b\u3002 \u8fd9\u6761\u8def\u5f88\u5feb\u5c31\u4f1a\u94fa\u4e0a\u6ca5\u9752\u3002","breadcrumb":{"@id":"https:\/\/produncan.cl\/zh-hans\/\u4ea7\u54c1\/campito-picaflor-623ha-los-muermos-r-de-los-lagos\/#breadcrumb"},"inLanguage":"zh-CN","potentialAction":[{"@type":"ReadAction","target":["https:\/\/produncan.cl\/zh-hans\/\u4ea7\u54c1\/campito-picaflor-623ha-los-muermos-r-de-los-lagos\/"]}]},{"@type":"ImageObject","inLanguage":"zh-CN","@id":"https:\/\/produncan.cl\/zh-hans\/\u4ea7\u54c1\/campito-picaflor-623ha-los-muermos-r-de-los-lagos\/#primaryimage","url":"https:\/\/produncan.cl\/wp-content\/uploads\/2023\/02\/Presentacion-Campito-Picaflor.webp","contentUrl":"https:\/\/produncan.cl\/wp-content\/uploads\/2023\/02\/Presentacion-Campito-Picaflor.webp","width":600,"height":450},{"@type":"BreadcrumbList","@id":"https:\/\/produncan.cl\/zh-hans\/\u4ea7\u54c1\/campito-picaflor-623ha-los-muermos-r-de-los-lagos\/#breadcrumb","itemListElement":[{"@type":"ListItem","position":1,"name":"Inicio","item":"https:\/\/produncan.cl\/zh-hans\/"},{"@type":"ListItem","position":2,"name":"\u7279\u6027","item":"https:\/\/produncan.cl\/propiedades\/"},{"@type":"ListItem","position":3,"name":"\u5305\u88f9","item":"https:\/\/produncan.cl\/zh-hans\/\u7c7b\u522b\/%e5%8c%85%e8%a3%b9\/"},{"@type":"ListItem","position":4,"name":"\u574e\u76ae\u6258\u00b7\u76ae\u5361\u5f17\u5c14 6.23 \u516c\u9877 &#8211; \u6d1b\u65af\u7a46\u5c14\u83ab\u65af\uff0c\u6e56\u533a"}]},{"@type":"WebSite","@id":"https:\/\/produncan.cl\/zh-hans\/#website","url":"https:\/\/produncan.cl\/zh-hans\/","name":"Produncan","description":"\u6211\u4eec\u966a\u4f34\u60a8\u5b8c\u6210\u60a8\u7684\u4eba\u751f\u5927\u4e8b\uff01","publisher":{"@id":"https:\/\/produncan.cl\/zh-hans\/#organization"},"potentialAction":[{"@type":"SearchAction","target":{"@type":"EntryPoint","urlTemplate":"https:\/\/produncan.cl\/zh-hans\/?s={search_term_string}"},"query-input":{"@type":"PropertyValueSpecification","valueRequired":true,"valueName":"search_term_string"}}],"inLanguage":"zh-CN"},{"@type":"Organization","@id":"https:\/\/produncan.cl\/zh-hans\/#organization","name":"Produncan","url":"https:\/\/produncan.cl\/zh-hans\/","logo":{"@type":"ImageObject","inLanguage":"zh-CN","@id":"https:\/\/produncan.cl\/zh-hans\/#\/schema\/logo\/image\/","url":"https:\/\/produncan.cl\/wp-content\/uploads\/2021\/03\/LOGO.jpeg","contentUrl":"https:\/\/produncan.cl\/wp-content\/uploads\/2021\/03\/LOGO.jpeg","width":1280,"height":903,"caption":"Produncan"},"image":{"@id":"https:\/\/produncan.cl\/zh-hans\/#\/schema\/logo\/image\/"},"sameAs":["https:\/\/web.facebook.com\/produncanland","https:\/\/www.instagram.com\/pro_duncan\/","https:\/\/www.linkedin.com\/company\/produncan-lands\/","https:\/\/www.youtube.com\/channel\/UCu7N-f3x0svkazD-Eew1-QQ"],"description":"En Produncan somos especialistas en la venta de terrenos en el sur de Chile. Proveemos estancias, campos, parcelas y hoteles.","email":"info@produncan.cl"}]},"og_video":"https:\/\/www.youtube.com\/embed\/wydwM-kdIzs","og_video_type":"text\/html","og_video_duration":"104","og_video_width":"480","og_video_height":"360","ya_ovs_adult":"false","ya_ovs_upload_date":"2022-08-05T17:13:20+00:00","ya_ovs_allow_embed":"true","product_price_amount":"97900.00","product_price_currency":"USD","og_availability":"instock","product_availability":"instock","product_condition":"new"},"_links":{"self":[{"href":"https:\/\/produncan.cl\/zh-hans\/wp-json\/wp\/v2\/product\/13892","targetHints":{"allow":["GET"]}}],"collection":[{"href":"https:\/\/produncan.cl\/zh-hans\/wp-json\/wp\/v2\/product"}],"about":[{"href":"https:\/\/produncan.cl\/zh-hans\/wp-json\/wp\/v2\/types\/product"}],"version-history":[{"count":2,"href":"https:\/\/produncan.cl\/zh-hans\/wp-json\/wp\/v2\/product\/13892\/revisions"}],"predecessor-version":[{"id":54251,"href":"https:\/\/produncan.cl\/zh-hans\/wp-json\/wp\/v2\/product\/13892\/revisions\/54251"}],"wp:featuredmedia":[{"embeddable":true,"href":"https:\/\/produncan.cl\/zh-hans\/wp-json\/wp\/v2\/media\/11701"}],"wp:attachment":[{"href":"https:\/\/produncan.cl\/zh-hans\/wp-json\/wp\/v2\/media?parent=13892"}],"wp:term":[{"taxonomy":"product_brand","embeddable":true,"href":"https:\/\/produncan.cl\/zh-hans\/wp-json\/wp\/v2\/product_brand?post=13892"},{"taxonomy":"product_cat","embeddable":true,"href":"https:\/\/produncan.cl\/zh-hans\/wp-json\/wp\/v2\/product_cat?post=13892"},{"taxonomy":"product_tag","embeddable":true,"href":"https:\/\/produncan.cl\/zh-hans\/wp-json\/wp\/v2\/product_tag?post=13892"},{"taxonomy":"regiones","embeddable":true,"href":"https:\/\/produncan.cl\/zh-hans\/wp-json\/wp\/v2\/regiones?post=13892"},{"taxonomy":"ciudades","embeddable":true,"href":"https:\/\/produncan.cl\/zh-hans\/wp-json\/wp\/v2\/ciudades?post=13892"}],"curies":[{"name":"wp","href":"https:\/\/api.w.org\/{rel}","templated":true}]}}