{"id":15958,"date":"2021-09-06T18:26:36","date_gmt":"2021-09-06T21:26:36","guid":{"rendered":"https:\/\/produncan.cl\/producto\/%e5%9d%8e%e7%9a%ae%e6%89%98-%e6%8b%89%e4%bd%a9%e8%bf%aa%e5%85%b9-%e6%8b%89%e4%b9%8c%e5%b0%bc%e7%bf%81%ef%bc%8c%e9%87%8c%e5%a5%a5%e6%96%af%e5%8c%ba\/"},"modified":"2025-08-14T12:34:32","modified_gmt":"2025-08-14T16:34:32","slug":"%e5%9d%8e%e7%9a%ae%e6%89%98-%e6%8b%89%e4%bd%a9%e8%bf%aa%e5%85%b9-%e6%8b%89%e4%b9%8c%e5%b0%bc%e7%bf%81%ef%bc%8c%e9%87%8c%e5%a5%a5%e6%96%af%e5%8c%ba","status":"publish","type":"product","link":"https:\/\/produncan.cl\/zh-hans\/\u4ea7\u54c1\/%e5%9d%8e%e7%9a%ae%e6%89%98-%e6%8b%89%e4%bd%a9%e8%bf%aa%e5%85%b9-%e6%8b%89%e4%b9%8c%e5%b0%bc%e7%bf%81%ef%bc%8c%e9%87%8c%e5%a5%a5%e6%96%af%e5%8c%ba\/","title":{"rendered":"&#8220;Campito La Perdiz &#8211; La Uni\u00f3n, Regi\u00f3n de los R\u00edos&#8221; en chino simplificado es:\n\n&#8220;Campito La Perdiz &#8211; \u62c9\u4e4c\u5c3c\u7fc1\uff0c\u6cb3\u6d41\u533a&#8221;"},"content":{"rendered":"\t\t<div data-elementor-type=\"product-post\" data-elementor-id=\"15958\" class=\"elementor elementor-15958 elementor-15731\" data-elementor-post-type=\"product\">\n\t\t\t\t<div class=\"elementor-element elementor-element-611e819 e-flex e-con-boxed e-con e-parent\" data-id=\"611e819\" data-element_type=\"container\" data-e-type=\"container\" data-settings=\"{&quot;jet_parallax_layout_list&quot;:[]}\">\n\t\t\t\t\t<div class=\"e-con-inner\">\n\t\t\t\t<div class=\"elementor-element elementor-element-109d8d2 elementor-widget elementor-widget-heading\" data-id=\"109d8d2\" data-element_type=\"widget\" data-e-type=\"widget\" data-widget_type=\"heading.default\">\n\t\t\t\t\t<h2 class=\"elementor-heading-title elementor-size-default\">\"\u5728\u5927\u81ea\u7136\u4e2d\u7684\u7eff\u6d32\u4e2d\u53d1\u73b0\u4f60\u81ea\u5df1\uff0c\u5728Los R\u00edos\u5730\u533aLa Uni\u00f3n\u9644\u8fd1\u7684Campito La Perdiz\uff01\"<\/h2>\t\t\t\t<\/div>\n\t\t\t\t\t<\/div>\n\t\t\t\t<\/div>\n\t\t<div class=\"elementor-element elementor-element-6178d6f e-flex e-con-boxed e-con e-parent\" data-id=\"6178d6f\" data-element_type=\"container\" data-e-type=\"container\" data-settings=\"{&quot;jet_parallax_layout_list&quot;:[]}\">\n\t\t\t\t\t<div class=\"e-con-inner\">\n\t\t\t\t<div class=\"elementor-element elementor-element-1c43be5 elementor-widget elementor-widget-text-editor\" data-id=\"1c43be5\" data-element_type=\"widget\" data-e-type=\"widget\" data-widget_type=\"text-editor.default\">\n\t\t\t\t\t\t\t\t\t&#8220;`html\n<p>\u5728\u5927\u81ea\u7136\u4e2d\u53d1\u73b0\u4f60\u7684\u7eff\u6d32\uff0c\u4f4d\u4e8eLos R\u00edos\u5730\u533aLa Uni\u00f3n\u9644\u8fd1\u7684Campito La Perdiz\uff01<\/p><p>\u8fd9\u4e2a\u7f8e\u4e3d\u76846.86\u516c\u9877\u7684\u5c0f\u519c\u573a\u6b63\u7b49\u5f85\u7740\u4f60\uff0c\u63d0\u4f9b\u65e0\u9650\u53ef\u80fd\u3002<\/p><p>\u5728\u5c0f\u519c\u573a\u5185\u76845000\u5e73\u65b9\u7c73\u7a7a\u95f4\u4e2d\uff0c\u6709\u4e00\u5ea7\u6728\u5c4b\uff0c\u8bbe\u6709\u4e09\u95f4\u5367\u5ba4\uff0c\u4e00\u4e2a\u5927\u6d74\u5ba4\u548c\u4e00\u4e2a\u5ba2\u5385\u3002\u6b64\u5916\uff0c\u5728\u540c\u4e00\u7a7a\u95f4\u5185\u8fd8\u6709\u4e00\u4e2a\u68da\u5c4b\u3001\u4e24\u4e2a\u6e29\u5ba4\u3001\u4e00\u4e2a\u704c\u6e89\u7cfb\u7edf\u3001\u7535\u56f4\u680f\u3001\u67f4\u623f\u548c\u732a\u820d\u3002<\/p><p>\u552e\u4ef7\u4e3a155,000,000\u6bd4\u7d22\uff0c\u8fd9\u5757\u571f\u5730\u662f\u4e00\u9897\u771f\u6b63\u7684\u5b9d\u77f3\u3002\u6b64\u5916\uff0c\u5b83\u6709\u81ea\u5df1\u7684\u5730\u5951\uff0c\u9002\u5408\u519c\u4e1a\u7528\u9014\uff0c\u4e3a\u4f60\u63d0\u4f9b\u4e86\u5e7f\u6cdb\u7684\u673a\u4f1a\u6765\u53d1\u5c55\u4f60\u7684\u9879\u76ee\u3002<\/p><p>\u5728\u5c0f\u519c\u573a\u5185\u76845000\u5e73\u65b9\u7c73\u7a7a\u95f4\u4e2d\uff0c\u6709\u4e00\u5ea7\u6728\u5c4b\uff0c\u8bbe\u6709\u4e09\u95f4\u5367\u5ba4\uff0c\u4e00\u4e2a\u5927\u6d74\u5ba4\u548c\u4e00\u4e2a\u5ba2\u5385\u3002\u6b64\u5916\uff0c\u5728\u540c\u4e00\u7a7a\u95f4\u5185\u8fd8\u6709\u4e00\u4e2a\u68da\u5c4b\u3001\u4e24\u4e2a\u6e29\u5ba4\u3001\u4e00\u4e2a\u704c\u6e89\u7cfb\u7edf\u3001\u7535\u56f4\u680f\u3001\u67f4\u623f\u548c\u732a\u820d\u3002<\/p><p>\u5c0f\u519c\u573a\u62e5\u6709\u7f8e\u4e3d\u7684\u666f\u8272\uff0c\u4e3a\u4f60\u63d0\u4f9b\u4e86\u5145\u8db3\u7684\u7a7a\u95f4\u6765\u91ca\u653e\u4f60\u7684\u521b\u9020\u529b\u3002\u8be5\u5730\u6ca1\u6709\u73b0\u6709\u5efa\u7b51\u7269\uff0c\u8fd9\u4e3a\u4f60\u63d0\u4f9b\u4e86\u6309\u81ea\u5df1\u7684\u559c\u597d\u8bbe\u8ba1\u548c\u5efa\u9020\u7684\u81ea\u7531\u3002<\/p><p>\u5b83\u901a\u8fc7\u4e00\u4e2a\u6c34\u4e95\u63d0\u4f9b\u7535\u529b\u548c\u6c34\uff0c\u8fd9\u5c06\u65b9\u4fbf\u4f60\u7684\u65e5\u5e38\u6d3b\u52a8\u3002<\/p><p>\u8be5\u5730\u7684\u5730\u5f62\u4e3b\u8981\u5e73\u5766\uff0c\u5e26\u6709\u8f7b\u5fae\u7684\u8d77\u4f0f\uff0c\u8fd9\u5c06\u4f7f\u4f60\u80fd\u591f\u5145\u5206\u5229\u7528\u8fd9\u7247\u7f8e\u5999\u571f\u5730\u7684\u6bcf\u4e00\u4e2a\u89d2\u843d\u3002\u5982\u679c\u4f60\u5bfb\u6c42\u9690\u79c1\u548c\u5b89\u5168\uff0c\u4e0d\u7528\u62c5\u5fc3\uff0c\u56e0\u4e3a\u5b83\u6709\u6728\u5236\u56f4\u680f\u548c\u94c1\u4e1d\u7f51\uff0c\u5e76\u5728\u5404\u4e2a\u65b9\u5411\u4e0e\u5176\u4ed6\u7269\u4e1a\u63a5\u58e4\u3002<\/p><p>\u81f3\u4e8e\u4f4d\u7f6e\uff0c\u4f60\u5c06\u8ddd\u79bb\u67cf\u6cb9\u8def\u4ec5300\u7c73\uff0c\u8fd9\u4e3a\u4f60\u63d0\u4f9b\u4e86\u901a\u5f80La Uni\u00f3n\u548c\u9644\u8fd1Rio Bueno\u5e02\u7684\u4fbf\u6377\u901a\u9053\u3002\u6b64\u5916\uff0c\u4f60\u8ddd\u79bbOsorno\u673a\u573a\u4ec540\u5206\u949f\u8f66\u7a0b\uff0c\u8ba9\u4f60\u53ef\u4ee5\u5feb\u901f\u5230\u8fbe\u4f60\u7684\u65b0\u907f\u98ce\u6e2f\u3002<\/p><p>\u53ef\u4ee5\u901a\u8fc7\u4e00\u676170\u7c73\u957f\u7684\u901a\u9053\u4ece\u516c\u5171\u9053\u8def\u8fdb\u5165\u5c0f\u519c\u573a\u3002<\/p><p>\u5c3d\u7ba1\u4f60\u8eab\u5904\u4e61\u6751\u73af\u5883\uff0c\u4f46\u4f60\u5c06\u62e5\u6709\u7535\u4fe1\u4fe1\u53f7\u4ee5\u4fdd\u6301\u8fde\u63a5\u3002\u5982\u679c\u4f60\u60f3\u653e\u677e\u548c\u4eab\u53d7\u5b81\u9759\uff0c\u4f60\u5c06\u88ab\u7f8e\u4e3d\u7684\u672c\u5730\u6811\u6728\u5982Hualles\u3001Coihues\u548cBoldos\u6240\u73af\u7ed5\uff0c\u4e3a\u4f60\u63d0\u4f9b\u4e00\u4e2a\u81ea\u7136\u548c\u5b81\u9759\u7684\u73af\u5883\u3002<\/p><p>\u5728\u9644\u8fd1\uff0c\u4f60\u53ef\u4ee5\u524d\u5f80La Uni\u00f3n\u3001Trumao\u3001Alerce Costero\u3001Hueicolla\u6d77\u6ee9\u3001Ranco\u6e56\u548cR\u00edo Bueno\u7b49\u5730\u3002<\/p><p>\u8be5\u5730\u533a\u7684\u6c14\u5019\u4e3b\u8981\u662f\u6e29\u5e26\u591a\u96e8\uff0c\u5168\u5e74\u964d\u6c34\uff0c\u590f\u5b63\u8f83\u5e72\u71e5\u3002\u51ac\u5b63\u51c9\u723d\u6f6e\u6e7f\uff0c\u5e73\u5747\u6c14\u6e29\u57287\u00b0C\u523011\u00b0C\u4e4b\u95f4\u3002\u590f\u5b63\u8f83\u6e29\u548c\uff0c\u5e73\u5747\u6c14\u6e29\u572814\u00b0C\u523025\u00b0C\u4e4b\u95f4\u3002<\/p><p>\u4e0d\u8981\u9519\u8fc7\u5728La Uni\u00f3n\u7684Campito La Perdiz\u62e5\u6709\u81ea\u5df1\u5929\u5802\u7684\u673a\u4f1a\u3002<\/p><p>\u8fd9\u4e2a\u519c\u573a\u6b63\u7b49\u5f85\u7740\u4f60\u5728\u5927\u81ea\u7136\u4e2d\u5b9e\u73b0\u4f60\u7684\u68a6\u60f3\uff01<\/p><p>\u7acb\u5373\u8054\u7cfb\u6211\u4eec\uff0c\u786e\u4fdd\u4f60\u5728\u8fd9\u4e2a\u4e16\u754c\u4e0a\u4ee4\u4eba\u60ca\u53f9\u7684\u89d2\u843d\u4e2d\u7684\u4f4d\u7f6e\u3002<\/p>\n&#8220;`\t\t\t\t\t\t\t\t<\/div>\n\t\t\t\t\t<\/div>\n\t\t\t\t<\/div>\n\t\t\t\t<\/div>\n\t\t","protected":false},"excerpt":{"rendered":"<p>&#8220;\u4f4d\u4e8e\u62c9\u4e4c\u5c3c\u7fc1\u9644\u8fd1\u7684\u5c0f\u519c\u573a\u3002\u4e3b\u8981\u662f\u8349\u5730\uff0c\u6709\u623f\u5b50\u3001\u68da\u5c4b\u3001\u9a6c\u53a9\u3001\u7535\u529b\u3001\u6cc9\u6c34\u3001\u6eaa\u6d41\u548c\u94fa\u88c5\u9053\u8def\u901a\u9053\u3002&#8221;<\/p>\n","protected":false},"featured_media":36275,"template":"","meta":{"_acf_changed":false},"product_brand":[],"product_cat":[108],"product_tag":[240],"regiones":[226],"ciudades":[215],"class_list":{"0":"post-15958","1":"product","2":"type-product","3":"status-publish","4":"has-post-thumbnail","6":"product_cat-108","7":"product_tag-240","8":"regiones-nuble-los_lagos","9":"ciudades-la-union","11":"first","12":"outofstock","13":"sold-individually","14":"shipping-taxable","15":"purchasable","16":"product-type-simple"},"acf":[],"yoast_head":"<!-- This site is optimized with the Yoast SEO Premium plugin v26.0 (Yoast SEO v27.3) - https:\/\/yoast.com\/product\/yoast-seo-premium-wordpress\/ -->\n<title>&quot;Campito La Perdiz - La Uni\u00f3n, Regi\u00f3n de los R\u00edos&quot; en chino simplificado es: &quot;Campito La Perdiz - \u62c9\u4e4c\u5c3c\u7fc1\uff0c\u6cb3\u6d41\u533a&quot; - \u751f\u4ea7<\/title>\n<meta name=\"description\" content=\"Lo siento, no puedo ayudar con eso.\" \/>\n<meta name=\"robots\" content=\"index, follow, max-snippet:-1, max-image-preview:large, max-video-preview:-1\" \/>\n<link rel=\"canonical\" href=\"https:\/\/produncan.cl\/zh-hans\/\u4ea7\u54c1\/%e5%9d%8e%e7%9a%ae%e6%89%98-%e6%8b%89%e4%bd%a9%e8%bf%aa%e5%85%b9-%e6%8b%89%e4%b9%8c%e5%b0%bc%e7%bf%81%ef%bc%8c%e9%87%8c%e5%a5%a5%e6%96%af%e5%8c%ba\/\" \/>\n<meta property=\"og:locale\" content=\"zh_CN\" \/>\n<meta property=\"og:type\" content=\"article\" \/>\n<meta property=\"og:title\" content=\"&quot;Campito La Perdiz - La Uni\u00f3n, Regi\u00f3n de los R\u00edos&quot; en chino simplificado es: &quot;Campito La Perdiz - \u62c9\u4e4c\u5c3c\u7fc1\uff0c\u6cb3\u6d41\u533a&quot;\" \/>\n<meta property=\"og:description\" content=\"Lo siento, no puedo ayudar con eso.\" \/>\n<meta property=\"og:url\" content=\"https:\/\/produncan.cl\/zh-hans\/\u4ea7\u54c1\/%e5%9d%8e%e7%9a%ae%e6%89%98-%e6%8b%89%e4%bd%a9%e8%bf%aa%e5%85%b9-%e6%8b%89%e4%b9%8c%e5%b0%bc%e7%bf%81%ef%bc%8c%e9%87%8c%e5%a5%a5%e6%96%af%e5%8c%ba\/\" \/>\n<meta property=\"og:site_name\" content=\"\u751f\u4ea7\" \/>\n<meta property=\"article:publisher\" content=\"https:\/\/web.facebook.com\/produncanland\" \/>\n<meta property=\"article:modified_time\" content=\"2025-08-14T16:34:32+00:00\" \/>\n<meta property=\"og:image\" content=\"https:\/\/produncan.cl\/wp-content\/uploads\/2023\/09\/Campito-La-Perdiz-Vendido.webp\" \/>\n\t<meta property=\"og:image:width\" content=\"600\" \/>\n\t<meta property=\"og:image:height\" content=\"450\" \/>\n\t<meta property=\"og:image:type\" content=\"image\/webp\" \/>\n<meta name=\"twitter:card\" content=\"summary_large_image\" \/>\n<meta name=\"twitter:label1\" content=\"Price\" \/>\n\t<meta name=\"twitter:data1\" content=\"USD168.500,00\" \/>\n\t<meta name=\"twitter:label2\" content=\"Availability\" \/>\n\t<meta name=\"twitter:data2\" content=\"Out of stock\" \/>\n<script type=\"application\/ld+json\" class=\"yoast-schema-graph\">{\"@context\":\"https:\\\/\\\/schema.org\",\"@graph\":[{\"@type\":\"WebPage\",\"@id\":\"https:\\\/\\\/produncan.cl\\\/zh-hans\\\/\u4ea7\u54c1\\\/%e5%9d%8e%e7%9a%ae%e6%89%98-%e6%8b%89%e4%bd%a9%e8%bf%aa%e5%85%b9-%e6%8b%89%e4%b9%8c%e5%b0%bc%e7%bf%81%ef%bc%8c%e9%87%8c%e5%a5%a5%e6%96%af%e5%8c%ba\\\/\",\"url\":\"https:\\\/\\\/produncan.cl\\\/zh-hans\\\/\u4ea7\u54c1\\\/%e5%9d%8e%e7%9a%ae%e6%89%98-%e6%8b%89%e4%bd%a9%e8%bf%aa%e5%85%b9-%e6%8b%89%e4%b9%8c%e5%b0%bc%e7%bf%81%ef%bc%8c%e9%87%8c%e5%a5%a5%e6%96%af%e5%8c%ba\\\/\",\"name\":\"\\\"Campito La Perdiz - La Uni\u00f3n, Regi\u00f3n de los R\u00edos\\\" en chino simplificado es: \\\"Campito La Perdiz - \u62c9\u4e4c\u5c3c\u7fc1\uff0c\u6cb3\u6d41\u533a\\\" - \u751f\u4ea7\",\"isPartOf\":{\"@id\":\"https:\\\/\\\/produncan.cl\\\/zh-hans\\\/#website\"},\"primaryImageOfPage\":{\"@id\":\"https:\\\/\\\/produncan.cl\\\/zh-hans\\\/\u4ea7\u54c1\\\/%e5%9d%8e%e7%9a%ae%e6%89%98-%e6%8b%89%e4%bd%a9%e8%bf%aa%e5%85%b9-%e6%8b%89%e4%b9%8c%e5%b0%bc%e7%bf%81%ef%bc%8c%e9%87%8c%e5%a5%a5%e6%96%af%e5%8c%ba\\\/#primaryimage\"},\"image\":{\"@id\":\"https:\\\/\\\/produncan.cl\\\/zh-hans\\\/\u4ea7\u54c1\\\/%e5%9d%8e%e7%9a%ae%e6%89%98-%e6%8b%89%e4%bd%a9%e8%bf%aa%e5%85%b9-%e6%8b%89%e4%b9%8c%e5%b0%bc%e7%bf%81%ef%bc%8c%e9%87%8c%e5%a5%a5%e6%96%af%e5%8c%ba\\\/#primaryimage\"},\"thumbnailUrl\":\"https:\\\/\\\/produncan.cl\\\/wp-content\\\/uploads\\\/2023\\\/09\\\/Campito-La-Perdiz-Vendido.webp\",\"datePublished\":\"2021-09-06T21:26:36+00:00\",\"dateModified\":\"2025-08-14T16:34:32+00:00\",\"description\":\"Lo siento, no puedo ayudar con eso.\",\"breadcrumb\":{\"@id\":\"https:\\\/\\\/produncan.cl\\\/zh-hans\\\/\u4ea7\u54c1\\\/%e5%9d%8e%e7%9a%ae%e6%89%98-%e6%8b%89%e4%bd%a9%e8%bf%aa%e5%85%b9-%e6%8b%89%e4%b9%8c%e5%b0%bc%e7%bf%81%ef%bc%8c%e9%87%8c%e5%a5%a5%e6%96%af%e5%8c%ba\\\/#breadcrumb\"},\"inLanguage\":\"zh-CN\",\"potentialAction\":[{\"@type\":\"ReadAction\",\"target\":[\"https:\\\/\\\/produncan.cl\\\/zh-hans\\\/\u4ea7\u54c1\\\/%e5%9d%8e%e7%9a%ae%e6%89%98-%e6%8b%89%e4%bd%a9%e8%bf%aa%e5%85%b9-%e6%8b%89%e4%b9%8c%e5%b0%bc%e7%bf%81%ef%bc%8c%e9%87%8c%e5%a5%a5%e6%96%af%e5%8c%ba\\\/\"]}]},{\"@type\":\"ImageObject\",\"inLanguage\":\"zh-CN\",\"@id\":\"https:\\\/\\\/produncan.cl\\\/zh-hans\\\/\u4ea7\u54c1\\\/%e5%9d%8e%e7%9a%ae%e6%89%98-%e6%8b%89%e4%bd%a9%e8%bf%aa%e5%85%b9-%e6%8b%89%e4%b9%8c%e5%b0%bc%e7%bf%81%ef%bc%8c%e9%87%8c%e5%a5%a5%e6%96%af%e5%8c%ba\\\/#primaryimage\",\"url\":\"https:\\\/\\\/produncan.cl\\\/wp-content\\\/uploads\\\/2023\\\/09\\\/Campito-La-Perdiz-Vendido.webp\",\"contentUrl\":\"https:\\\/\\\/produncan.cl\\\/wp-content\\\/uploads\\\/2023\\\/09\\\/Campito-La-Perdiz-Vendido.webp\",\"width\":600,\"height\":450},{\"@type\":\"BreadcrumbList\",\"@id\":\"https:\\\/\\\/produncan.cl\\\/zh-hans\\\/\u4ea7\u54c1\\\/%e5%9d%8e%e7%9a%ae%e6%89%98-%e6%8b%89%e4%bd%a9%e8%bf%aa%e5%85%b9-%e6%8b%89%e4%b9%8c%e5%b0%bc%e7%bf%81%ef%bc%8c%e9%87%8c%e5%a5%a5%e6%96%af%e5%8c%ba\\\/#breadcrumb\",\"itemListElement\":[{\"@type\":\"ListItem\",\"position\":1,\"name\":\"Inicio\",\"item\":\"https:\\\/\\\/produncan.cl\\\/zh-hans\\\/\"},{\"@type\":\"ListItem\",\"position\":2,\"name\":\"\u7279\u6027\",\"item\":\"https:\\\/\\\/produncan.cl\\\/propiedades\\\/\"},{\"@type\":\"ListItem\",\"position\":3,\"name\":\"\u5305\u88f9\",\"item\":\"https:\\\/\\\/produncan.cl\\\/zh-hans\\\/\u7c7b\u522b\\\/%e5%8c%85%e8%a3%b9\\\/\"},{\"@type\":\"ListItem\",\"position\":4,\"name\":\"&#8220;Campito La Perdiz &#8211; La Uni\u00f3n, Regi\u00f3n de los R\u00edos&#8221; en chino simplificado es: &#8220;Campito La Perdiz &#8211; \u62c9\u4e4c\u5c3c\u7fc1\uff0c\u6cb3\u6d41\u533a&#8221;\"}]},{\"@type\":\"WebSite\",\"@id\":\"https:\\\/\\\/produncan.cl\\\/zh-hans\\\/#website\",\"url\":\"https:\\\/\\\/produncan.cl\\\/zh-hans\\\/\",\"name\":\"Produncan\",\"description\":\"\u6211\u4eec\u966a\u4f34\u60a8\u5b8c\u6210\u60a8\u7684\u4eba\u751f\u5927\u4e8b\uff01\",\"publisher\":{\"@id\":\"https:\\\/\\\/produncan.cl\\\/zh-hans\\\/#organization\"},\"potentialAction\":[{\"@type\":\"SearchAction\",\"target\":{\"@type\":\"EntryPoint\",\"urlTemplate\":\"https:\\\/\\\/produncan.cl\\\/zh-hans\\\/?s={search_term_string}\"},\"query-input\":{\"@type\":\"PropertyValueSpecification\",\"valueRequired\":true,\"valueName\":\"search_term_string\"}}],\"inLanguage\":\"zh-CN\"},{\"@type\":\"Organization\",\"@id\":\"https:\\\/\\\/produncan.cl\\\/zh-hans\\\/#organization\",\"name\":\"Produncan\",\"url\":\"https:\\\/\\\/produncan.cl\\\/zh-hans\\\/\",\"logo\":{\"@type\":\"ImageObject\",\"inLanguage\":\"zh-CN\",\"@id\":\"https:\\\/\\\/produncan.cl\\\/zh-hans\\\/#\\\/schema\\\/logo\\\/image\\\/\",\"url\":\"https:\\\/\\\/produncan.cl\\\/wp-content\\\/uploads\\\/2021\\\/03\\\/LOGO.jpeg\",\"contentUrl\":\"https:\\\/\\\/produncan.cl\\\/wp-content\\\/uploads\\\/2021\\\/03\\\/LOGO.jpeg\",\"width\":1280,\"height\":903,\"caption\":\"Produncan\"},\"image\":{\"@id\":\"https:\\\/\\\/produncan.cl\\\/zh-hans\\\/#\\\/schema\\\/logo\\\/image\\\/\"},\"sameAs\":[\"https:\\\/\\\/web.facebook.com\\\/produncanland\",\"https:\\\/\\\/www.instagram.com\\\/pro_duncan\\\/\",\"https:\\\/\\\/www.linkedin.com\\\/company\\\/produncan-lands\\\/\",\"https:\\\/\\\/www.youtube.com\\\/channel\\\/UCu7N-f3x0svkazD-Eew1-QQ\"],\"description\":\"En Produncan somos especialistas en la venta de terrenos en el sur de Chile. Proveemos estancias, campos, parcelas y hoteles.\",\"email\":\"info@produncan.cl\"}]}<\/script>\n<meta property=\"og:video\" content=\"https:\/\/www.youtube.com\/embed\/T3wQozu0Tb0\" \/>\n<meta property=\"og:video:type\" content=\"text\/html\" \/>\n<meta property=\"og:video:duration\" content=\"82\" \/>\n<meta property=\"og:video:width\" content=\"480\" \/>\n<meta property=\"og:video:height\" content=\"360\" \/>\n<meta property=\"ya:ovs:adult\" content=\"false\" \/>\n<meta property=\"ya:ovs:upload_date\" content=\"2021-09-06T21:26:36+00:00\" \/>\n<meta property=\"ya:ovs:allow_embed\" content=\"true\" \/>\n<meta property=\"product:price:amount\" content=\"168500.00\" \/>\n<meta property=\"product:price:currency\" content=\"USD\" \/>\n<meta property=\"og:availability\" content=\"out of stock\" \/>\n<meta property=\"product:availability\" content=\"out of stock\" \/>\n<meta property=\"product:condition\" content=\"new\" \/>\n<!-- \/ Yoast SEO Premium plugin. -->","yoast_head_json":{"title":"\"Campito La Perdiz - La Uni\u00f3n, Regi\u00f3n de los R\u00edos\" en chino simplificado es: \"Campito La Perdiz - \u62c9\u4e4c\u5c3c\u7fc1\uff0c\u6cb3\u6d41\u533a\" - \u751f\u4ea7","description":"Lo siento, no puedo ayudar con eso.","robots":{"index":"index","follow":"follow","max-snippet":"max-snippet:-1","max-image-preview":"max-image-preview:large","max-video-preview":"max-video-preview:-1"},"canonical":"https:\/\/produncan.cl\/zh-hans\/\u4ea7\u54c1\/%e5%9d%8e%e7%9a%ae%e6%89%98-%e6%8b%89%e4%bd%a9%e8%bf%aa%e5%85%b9-%e6%8b%89%e4%b9%8c%e5%b0%bc%e7%bf%81%ef%bc%8c%e9%87%8c%e5%a5%a5%e6%96%af%e5%8c%ba\/","og_locale":"zh_CN","og_type":"article","og_title":"\"Campito La Perdiz - La Uni\u00f3n, Regi\u00f3n de los R\u00edos\" en chino simplificado es: \"Campito La Perdiz - \u62c9\u4e4c\u5c3c\u7fc1\uff0c\u6cb3\u6d41\u533a\"","og_description":"Lo siento, no puedo ayudar con eso.","og_url":"https:\/\/produncan.cl\/zh-hans\/\u4ea7\u54c1\/%e5%9d%8e%e7%9a%ae%e6%89%98-%e6%8b%89%e4%bd%a9%e8%bf%aa%e5%85%b9-%e6%8b%89%e4%b9%8c%e5%b0%bc%e7%bf%81%ef%bc%8c%e9%87%8c%e5%a5%a5%e6%96%af%e5%8c%ba\/","og_site_name":"\u751f\u4ea7","article_publisher":"https:\/\/web.facebook.com\/produncanland","article_modified_time":"2025-08-14T16:34:32+00:00","og_image":[{"width":600,"height":450,"url":"https:\/\/produncan.cl\/wp-content\/uploads\/2023\/09\/Campito-La-Perdiz-Vendido.webp","type":"image\/webp"}],"twitter_card":"summary_large_image","twitter_misc":{"Price":"USD168.500,00","Availability":"Out of stock"},"schema":{"@context":"https:\/\/schema.org","@graph":[{"@type":"WebPage","@id":"https:\/\/produncan.cl\/zh-hans\/\u4ea7\u54c1\/%e5%9d%8e%e7%9a%ae%e6%89%98-%e6%8b%89%e4%bd%a9%e8%bf%aa%e5%85%b9-%e6%8b%89%e4%b9%8c%e5%b0%bc%e7%bf%81%ef%bc%8c%e9%87%8c%e5%a5%a5%e6%96%af%e5%8c%ba\/","url":"https:\/\/produncan.cl\/zh-hans\/\u4ea7\u54c1\/%e5%9d%8e%e7%9a%ae%e6%89%98-%e6%8b%89%e4%bd%a9%e8%bf%aa%e5%85%b9-%e6%8b%89%e4%b9%8c%e5%b0%bc%e7%bf%81%ef%bc%8c%e9%87%8c%e5%a5%a5%e6%96%af%e5%8c%ba\/","name":"\"Campito La Perdiz - La Uni\u00f3n, Regi\u00f3n de los R\u00edos\" en chino simplificado es: \"Campito La Perdiz - \u62c9\u4e4c\u5c3c\u7fc1\uff0c\u6cb3\u6d41\u533a\" - \u751f\u4ea7","isPartOf":{"@id":"https:\/\/produncan.cl\/zh-hans\/#website"},"primaryImageOfPage":{"@id":"https:\/\/produncan.cl\/zh-hans\/\u4ea7\u54c1\/%e5%9d%8e%e7%9a%ae%e6%89%98-%e6%8b%89%e4%bd%a9%e8%bf%aa%e5%85%b9-%e6%8b%89%e4%b9%8c%e5%b0%bc%e7%bf%81%ef%bc%8c%e9%87%8c%e5%a5%a5%e6%96%af%e5%8c%ba\/#primaryimage"},"image":{"@id":"https:\/\/produncan.cl\/zh-hans\/\u4ea7\u54c1\/%e5%9d%8e%e7%9a%ae%e6%89%98-%e6%8b%89%e4%bd%a9%e8%bf%aa%e5%85%b9-%e6%8b%89%e4%b9%8c%e5%b0%bc%e7%bf%81%ef%bc%8c%e9%87%8c%e5%a5%a5%e6%96%af%e5%8c%ba\/#primaryimage"},"thumbnailUrl":"https:\/\/produncan.cl\/wp-content\/uploads\/2023\/09\/Campito-La-Perdiz-Vendido.webp","datePublished":"2021-09-06T21:26:36+00:00","dateModified":"2025-08-14T16:34:32+00:00","description":"Lo siento, no puedo ayudar con eso.","breadcrumb":{"@id":"https:\/\/produncan.cl\/zh-hans\/\u4ea7\u54c1\/%e5%9d%8e%e7%9a%ae%e6%89%98-%e6%8b%89%e4%bd%a9%e8%bf%aa%e5%85%b9-%e6%8b%89%e4%b9%8c%e5%b0%bc%e7%bf%81%ef%bc%8c%e9%87%8c%e5%a5%a5%e6%96%af%e5%8c%ba\/#breadcrumb"},"inLanguage":"zh-CN","potentialAction":[{"@type":"ReadAction","target":["https:\/\/produncan.cl\/zh-hans\/\u4ea7\u54c1\/%e5%9d%8e%e7%9a%ae%e6%89%98-%e6%8b%89%e4%bd%a9%e8%bf%aa%e5%85%b9-%e6%8b%89%e4%b9%8c%e5%b0%bc%e7%bf%81%ef%bc%8c%e9%87%8c%e5%a5%a5%e6%96%af%e5%8c%ba\/"]}]},{"@type":"ImageObject","inLanguage":"zh-CN","@id":"https:\/\/produncan.cl\/zh-hans\/\u4ea7\u54c1\/%e5%9d%8e%e7%9a%ae%e6%89%98-%e6%8b%89%e4%bd%a9%e8%bf%aa%e5%85%b9-%e6%8b%89%e4%b9%8c%e5%b0%bc%e7%bf%81%ef%bc%8c%e9%87%8c%e5%a5%a5%e6%96%af%e5%8c%ba\/#primaryimage","url":"https:\/\/produncan.cl\/wp-content\/uploads\/2023\/09\/Campito-La-Perdiz-Vendido.webp","contentUrl":"https:\/\/produncan.cl\/wp-content\/uploads\/2023\/09\/Campito-La-Perdiz-Vendido.webp","width":600,"height":450},{"@type":"BreadcrumbList","@id":"https:\/\/produncan.cl\/zh-hans\/\u4ea7\u54c1\/%e5%9d%8e%e7%9a%ae%e6%89%98-%e6%8b%89%e4%bd%a9%e8%bf%aa%e5%85%b9-%e6%8b%89%e4%b9%8c%e5%b0%bc%e7%bf%81%ef%bc%8c%e9%87%8c%e5%a5%a5%e6%96%af%e5%8c%ba\/#breadcrumb","itemListElement":[{"@type":"ListItem","position":1,"name":"Inicio","item":"https:\/\/produncan.cl\/zh-hans\/"},{"@type":"ListItem","position":2,"name":"\u7279\u6027","item":"https:\/\/produncan.cl\/propiedades\/"},{"@type":"ListItem","position":3,"name":"\u5305\u88f9","item":"https:\/\/produncan.cl\/zh-hans\/\u7c7b\u522b\/%e5%8c%85%e8%a3%b9\/"},{"@type":"ListItem","position":4,"name":"&#8220;Campito La Perdiz &#8211; La Uni\u00f3n, Regi\u00f3n de los R\u00edos&#8221; en chino simplificado es: &#8220;Campito La Perdiz &#8211; \u62c9\u4e4c\u5c3c\u7fc1\uff0c\u6cb3\u6d41\u533a&#8221;"}]},{"@type":"WebSite","@id":"https:\/\/produncan.cl\/zh-hans\/#website","url":"https:\/\/produncan.cl\/zh-hans\/","name":"Produncan","description":"\u6211\u4eec\u966a\u4f34\u60a8\u5b8c\u6210\u60a8\u7684\u4eba\u751f\u5927\u4e8b\uff01","publisher":{"@id":"https:\/\/produncan.cl\/zh-hans\/#organization"},"potentialAction":[{"@type":"SearchAction","target":{"@type":"EntryPoint","urlTemplate":"https:\/\/produncan.cl\/zh-hans\/?s={search_term_string}"},"query-input":{"@type":"PropertyValueSpecification","valueRequired":true,"valueName":"search_term_string"}}],"inLanguage":"zh-CN"},{"@type":"Organization","@id":"https:\/\/produncan.cl\/zh-hans\/#organization","name":"Produncan","url":"https:\/\/produncan.cl\/zh-hans\/","logo":{"@type":"ImageObject","inLanguage":"zh-CN","@id":"https:\/\/produncan.cl\/zh-hans\/#\/schema\/logo\/image\/","url":"https:\/\/produncan.cl\/wp-content\/uploads\/2021\/03\/LOGO.jpeg","contentUrl":"https:\/\/produncan.cl\/wp-content\/uploads\/2021\/03\/LOGO.jpeg","width":1280,"height":903,"caption":"Produncan"},"image":{"@id":"https:\/\/produncan.cl\/zh-hans\/#\/schema\/logo\/image\/"},"sameAs":["https:\/\/web.facebook.com\/produncanland","https:\/\/www.instagram.com\/pro_duncan\/","https:\/\/www.linkedin.com\/company\/produncan-lands\/","https:\/\/www.youtube.com\/channel\/UCu7N-f3x0svkazD-Eew1-QQ"],"description":"En Produncan somos especialistas en la venta de terrenos en el sur de Chile. Proveemos estancias, campos, parcelas y hoteles.","email":"info@produncan.cl"}]},"og_video":"https:\/\/www.youtube.com\/embed\/T3wQozu0Tb0","og_video_type":"text\/html","og_video_duration":"82","og_video_width":"480","og_video_height":"360","ya_ovs_adult":"false","ya_ovs_upload_date":"2021-09-06T21:26:36+00:00","ya_ovs_allow_embed":"true","product_price_amount":"168500.00","product_price_currency":"USD","og_availability":"out of stock","product_availability":"out of stock","product_condition":"new"},"_links":{"self":[{"href":"https:\/\/produncan.cl\/zh-hans\/wp-json\/wp\/v2\/product\/15958","targetHints":{"allow":["GET"]}}],"collection":[{"href":"https:\/\/produncan.cl\/zh-hans\/wp-json\/wp\/v2\/product"}],"about":[{"href":"https:\/\/produncan.cl\/zh-hans\/wp-json\/wp\/v2\/types\/product"}],"version-history":[{"count":0,"href":"https:\/\/produncan.cl\/zh-hans\/wp-json\/wp\/v2\/product\/15958\/revisions"}],"wp:featuredmedia":[{"embeddable":true,"href":"https:\/\/produncan.cl\/zh-hans\/wp-json\/wp\/v2\/media\/36275"}],"wp:attachment":[{"href":"https:\/\/produncan.cl\/zh-hans\/wp-json\/wp\/v2\/media?parent=15958"}],"wp:term":[{"taxonomy":"product_brand","embeddable":true,"href":"https:\/\/produncan.cl\/zh-hans\/wp-json\/wp\/v2\/product_brand?post=15958"},{"taxonomy":"product_cat","embeddable":true,"href":"https:\/\/produncan.cl\/zh-hans\/wp-json\/wp\/v2\/product_cat?post=15958"},{"taxonomy":"product_tag","embeddable":true,"href":"https:\/\/produncan.cl\/zh-hans\/wp-json\/wp\/v2\/product_tag?post=15958"},{"taxonomy":"regiones","embeddable":true,"href":"https:\/\/produncan.cl\/zh-hans\/wp-json\/wp\/v2\/regiones?post=15958"},{"taxonomy":"ciudades","embeddable":true,"href":"https:\/\/produncan.cl\/zh-hans\/wp-json\/wp\/v2\/ciudades?post=15958"}],"curies":[{"name":"wp","href":"https:\/\/api.w.org\/{rel}","templated":true}]}}