{"id":29470,"date":"2021-02-25T11:31:40","date_gmt":"2021-02-25T14:31:40","guid":{"rendered":"https:\/\/produncan.cl\/producto\/plot-rincon-anima-los-muermos-%e6%b9%96%e5%8c%ba\/"},"modified":"2025-07-02T12:40:45","modified_gmt":"2025-07-02T16:40:45","slug":"plot-rincon-anima-los-muermos-%e6%b9%96%e5%8c%ba","status":"publish","type":"product","link":"https:\/\/produncan.cl\/zh-hans\/\u4ea7\u54c1\/plot-rincon-anima-los-muermos-%e6%b9%96%e5%8c%ba\/","title":{"rendered":"Plot Rinc\u00f3n \u00c1nima &#8211; Los Muermos &#8211; \u6e56\u533a"},"content":{"rendered":"\t\t<div data-elementor-type=\"product-post\" data-elementor-id=\"29470\" class=\"elementor elementor-29470 elementor-29184\" data-elementor-post-type=\"product\">\n\t\t\t\t<div class=\"elementor-element elementor-element-6466e16 e-flex e-con-boxed e-con e-parent\" data-id=\"6466e16\" data-element_type=\"container\" data-e-type=\"container\" data-settings=\"{&quot;jet_parallax_layout_list&quot;:[]}\">\n\t\t\t\t\t<div class=\"e-con-inner\">\n\t\t\t\t<div class=\"elementor-element elementor-element-f97180b elementor-widget elementor-widget-heading\" data-id=\"f97180b\" data-element_type=\"widget\" data-e-type=\"widget\" data-widget_type=\"heading.default\">\n\t\t\t\t\t<h2 class=\"elementor-heading-title elementor-size-default\">\u5730\u5757\u4f4d\u4e8e Rinc\u00f3n \u00c1nima \u533a\uff0c\u4e0e\u6cb3\u6d41\u4ea4\u754c\uff0c\u5730\u5f62\u975e\u5e38\u9002\u5408\u60a8\u7684\u9879\u76ee\u3002<\/h2>\t\t\t\t<\/div>\n\t\t\t\t\t<\/div>\n\t\t\t\t<\/div>\n\t\t<div class=\"elementor-element elementor-element-4d4e924 e-flex e-con-boxed e-con e-parent\" data-id=\"4d4e924\" data-element_type=\"container\" data-e-type=\"container\" data-settings=\"{&quot;jet_parallax_layout_list&quot;:[]}\">\n\t\t\t\t\t<div class=\"e-con-inner\">\n\t\t\t\t<div class=\"elementor-element elementor-element-0c5b089 elementor-widget elementor-widget-text-editor\" data-id=\"0c5b089\" data-element_type=\"widget\" data-e-type=\"widget\" data-widget_type=\"text-editor.default\">\n\t\t\t\t\t\t\t\t\t<p>\u4f60\u80fd\u60f3\u8c61\u4f60\u7684\u907f\u96be\u6240\u5728\u5357\u65b9\u7684\u4e00\u6761\u6cb3\u8fb9\u5417\uff1f<\/p><p>\u8fd9\u5757 7000 \u5e73\u65b9\u7c73\u7684\u5730\u5757\u4f4d\u4e8e Estaci\u00f3n R\u00edo Fr\u00edo \u548c Llico Bajo \u4e4b\u95f4\uff0c\u662f\u60a8\u6253\u9020\u81ea\u5df1\u7684\u4e16\u5916\u6843\u6e90\u7684\u7edd\u4f73\u673a\u4f1a\u3002\n\u5728\u811a\u4e0b\u534e\u5c14\u6cb3\u7684\u6f7a\u6f7a\u6d41\u6c34\u58f0\u4e2d\u9192\u6765\uff0c\u773a\u671b\u957f\u8fbe 220 \u7c73\u7684\u6cb3\u5cb8\u3002\n\u5728\u8fd9\u91cc\uff0c\u60a8\u53ef\u4ee5\u79cd\u690d\u81ea\u5df1\u7684\u98df\u7269\uff0c\u8fd8\u53ef\u4ee5\u5728\u79cd\u690d\u533a\u5f00\u53d1\u65c5\u6e38\u9879\u76ee\u3002  <\/p><p>\u516c\u5171\u9053\u8def\u76f4\u63a5\u6bd7\u90bb\u8be5\u5730\u5757\uff0c\u4ea4\u901a\u5341\u5206\u4fbf\u5229\u3002\n\u4ece\u6d1b\u65af\u7a46\u57c3\u83ab\u65af\uff08Los Muermos\uff09\u51fa\u53d1\uff0c\u6cbf\u94fa\u8bbe\u597d\u7684\u516c\u8def\u4ec5\u9700 35 \u5206\u949f\u5373\u53ef\u5230\u8fbe\uff0c\u968f\u540e\u662f 14 \u516c\u91cc\u8def\u51b5\u826f\u597d\u7684\u788e\u77f3\u8def\u3002 <\/p><p>\u8be5\u5730\u5757\u901a\u8fc7\u9053\u8def\u4e0a\u7684\u7535\u7ebf\u4f9b\u7535\uff0c\u8fd8\u53ef\u4ee5\u5efa\u9020\u6c34\u8f66\u53d6\u6c34\uff0c\u4ee5\u53ca\u5229\u7528\u6cb3\u6d41\u7684\u4f18\u52bf\u3002<\/p><p>\u5e73\u5766\u7684\u5730\u5f62\u4f7f\u5176\u6210\u4e3a\u5404\u79cd\u9879\u76ee\u7684\u7406\u60f3\u4e4b\u5730\uff0c\u800c\u826f\u597d\u7684\u65e5\u7167\u5219\u4fdd\u8bc1\u4e86\u5168\u5e74\u5927\u90e8\u5206\u65f6\u95f4\u6e29\u6696\u660e\u4eae\u7684\u6c14\u5019\u3002\n\u8fd9\u91cc\u6709 60% \u7684\u8349\u5730\u548c 40% \u7684\u672c\u5730\u6811\u6728\uff0c\u60a8\u5c06\u4eab\u53d7\u5230\u591a\u6837\u800c\u5e73\u8861\u7684\u81ea\u7136\u73af\u5883\u3002 <\/p><p>\u9644\u8fd1\u6709\u4e24\u4e2a\u533b\u7597\u7ad9\u3001\u4e00\u6240\u5b66\u6821\u548c\u7f8e\u4e3d\u7684\u667a\u5229\u5229\u79d1\u5df4\u7ea6\u6d77\u5cb8\u3002\n\u6b64\u5916\uff0c\u8fd9\u91cc\u8ddd\u79bb\u6d1b\u65af\u7a46\u57c3\u83ab\u65af\uff08Los Muermos\uff09\u4ec5 35 \u5206\u949f\u8f66\u7a0b\uff0c\u8ddd\u79bb\u5df4\u62c9\u65af\u6e2f\uff08Puerto Varas\uff09\u548c\u8499\u7279\u6e2f\u7684\u57c3\u5c14\u6cf0\u666e\u5c14\uff08El Tepual\uff09\u673a\u573a\u4ec5 1 \u5c0f\u65f6 20 \u5206\u949f\u8f66\u7a0b\u3002 <\/p><p>\u5343\u4e07\u4e0d\u8981\u9519\u8fc7\u8fd9\u4e2a\u72ec\u7279\u7684\u673a\u4f1a\uff0c\u4ee5\u975e\u5e38\u4f18\u60e0\u7684\u4ef7\u683c\u83b7\u5f97\u4e00\u5757\u72ec\u4e00\u65e0\u4e8c\u7684\u5730\u5757\uff01<\/p>\t\t\t\t\t\t\t\t<\/div>\n\t\t\t\t\t<\/div>\n\t\t\t\t<\/div>\n\t\t\t\t<\/div>\n\t\t","protected":false},"excerpt":{"rendered":"<p>\u4f4d\u4e8e Puerto Varas \u4ee5\u897f 1:20 \u5c0f\u65f6\u8f66\u7a0b\u7684\u72ec\u7279\u5730\u5757\uff0c\u5360\u5730 7000 \u5e73\u65b9\u7c73\uff0c\u6709 220 \u7c73\u957f\u7684\u6cb3\u6d41\uff0c\u6709\u7535\u529b\u4f9b\u5e94\uff0c\u5730\u52bf\u5e73\u5766\uff0c\u53ef\u76f4\u63a5\u901a\u5f80\u516c\u5171\u9053\u8def\u3002<br \/>\n\u8fd9\u91cc\u6709 60% \u7684\u8349\u5730\u548c 40% \u7684\u539f\u751f\u690d\u7269\u3002 <\/p>\n","protected":false},"featured_media":38470,"template":"","meta":{"_acf_changed":false},"product_brand":[],"product_cat":[108],"product_tag":[240],"regiones":[226],"ciudades":[216],"class_list":{"0":"post-29470","1":"product","2":"type-product","3":"status-publish","4":"has-post-thumbnail","6":"product_cat-108","7":"product_tag-240","8":"regiones-nuble-los_lagos","9":"ciudades-los-muermos","11":"first","12":"outofstock","13":"sold-individually","14":"shipping-taxable","15":"product-type-simple"},"acf":[],"yoast_head":"<!-- This site is optimized with the Yoast SEO Premium plugin v26.0 (Yoast SEO v27.4) - https:\/\/yoast.com\/product\/yoast-seo-premium-wordpress\/ -->\n<title>Plot Rinc\u00f3n \u00c1nima - Los Muermos - \u6e56\u533a - \u751f\u4ea7<\/title>\n<meta name=\"description\" content=\"Rinc\u00f3n \u00c1nima\u5730\u5757\u5360\u57307000\u5e73\u65b9\u7c73\uff0c\u6709220\u7c73\u957f\u7684\u6cb3\u9053\uff0c\u8ddd\u79bb\u74e6\u62c9\u65af\u6e2f\uff08Puerto Varas\uff091:20\u5c0f\u65f6\u8f66\u7a0b\uff0c\u6709\u7535\u529b\u4f9b\u5e94\uff0c\u5730\u52bf\u5e73\u5766\uff0c\u53ef\u76f4\u63a5\u901a\u5f80\u516c\u5171\u9053\u8def\uff1b\" \/>\n<meta name=\"robots\" content=\"index, follow, max-snippet:-1, max-image-preview:large, max-video-preview:-1\" \/>\n<link rel=\"canonical\" href=\"https:\/\/produncan.cl\/zh-hans\/\u4ea7\u54c1\/plot-rincon-anima-los-muermos-%e6%b9%96%e5%8c%ba\/\" \/>\n<meta property=\"og:locale\" content=\"zh_CN\" \/>\n<meta property=\"og:type\" content=\"article\" \/>\n<meta property=\"og:title\" content=\"Plot Rinc\u00f3n \u00c1nima - Los Muermos - \u6e56\u533a\" \/>\n<meta property=\"og:description\" content=\"Rinc\u00f3n \u00c1nima\u5730\u5757\u5360\u57307000\u5e73\u65b9\u7c73\uff0c\u6709220\u7c73\u957f\u7684\u6cb3\u9053\uff0c\u8ddd\u79bb\u74e6\u62c9\u65af\u6e2f\uff08Puerto Varas\uff091:20\u5c0f\u65f6\u8f66\u7a0b\uff0c\u6709\u7535\u529b\u4f9b\u5e94\uff0c\u5730\u52bf\u5e73\u5766\uff0c\u53ef\u76f4\u63a5\u901a\u5f80\u516c\u5171\u9053\u8def\uff1b\" \/>\n<meta property=\"og:url\" content=\"https:\/\/produncan.cl\/zh-hans\/\u4ea7\u54c1\/plot-rincon-anima-los-muermos-%e6%b9%96%e5%8c%ba\/\" \/>\n<meta property=\"og:site_name\" content=\"\u751f\u4ea7\" \/>\n<meta property=\"article:publisher\" content=\"https:\/\/web.facebook.com\/produncanland\" \/>\n<meta property=\"article:modified_time\" content=\"2025-07-02T16:40:45+00:00\" \/>\n<meta property=\"og:image\" content=\"https:\/\/produncan.cl\/wp-content\/uploads\/2024\/04\/Parcela-en-venta-sector-Rincon-Anima-Los-Muermos.webp\" \/>\n<meta name=\"twitter:card\" content=\"summary_large_image\" \/>\n<meta name=\"twitter:label1\" content=\"Price\" \/>\n\t<meta name=\"twitter:data1\" content=\"\" \/>\n\t<meta name=\"twitter:label2\" content=\"Availability\" \/>\n\t<meta name=\"twitter:data2\" content=\"Out of stock\" \/>\n<script type=\"application\/ld+json\" class=\"yoast-schema-graph\">{\"@context\":\"https:\\\/\\\/schema.org\",\"@graph\":[{\"@type\":\"WebPage\",\"@id\":\"https:\\\/\\\/produncan.cl\\\/zh-hans\\\/\u4ea7\u54c1\\\/plot-rincon-anima-los-muermos-%e6%b9%96%e5%8c%ba\\\/\",\"url\":\"https:\\\/\\\/produncan.cl\\\/zh-hans\\\/\u4ea7\u54c1\\\/plot-rincon-anima-los-muermos-%e6%b9%96%e5%8c%ba\\\/\",\"name\":\"Plot Rinc\u00f3n \u00c1nima - Los Muermos - \u6e56\u533a - \u751f\u4ea7\",\"isPartOf\":{\"@id\":\"https:\\\/\\\/produncan.cl\\\/zh-hans\\\/#website\"},\"primaryImageOfPage\":{\"@id\":\"https:\\\/\\\/produncan.cl\\\/zh-hans\\\/\u4ea7\u54c1\\\/plot-rincon-anima-los-muermos-%e6%b9%96%e5%8c%ba\\\/#primaryimage\"},\"image\":{\"@id\":\"https:\\\/\\\/produncan.cl\\\/zh-hans\\\/\u4ea7\u54c1\\\/plot-rincon-anima-los-muermos-%e6%b9%96%e5%8c%ba\\\/#primaryimage\"},\"thumbnailUrl\":\"https:\\\/\\\/produncan.cl\\\/wp-content\\\/uploads\\\/2024\\\/02\\\/Parcela-Rincon-Anima-Vendido.webp\",\"datePublished\":\"2021-02-25T14:31:40+00:00\",\"dateModified\":\"2025-07-02T16:40:45+00:00\",\"description\":\"Rinc\u00f3n \u00c1nima\u5730\u5757\u5360\u57307000\u5e73\u65b9\u7c73\uff0c\u6709220\u7c73\u957f\u7684\u6cb3\u9053\uff0c\u8ddd\u79bb\u74e6\u62c9\u65af\u6e2f\uff08Puerto Varas\uff091:20\u5c0f\u65f6\u8f66\u7a0b\uff0c\u6709\u7535\u529b\u4f9b\u5e94\uff0c\u5730\u52bf\u5e73\u5766\uff0c\u53ef\u76f4\u63a5\u901a\u5f80\u516c\u5171\u9053\u8def\uff1b\",\"breadcrumb\":{\"@id\":\"https:\\\/\\\/produncan.cl\\\/zh-hans\\\/\u4ea7\u54c1\\\/plot-rincon-anima-los-muermos-%e6%b9%96%e5%8c%ba\\\/#breadcrumb\"},\"inLanguage\":\"zh-CN\",\"potentialAction\":[{\"@type\":\"ReadAction\",\"target\":[\"https:\\\/\\\/produncan.cl\\\/zh-hans\\\/\u4ea7\u54c1\\\/plot-rincon-anima-los-muermos-%e6%b9%96%e5%8c%ba\\\/\"]}]},{\"@type\":\"ImageObject\",\"inLanguage\":\"zh-CN\",\"@id\":\"https:\\\/\\\/produncan.cl\\\/zh-hans\\\/\u4ea7\u54c1\\\/plot-rincon-anima-los-muermos-%e6%b9%96%e5%8c%ba\\\/#primaryimage\",\"url\":\"https:\\\/\\\/produncan.cl\\\/wp-content\\\/uploads\\\/2024\\\/02\\\/Parcela-Rincon-Anima-Vendido.webp\",\"contentUrl\":\"https:\\\/\\\/produncan.cl\\\/wp-content\\\/uploads\\\/2024\\\/02\\\/Parcela-Rincon-Anima-Vendido.webp\",\"width\":800,\"height\":600},{\"@type\":\"BreadcrumbList\",\"@id\":\"https:\\\/\\\/produncan.cl\\\/zh-hans\\\/\u4ea7\u54c1\\\/plot-rincon-anima-los-muermos-%e6%b9%96%e5%8c%ba\\\/#breadcrumb\",\"itemListElement\":[{\"@type\":\"ListItem\",\"position\":1,\"name\":\"Inicio\",\"item\":\"https:\\\/\\\/produncan.cl\\\/zh-hans\\\/\"},{\"@type\":\"ListItem\",\"position\":2,\"name\":\"\u7279\u6027\",\"item\":\"https:\\\/\\\/produncan.cl\\\/propiedades\\\/\"},{\"@type\":\"ListItem\",\"position\":3,\"name\":\"\u5305\u88f9\",\"item\":\"https:\\\/\\\/produncan.cl\\\/zh-hans\\\/\u7c7b\u522b\\\/%e5%8c%85%e8%a3%b9\\\/\"},{\"@type\":\"ListItem\",\"position\":4,\"name\":\"Plot Rinc\u00f3n \u00c1nima &#8211; Los Muermos &#8211; \u6e56\u533a\"}]},{\"@type\":\"WebSite\",\"@id\":\"https:\\\/\\\/produncan.cl\\\/zh-hans\\\/#website\",\"url\":\"https:\\\/\\\/produncan.cl\\\/zh-hans\\\/\",\"name\":\"Produncan\",\"description\":\"\u6211\u4eec\u966a\u4f34\u60a8\u5b8c\u6210\u60a8\u7684\u4eba\u751f\u5927\u4e8b\uff01\",\"publisher\":{\"@id\":\"https:\\\/\\\/produncan.cl\\\/zh-hans\\\/#organization\"},\"potentialAction\":[{\"@type\":\"SearchAction\",\"target\":{\"@type\":\"EntryPoint\",\"urlTemplate\":\"https:\\\/\\\/produncan.cl\\\/zh-hans\\\/?s={search_term_string}\"},\"query-input\":{\"@type\":\"PropertyValueSpecification\",\"valueRequired\":true,\"valueName\":\"search_term_string\"}}],\"inLanguage\":\"zh-CN\"},{\"@type\":\"Organization\",\"@id\":\"https:\\\/\\\/produncan.cl\\\/zh-hans\\\/#organization\",\"name\":\"Produncan\",\"url\":\"https:\\\/\\\/produncan.cl\\\/zh-hans\\\/\",\"logo\":{\"@type\":\"ImageObject\",\"inLanguage\":\"zh-CN\",\"@id\":\"https:\\\/\\\/produncan.cl\\\/zh-hans\\\/#\\\/schema\\\/logo\\\/image\\\/\",\"url\":\"https:\\\/\\\/produncan.cl\\\/wp-content\\\/uploads\\\/2021\\\/03\\\/LOGO.jpeg\",\"contentUrl\":\"https:\\\/\\\/produncan.cl\\\/wp-content\\\/uploads\\\/2021\\\/03\\\/LOGO.jpeg\",\"width\":1280,\"height\":903,\"caption\":\"Produncan\"},\"image\":{\"@id\":\"https:\\\/\\\/produncan.cl\\\/zh-hans\\\/#\\\/schema\\\/logo\\\/image\\\/\"},\"sameAs\":[\"https:\\\/\\\/web.facebook.com\\\/produncanland\",\"https:\\\/\\\/www.instagram.com\\\/pro_duncan\\\/\",\"https:\\\/\\\/www.linkedin.com\\\/company\\\/produncan-lands\\\/\",\"https:\\\/\\\/www.youtube.com\\\/channel\\\/UCu7N-f3x0svkazD-Eew1-QQ\"],\"description\":\"En Produncan somos especialistas en la venta de terrenos en el sur de Chile. Proveemos estancias, campos, parcelas y hoteles.\",\"email\":\"info@produncan.cl\"}]}<\/script>\n<meta property=\"og:video\" content=\"https:\/\/www.youtube.com\/embed\/tIrRRFqHG9M\" \/>\n<meta property=\"og:video:type\" content=\"text\/html\" \/>\n<meta property=\"og:video:duration\" content=\"81\" \/>\n<meta property=\"og:video:width\" content=\"480\" \/>\n<meta property=\"og:video:height\" content=\"360\" \/>\n<meta property=\"ya:ovs:adult\" content=\"false\" \/>\n<meta property=\"ya:ovs:upload_date\" content=\"2021-02-25T14:31:40+00:00\" \/>\n<meta property=\"ya:ovs:allow_embed\" content=\"true\" \/>\n<meta property=\"product:price:currency\" content=\"USD\" \/>\n<meta property=\"og:availability\" content=\"out of stock\" \/>\n<meta property=\"product:availability\" content=\"out of stock\" \/>\n<meta property=\"product:condition\" content=\"new\" \/>\n<!-- \/ Yoast SEO Premium plugin. -->","yoast_head_json":{"title":"Plot Rinc\u00f3n \u00c1nima - Los Muermos - \u6e56\u533a - \u751f\u4ea7","description":"Rinc\u00f3n \u00c1nima\u5730\u5757\u5360\u57307000\u5e73\u65b9\u7c73\uff0c\u6709220\u7c73\u957f\u7684\u6cb3\u9053\uff0c\u8ddd\u79bb\u74e6\u62c9\u65af\u6e2f\uff08Puerto Varas\uff091:20\u5c0f\u65f6\u8f66\u7a0b\uff0c\u6709\u7535\u529b\u4f9b\u5e94\uff0c\u5730\u52bf\u5e73\u5766\uff0c\u53ef\u76f4\u63a5\u901a\u5f80\u516c\u5171\u9053\u8def\uff1b","robots":{"index":"index","follow":"follow","max-snippet":"max-snippet:-1","max-image-preview":"max-image-preview:large","max-video-preview":"max-video-preview:-1"},"canonical":"https:\/\/produncan.cl\/zh-hans\/\u4ea7\u54c1\/plot-rincon-anima-los-muermos-%e6%b9%96%e5%8c%ba\/","og_locale":"zh_CN","og_type":"article","og_title":"Plot Rinc\u00f3n \u00c1nima - Los Muermos - \u6e56\u533a","og_description":"Rinc\u00f3n \u00c1nima\u5730\u5757\u5360\u57307000\u5e73\u65b9\u7c73\uff0c\u6709220\u7c73\u957f\u7684\u6cb3\u9053\uff0c\u8ddd\u79bb\u74e6\u62c9\u65af\u6e2f\uff08Puerto Varas\uff091:20\u5c0f\u65f6\u8f66\u7a0b\uff0c\u6709\u7535\u529b\u4f9b\u5e94\uff0c\u5730\u52bf\u5e73\u5766\uff0c\u53ef\u76f4\u63a5\u901a\u5f80\u516c\u5171\u9053\u8def\uff1b","og_url":"https:\/\/produncan.cl\/zh-hans\/\u4ea7\u54c1\/plot-rincon-anima-los-muermos-%e6%b9%96%e5%8c%ba\/","og_site_name":"\u751f\u4ea7","article_publisher":"https:\/\/web.facebook.com\/produncanland","article_modified_time":"2025-07-02T16:40:45+00:00","og_image":[{"url":"https:\/\/produncan.cl\/wp-content\/uploads\/2024\/04\/Parcela-en-venta-sector-Rincon-Anima-Los-Muermos.webp","type":"","width":"","height":""}],"twitter_card":"summary_large_image","twitter_misc":{"Price":"","Availability":"Out of stock"},"schema":{"@context":"https:\/\/schema.org","@graph":[{"@type":"WebPage","@id":"https:\/\/produncan.cl\/zh-hans\/\u4ea7\u54c1\/plot-rincon-anima-los-muermos-%e6%b9%96%e5%8c%ba\/","url":"https:\/\/produncan.cl\/zh-hans\/\u4ea7\u54c1\/plot-rincon-anima-los-muermos-%e6%b9%96%e5%8c%ba\/","name":"Plot Rinc\u00f3n \u00c1nima - Los Muermos - \u6e56\u533a - \u751f\u4ea7","isPartOf":{"@id":"https:\/\/produncan.cl\/zh-hans\/#website"},"primaryImageOfPage":{"@id":"https:\/\/produncan.cl\/zh-hans\/\u4ea7\u54c1\/plot-rincon-anima-los-muermos-%e6%b9%96%e5%8c%ba\/#primaryimage"},"image":{"@id":"https:\/\/produncan.cl\/zh-hans\/\u4ea7\u54c1\/plot-rincon-anima-los-muermos-%e6%b9%96%e5%8c%ba\/#primaryimage"},"thumbnailUrl":"https:\/\/produncan.cl\/wp-content\/uploads\/2024\/02\/Parcela-Rincon-Anima-Vendido.webp","datePublished":"2021-02-25T14:31:40+00:00","dateModified":"2025-07-02T16:40:45+00:00","description":"Rinc\u00f3n \u00c1nima\u5730\u5757\u5360\u57307000\u5e73\u65b9\u7c73\uff0c\u6709220\u7c73\u957f\u7684\u6cb3\u9053\uff0c\u8ddd\u79bb\u74e6\u62c9\u65af\u6e2f\uff08Puerto Varas\uff091:20\u5c0f\u65f6\u8f66\u7a0b\uff0c\u6709\u7535\u529b\u4f9b\u5e94\uff0c\u5730\u52bf\u5e73\u5766\uff0c\u53ef\u76f4\u63a5\u901a\u5f80\u516c\u5171\u9053\u8def\uff1b","breadcrumb":{"@id":"https:\/\/produncan.cl\/zh-hans\/\u4ea7\u54c1\/plot-rincon-anima-los-muermos-%e6%b9%96%e5%8c%ba\/#breadcrumb"},"inLanguage":"zh-CN","potentialAction":[{"@type":"ReadAction","target":["https:\/\/produncan.cl\/zh-hans\/\u4ea7\u54c1\/plot-rincon-anima-los-muermos-%e6%b9%96%e5%8c%ba\/"]}]},{"@type":"ImageObject","inLanguage":"zh-CN","@id":"https:\/\/produncan.cl\/zh-hans\/\u4ea7\u54c1\/plot-rincon-anima-los-muermos-%e6%b9%96%e5%8c%ba\/#primaryimage","url":"https:\/\/produncan.cl\/wp-content\/uploads\/2024\/02\/Parcela-Rincon-Anima-Vendido.webp","contentUrl":"https:\/\/produncan.cl\/wp-content\/uploads\/2024\/02\/Parcela-Rincon-Anima-Vendido.webp","width":800,"height":600},{"@type":"BreadcrumbList","@id":"https:\/\/produncan.cl\/zh-hans\/\u4ea7\u54c1\/plot-rincon-anima-los-muermos-%e6%b9%96%e5%8c%ba\/#breadcrumb","itemListElement":[{"@type":"ListItem","position":1,"name":"Inicio","item":"https:\/\/produncan.cl\/zh-hans\/"},{"@type":"ListItem","position":2,"name":"\u7279\u6027","item":"https:\/\/produncan.cl\/propiedades\/"},{"@type":"ListItem","position":3,"name":"\u5305\u88f9","item":"https:\/\/produncan.cl\/zh-hans\/\u7c7b\u522b\/%e5%8c%85%e8%a3%b9\/"},{"@type":"ListItem","position":4,"name":"Plot Rinc\u00f3n \u00c1nima &#8211; Los Muermos &#8211; \u6e56\u533a"}]},{"@type":"WebSite","@id":"https:\/\/produncan.cl\/zh-hans\/#website","url":"https:\/\/produncan.cl\/zh-hans\/","name":"Produncan","description":"\u6211\u4eec\u966a\u4f34\u60a8\u5b8c\u6210\u60a8\u7684\u4eba\u751f\u5927\u4e8b\uff01","publisher":{"@id":"https:\/\/produncan.cl\/zh-hans\/#organization"},"potentialAction":[{"@type":"SearchAction","target":{"@type":"EntryPoint","urlTemplate":"https:\/\/produncan.cl\/zh-hans\/?s={search_term_string}"},"query-input":{"@type":"PropertyValueSpecification","valueRequired":true,"valueName":"search_term_string"}}],"inLanguage":"zh-CN"},{"@type":"Organization","@id":"https:\/\/produncan.cl\/zh-hans\/#organization","name":"Produncan","url":"https:\/\/produncan.cl\/zh-hans\/","logo":{"@type":"ImageObject","inLanguage":"zh-CN","@id":"https:\/\/produncan.cl\/zh-hans\/#\/schema\/logo\/image\/","url":"https:\/\/produncan.cl\/wp-content\/uploads\/2021\/03\/LOGO.jpeg","contentUrl":"https:\/\/produncan.cl\/wp-content\/uploads\/2021\/03\/LOGO.jpeg","width":1280,"height":903,"caption":"Produncan"},"image":{"@id":"https:\/\/produncan.cl\/zh-hans\/#\/schema\/logo\/image\/"},"sameAs":["https:\/\/web.facebook.com\/produncanland","https:\/\/www.instagram.com\/pro_duncan\/","https:\/\/www.linkedin.com\/company\/produncan-lands\/","https:\/\/www.youtube.com\/channel\/UCu7N-f3x0svkazD-Eew1-QQ"],"description":"En Produncan somos especialistas en la venta de terrenos en el sur de Chile. Proveemos estancias, campos, parcelas y hoteles.","email":"info@produncan.cl"}]},"og_video":"https:\/\/www.youtube.com\/embed\/tIrRRFqHG9M","og_video_type":"text\/html","og_video_duration":"81","og_video_width":"480","og_video_height":"360","ya_ovs_adult":"false","ya_ovs_upload_date":"2021-02-25T14:31:40+00:00","ya_ovs_allow_embed":"true","product_price_currency":"USD","og_availability":"out of stock","product_availability":"out of stock","product_condition":"new"},"_links":{"self":[{"href":"https:\/\/produncan.cl\/zh-hans\/wp-json\/wp\/v2\/product\/29470","targetHints":{"allow":["GET"]}}],"collection":[{"href":"https:\/\/produncan.cl\/zh-hans\/wp-json\/wp\/v2\/product"}],"about":[{"href":"https:\/\/produncan.cl\/zh-hans\/wp-json\/wp\/v2\/types\/product"}],"version-history":[{"count":0,"href":"https:\/\/produncan.cl\/zh-hans\/wp-json\/wp\/v2\/product\/29470\/revisions"}],"wp:featuredmedia":[{"embeddable":true,"href":"https:\/\/produncan.cl\/zh-hans\/wp-json\/wp\/v2\/media\/38470"}],"wp:attachment":[{"href":"https:\/\/produncan.cl\/zh-hans\/wp-json\/wp\/v2\/media?parent=29470"}],"wp:term":[{"taxonomy":"product_brand","embeddable":true,"href":"https:\/\/produncan.cl\/zh-hans\/wp-json\/wp\/v2\/product_brand?post=29470"},{"taxonomy":"product_cat","embeddable":true,"href":"https:\/\/produncan.cl\/zh-hans\/wp-json\/wp\/v2\/product_cat?post=29470"},{"taxonomy":"product_tag","embeddable":true,"href":"https:\/\/produncan.cl\/zh-hans\/wp-json\/wp\/v2\/product_tag?post=29470"},{"taxonomy":"regiones","embeddable":true,"href":"https:\/\/produncan.cl\/zh-hans\/wp-json\/wp\/v2\/regiones?post=29470"},{"taxonomy":"ciudades","embeddable":true,"href":"https:\/\/produncan.cl\/zh-hans\/wp-json\/wp\/v2\/ciudades?post=29470"}],"curies":[{"name":"wp","href":"https:\/\/api.w.org\/{rel}","templated":true}]}}