{"id":36043,"date":"2024-11-04T13:52:24","date_gmt":"2024-11-04T16:52:24","guid":{"rendered":"https:\/\/produncan.cl\/producto\/%e4%b8%8a%e9%87%8c%e5%a5%a5%e4%bc%8a%e5%b7%b4%e6%b6%85%e6%96%af%e4%bf%9d%e6%8a%a4%e5%8c%ba-%e8%89%be%e6%a3%ae%e5%a4%a7%e5%8c%ba\/"},"modified":"2025-12-17T14:06:56","modified_gmt":"2025-12-17T17:06:56","slug":"%e4%b8%8a%e9%87%8c%e5%a5%a5%e4%bc%8a%e5%b7%b4%e6%b6%85%e6%96%af%e4%bf%9d%e6%8a%a4%e5%8c%ba-%e8%89%be%e6%a3%ae%e5%a4%a7%e5%8c%ba","status":"publish","type":"product","link":"https:\/\/produncan.cl\/zh-hans\/\u4ea7\u54c1\/%e4%b8%8a%e9%87%8c%e5%a5%a5%e4%bc%8a%e5%b7%b4%e6%b6%85%e6%96%af%e4%bf%9d%e6%8a%a4%e5%8c%ba-%e8%89%be%e6%a3%ae%e5%a4%a7%e5%8c%ba\/","title":{"rendered":"\u4e0a\u91cc\u5965\u4f0a\u5df4\u6d85\u65af\u4fdd\u62a4\u533a &#8211; \u827e\u68ee\u5927\u533a"},"content":{"rendered":"\t\t<div data-elementor-type=\"product-post\" data-elementor-id=\"36043\" class=\"elementor elementor-36043 elementor-35487\" data-elementor-post-type=\"product\">\n\t\t\t\t<div class=\"elementor-element elementor-element-00cb367 e-flex e-con-boxed e-con e-parent\" data-id=\"00cb367\" data-element_type=\"container\" data-e-type=\"container\" data-settings=\"{&quot;jet_parallax_layout_list&quot;:[]}\">\n\t\t\t\t\t<div class=\"e-con-inner\">\n\t\t\t\t<div class=\"elementor-element elementor-element-1fdc581 elementor-widget elementor-widget-heading\" data-id=\"1fdc581\" data-element_type=\"widget\" data-e-type=\"widget\" data-widget_type=\"heading.default\">\n\t\t\t\t\t<h2 class=\"elementor-heading-title elementor-size-default\">Cerro Castillo \u9644\u8fd1 297 \u516c\u9877\u7684\u7530\u5730\uff0c3.2 \u516c\u91cc\u957f\u7684\u4f0a\u5df4\u5185\u5179\u6cb3\u3002<\/h2>\t\t\t\t<\/div>\n\t\t\t\t\t<\/div>\n\t\t\t\t<\/div>\n\t\t<div class=\"elementor-element elementor-element-25a66ff e-flex e-con-boxed e-con e-parent\" data-id=\"25a66ff\" data-element_type=\"container\" data-e-type=\"container\" data-settings=\"{&quot;jet_parallax_layout_list&quot;:[]}\">\n\t\t\t\t\t<div class=\"e-con-inner\">\n\t\t\t\t<div class=\"elementor-element elementor-element-d5475a6 elementor-widget elementor-widget-text-editor\" data-id=\"d5475a6\" data-element_type=\"widget\" data-e-type=\"widget\" data-widget_type=\"text-editor.default\">\n\t\t\t\t\t\t\t\t\t<p>\u5728\u827e\u68ee\uff08Ays\u00e9n\uff09\u5927\u533a\u7684\u4f0a\u5df4\u6d85\u65af\u6cb3\uff08R\u00edo Ib\u00e1\u00f1ez\uff09\u9547\u83b7\u5f97 297 \u516c\u9877\u571f\u5730\u3002 \u8fd9\u7247\u4f4d\u4e8e\u827e\u68ee\uff08Ays\u00e9n\uff09\u7684\u571f\u5730\u4f4d\u4e8e\u4f0a\u74e6\u6d85\u65af\u6cb3\uff08Ib\u00e1\u00f1ez\uff09\u548c\u5fb7\u65af\u5e15\u62c9\u9a6c\u591a\u6cb3\uff08Desparramado\uff09\u6cb3\u7554\uff0c\u62e5\u6709 4.6 \u516c\u91cc\u957f\u7684\u5929\u7136\u6cb3\u5cb8\uff0c\u8ba9\u60a8\u53ef\u4ee5\u4eb2\u8fd1\u5177\u6709\u9ad8\u751f\u6001\u4ef7\u503c\u7684\u751f\u6001\u7cfb\u7edf\u3002 <\/p>\n<p>\u8fd9\u91cc\u5730\u52bf\u5e73\u5766\uff0c\u5761\u5ea6\u8f83\u7f13\uff0c\u571f\u58e4\u4e3a\u8150\u6b96\u8d28\u571f\u58e4\uff0c\u5bcc\u542b\u6709\u673a\u7269\u8d28\uff0c\u975e\u5e38\u9002\u5408\u5f00\u5c55\u4fdd\u62a4\u9879\u76ee\u3002<\/p>\n<p>\u8fd9\u5ea7\u5e84\u56ed\u88ab\u6210\u719f\u7684\u539f\u751f\u6797\u73af\u7ed5\uff0c\u5176\u4e2d\u6709\u4f26\u52a0\uff08lenga\uff09\u3001\u00f1ire \u548c coihue de Magallanes \u7b49\u7269\u79cd\uff0c\u4e5f\u662f Huemul\u3001\u7f8e\u6d32\u72ee\u548c\u5b89\u7b2c\u65af\u79c3\u9e70\u7b49\u6807\u5fd7\u6027\u52a8\u7269\u7684\u5bb6\u56ed\uff0c\u662f\u5bfb\u6c42\u771f\u5b9e\u751f\u6001\u65c5\u6e38\u4f53\u9a8c\u6216\u4e0e\u5927\u81ea\u7136\u4eb2\u5bc6\u63a5\u89e6\u7684\u72ec\u7279\u5e87\u62a4\u6240\u7684\u7406\u60f3\u9009\u62e9\u3002<\/p>\n<p>\u5b83\u8ddd\u79bb Cerro Castillo \u522b\u5885\u4ec5 45 \u5206\u949f\u8f66\u7a0b\uff0c\u8ddd\u79bb\u5df4\u5c14\u9a6c\u585e\u8fbe\u673a\u573a\u4ec5 2 \u5c0f\u65f6\u8f66\u7a0b\uff0c\u53ef\u4ece\u5357\u65b9\u516c\u8def\uff08Carretera Austral\uff09\u901a\u8fc7\u4e00\u6761 11.4 \u516c\u91cc\u957f\u3001\u8def\u51b5\u826f\u597d\u7684\u788e\u77f3\u516c\u5171\u9053\u8def\u5230\u8fbe\u3002<\/p>\n<p>\u7531\u4e8e\u6bd7\u90bb Cerro Castillo \u56fd\u5bb6\u516c\u56ed\uff0c\u5e76\u4e0e\u6e90\u81ea\u5343\u5e74\u51b0\u5ddd\u7684\u91cd\u8981\u7eff\u677e\u77f3\u8272\u6c34\u9053 Ib\u00e1\u00f1ez \u6cb3\u76f8\u90bb\uff0c\u8fd9\u7247\u571f\u5730\u7684\u666f\u89c2\u548c\u4fdd\u62a4\u4ef7\u503c\u90fd\u5f97\u5230\u4e86\u63d0\u5347\uff0c\u786e\u4fdd\u4e86\u6295\u8d44\u7684\u76c8\u5229\u6027\u548c\u53ef\u6301\u7eed\u6027\u3002<\/p>\n<p>\u8bf7\u8054\u7cfb\u6211\u4eec\uff0c\u6293\u4f4f\u8fd9\u4e2a\u673a\u4f1a\uff0c\u5728\u667a\u5229\u5357\u90e8\u62e5\u6709\u4e00\u4e2a\u72ec\u4e00\u65e0\u4e8c\u7684\u89d2\u843d\uff01<\/p>\t\t\t\t\t\t\t\t<\/div>\n\t\t\t\t\t<\/div>\n\t\t\t\t<\/div>\n\t\t\t\t<\/div>\n\t\t","protected":false},"excerpt":{"rendered":"<p>\u8ddd\u79bb\u4f0a\u5df4\u6d85\u65af\u6cb3\uff08R\u00edo Ib\u00e1\u00f1ez\uff093.2\u516c\u91cc\uff0c\u9760\u8fd1\u963f\u4f0a\u68ee\uff08Ays\u00e9n\uff09\u7684\u585e\u7f57\u5361\u65af\u8482\u7565\u56fd\u5bb6\u516c\u56ed\uff08Parque Nacional Cerro Castillo\uff09\u3002\u901a\u8fc7\u516c\u5171\u9053\u8def\u5373\u53ef\u5230\u8fbe\uff0c\u975e\u5e38\u9002\u5408\u751f\u6001\u65c5\u6e38\u6216\u81ea\u7136\u4fdd\u62a4\uff0c\u8ddd\u79bb\u673a\u573a\u4ec5\u97002\u5c0f\u65f6\u8f66\u7a0b\u3002 <\/p>\n","protected":false},"featured_media":35489,"template":"","meta":{"_acf_changed":false},"product_brand":[],"product_cat":[117],"product_tag":[242,241],"regiones":[225],"ciudades":[209],"class_list":{"0":"post-36043","1":"product","2":"type-product","3":"status-publish","4":"has-post-thumbnail","6":"product_cat-117","7":"product_tag-242","8":"product_tag-241","9":"regiones-aysen-magallanes","10":"ciudades-coyhaique","12":"first","13":"instock","14":"shipping-taxable","15":"purchasable","16":"product-type-simple"},"acf":[],"yoast_head":"<!-- This site is optimized with the Yoast SEO Premium plugin v26.0 (Yoast SEO v27.3) - https:\/\/yoast.com\/product\/yoast-seo-premium-wordpress\/ -->\n<title>\u4e0a\u91cc\u5965\u4f0a\u5df4\u6d85\u65af\u4fdd\u62a4\u533a - \u827e\u68ee\u5927\u533a - \u751f\u4ea7<\/title>\n<meta name=\"description\" content=\"\u4fdd\u62a4\u533a\u5360\u5730 297 \u516c\u9877\uff0c\u62e5\u6709 3.2 \u516c\u91cc\u957f\u7684\u4f0a\u5df4\u6d85\u65af\u6cb3\uff08Iba\u00f1ez River\uff09\uff0c\u9760\u8fd1\u827e\u68ee\uff08Ays\u00e9n\uff09\u7684\u585e\u7f57\u5361\u65af\u8482\u7565\u56fd\u5bb6\u516c\u56ed\uff08Cerro Castillo National Park\uff09\u3002 \u662f\u751f\u6001\u65c5\u6e38\u6216\u81ea\u7136\u4fdd\u62a4\u7684\u7406\u60f3\u4e4b\u5730\u3002\" \/>\n<meta name=\"robots\" content=\"index, follow, max-snippet:-1, max-image-preview:large, max-video-preview:-1\" \/>\n<link rel=\"canonical\" href=\"https:\/\/produncan.cl\/zh-hans\/\u4ea7\u54c1\/%e4%b8%8a%e9%87%8c%e5%a5%a5%e4%bc%8a%e5%b7%b4%e6%b6%85%e6%96%af%e4%bf%9d%e6%8a%a4%e5%8c%ba-%e8%89%be%e6%a3%ae%e5%a4%a7%e5%8c%ba\/\" \/>\n<meta property=\"og:locale\" content=\"zh_CN\" \/>\n<meta property=\"og:type\" content=\"article\" \/>\n<meta property=\"og:title\" content=\"\u4e0a\u91cc\u5965\u4f0a\u5df4\u6d85\u65af\u4fdd\u62a4\u533a - \u827e\u68ee\u5927\u533a\" \/>\n<meta property=\"og:description\" content=\"\u4fdd\u62a4\u533a\u5360\u5730 297 \u516c\u9877\uff0c\u62e5\u6709 3.2 \u516c\u91cc\u957f\u7684\u4f0a\u5df4\u6d85\u65af\u6cb3\uff08Iba\u00f1ez River\uff09\uff0c\u9760\u8fd1\u827e\u68ee\uff08Ays\u00e9n\uff09\u7684\u585e\u7f57\u5361\u65af\u8482\u7565\u56fd\u5bb6\u516c\u56ed\uff08Cerro Castillo National Park\uff09\u3002 \u662f\u751f\u6001\u65c5\u6e38\u6216\u81ea\u7136\u4fdd\u62a4\u7684\u7406\u60f3\u4e4b\u5730\u3002\" \/>\n<meta property=\"og:url\" content=\"https:\/\/produncan.cl\/zh-hans\/\u4ea7\u54c1\/%e4%b8%8a%e9%87%8c%e5%a5%a5%e4%bc%8a%e5%b7%b4%e6%b6%85%e6%96%af%e4%bf%9d%e6%8a%a4%e5%8c%ba-%e8%89%be%e6%a3%ae%e5%a4%a7%e5%8c%ba\/\" \/>\n<meta property=\"og:site_name\" content=\"\u751f\u4ea7\" \/>\n<meta property=\"article:publisher\" content=\"https:\/\/web.facebook.com\/produncanland\" \/>\n<meta property=\"article:modified_time\" content=\"2025-12-17T17:06:56+00:00\" \/>\n<meta property=\"og:image\" content=\"https:\/\/produncan.cl\/wp-content\/uploads\/2024\/11\/Reserva-Alto-Rio-Ibanez.webp\" \/>\n<meta name=\"twitter:card\" content=\"summary_large_image\" \/>\n<meta name=\"twitter:label1\" content=\"Price\" \/>\n\t<meta name=\"twitter:data1\" content=\"USD742.600,00\" \/>\n\t<meta name=\"twitter:label2\" content=\"Availability\" \/>\n\t<meta name=\"twitter:data2\" content=\"In stock\" \/>\n<script type=\"application\/ld+json\" class=\"yoast-schema-graph\">{\"@context\":\"https:\\\/\\\/schema.org\",\"@graph\":[{\"@type\":\"WebPage\",\"@id\":\"https:\\\/\\\/produncan.cl\\\/zh-hans\\\/\u4ea7\u54c1\\\/%e4%b8%8a%e9%87%8c%e5%a5%a5%e4%bc%8a%e5%b7%b4%e6%b6%85%e6%96%af%e4%bf%9d%e6%8a%a4%e5%8c%ba-%e8%89%be%e6%a3%ae%e5%a4%a7%e5%8c%ba\\\/\",\"url\":\"https:\\\/\\\/produncan.cl\\\/zh-hans\\\/\u4ea7\u54c1\\\/%e4%b8%8a%e9%87%8c%e5%a5%a5%e4%bc%8a%e5%b7%b4%e6%b6%85%e6%96%af%e4%bf%9d%e6%8a%a4%e5%8c%ba-%e8%89%be%e6%a3%ae%e5%a4%a7%e5%8c%ba\\\/\",\"name\":\"\u4e0a\u91cc\u5965\u4f0a\u5df4\u6d85\u65af\u4fdd\u62a4\u533a - \u827e\u68ee\u5927\u533a - \u751f\u4ea7\",\"isPartOf\":{\"@id\":\"https:\\\/\\\/produncan.cl\\\/zh-hans\\\/#website\"},\"primaryImageOfPage\":{\"@id\":\"https:\\\/\\\/produncan.cl\\\/zh-hans\\\/\u4ea7\u54c1\\\/%e4%b8%8a%e9%87%8c%e5%a5%a5%e4%bc%8a%e5%b7%b4%e6%b6%85%e6%96%af%e4%bf%9d%e6%8a%a4%e5%8c%ba-%e8%89%be%e6%a3%ae%e5%a4%a7%e5%8c%ba\\\/#primaryimage\"},\"image\":{\"@id\":\"https:\\\/\\\/produncan.cl\\\/zh-hans\\\/\u4ea7\u54c1\\\/%e4%b8%8a%e9%87%8c%e5%a5%a5%e4%bc%8a%e5%b7%b4%e6%b6%85%e6%96%af%e4%bf%9d%e6%8a%a4%e5%8c%ba-%e8%89%be%e6%a3%ae%e5%a4%a7%e5%8c%ba\\\/#primaryimage\"},\"thumbnailUrl\":\"https:\\\/\\\/produncan.cl\\\/wp-content\\\/uploads\\\/2024\\\/11\\\/Reserva-Alto-Rio-Ibanez.webp\",\"datePublished\":\"2024-11-04T16:52:24+00:00\",\"dateModified\":\"2025-12-17T17:06:56+00:00\",\"description\":\"\u4fdd\u62a4\u533a\u5360\u5730 297 \u516c\u9877\uff0c\u62e5\u6709 3.2 \u516c\u91cc\u957f\u7684\u4f0a\u5df4\u6d85\u65af\u6cb3\uff08Iba\u00f1ez River\uff09\uff0c\u9760\u8fd1\u827e\u68ee\uff08Ays\u00e9n\uff09\u7684\u585e\u7f57\u5361\u65af\u8482\u7565\u56fd\u5bb6\u516c\u56ed\uff08Cerro Castillo National Park\uff09\u3002 \u662f\u751f\u6001\u65c5\u6e38\u6216\u81ea\u7136\u4fdd\u62a4\u7684\u7406\u60f3\u4e4b\u5730\u3002\",\"breadcrumb\":{\"@id\":\"https:\\\/\\\/produncan.cl\\\/zh-hans\\\/\u4ea7\u54c1\\\/%e4%b8%8a%e9%87%8c%e5%a5%a5%e4%bc%8a%e5%b7%b4%e6%b6%85%e6%96%af%e4%bf%9d%e6%8a%a4%e5%8c%ba-%e8%89%be%e6%a3%ae%e5%a4%a7%e5%8c%ba\\\/#breadcrumb\"},\"inLanguage\":\"zh-CN\",\"potentialAction\":[{\"@type\":\"ReadAction\",\"target\":[\"https:\\\/\\\/produncan.cl\\\/zh-hans\\\/\u4ea7\u54c1\\\/%e4%b8%8a%e9%87%8c%e5%a5%a5%e4%bc%8a%e5%b7%b4%e6%b6%85%e6%96%af%e4%bf%9d%e6%8a%a4%e5%8c%ba-%e8%89%be%e6%a3%ae%e5%a4%a7%e5%8c%ba\\\/\"]}]},{\"@type\":\"ImageObject\",\"inLanguage\":\"zh-CN\",\"@id\":\"https:\\\/\\\/produncan.cl\\\/zh-hans\\\/\u4ea7\u54c1\\\/%e4%b8%8a%e9%87%8c%e5%a5%a5%e4%bc%8a%e5%b7%b4%e6%b6%85%e6%96%af%e4%bf%9d%e6%8a%a4%e5%8c%ba-%e8%89%be%e6%a3%ae%e5%a4%a7%e5%8c%ba\\\/#primaryimage\",\"url\":\"https:\\\/\\\/produncan.cl\\\/wp-content\\\/uploads\\\/2024\\\/11\\\/Reserva-Alto-Rio-Ibanez.webp\",\"contentUrl\":\"https:\\\/\\\/produncan.cl\\\/wp-content\\\/uploads\\\/2024\\\/11\\\/Reserva-Alto-Rio-Ibanez.webp\",\"width\":600,\"height\":450,\"caption\":\"\u5171\u548c\u56fd\"},{\"@type\":\"BreadcrumbList\",\"@id\":\"https:\\\/\\\/produncan.cl\\\/zh-hans\\\/\u4ea7\u54c1\\\/%e4%b8%8a%e9%87%8c%e5%a5%a5%e4%bc%8a%e5%b7%b4%e6%b6%85%e6%96%af%e4%bf%9d%e6%8a%a4%e5%8c%ba-%e8%89%be%e6%a3%ae%e5%a4%a7%e5%8c%ba\\\/#breadcrumb\",\"itemListElement\":[{\"@type\":\"ListItem\",\"position\":1,\"name\":\"Inicio\",\"item\":\"https:\\\/\\\/produncan.cl\\\/zh-hans\\\/\"},{\"@type\":\"ListItem\",\"position\":2,\"name\":\"\u7279\u6027\",\"item\":\"https:\\\/\\\/produncan.cl\\\/propiedades\\\/\"},{\"@type\":\"ListItem\",\"position\":3,\"name\":\"\u4fdd\u62a4\u9886\u57df\",\"item\":\"https:\\\/\\\/produncan.cl\\\/zh-hans\\\/\u7c7b\u522b\\\/%e4%bf%9d%e6%8a%a4%e9%a2%86%e5%9f%9f\\\/\"},{\"@type\":\"ListItem\",\"position\":4,\"name\":\"\u4e0a\u91cc\u5965\u4f0a\u5df4\u6d85\u65af\u4fdd\u62a4\u533a &#8211; \u827e\u68ee\u5927\u533a\"}]},{\"@type\":\"WebSite\",\"@id\":\"https:\\\/\\\/produncan.cl\\\/zh-hans\\\/#website\",\"url\":\"https:\\\/\\\/produncan.cl\\\/zh-hans\\\/\",\"name\":\"Produncan\",\"description\":\"\u6211\u4eec\u966a\u4f34\u60a8\u5b8c\u6210\u60a8\u7684\u4eba\u751f\u5927\u4e8b\uff01\",\"publisher\":{\"@id\":\"https:\\\/\\\/produncan.cl\\\/zh-hans\\\/#organization\"},\"potentialAction\":[{\"@type\":\"SearchAction\",\"target\":{\"@type\":\"EntryPoint\",\"urlTemplate\":\"https:\\\/\\\/produncan.cl\\\/zh-hans\\\/?s={search_term_string}\"},\"query-input\":{\"@type\":\"PropertyValueSpecification\",\"valueRequired\":true,\"valueName\":\"search_term_string\"}}],\"inLanguage\":\"zh-CN\"},{\"@type\":\"Organization\",\"@id\":\"https:\\\/\\\/produncan.cl\\\/zh-hans\\\/#organization\",\"name\":\"Produncan\",\"url\":\"https:\\\/\\\/produncan.cl\\\/zh-hans\\\/\",\"logo\":{\"@type\":\"ImageObject\",\"inLanguage\":\"zh-CN\",\"@id\":\"https:\\\/\\\/produncan.cl\\\/zh-hans\\\/#\\\/schema\\\/logo\\\/image\\\/\",\"url\":\"https:\\\/\\\/produncan.cl\\\/wp-content\\\/uploads\\\/2021\\\/03\\\/LOGO.jpeg\",\"contentUrl\":\"https:\\\/\\\/produncan.cl\\\/wp-content\\\/uploads\\\/2021\\\/03\\\/LOGO.jpeg\",\"width\":1280,\"height\":903,\"caption\":\"Produncan\"},\"image\":{\"@id\":\"https:\\\/\\\/produncan.cl\\\/zh-hans\\\/#\\\/schema\\\/logo\\\/image\\\/\"},\"sameAs\":[\"https:\\\/\\\/web.facebook.com\\\/produncanland\",\"https:\\\/\\\/www.instagram.com\\\/pro_duncan\\\/\",\"https:\\\/\\\/www.linkedin.com\\\/company\\\/produncan-lands\\\/\",\"https:\\\/\\\/www.youtube.com\\\/channel\\\/UCu7N-f3x0svkazD-Eew1-QQ\"],\"description\":\"En Produncan somos especialistas en la venta de terrenos en el sur de Chile. Proveemos estancias, campos, parcelas y hoteles.\",\"email\":\"info@produncan.cl\"}]}<\/script>\n<meta property=\"og:video\" content=\"https:\/\/www.youtube.com\/embed\/V5otioOWD_M\" \/>\n<meta property=\"og:video:type\" content=\"text\/html\" \/>\n<meta property=\"og:video:duration\" content=\"79\" \/>\n<meta property=\"og:video:width\" content=\"480\" \/>\n<meta property=\"og:video:height\" content=\"270\" \/>\n<meta property=\"ya:ovs:adult\" content=\"false\" \/>\n<meta property=\"ya:ovs:upload_date\" content=\"2024-11-04T16:52:24+00:00\" \/>\n<meta property=\"ya:ovs:allow_embed\" content=\"true\" \/>\n<meta property=\"product:price:amount\" content=\"742600.00\" \/>\n<meta property=\"product:price:currency\" content=\"USD\" \/>\n<meta property=\"og:availability\" content=\"instock\" \/>\n<meta property=\"product:availability\" content=\"instock\" \/>\n<meta property=\"product:condition\" content=\"new\" \/>\n<!-- \/ Yoast SEO Premium plugin. -->","yoast_head_json":{"title":"\u4e0a\u91cc\u5965\u4f0a\u5df4\u6d85\u65af\u4fdd\u62a4\u533a - \u827e\u68ee\u5927\u533a - \u751f\u4ea7","description":"\u4fdd\u62a4\u533a\u5360\u5730 297 \u516c\u9877\uff0c\u62e5\u6709 3.2 \u516c\u91cc\u957f\u7684\u4f0a\u5df4\u6d85\u65af\u6cb3\uff08Iba\u00f1ez River\uff09\uff0c\u9760\u8fd1\u827e\u68ee\uff08Ays\u00e9n\uff09\u7684\u585e\u7f57\u5361\u65af\u8482\u7565\u56fd\u5bb6\u516c\u56ed\uff08Cerro Castillo National Park\uff09\u3002 \u662f\u751f\u6001\u65c5\u6e38\u6216\u81ea\u7136\u4fdd\u62a4\u7684\u7406\u60f3\u4e4b\u5730\u3002","robots":{"index":"index","follow":"follow","max-snippet":"max-snippet:-1","max-image-preview":"max-image-preview:large","max-video-preview":"max-video-preview:-1"},"canonical":"https:\/\/produncan.cl\/zh-hans\/\u4ea7\u54c1\/%e4%b8%8a%e9%87%8c%e5%a5%a5%e4%bc%8a%e5%b7%b4%e6%b6%85%e6%96%af%e4%bf%9d%e6%8a%a4%e5%8c%ba-%e8%89%be%e6%a3%ae%e5%a4%a7%e5%8c%ba\/","og_locale":"zh_CN","og_type":"article","og_title":"\u4e0a\u91cc\u5965\u4f0a\u5df4\u6d85\u65af\u4fdd\u62a4\u533a - \u827e\u68ee\u5927\u533a","og_description":"\u4fdd\u62a4\u533a\u5360\u5730 297 \u516c\u9877\uff0c\u62e5\u6709 3.2 \u516c\u91cc\u957f\u7684\u4f0a\u5df4\u6d85\u65af\u6cb3\uff08Iba\u00f1ez River\uff09\uff0c\u9760\u8fd1\u827e\u68ee\uff08Ays\u00e9n\uff09\u7684\u585e\u7f57\u5361\u65af\u8482\u7565\u56fd\u5bb6\u516c\u56ed\uff08Cerro Castillo National Park\uff09\u3002 \u662f\u751f\u6001\u65c5\u6e38\u6216\u81ea\u7136\u4fdd\u62a4\u7684\u7406\u60f3\u4e4b\u5730\u3002","og_url":"https:\/\/produncan.cl\/zh-hans\/\u4ea7\u54c1\/%e4%b8%8a%e9%87%8c%e5%a5%a5%e4%bc%8a%e5%b7%b4%e6%b6%85%e6%96%af%e4%bf%9d%e6%8a%a4%e5%8c%ba-%e8%89%be%e6%a3%ae%e5%a4%a7%e5%8c%ba\/","og_site_name":"\u751f\u4ea7","article_publisher":"https:\/\/web.facebook.com\/produncanland","article_modified_time":"2025-12-17T17:06:56+00:00","og_image":[{"url":"https:\/\/produncan.cl\/wp-content\/uploads\/2024\/11\/Reserva-Alto-Rio-Ibanez.webp","type":"","width":"","height":""}],"twitter_card":"summary_large_image","twitter_misc":{"Price":"USD742.600,00","Availability":"In stock"},"schema":{"@context":"https:\/\/schema.org","@graph":[{"@type":"WebPage","@id":"https:\/\/produncan.cl\/zh-hans\/\u4ea7\u54c1\/%e4%b8%8a%e9%87%8c%e5%a5%a5%e4%bc%8a%e5%b7%b4%e6%b6%85%e6%96%af%e4%bf%9d%e6%8a%a4%e5%8c%ba-%e8%89%be%e6%a3%ae%e5%a4%a7%e5%8c%ba\/","url":"https:\/\/produncan.cl\/zh-hans\/\u4ea7\u54c1\/%e4%b8%8a%e9%87%8c%e5%a5%a5%e4%bc%8a%e5%b7%b4%e6%b6%85%e6%96%af%e4%bf%9d%e6%8a%a4%e5%8c%ba-%e8%89%be%e6%a3%ae%e5%a4%a7%e5%8c%ba\/","name":"\u4e0a\u91cc\u5965\u4f0a\u5df4\u6d85\u65af\u4fdd\u62a4\u533a - \u827e\u68ee\u5927\u533a - \u751f\u4ea7","isPartOf":{"@id":"https:\/\/produncan.cl\/zh-hans\/#website"},"primaryImageOfPage":{"@id":"https:\/\/produncan.cl\/zh-hans\/\u4ea7\u54c1\/%e4%b8%8a%e9%87%8c%e5%a5%a5%e4%bc%8a%e5%b7%b4%e6%b6%85%e6%96%af%e4%bf%9d%e6%8a%a4%e5%8c%ba-%e8%89%be%e6%a3%ae%e5%a4%a7%e5%8c%ba\/#primaryimage"},"image":{"@id":"https:\/\/produncan.cl\/zh-hans\/\u4ea7\u54c1\/%e4%b8%8a%e9%87%8c%e5%a5%a5%e4%bc%8a%e5%b7%b4%e6%b6%85%e6%96%af%e4%bf%9d%e6%8a%a4%e5%8c%ba-%e8%89%be%e6%a3%ae%e5%a4%a7%e5%8c%ba\/#primaryimage"},"thumbnailUrl":"https:\/\/produncan.cl\/wp-content\/uploads\/2024\/11\/Reserva-Alto-Rio-Ibanez.webp","datePublished":"2024-11-04T16:52:24+00:00","dateModified":"2025-12-17T17:06:56+00:00","description":"\u4fdd\u62a4\u533a\u5360\u5730 297 \u516c\u9877\uff0c\u62e5\u6709 3.2 \u516c\u91cc\u957f\u7684\u4f0a\u5df4\u6d85\u65af\u6cb3\uff08Iba\u00f1ez River\uff09\uff0c\u9760\u8fd1\u827e\u68ee\uff08Ays\u00e9n\uff09\u7684\u585e\u7f57\u5361\u65af\u8482\u7565\u56fd\u5bb6\u516c\u56ed\uff08Cerro Castillo National Park\uff09\u3002 \u662f\u751f\u6001\u65c5\u6e38\u6216\u81ea\u7136\u4fdd\u62a4\u7684\u7406\u60f3\u4e4b\u5730\u3002","breadcrumb":{"@id":"https:\/\/produncan.cl\/zh-hans\/\u4ea7\u54c1\/%e4%b8%8a%e9%87%8c%e5%a5%a5%e4%bc%8a%e5%b7%b4%e6%b6%85%e6%96%af%e4%bf%9d%e6%8a%a4%e5%8c%ba-%e8%89%be%e6%a3%ae%e5%a4%a7%e5%8c%ba\/#breadcrumb"},"inLanguage":"zh-CN","potentialAction":[{"@type":"ReadAction","target":["https:\/\/produncan.cl\/zh-hans\/\u4ea7\u54c1\/%e4%b8%8a%e9%87%8c%e5%a5%a5%e4%bc%8a%e5%b7%b4%e6%b6%85%e6%96%af%e4%bf%9d%e6%8a%a4%e5%8c%ba-%e8%89%be%e6%a3%ae%e5%a4%a7%e5%8c%ba\/"]}]},{"@type":"ImageObject","inLanguage":"zh-CN","@id":"https:\/\/produncan.cl\/zh-hans\/\u4ea7\u54c1\/%e4%b8%8a%e9%87%8c%e5%a5%a5%e4%bc%8a%e5%b7%b4%e6%b6%85%e6%96%af%e4%bf%9d%e6%8a%a4%e5%8c%ba-%e8%89%be%e6%a3%ae%e5%a4%a7%e5%8c%ba\/#primaryimage","url":"https:\/\/produncan.cl\/wp-content\/uploads\/2024\/11\/Reserva-Alto-Rio-Ibanez.webp","contentUrl":"https:\/\/produncan.cl\/wp-content\/uploads\/2024\/11\/Reserva-Alto-Rio-Ibanez.webp","width":600,"height":450,"caption":"\u5171\u548c\u56fd"},{"@type":"BreadcrumbList","@id":"https:\/\/produncan.cl\/zh-hans\/\u4ea7\u54c1\/%e4%b8%8a%e9%87%8c%e5%a5%a5%e4%bc%8a%e5%b7%b4%e6%b6%85%e6%96%af%e4%bf%9d%e6%8a%a4%e5%8c%ba-%e8%89%be%e6%a3%ae%e5%a4%a7%e5%8c%ba\/#breadcrumb","itemListElement":[{"@type":"ListItem","position":1,"name":"Inicio","item":"https:\/\/produncan.cl\/zh-hans\/"},{"@type":"ListItem","position":2,"name":"\u7279\u6027","item":"https:\/\/produncan.cl\/propiedades\/"},{"@type":"ListItem","position":3,"name":"\u4fdd\u62a4\u9886\u57df","item":"https:\/\/produncan.cl\/zh-hans\/\u7c7b\u522b\/%e4%bf%9d%e6%8a%a4%e9%a2%86%e5%9f%9f\/"},{"@type":"ListItem","position":4,"name":"\u4e0a\u91cc\u5965\u4f0a\u5df4\u6d85\u65af\u4fdd\u62a4\u533a &#8211; \u827e\u68ee\u5927\u533a"}]},{"@type":"WebSite","@id":"https:\/\/produncan.cl\/zh-hans\/#website","url":"https:\/\/produncan.cl\/zh-hans\/","name":"Produncan","description":"\u6211\u4eec\u966a\u4f34\u60a8\u5b8c\u6210\u60a8\u7684\u4eba\u751f\u5927\u4e8b\uff01","publisher":{"@id":"https:\/\/produncan.cl\/zh-hans\/#organization"},"potentialAction":[{"@type":"SearchAction","target":{"@type":"EntryPoint","urlTemplate":"https:\/\/produncan.cl\/zh-hans\/?s={search_term_string}"},"query-input":{"@type":"PropertyValueSpecification","valueRequired":true,"valueName":"search_term_string"}}],"inLanguage":"zh-CN"},{"@type":"Organization","@id":"https:\/\/produncan.cl\/zh-hans\/#organization","name":"Produncan","url":"https:\/\/produncan.cl\/zh-hans\/","logo":{"@type":"ImageObject","inLanguage":"zh-CN","@id":"https:\/\/produncan.cl\/zh-hans\/#\/schema\/logo\/image\/","url":"https:\/\/produncan.cl\/wp-content\/uploads\/2021\/03\/LOGO.jpeg","contentUrl":"https:\/\/produncan.cl\/wp-content\/uploads\/2021\/03\/LOGO.jpeg","width":1280,"height":903,"caption":"Produncan"},"image":{"@id":"https:\/\/produncan.cl\/zh-hans\/#\/schema\/logo\/image\/"},"sameAs":["https:\/\/web.facebook.com\/produncanland","https:\/\/www.instagram.com\/pro_duncan\/","https:\/\/www.linkedin.com\/company\/produncan-lands\/","https:\/\/www.youtube.com\/channel\/UCu7N-f3x0svkazD-Eew1-QQ"],"description":"En Produncan somos especialistas en la venta de terrenos en el sur de Chile. Proveemos estancias, campos, parcelas y hoteles.","email":"info@produncan.cl"}]},"og_video":"https:\/\/www.youtube.com\/embed\/V5otioOWD_M","og_video_type":"text\/html","og_video_duration":"79","og_video_width":"480","og_video_height":"270","ya_ovs_adult":"false","ya_ovs_upload_date":"2024-11-04T16:52:24+00:00","ya_ovs_allow_embed":"true","product_price_amount":"742600.00","product_price_currency":"USD","og_availability":"instock","product_availability":"instock","product_condition":"new"},"_links":{"self":[{"href":"https:\/\/produncan.cl\/zh-hans\/wp-json\/wp\/v2\/product\/36043","targetHints":{"allow":["GET"]}}],"collection":[{"href":"https:\/\/produncan.cl\/zh-hans\/wp-json\/wp\/v2\/product"}],"about":[{"href":"https:\/\/produncan.cl\/zh-hans\/wp-json\/wp\/v2\/types\/product"}],"version-history":[{"count":2,"href":"https:\/\/produncan.cl\/zh-hans\/wp-json\/wp\/v2\/product\/36043\/revisions"}],"predecessor-version":[{"id":53316,"href":"https:\/\/produncan.cl\/zh-hans\/wp-json\/wp\/v2\/product\/36043\/revisions\/53316"}],"wp:featuredmedia":[{"embeddable":true,"href":"https:\/\/produncan.cl\/zh-hans\/wp-json\/wp\/v2\/media\/35489"}],"wp:attachment":[{"href":"https:\/\/produncan.cl\/zh-hans\/wp-json\/wp\/v2\/media?parent=36043"}],"wp:term":[{"taxonomy":"product_brand","embeddable":true,"href":"https:\/\/produncan.cl\/zh-hans\/wp-json\/wp\/v2\/product_brand?post=36043"},{"taxonomy":"product_cat","embeddable":true,"href":"https:\/\/produncan.cl\/zh-hans\/wp-json\/wp\/v2\/product_cat?post=36043"},{"taxonomy":"product_tag","embeddable":true,"href":"https:\/\/produncan.cl\/zh-hans\/wp-json\/wp\/v2\/product_tag?post=36043"},{"taxonomy":"regiones","embeddable":true,"href":"https:\/\/produncan.cl\/zh-hans\/wp-json\/wp\/v2\/regiones?post=36043"},{"taxonomy":"ciudades","embeddable":true,"href":"https:\/\/produncan.cl\/zh-hans\/wp-json\/wp\/v2\/ciudades?post=36043"}],"curies":[{"name":"wp","href":"https:\/\/api.w.org\/{rel}","templated":true}]}}