{"id":7445,"date":"2021-09-02T12:04:10","date_gmt":"2021-09-02T16:04:10","guid":{"rendered":"https:\/\/produncan.cl\/producto\/%e7%89%b9%e9%b2%81%e8%8c%82%e7%9a%84%e7%94%b0%e9%87%8e\/"},"modified":"2025-08-19T12:20:30","modified_gmt":"2025-08-19T16:20:30","slug":"%e7%89%b9%e9%b2%81%e8%8c%82%e7%9a%84%e7%94%b0%e9%87%8e","status":"publish","type":"product","link":"https:\/\/produncan.cl\/zh-hans\/\u4ea7\u54c1\/%e7%89%b9%e9%b2%81%e8%8c%82%e7%9a%84%e7%94%b0%e9%87%8e\/","title":{"rendered":"\u7530\u5730 33,06ha R\u00edo Bueno &#8211; Trumao, Regi\u00f3n de los R\u00edos"},"content":{"rendered":"\t\t<div data-elementor-type=\"product-post\" data-elementor-id=\"7445\" class=\"elementor elementor-7445 elementor-1583\" data-elementor-post-type=\"product\">\n\t\t\t\t\t\t<section class=\"elementor-section elementor-top-section elementor-element elementor-element-1938012d elementor-section-boxed elementor-section-height-default elementor-section-height-default\" data-id=\"1938012d\" data-element_type=\"section\" data-e-type=\"section\" data-settings=\"{&quot;jet_parallax_layout_list&quot;:[]}\">\n\t\t\t\t\t\t<div class=\"elementor-container elementor-column-gap-default\">\n\t\t\t\t\t<div class=\"elementor-column elementor-col-100 elementor-top-column elementor-element elementor-element-34eb3309\" data-id=\"34eb3309\" data-element_type=\"column\" data-e-type=\"column\">\n\t\t\t<div class=\"elementor-widget-wrap elementor-element-populated\">\n\t\t\t\t\t\t<div class=\"elementor-element elementor-element-1cfd729 elementor-widget elementor-widget-text-editor\" data-id=\"1cfd729\" data-element_type=\"widget\" data-e-type=\"widget\" data-widget_type=\"text-editor.default\">\n\t\t\t\t\t\t\t\t\t<h2>\u667a\u5229\u5357\u90e8\u6700\u7f8e\u4e3d\u7684\u5730\u65b9\u4e4b\u4e00\u7684\u8bfe\u7a0b\uff01<\/h2><p>33.06 \u516c\u9877\u7f8e\u4e3d\u7684\u7530\u91ce\u548c 1.1 \u516c\u91cc\u7684\u6cb3\u5cb8\u3002 \u8be5\u571f\u5730\u4f4d\u4e8e\u5170\u79d1\u6e56\uff08\u9ad8\u5269\u4f59\u4ef7\u503c\uff09\u6c34\u5e73\uff0c\u867d\u7136\u4f4d\u4e8e\u62c9\u4e4c\u5c3c\u7fc1\uff08La Uni\u00f3n\uff09\u671d\u5411\u5927\u6d77\uff0c\u4f4d\u4e8e\u4e00\u4e2a\u540d\u4e3a Trumao \u7684\u533a\u57df\u5185\uff0c\u8be5\u533a\u57df\u975e\u5e38\u7f8e\u4e3d\uff0c\u4ee5\u5176\u5386\u53f2\u3001\u6e7f\u5730\u3001\u7eff\u8272\u5c71\u4e18\u548c\u91cc\u5965\u5e03\u57c3\u8bfa\u6cb3\u7684\u5bbd\u5ea6\u800c\u95fb\u540d\uff0c\u5141\u8bb8\u5411\u4e1c\u822a\u884c\u548c\u5411\u897f\u822a\u884c\u5230\u6cb3\u53e3\u3002<\/p><p>\u4ece\u4e61\u6751\u5230\u897f\u5317\u90e8\uff0c\u60a8\u53ef\u4ee5\u8fdb\u5165 Alerce Costero \u548c Valdivia \u56fd\u5bb6\u516c\u56ed\uff0c\u6240\u6709\u8fd9\u4e9b\u90fd\u671f\u5f85\u7740\u5c1a\u672a\u88ab\u6355\u83b7\u7684\u672a\u6765\u53d1\u5c55\u3002<\/p><p>\u5b83\u8ddd\u79bb\u62c9\u5c24\u5c3c\u7fc1 40 \u5206\u949f\u8def\u7a0b\u3002<\/p><p>\u4eceLa Uni\u00f3n\u5230\u8425\u5730\u524d8\u516c\u91cc\u7684\u9053\u8def\u90fd\u662f\u67cf\u6cb9\u8def\u3002 \u783e\u77f3\u8def\u76ee\u524d\u6b63\u5728\u94fa\u8bbe\u6ca5\u9752\uff0c\u5de5\u7a0b\u7ed3\u675f\u540e\uff0c\u5c06\u53ea\u67092\u516c\u91cc\u7684\u783e\u77f3\u8def\u901a\u5f80\u7530\u91ce\u3002<\/p><p>\u5361\u7eb3\u5c14\u5df4\u970d\u673a\u573a\uff0c\u662f 1 \u5c0f\u65f6 14 \u5206\u949f\u3002 75\u516c\u91cc \u76ae\u4e54\u4f0a\u673a\u573a\u4f4d\u4e8e 139 \u516c\u91cc\uff0c2\uff0c19 \u5c0f\u65f6\u3002 \u5173\u4e8e\u3002 \u8fd9\u6761\u8def\u7ebf\u4e0a\u6709\u4e24\u4e2a\u6536\u8d39\u7ad9\u3002<\/p><p>\u4e0e\u65f6\u95f4\u8868\u7684\u519c\u6751\u8fd0\u52a8\u3002 \u53ef\u4ee5\u4ece La Uni\u00f3n \u6216 Cruce Los Tambores \u4e58\u5750\u51fa\u79df\u8f66\u5230\u8fbe<\/p><p>\u996e\u7528\u6c34\u901a\u8fc7\u90e8\u95e8 APR\u3002 \uff08\u519c\u6751\u996e\u7528\u6c34\u8ba1\u5212\uff09\u3002 \u5b83\u62e5\u6709\u6765\u81ea\u6cb3\u6d41\u7684\u6c34\u6743\uff0c\u6bcf\u79d230\u5347\u3002<\/p><p>\u770b\u5b88\u4eba\u7684\u623f\u5b50\u6709\u57fa\u672c\u7684\u7535\u529b\u8fde\u63a5\u548c\u7535\u5854\u3002<\/p><p>\u4e61\u6751\u5f0f\u56f4\u680f\uff0c\uff08\u6808\u548c\u94c1\u4e1d\u7f51\uff09<\/p><p>\u60a8\u53ef\u4ee5\u7ec6\u5206\uff0c\u56e0\u4e3a\u5b83\u662f\u519c\u4e1a\u8d22\u4ea7\uff0c\u6700\u5c0f\u7ec6\u5206\u4e3a 5,000 Mts\u3002<\/p><p>\u6709\u6cc9\u6c34\u6216\u5176\u4ed6\u6c34\u9053\u5417\uff1f \u662f\u7684\uff0c\u6d41\u5165\u5e03\u57c3\u8bfa\u6cb3\u7684\u4f0a\u5e93\u57c3\u6cb3\uff0c\u8fd9\u6761\u6cb3\u4e5f\u5728\u7530\u91ce\u5185\u751f\u6210\u4e86\u4e00\u7247\u6e7f\u5730\uff0c\u8fd9\u4f7f\u5f97\u8fd9\u91cc\u52a8\u690d\u7269\u4e30\u5bcc\u3002<\/p><p>\u4e61\u6751\u5730\u533a\u6709\u4e00\u4e9b\u5e73\u5766\u7684\u4e18\u9675\u5730\u5e26\uff0c\u4e00\u76f4\u5ef6\u4f38\u5230\u6cb3\u8fb9\u3002<\/p><p>\u6709\u6ca1\u6709\u5185\u90e8\u9053\u8def\uff0c\u4ec0\u4e48\u6837\u7684\uff1f \u662f\u7684\uff0c\u76f4\u5230\u6cb3\u5cb8\u90fd\u662f\u788e\u77f3\u3002<\/p>\t\t\t\t\t\t\t\t<\/div>\n\t\t\t\t\t<\/div>\n\t\t<\/div>\n\t\t\t\t\t<\/div>\n\t\t<\/section>\n\t\t\t\t<\/div>\n\t\t","protected":false},"excerpt":{"rendered":"<p>\u4f4d\u4e8e\u7279\u9c81\u9a6c\u5965\u9644\u8fd1\uff0c\u8ddd\u79bb\u5e03\u57c3\u8bfa\u6cb3\u5cb81.1\u516c\u91cc\u5904\u7684\u7530\u91ce\u3002 \u4ea4\u901a\u4fbf\u5229\uff0c\u6709\u7535\uff0c\u6709\u6c34\u6743\uff0c\u4e3b\u8981\u662f\u8349\u5730\u548c\u6e7f\u5730\u3002<\/p>\n","protected":false},"featured_media":29063,"template":"","meta":{"_acf_changed":false},"product_brand":[],"product_cat":[108],"product_tag":[241,239],"regiones":[226],"ciudades":[215],"class_list":{"0":"post-7445","1":"product","2":"type-product","3":"status-publish","4":"has-post-thumbnail","6":"product_cat-108","7":"product_tag-241","8":"product_tag-239","9":"regiones-nuble-los_lagos","10":"ciudades-la-union","12":"first","13":"outofstock","14":"sold-individually","15":"shipping-taxable","16":"product-type-simple"},"acf":[],"yoast_head":"<!-- This site is optimized with the Yoast SEO Premium plugin v26.0 (Yoast SEO v27.3) - https:\/\/yoast.com\/product\/yoast-seo-premium-wordpress\/ -->\n<title>\u7530\u5730 33,06ha R\u00edo Bueno - Trumao, Regi\u00f3n de los R\u00edos - \u751f\u4ea7<\/title>\n<meta name=\"description\" content=\"\u5360\u5730 33,06 \u516c\u9877\uff0c\u6cb3\u5cb8\u957f 1.1 \u516c\u91cc\uff0c\u4f4d\u4e8e\u62c9\u4e4c\u5c3c\u7fc1\u5411\u74e6\u5c14\u8fea\u7ef4\u4e9a\u6d77\u5cb8\u4fdd\u62a4\u533a\u65b9\u5411\uff0c\u5728\u4e00\u4e2a\u540d\u4e3a\u7279\u9c81\u6bdb\u7684\u533a\u57df\u5185\u3002\" \/>\n<meta name=\"robots\" content=\"index, follow, max-snippet:-1, max-image-preview:large, max-video-preview:-1\" \/>\n<link rel=\"canonical\" href=\"https:\/\/produncan.cl\/zh-hans\/\u4ea7\u54c1\/%e7%89%b9%e9%b2%81%e8%8c%82%e7%9a%84%e7%94%b0%e9%87%8e\/\" \/>\n<meta property=\"og:locale\" content=\"zh_CN\" \/>\n<meta property=\"og:type\" content=\"article\" \/>\n<meta property=\"og:title\" content=\"\u7530\u5730 33,06ha R\u00edo Bueno - Trumao, Regi\u00f3n de los R\u00edos\" \/>\n<meta property=\"og:description\" content=\"\u5360\u5730 33,06 \u516c\u9877\uff0c\u6cb3\u5cb8\u957f 1.1 \u516c\u91cc\uff0c\u4f4d\u4e8e\u62c9\u4e4c\u5c3c\u7fc1\u5411\u74e6\u5c14\u8fea\u7ef4\u4e9a\u6d77\u5cb8\u4fdd\u62a4\u533a\u65b9\u5411\uff0c\u5728\u4e00\u4e2a\u540d\u4e3a\u7279\u9c81\u6bdb\u7684\u533a\u57df\u5185\u3002\" \/>\n<meta property=\"og:url\" content=\"https:\/\/produncan.cl\/zh-hans\/\u4ea7\u54c1\/%e7%89%b9%e9%b2%81%e8%8c%82%e7%9a%84%e7%94%b0%e9%87%8e\/\" \/>\n<meta property=\"og:site_name\" content=\"\u751f\u4ea7\" \/>\n<meta property=\"article:publisher\" content=\"https:\/\/web.facebook.com\/produncanland\" \/>\n<meta property=\"article:modified_time\" content=\"2025-08-19T16:20:30+00:00\" \/>\n<meta property=\"og:image\" content=\"https:\/\/produncan.cl\/wp-content\/uploads\/2023\/09\/Campo-Rio-Bueno-Vendido.webp\" \/>\n\t<meta property=\"og:image:width\" content=\"600\" \/>\n\t<meta property=\"og:image:height\" content=\"450\" \/>\n\t<meta property=\"og:image:type\" content=\"image\/webp\" \/>\n<meta name=\"twitter:card\" content=\"summary_large_image\" \/>\n<meta name=\"twitter:label1\" content=\"Price\" \/>\n\t<meta name=\"twitter:data1\" content=\"\" \/>\n\t<meta name=\"twitter:label2\" content=\"Availability\" \/>\n\t<meta name=\"twitter:data2\" content=\"Out of stock\" \/>\n<script type=\"application\/ld+json\" class=\"yoast-schema-graph\">{\"@context\":\"https:\\\/\\\/schema.org\",\"@graph\":[{\"@type\":\"WebPage\",\"@id\":\"https:\\\/\\\/produncan.cl\\\/zh-hans\\\/\u4ea7\u54c1\\\/%e7%89%b9%e9%b2%81%e8%8c%82%e7%9a%84%e7%94%b0%e9%87%8e\\\/\",\"url\":\"https:\\\/\\\/produncan.cl\\\/zh-hans\\\/\u4ea7\u54c1\\\/%e7%89%b9%e9%b2%81%e8%8c%82%e7%9a%84%e7%94%b0%e9%87%8e\\\/\",\"name\":\"\u7530\u5730 33,06ha R\u00edo Bueno - Trumao, Regi\u00f3n de los R\u00edos - \u751f\u4ea7\",\"isPartOf\":{\"@id\":\"https:\\\/\\\/produncan.cl\\\/zh-hans\\\/#website\"},\"primaryImageOfPage\":{\"@id\":\"https:\\\/\\\/produncan.cl\\\/zh-hans\\\/\u4ea7\u54c1\\\/%e7%89%b9%e9%b2%81%e8%8c%82%e7%9a%84%e7%94%b0%e9%87%8e\\\/#primaryimage\"},\"image\":{\"@id\":\"https:\\\/\\\/produncan.cl\\\/zh-hans\\\/\u4ea7\u54c1\\\/%e7%89%b9%e9%b2%81%e8%8c%82%e7%9a%84%e7%94%b0%e9%87%8e\\\/#primaryimage\"},\"thumbnailUrl\":\"https:\\\/\\\/produncan.cl\\\/wp-content\\\/uploads\\\/2023\\\/09\\\/Campo-Rio-Bueno-Vendido.webp\",\"datePublished\":\"2021-09-02T16:04:10+00:00\",\"dateModified\":\"2025-08-19T16:20:30+00:00\",\"description\":\"\u5360\u5730 33,06 \u516c\u9877\uff0c\u6cb3\u5cb8\u957f 1.1 \u516c\u91cc\uff0c\u4f4d\u4e8e\u62c9\u4e4c\u5c3c\u7fc1\u5411\u74e6\u5c14\u8fea\u7ef4\u4e9a\u6d77\u5cb8\u4fdd\u62a4\u533a\u65b9\u5411\uff0c\u5728\u4e00\u4e2a\u540d\u4e3a\u7279\u9c81\u6bdb\u7684\u533a\u57df\u5185\u3002\",\"breadcrumb\":{\"@id\":\"https:\\\/\\\/produncan.cl\\\/zh-hans\\\/\u4ea7\u54c1\\\/%e7%89%b9%e9%b2%81%e8%8c%82%e7%9a%84%e7%94%b0%e9%87%8e\\\/#breadcrumb\"},\"inLanguage\":\"zh-CN\",\"potentialAction\":[{\"@type\":\"ReadAction\",\"target\":[\"https:\\\/\\\/produncan.cl\\\/zh-hans\\\/\u4ea7\u54c1\\\/%e7%89%b9%e9%b2%81%e8%8c%82%e7%9a%84%e7%94%b0%e9%87%8e\\\/\"]}]},{\"@type\":\"ImageObject\",\"inLanguage\":\"zh-CN\",\"@id\":\"https:\\\/\\\/produncan.cl\\\/zh-hans\\\/\u4ea7\u54c1\\\/%e7%89%b9%e9%b2%81%e8%8c%82%e7%9a%84%e7%94%b0%e9%87%8e\\\/#primaryimage\",\"url\":\"https:\\\/\\\/produncan.cl\\\/wp-content\\\/uploads\\\/2023\\\/09\\\/Campo-Rio-Bueno-Vendido.webp\",\"contentUrl\":\"https:\\\/\\\/produncan.cl\\\/wp-content\\\/uploads\\\/2023\\\/09\\\/Campo-Rio-Bueno-Vendido.webp\",\"width\":600,\"height\":450},{\"@type\":\"BreadcrumbList\",\"@id\":\"https:\\\/\\\/produncan.cl\\\/zh-hans\\\/\u4ea7\u54c1\\\/%e7%89%b9%e9%b2%81%e8%8c%82%e7%9a%84%e7%94%b0%e9%87%8e\\\/#breadcrumb\",\"itemListElement\":[{\"@type\":\"ListItem\",\"position\":1,\"name\":\"Inicio\",\"item\":\"https:\\\/\\\/produncan.cl\\\/zh-hans\\\/\"},{\"@type\":\"ListItem\",\"position\":2,\"name\":\"\u7279\u6027\",\"item\":\"https:\\\/\\\/produncan.cl\\\/propiedades\\\/\"},{\"@type\":\"ListItem\",\"position\":3,\"name\":\"\u5b57\u6bb5\",\"item\":\"https:\\\/\\\/produncan.cl\\\/zh-hans\\\/\u7c7b\u522b\\\/%e5%ad%97%e6%ae%b5\\\/\"},{\"@type\":\"ListItem\",\"position\":4,\"name\":\"\u7530\u5730 33,06ha R\u00edo Bueno &#8211; Trumao, Regi\u00f3n de los R\u00edos\"}]},{\"@type\":\"WebSite\",\"@id\":\"https:\\\/\\\/produncan.cl\\\/zh-hans\\\/#website\",\"url\":\"https:\\\/\\\/produncan.cl\\\/zh-hans\\\/\",\"name\":\"Produncan\",\"description\":\"\u6211\u4eec\u966a\u4f34\u60a8\u5b8c\u6210\u60a8\u7684\u4eba\u751f\u5927\u4e8b\uff01\",\"publisher\":{\"@id\":\"https:\\\/\\\/produncan.cl\\\/zh-hans\\\/#organization\"},\"potentialAction\":[{\"@type\":\"SearchAction\",\"target\":{\"@type\":\"EntryPoint\",\"urlTemplate\":\"https:\\\/\\\/produncan.cl\\\/zh-hans\\\/?s={search_term_string}\"},\"query-input\":{\"@type\":\"PropertyValueSpecification\",\"valueRequired\":true,\"valueName\":\"search_term_string\"}}],\"inLanguage\":\"zh-CN\"},{\"@type\":\"Organization\",\"@id\":\"https:\\\/\\\/produncan.cl\\\/zh-hans\\\/#organization\",\"name\":\"Produncan\",\"url\":\"https:\\\/\\\/produncan.cl\\\/zh-hans\\\/\",\"logo\":{\"@type\":\"ImageObject\",\"inLanguage\":\"zh-CN\",\"@id\":\"https:\\\/\\\/produncan.cl\\\/zh-hans\\\/#\\\/schema\\\/logo\\\/image\\\/\",\"url\":\"https:\\\/\\\/produncan.cl\\\/wp-content\\\/uploads\\\/2021\\\/03\\\/LOGO.jpeg\",\"contentUrl\":\"https:\\\/\\\/produncan.cl\\\/wp-content\\\/uploads\\\/2021\\\/03\\\/LOGO.jpeg\",\"width\":1280,\"height\":903,\"caption\":\"Produncan\"},\"image\":{\"@id\":\"https:\\\/\\\/produncan.cl\\\/zh-hans\\\/#\\\/schema\\\/logo\\\/image\\\/\"},\"sameAs\":[\"https:\\\/\\\/web.facebook.com\\\/produncanland\",\"https:\\\/\\\/www.instagram.com\\\/pro_duncan\\\/\",\"https:\\\/\\\/www.linkedin.com\\\/company\\\/produncan-lands\\\/\",\"https:\\\/\\\/www.youtube.com\\\/channel\\\/UCu7N-f3x0svkazD-Eew1-QQ\"],\"description\":\"En Produncan somos especialistas en la venta de terrenos en el sur de Chile. Proveemos estancias, campos, parcelas y hoteles.\",\"email\":\"info@produncan.cl\"}]}<\/script>\n<meta property=\"og:video\" content=\"https:\/\/www.youtube.com\/embed\/TEg8m2tj750\" \/>\n<meta property=\"og:video:type\" content=\"text\/html\" \/>\n<meta property=\"og:video:duration\" content=\"61\" \/>\n<meta property=\"og:video:width\" content=\"480\" \/>\n<meta property=\"og:video:height\" content=\"360\" \/>\n<meta property=\"ya:ovs:adult\" content=\"false\" \/>\n<meta property=\"ya:ovs:upload_date\" content=\"2021-09-02T16:04:10+00:00\" \/>\n<meta property=\"ya:ovs:allow_embed\" content=\"true\" \/>\n<meta property=\"product:price:currency\" content=\"USD\" \/>\n<meta property=\"og:availability\" content=\"out of stock\" \/>\n<meta property=\"product:availability\" content=\"out of stock\" \/>\n<meta property=\"product:condition\" content=\"new\" \/>\n<!-- \/ Yoast SEO Premium plugin. -->","yoast_head_json":{"title":"\u7530\u5730 33,06ha R\u00edo Bueno - Trumao, Regi\u00f3n de los R\u00edos - \u751f\u4ea7","description":"\u5360\u5730 33,06 \u516c\u9877\uff0c\u6cb3\u5cb8\u957f 1.1 \u516c\u91cc\uff0c\u4f4d\u4e8e\u62c9\u4e4c\u5c3c\u7fc1\u5411\u74e6\u5c14\u8fea\u7ef4\u4e9a\u6d77\u5cb8\u4fdd\u62a4\u533a\u65b9\u5411\uff0c\u5728\u4e00\u4e2a\u540d\u4e3a\u7279\u9c81\u6bdb\u7684\u533a\u57df\u5185\u3002","robots":{"index":"index","follow":"follow","max-snippet":"max-snippet:-1","max-image-preview":"max-image-preview:large","max-video-preview":"max-video-preview:-1"},"canonical":"https:\/\/produncan.cl\/zh-hans\/\u4ea7\u54c1\/%e7%89%b9%e9%b2%81%e8%8c%82%e7%9a%84%e7%94%b0%e9%87%8e\/","og_locale":"zh_CN","og_type":"article","og_title":"\u7530\u5730 33,06ha R\u00edo Bueno - Trumao, Regi\u00f3n de los R\u00edos","og_description":"\u5360\u5730 33,06 \u516c\u9877\uff0c\u6cb3\u5cb8\u957f 1.1 \u516c\u91cc\uff0c\u4f4d\u4e8e\u62c9\u4e4c\u5c3c\u7fc1\u5411\u74e6\u5c14\u8fea\u7ef4\u4e9a\u6d77\u5cb8\u4fdd\u62a4\u533a\u65b9\u5411\uff0c\u5728\u4e00\u4e2a\u540d\u4e3a\u7279\u9c81\u6bdb\u7684\u533a\u57df\u5185\u3002","og_url":"https:\/\/produncan.cl\/zh-hans\/\u4ea7\u54c1\/%e7%89%b9%e9%b2%81%e8%8c%82%e7%9a%84%e7%94%b0%e9%87%8e\/","og_site_name":"\u751f\u4ea7","article_publisher":"https:\/\/web.facebook.com\/produncanland","article_modified_time":"2025-08-19T16:20:30+00:00","og_image":[{"width":600,"height":450,"url":"https:\/\/produncan.cl\/wp-content\/uploads\/2023\/09\/Campo-Rio-Bueno-Vendido.webp","type":"image\/webp"}],"twitter_card":"summary_large_image","twitter_misc":{"Price":"","Availability":"Out of stock"},"schema":{"@context":"https:\/\/schema.org","@graph":[{"@type":"WebPage","@id":"https:\/\/produncan.cl\/zh-hans\/\u4ea7\u54c1\/%e7%89%b9%e9%b2%81%e8%8c%82%e7%9a%84%e7%94%b0%e9%87%8e\/","url":"https:\/\/produncan.cl\/zh-hans\/\u4ea7\u54c1\/%e7%89%b9%e9%b2%81%e8%8c%82%e7%9a%84%e7%94%b0%e9%87%8e\/","name":"\u7530\u5730 33,06ha R\u00edo Bueno - Trumao, Regi\u00f3n de los R\u00edos - \u751f\u4ea7","isPartOf":{"@id":"https:\/\/produncan.cl\/zh-hans\/#website"},"primaryImageOfPage":{"@id":"https:\/\/produncan.cl\/zh-hans\/\u4ea7\u54c1\/%e7%89%b9%e9%b2%81%e8%8c%82%e7%9a%84%e7%94%b0%e9%87%8e\/#primaryimage"},"image":{"@id":"https:\/\/produncan.cl\/zh-hans\/\u4ea7\u54c1\/%e7%89%b9%e9%b2%81%e8%8c%82%e7%9a%84%e7%94%b0%e9%87%8e\/#primaryimage"},"thumbnailUrl":"https:\/\/produncan.cl\/wp-content\/uploads\/2023\/09\/Campo-Rio-Bueno-Vendido.webp","datePublished":"2021-09-02T16:04:10+00:00","dateModified":"2025-08-19T16:20:30+00:00","description":"\u5360\u5730 33,06 \u516c\u9877\uff0c\u6cb3\u5cb8\u957f 1.1 \u516c\u91cc\uff0c\u4f4d\u4e8e\u62c9\u4e4c\u5c3c\u7fc1\u5411\u74e6\u5c14\u8fea\u7ef4\u4e9a\u6d77\u5cb8\u4fdd\u62a4\u533a\u65b9\u5411\uff0c\u5728\u4e00\u4e2a\u540d\u4e3a\u7279\u9c81\u6bdb\u7684\u533a\u57df\u5185\u3002","breadcrumb":{"@id":"https:\/\/produncan.cl\/zh-hans\/\u4ea7\u54c1\/%e7%89%b9%e9%b2%81%e8%8c%82%e7%9a%84%e7%94%b0%e9%87%8e\/#breadcrumb"},"inLanguage":"zh-CN","potentialAction":[{"@type":"ReadAction","target":["https:\/\/produncan.cl\/zh-hans\/\u4ea7\u54c1\/%e7%89%b9%e9%b2%81%e8%8c%82%e7%9a%84%e7%94%b0%e9%87%8e\/"]}]},{"@type":"ImageObject","inLanguage":"zh-CN","@id":"https:\/\/produncan.cl\/zh-hans\/\u4ea7\u54c1\/%e7%89%b9%e9%b2%81%e8%8c%82%e7%9a%84%e7%94%b0%e9%87%8e\/#primaryimage","url":"https:\/\/produncan.cl\/wp-content\/uploads\/2023\/09\/Campo-Rio-Bueno-Vendido.webp","contentUrl":"https:\/\/produncan.cl\/wp-content\/uploads\/2023\/09\/Campo-Rio-Bueno-Vendido.webp","width":600,"height":450},{"@type":"BreadcrumbList","@id":"https:\/\/produncan.cl\/zh-hans\/\u4ea7\u54c1\/%e7%89%b9%e9%b2%81%e8%8c%82%e7%9a%84%e7%94%b0%e9%87%8e\/#breadcrumb","itemListElement":[{"@type":"ListItem","position":1,"name":"Inicio","item":"https:\/\/produncan.cl\/zh-hans\/"},{"@type":"ListItem","position":2,"name":"\u7279\u6027","item":"https:\/\/produncan.cl\/propiedades\/"},{"@type":"ListItem","position":3,"name":"\u5b57\u6bb5","item":"https:\/\/produncan.cl\/zh-hans\/\u7c7b\u522b\/%e5%ad%97%e6%ae%b5\/"},{"@type":"ListItem","position":4,"name":"\u7530\u5730 33,06ha R\u00edo Bueno &#8211; Trumao, Regi\u00f3n de los R\u00edos"}]},{"@type":"WebSite","@id":"https:\/\/produncan.cl\/zh-hans\/#website","url":"https:\/\/produncan.cl\/zh-hans\/","name":"Produncan","description":"\u6211\u4eec\u966a\u4f34\u60a8\u5b8c\u6210\u60a8\u7684\u4eba\u751f\u5927\u4e8b\uff01","publisher":{"@id":"https:\/\/produncan.cl\/zh-hans\/#organization"},"potentialAction":[{"@type":"SearchAction","target":{"@type":"EntryPoint","urlTemplate":"https:\/\/produncan.cl\/zh-hans\/?s={search_term_string}"},"query-input":{"@type":"PropertyValueSpecification","valueRequired":true,"valueName":"search_term_string"}}],"inLanguage":"zh-CN"},{"@type":"Organization","@id":"https:\/\/produncan.cl\/zh-hans\/#organization","name":"Produncan","url":"https:\/\/produncan.cl\/zh-hans\/","logo":{"@type":"ImageObject","inLanguage":"zh-CN","@id":"https:\/\/produncan.cl\/zh-hans\/#\/schema\/logo\/image\/","url":"https:\/\/produncan.cl\/wp-content\/uploads\/2021\/03\/LOGO.jpeg","contentUrl":"https:\/\/produncan.cl\/wp-content\/uploads\/2021\/03\/LOGO.jpeg","width":1280,"height":903,"caption":"Produncan"},"image":{"@id":"https:\/\/produncan.cl\/zh-hans\/#\/schema\/logo\/image\/"},"sameAs":["https:\/\/web.facebook.com\/produncanland","https:\/\/www.instagram.com\/pro_duncan\/","https:\/\/www.linkedin.com\/company\/produncan-lands\/","https:\/\/www.youtube.com\/channel\/UCu7N-f3x0svkazD-Eew1-QQ"],"description":"En Produncan somos especialistas en la venta de terrenos en el sur de Chile. Proveemos estancias, campos, parcelas y hoteles.","email":"info@produncan.cl"}]},"og_video":"https:\/\/www.youtube.com\/embed\/TEg8m2tj750","og_video_type":"text\/html","og_video_duration":"61","og_video_width":"480","og_video_height":"360","ya_ovs_adult":"false","ya_ovs_upload_date":"2021-09-02T16:04:10+00:00","ya_ovs_allow_embed":"true","product_price_currency":"USD","og_availability":"out of stock","product_availability":"out of stock","product_condition":"new"},"_links":{"self":[{"href":"https:\/\/produncan.cl\/zh-hans\/wp-json\/wp\/v2\/product\/7445","targetHints":{"allow":["GET"]}}],"collection":[{"href":"https:\/\/produncan.cl\/zh-hans\/wp-json\/wp\/v2\/product"}],"about":[{"href":"https:\/\/produncan.cl\/zh-hans\/wp-json\/wp\/v2\/types\/product"}],"version-history":[{"count":0,"href":"https:\/\/produncan.cl\/zh-hans\/wp-json\/wp\/v2\/product\/7445\/revisions"}],"wp:featuredmedia":[{"embeddable":true,"href":"https:\/\/produncan.cl\/zh-hans\/wp-json\/wp\/v2\/media\/29063"}],"wp:attachment":[{"href":"https:\/\/produncan.cl\/zh-hans\/wp-json\/wp\/v2\/media?parent=7445"}],"wp:term":[{"taxonomy":"product_brand","embeddable":true,"href":"https:\/\/produncan.cl\/zh-hans\/wp-json\/wp\/v2\/product_brand?post=7445"},{"taxonomy":"product_cat","embeddable":true,"href":"https:\/\/produncan.cl\/zh-hans\/wp-json\/wp\/v2\/product_cat?post=7445"},{"taxonomy":"product_tag","embeddable":true,"href":"https:\/\/produncan.cl\/zh-hans\/wp-json\/wp\/v2\/product_tag?post=7445"},{"taxonomy":"regiones","embeddable":true,"href":"https:\/\/produncan.cl\/zh-hans\/wp-json\/wp\/v2\/regiones?post=7445"},{"taxonomy":"ciudades","embeddable":true,"href":"https:\/\/produncan.cl\/zh-hans\/wp-json\/wp\/v2\/ciudades?post=7445"}],"curies":[{"name":"wp","href":"https:\/\/api.w.org\/{rel}","templated":true}]}}