{"id":7584,"date":"2021-05-06T12:24:44","date_gmt":"2021-05-06T16:24:44","guid":{"rendered":"https:\/\/produncan.cl\/producto\/el-manio-fresia-%e7%90%83%e5%9c%ba\/"},"modified":"2025-08-07T16:52:58","modified_gmt":"2025-08-07T20:52:58","slug":"%e8%8f%b2%e5%b0%94%e5%be%b7%e9%a9%ac%e5%b0%bc%e5%a5%a5%e5%bc%97%e9%9b%b7%e8%a5%bf%e4%ba%9a","status":"publish","type":"product","link":"https:\/\/produncan.cl\/zh-hans\/\u4ea7\u54c1\/%e8%8f%b2%e5%b0%94%e5%be%b7%e9%a9%ac%e5%b0%bc%e5%a5%a5%e5%bc%97%e9%9b%b7%e8%a5%bf%e4%ba%9a\/","title":{"rendered":"&#8220;Campo 40ha El Ma\u00f1io Fresia &#8211; Regi\u00f3n de los Lagos&#8221; en chino simplificado (manteniendo el formato original) ser\u00eda:\n\n&#8220;Campo 40ha El Ma\u00f1io Fresia &#8211; \u6e56\u533a&#8221;"},"content":{"rendered":"<p><span style=\"color: #fb1212;\"><a style=\"color: #fb1212;\" href=\"https:\/\/www.instagram.com\/tv\/COqtxp-nJJW\/?hl=es-la\" target=\"_blank\" rel=\"noopener\">\u5728INSTAGRAM\u4e0a\u89c2\u770b\u89c6\u9891<\/a><\/span><\/p>\n<h2>\u8fd9\u4e2a 40 \u516c\u9877\u7684\u573a\u5730\u914d\u5907\u9f50\u5168\uff0c\u60a8\u53ef\u4ee5\u7acb\u5373\u5b89\u987f\u4e0b\u6765\uff01<\/h2>\n<p>\u5b83\u4f4d\u4e8e\u5df4\u62c9\u65af\u6e2f\u4ee5\u897f 1 \u5c0f\u65f6\u8f66\u7a0b\u5904\uff0c\u60a8\u53ef\u4ee5\u4ece Estaci\u00f3n R\u00edo Frio\u3001Los Muermos \u6216 Fresia \u901a\u8fc7\u8ddd\u79bb\u8be5\u5730\u70b9 5 \u516c\u91cc\u7684\u94fa\u780c\u9053\u8def\u8fdb\u5165\u3002 \u7136\u540e\uff0c\u60a8\u5fc5\u987b\u6cbf\u7740\u788e\u77f3\u8def\u7ee7\u7eed\u524d\u8fdb\uff0c\u72b6\u51b5\u826f\u597d\uff0c\u5f88\u5feb\u5c31\u4f1a\u5927\u90e8\u5206\u94fa\u597d\u3002<\/p>\n<p>\u8be5\u573a\u670966\u5e73\u65b9\u7c73\u7684\u843d\u53f6\u677e\u74e6\u623f\uff0c42\u5e73\u65b9\u7c73\u7684\u5c0f\u5c4b\uff0c\u4e24\u4e2a\u5206\u522b\u4e3a105\u5e73\u65b9\u7c73\u548c48\u5e73\u65b9\u7c73\u7684\u68da\u5c4b\uff0c\u4e00\u4e2a24\u5e73\u65b9\u7c73\u7684\u4ed3\u5e93\uff0c\u4e00\u4e2a\u5c0f\u52a8\u7269\u56f4\u680f\u548c\u4e00\u4e2a\u6e29\u5ba4\u3002<\/p>\n<p>\u7535\u529b\u5230\u8fbe\u623f\u5b50\uff0c\u5b83\u6709\u6cc9\u6c34\uff0c\u5468\u56f4 \u00be \u90e8\u5206\u7684\u6cb3\u53e3\uff0c\u679c\u6811\uff1a\u82f9\u679c\u6811\uff0c\u674e\u5b50\u6811\uff0c\u6a31\u6843\u6811\u548c\u9178\u6a31\u6843\uff0c\u8349\u539f\u6bd4\u4f8b 50% &#8211; 50% \u7684\u539f\u751f\u6811\u6728\uff0c\u98ce\u666f\u4f18\u7f8e\u5f80 Estaci\u00f3n R\u00edo Frio \u548c Los Muermos\u3002<br \/>\n\u8fd9\u4e9b\u68ee\u6797\u662fCanelo\u3001Ciruelillo\u3001Rodal\u3001Ulmo\u3001Arrayan\u3001Luma\u3001Meli\u3001Lingue\u3001Tepa\u548cMa\u00f1\u00edo\u3002<\/p>\n<p>\u9644\u8fd1\u6709\u90ae\u5c40\u3001\u8ff7\u4f60\u5e02\u573a\u3001\u5b66\u6821\u548c\u6559\u5802\u3002 \u5728\u5176\u6d77\u5cb8\uff0c\u60a8\u53ef\u4ee5\u524d\u5f80\u5982 Llico Bajo \u6c34\u7597\u4e2d\u5fc3\u3001Puerto Godoy\u3001Quenir \u548c Caleta Estaquilla \u7b49\u5929\u5802\u822c\u7684\u5730\u65b9\u3002<br \/>\n\u5b8f\u4f1f\u9879\u76ee\u7684\u7edd\u4f73\u53bb\u5904\uff01<\/p>\n","protected":false},"excerpt":{"rendered":"<p>&#8220;\u9760\u8fd1\u91cc\u5965\u5f17\u91cc\u5965\u7ad9\u7684\u7530\u91ce\u3002\u8bbe\u5907\u9f50\u5168\u3002\u5168\u666f\u89c6\u56fe\u3002&#8221;<\/p>\n","protected":false},"featured_media":4003,"template":"","meta":{"_acf_changed":false},"product_brand":[],"product_cat":[108],"product_tag":[],"regiones":[226],"ciudades":[],"class_list":{"0":"post-7584","1":"product","2":"type-product","3":"status-publish","4":"has-post-thumbnail","6":"product_cat-108","7":"regiones-nuble-los_lagos","9":"first","10":"outofstock","11":"sold-individually","12":"shipping-taxable","13":"purchasable","14":"product-type-simple"},"acf":[],"yoast_head":"<!-- This site is optimized with the Yoast SEO Premium plugin v26.0 (Yoast SEO v27.4) - https:\/\/yoast.com\/product\/yoast-seo-premium-wordpress\/ -->\n<title>&quot;Campo El Ma\u00f1\u00edo Fresia - Regi\u00f3n de Los Lagos - Produncan&quot; en chino simplificado es: &quot;Campo El Ma\u00f1\u00edo Fresia - Regi\u00f3n de Los Lagos - Produncan&quot;<\/title>\n<meta name=\"description\" content=\"&quot;\u8fd9\u4e2a\u4f4d\u4e8eLos Lagos\u7684Estaci\u00f3n R\u00edo Frio\u9644\u8fd1\u768440\u516c\u9877\u7684\u7530\u5730\uff0c\u5b8c\u5168\u914d\u5907\u9f50\u5168\uff0c\u65b9\u4fbf\u60a8\u7acb\u5373\u5165\u4f4f\u3002&quot;\" \/>\n<meta name=\"robots\" content=\"index, follow, max-snippet:-1, max-image-preview:large, max-video-preview:-1\" \/>\n<link rel=\"canonical\" href=\"https:\/\/produncan.cl\/zh-hans\/\u4ea7\u54c1\/%e8%8f%b2%e5%b0%94%e5%be%b7%e9%a9%ac%e5%b0%bc%e5%a5%a5%e5%bc%97%e9%9b%b7%e8%a5%bf%e4%ba%9a\/\" \/>\n<meta property=\"og:locale\" content=\"zh_CN\" \/>\n<meta property=\"og:type\" content=\"article\" \/>\n<meta property=\"og:title\" content=\"&quot;Campo 40ha El Ma\u00f1io Fresia - Regi\u00f3n de los Lagos&quot; en chino simplificado (manteniendo el formato original) ser\u00eda: &quot;Campo 40ha El Ma\u00f1io Fresia - \u6e56\u533a&quot;\" \/>\n<meta property=\"og:description\" content=\"&quot;\u8fd9\u4e2a\u4f4d\u4e8eLos Lagos\u7684Estaci\u00f3n R\u00edo Frio\u9644\u8fd1\u768440\u516c\u9877\u7684\u7530\u5730\uff0c\u5b8c\u5168\u914d\u5907\u9f50\u5168\uff0c\u65b9\u4fbf\u60a8\u7acb\u5373\u5165\u4f4f\u3002&quot;\" \/>\n<meta property=\"og:url\" content=\"https:\/\/produncan.cl\/zh-hans\/\u4ea7\u54c1\/%e8%8f%b2%e5%b0%94%e5%be%b7%e9%a9%ac%e5%b0%bc%e5%a5%a5%e5%bc%97%e9%9b%b7%e8%a5%bf%e4%ba%9a\/\" \/>\n<meta property=\"og:site_name\" content=\"\u751f\u4ea7\" \/>\n<meta property=\"article:publisher\" content=\"https:\/\/web.facebook.com\/produncanland\" \/>\n<meta property=\"article:modified_time\" content=\"2025-08-07T20:52:58+00:00\" \/>\n<meta property=\"og:image\" content=\"https:\/\/produncan.cl\/wp-content\/uploads\/2022\/02\/Campo-El-Manio-Fresia-Vendido.webp\" \/>\n\t<meta property=\"og:image:width\" content=\"300\" \/>\n\t<meta property=\"og:image:height\" content=\"225\" \/>\n\t<meta property=\"og:image:type\" content=\"image\/webp\" \/>\n<meta name=\"twitter:card\" content=\"summary_large_image\" \/>\n<meta name=\"twitter:label1\" content=\"Price\" \/>\n\t<meta name=\"twitter:data1\" content=\"USD315.600,00\" \/>\n\t<meta name=\"twitter:label2\" content=\"Availability\" \/>\n\t<meta name=\"twitter:data2\" content=\"Out of stock\" \/>\n<script type=\"application\/ld+json\" class=\"yoast-schema-graph\">{\"@context\":\"https:\\\/\\\/schema.org\",\"@graph\":[{\"@type\":\"WebPage\",\"@id\":\"https:\\\/\\\/produncan.cl\\\/zh-hans\\\/\u4ea7\u54c1\\\/%e8%8f%b2%e5%b0%94%e5%be%b7%e9%a9%ac%e5%b0%bc%e5%a5%a5%e5%bc%97%e9%9b%b7%e8%a5%bf%e4%ba%9a\\\/\",\"url\":\"https:\\\/\\\/produncan.cl\\\/zh-hans\\\/\u4ea7\u54c1\\\/%e8%8f%b2%e5%b0%94%e5%be%b7%e9%a9%ac%e5%b0%bc%e5%a5%a5%e5%bc%97%e9%9b%b7%e8%a5%bf%e4%ba%9a\\\/\",\"name\":\"\\\"Campo El Ma\u00f1\u00edo Fresia - Regi\u00f3n de Los Lagos - Produncan\\\" en chino simplificado es: \\\"Campo El Ma\u00f1\u00edo Fresia - Regi\u00f3n de Los Lagos - Produncan\\\"\",\"isPartOf\":{\"@id\":\"https:\\\/\\\/produncan.cl\\\/zh-hans\\\/#website\"},\"primaryImageOfPage\":{\"@id\":\"https:\\\/\\\/produncan.cl\\\/zh-hans\\\/\u4ea7\u54c1\\\/%e8%8f%b2%e5%b0%94%e5%be%b7%e9%a9%ac%e5%b0%bc%e5%a5%a5%e5%bc%97%e9%9b%b7%e8%a5%bf%e4%ba%9a\\\/#primaryimage\"},\"image\":{\"@id\":\"https:\\\/\\\/produncan.cl\\\/zh-hans\\\/\u4ea7\u54c1\\\/%e8%8f%b2%e5%b0%94%e5%be%b7%e9%a9%ac%e5%b0%bc%e5%a5%a5%e5%bc%97%e9%9b%b7%e8%a5%bf%e4%ba%9a\\\/#primaryimage\"},\"thumbnailUrl\":\"https:\\\/\\\/produncan.cl\\\/wp-content\\\/uploads\\\/2022\\\/02\\\/Campo-El-Manio-Fresia-Vendido.webp\",\"datePublished\":\"2021-05-06T16:24:44+00:00\",\"dateModified\":\"2025-08-07T20:52:58+00:00\",\"description\":\"\\\"\u8fd9\u4e2a\u4f4d\u4e8eLos Lagos\u7684Estaci\u00f3n R\u00edo Frio\u9644\u8fd1\u768440\u516c\u9877\u7684\u7530\u5730\uff0c\u5b8c\u5168\u914d\u5907\u9f50\u5168\uff0c\u65b9\u4fbf\u60a8\u7acb\u5373\u5165\u4f4f\u3002\\\"\",\"breadcrumb\":{\"@id\":\"https:\\\/\\\/produncan.cl\\\/zh-hans\\\/\u4ea7\u54c1\\\/%e8%8f%b2%e5%b0%94%e5%be%b7%e9%a9%ac%e5%b0%bc%e5%a5%a5%e5%bc%97%e9%9b%b7%e8%a5%bf%e4%ba%9a\\\/#breadcrumb\"},\"inLanguage\":\"zh-CN\",\"potentialAction\":[{\"@type\":\"ReadAction\",\"target\":[\"https:\\\/\\\/produncan.cl\\\/zh-hans\\\/\u4ea7\u54c1\\\/%e8%8f%b2%e5%b0%94%e5%be%b7%e9%a9%ac%e5%b0%bc%e5%a5%a5%e5%bc%97%e9%9b%b7%e8%a5%bf%e4%ba%9a\\\/\"]}]},{\"@type\":\"ImageObject\",\"inLanguage\":\"zh-CN\",\"@id\":\"https:\\\/\\\/produncan.cl\\\/zh-hans\\\/\u4ea7\u54c1\\\/%e8%8f%b2%e5%b0%94%e5%be%b7%e9%a9%ac%e5%b0%bc%e5%a5%a5%e5%bc%97%e9%9b%b7%e8%a5%bf%e4%ba%9a\\\/#primaryimage\",\"url\":\"https:\\\/\\\/produncan.cl\\\/wp-content\\\/uploads\\\/2022\\\/02\\\/Campo-El-Manio-Fresia-Vendido.webp\",\"contentUrl\":\"https:\\\/\\\/produncan.cl\\\/wp-content\\\/uploads\\\/2022\\\/02\\\/Campo-El-Manio-Fresia-Vendido.webp\",\"width\":300,\"height\":225,\"caption\":\"El Ma\u00f1\u00edo Field \u5df2\u552e\u51fa\"},{\"@type\":\"BreadcrumbList\",\"@id\":\"https:\\\/\\\/produncan.cl\\\/zh-hans\\\/\u4ea7\u54c1\\\/%e8%8f%b2%e5%b0%94%e5%be%b7%e9%a9%ac%e5%b0%bc%e5%a5%a5%e5%bc%97%e9%9b%b7%e8%a5%bf%e4%ba%9a\\\/#breadcrumb\",\"itemListElement\":[{\"@type\":\"ListItem\",\"position\":1,\"name\":\"Inicio\",\"item\":\"https:\\\/\\\/produncan.cl\\\/zh-hans\\\/\"},{\"@type\":\"ListItem\",\"position\":2,\"name\":\"\u7279\u6027\",\"item\":\"https:\\\/\\\/produncan.cl\\\/propiedades\\\/\"},{\"@type\":\"ListItem\",\"position\":3,\"name\":\"&#8220;Campo 40ha El Ma\u00f1io Fresia &#8211; Regi\u00f3n de los Lagos&#8221; en chino simplificado (manteniendo el formato original) ser\u00eda: &#8220;Campo 40ha El Ma\u00f1io Fresia &#8211; \u6e56\u533a&#8221;\"}]},{\"@type\":\"WebSite\",\"@id\":\"https:\\\/\\\/produncan.cl\\\/zh-hans\\\/#website\",\"url\":\"https:\\\/\\\/produncan.cl\\\/zh-hans\\\/\",\"name\":\"Produncan\",\"description\":\"\u6211\u4eec\u966a\u4f34\u60a8\u5b8c\u6210\u60a8\u7684\u4eba\u751f\u5927\u4e8b\uff01\",\"publisher\":{\"@id\":\"https:\\\/\\\/produncan.cl\\\/zh-hans\\\/#organization\"},\"potentialAction\":[{\"@type\":\"SearchAction\",\"target\":{\"@type\":\"EntryPoint\",\"urlTemplate\":\"https:\\\/\\\/produncan.cl\\\/zh-hans\\\/?s={search_term_string}\"},\"query-input\":{\"@type\":\"PropertyValueSpecification\",\"valueRequired\":true,\"valueName\":\"search_term_string\"}}],\"inLanguage\":\"zh-CN\"},{\"@type\":\"Organization\",\"@id\":\"https:\\\/\\\/produncan.cl\\\/zh-hans\\\/#organization\",\"name\":\"Produncan\",\"url\":\"https:\\\/\\\/produncan.cl\\\/zh-hans\\\/\",\"logo\":{\"@type\":\"ImageObject\",\"inLanguage\":\"zh-CN\",\"@id\":\"https:\\\/\\\/produncan.cl\\\/zh-hans\\\/#\\\/schema\\\/logo\\\/image\\\/\",\"url\":\"https:\\\/\\\/produncan.cl\\\/wp-content\\\/uploads\\\/2021\\\/03\\\/LOGO.jpeg\",\"contentUrl\":\"https:\\\/\\\/produncan.cl\\\/wp-content\\\/uploads\\\/2021\\\/03\\\/LOGO.jpeg\",\"width\":1280,\"height\":903,\"caption\":\"Produncan\"},\"image\":{\"@id\":\"https:\\\/\\\/produncan.cl\\\/zh-hans\\\/#\\\/schema\\\/logo\\\/image\\\/\"},\"sameAs\":[\"https:\\\/\\\/web.facebook.com\\\/produncanland\",\"https:\\\/\\\/www.instagram.com\\\/pro_duncan\\\/\",\"https:\\\/\\\/www.linkedin.com\\\/company\\\/produncan-lands\\\/\",\"https:\\\/\\\/www.youtube.com\\\/channel\\\/UCu7N-f3x0svkazD-Eew1-QQ\"],\"description\":\"En Produncan somos especialistas en la venta de terrenos en el sur de Chile. Proveemos estancias, campos, parcelas y hoteles.\",\"email\":\"info@produncan.cl\"}]}<\/script>\n<meta property=\"og:video\" content=\"https:\/\/www.youtube.com\/embed\/oxvIcb8a2lw\" \/>\n<meta property=\"og:video:type\" content=\"text\/html\" \/>\n<meta property=\"og:video:duration\" content=\"60\" \/>\n<meta property=\"og:video:width\" content=\"480\" \/>\n<meta property=\"og:video:height\" content=\"360\" \/>\n<meta property=\"ya:ovs:adult\" content=\"false\" \/>\n<meta property=\"ya:ovs:upload_date\" content=\"2021-05-06T16:24:44+00:00\" \/>\n<meta property=\"ya:ovs:allow_embed\" content=\"true\" \/>\n<meta property=\"product:price:amount\" content=\"315600.00\" \/>\n<meta property=\"product:price:currency\" content=\"USD\" \/>\n<meta property=\"og:availability\" content=\"out of stock\" \/>\n<meta property=\"product:availability\" content=\"out of stock\" \/>\n<meta property=\"product:condition\" content=\"new\" \/>\n<!-- \/ Yoast SEO Premium plugin. -->","yoast_head_json":{"title":"\"Campo El Ma\u00f1\u00edo Fresia - Regi\u00f3n de Los Lagos - Produncan\" en chino simplificado es: \"Campo El Ma\u00f1\u00edo Fresia - Regi\u00f3n de Los Lagos - Produncan\"","description":"\"\u8fd9\u4e2a\u4f4d\u4e8eLos Lagos\u7684Estaci\u00f3n R\u00edo Frio\u9644\u8fd1\u768440\u516c\u9877\u7684\u7530\u5730\uff0c\u5b8c\u5168\u914d\u5907\u9f50\u5168\uff0c\u65b9\u4fbf\u60a8\u7acb\u5373\u5165\u4f4f\u3002\"","robots":{"index":"index","follow":"follow","max-snippet":"max-snippet:-1","max-image-preview":"max-image-preview:large","max-video-preview":"max-video-preview:-1"},"canonical":"https:\/\/produncan.cl\/zh-hans\/\u4ea7\u54c1\/%e8%8f%b2%e5%b0%94%e5%be%b7%e9%a9%ac%e5%b0%bc%e5%a5%a5%e5%bc%97%e9%9b%b7%e8%a5%bf%e4%ba%9a\/","og_locale":"zh_CN","og_type":"article","og_title":"\"Campo 40ha El Ma\u00f1io Fresia - Regi\u00f3n de los Lagos\" en chino simplificado (manteniendo el formato original) ser\u00eda: \"Campo 40ha El Ma\u00f1io Fresia - \u6e56\u533a\"","og_description":"\"\u8fd9\u4e2a\u4f4d\u4e8eLos Lagos\u7684Estaci\u00f3n R\u00edo Frio\u9644\u8fd1\u768440\u516c\u9877\u7684\u7530\u5730\uff0c\u5b8c\u5168\u914d\u5907\u9f50\u5168\uff0c\u65b9\u4fbf\u60a8\u7acb\u5373\u5165\u4f4f\u3002\"","og_url":"https:\/\/produncan.cl\/zh-hans\/\u4ea7\u54c1\/%e8%8f%b2%e5%b0%94%e5%be%b7%e9%a9%ac%e5%b0%bc%e5%a5%a5%e5%bc%97%e9%9b%b7%e8%a5%bf%e4%ba%9a\/","og_site_name":"\u751f\u4ea7","article_publisher":"https:\/\/web.facebook.com\/produncanland","article_modified_time":"2025-08-07T20:52:58+00:00","og_image":[{"width":300,"height":225,"url":"https:\/\/produncan.cl\/wp-content\/uploads\/2022\/02\/Campo-El-Manio-Fresia-Vendido.webp","type":"image\/webp"}],"twitter_card":"summary_large_image","twitter_misc":{"Price":"USD315.600,00","Availability":"Out of stock"},"schema":{"@context":"https:\/\/schema.org","@graph":[{"@type":"WebPage","@id":"https:\/\/produncan.cl\/zh-hans\/\u4ea7\u54c1\/%e8%8f%b2%e5%b0%94%e5%be%b7%e9%a9%ac%e5%b0%bc%e5%a5%a5%e5%bc%97%e9%9b%b7%e8%a5%bf%e4%ba%9a\/","url":"https:\/\/produncan.cl\/zh-hans\/\u4ea7\u54c1\/%e8%8f%b2%e5%b0%94%e5%be%b7%e9%a9%ac%e5%b0%bc%e5%a5%a5%e5%bc%97%e9%9b%b7%e8%a5%bf%e4%ba%9a\/","name":"\"Campo El Ma\u00f1\u00edo Fresia - Regi\u00f3n de Los Lagos - Produncan\" en chino simplificado es: \"Campo El Ma\u00f1\u00edo Fresia - Regi\u00f3n de Los Lagos - Produncan\"","isPartOf":{"@id":"https:\/\/produncan.cl\/zh-hans\/#website"},"primaryImageOfPage":{"@id":"https:\/\/produncan.cl\/zh-hans\/\u4ea7\u54c1\/%e8%8f%b2%e5%b0%94%e5%be%b7%e9%a9%ac%e5%b0%bc%e5%a5%a5%e5%bc%97%e9%9b%b7%e8%a5%bf%e4%ba%9a\/#primaryimage"},"image":{"@id":"https:\/\/produncan.cl\/zh-hans\/\u4ea7\u54c1\/%e8%8f%b2%e5%b0%94%e5%be%b7%e9%a9%ac%e5%b0%bc%e5%a5%a5%e5%bc%97%e9%9b%b7%e8%a5%bf%e4%ba%9a\/#primaryimage"},"thumbnailUrl":"https:\/\/produncan.cl\/wp-content\/uploads\/2022\/02\/Campo-El-Manio-Fresia-Vendido.webp","datePublished":"2021-05-06T16:24:44+00:00","dateModified":"2025-08-07T20:52:58+00:00","description":"\"\u8fd9\u4e2a\u4f4d\u4e8eLos Lagos\u7684Estaci\u00f3n R\u00edo Frio\u9644\u8fd1\u768440\u516c\u9877\u7684\u7530\u5730\uff0c\u5b8c\u5168\u914d\u5907\u9f50\u5168\uff0c\u65b9\u4fbf\u60a8\u7acb\u5373\u5165\u4f4f\u3002\"","breadcrumb":{"@id":"https:\/\/produncan.cl\/zh-hans\/\u4ea7\u54c1\/%e8%8f%b2%e5%b0%94%e5%be%b7%e9%a9%ac%e5%b0%bc%e5%a5%a5%e5%bc%97%e9%9b%b7%e8%a5%bf%e4%ba%9a\/#breadcrumb"},"inLanguage":"zh-CN","potentialAction":[{"@type":"ReadAction","target":["https:\/\/produncan.cl\/zh-hans\/\u4ea7\u54c1\/%e8%8f%b2%e5%b0%94%e5%be%b7%e9%a9%ac%e5%b0%bc%e5%a5%a5%e5%bc%97%e9%9b%b7%e8%a5%bf%e4%ba%9a\/"]}]},{"@type":"ImageObject","inLanguage":"zh-CN","@id":"https:\/\/produncan.cl\/zh-hans\/\u4ea7\u54c1\/%e8%8f%b2%e5%b0%94%e5%be%b7%e9%a9%ac%e5%b0%bc%e5%a5%a5%e5%bc%97%e9%9b%b7%e8%a5%bf%e4%ba%9a\/#primaryimage","url":"https:\/\/produncan.cl\/wp-content\/uploads\/2022\/02\/Campo-El-Manio-Fresia-Vendido.webp","contentUrl":"https:\/\/produncan.cl\/wp-content\/uploads\/2022\/02\/Campo-El-Manio-Fresia-Vendido.webp","width":300,"height":225,"caption":"El Ma\u00f1\u00edo Field \u5df2\u552e\u51fa"},{"@type":"BreadcrumbList","@id":"https:\/\/produncan.cl\/zh-hans\/\u4ea7\u54c1\/%e8%8f%b2%e5%b0%94%e5%be%b7%e9%a9%ac%e5%b0%bc%e5%a5%a5%e5%bc%97%e9%9b%b7%e8%a5%bf%e4%ba%9a\/#breadcrumb","itemListElement":[{"@type":"ListItem","position":1,"name":"Inicio","item":"https:\/\/produncan.cl\/zh-hans\/"},{"@type":"ListItem","position":2,"name":"\u7279\u6027","item":"https:\/\/produncan.cl\/propiedades\/"},{"@type":"ListItem","position":3,"name":"&#8220;Campo 40ha El Ma\u00f1io Fresia &#8211; Regi\u00f3n de los Lagos&#8221; en chino simplificado (manteniendo el formato original) ser\u00eda: &#8220;Campo 40ha El Ma\u00f1io Fresia &#8211; \u6e56\u533a&#8221;"}]},{"@type":"WebSite","@id":"https:\/\/produncan.cl\/zh-hans\/#website","url":"https:\/\/produncan.cl\/zh-hans\/","name":"Produncan","description":"\u6211\u4eec\u966a\u4f34\u60a8\u5b8c\u6210\u60a8\u7684\u4eba\u751f\u5927\u4e8b\uff01","publisher":{"@id":"https:\/\/produncan.cl\/zh-hans\/#organization"},"potentialAction":[{"@type":"SearchAction","target":{"@type":"EntryPoint","urlTemplate":"https:\/\/produncan.cl\/zh-hans\/?s={search_term_string}"},"query-input":{"@type":"PropertyValueSpecification","valueRequired":true,"valueName":"search_term_string"}}],"inLanguage":"zh-CN"},{"@type":"Organization","@id":"https:\/\/produncan.cl\/zh-hans\/#organization","name":"Produncan","url":"https:\/\/produncan.cl\/zh-hans\/","logo":{"@type":"ImageObject","inLanguage":"zh-CN","@id":"https:\/\/produncan.cl\/zh-hans\/#\/schema\/logo\/image\/","url":"https:\/\/produncan.cl\/wp-content\/uploads\/2021\/03\/LOGO.jpeg","contentUrl":"https:\/\/produncan.cl\/wp-content\/uploads\/2021\/03\/LOGO.jpeg","width":1280,"height":903,"caption":"Produncan"},"image":{"@id":"https:\/\/produncan.cl\/zh-hans\/#\/schema\/logo\/image\/"},"sameAs":["https:\/\/web.facebook.com\/produncanland","https:\/\/www.instagram.com\/pro_duncan\/","https:\/\/www.linkedin.com\/company\/produncan-lands\/","https:\/\/www.youtube.com\/channel\/UCu7N-f3x0svkazD-Eew1-QQ"],"description":"En Produncan somos especialistas en la venta de terrenos en el sur de Chile. Proveemos estancias, campos, parcelas y hoteles.","email":"info@produncan.cl"}]},"og_video":"https:\/\/www.youtube.com\/embed\/oxvIcb8a2lw","og_video_type":"text\/html","og_video_duration":"60","og_video_width":"480","og_video_height":"360","ya_ovs_adult":"false","ya_ovs_upload_date":"2021-05-06T16:24:44+00:00","ya_ovs_allow_embed":"true","product_price_amount":"315600.00","product_price_currency":"USD","og_availability":"out of stock","product_availability":"out of stock","product_condition":"new"},"_links":{"self":[{"href":"https:\/\/produncan.cl\/zh-hans\/wp-json\/wp\/v2\/product\/7584","targetHints":{"allow":["GET"]}}],"collection":[{"href":"https:\/\/produncan.cl\/zh-hans\/wp-json\/wp\/v2\/product"}],"about":[{"href":"https:\/\/produncan.cl\/zh-hans\/wp-json\/wp\/v2\/types\/product"}],"version-history":[{"count":0,"href":"https:\/\/produncan.cl\/zh-hans\/wp-json\/wp\/v2\/product\/7584\/revisions"}],"wp:featuredmedia":[{"embeddable":true,"href":"https:\/\/produncan.cl\/zh-hans\/wp-json\/wp\/v2\/media\/4003"}],"wp:attachment":[{"href":"https:\/\/produncan.cl\/zh-hans\/wp-json\/wp\/v2\/media?parent=7584"}],"wp:term":[{"taxonomy":"product_brand","embeddable":true,"href":"https:\/\/produncan.cl\/zh-hans\/wp-json\/wp\/v2\/product_brand?post=7584"},{"taxonomy":"product_cat","embeddable":true,"href":"https:\/\/produncan.cl\/zh-hans\/wp-json\/wp\/v2\/product_cat?post=7584"},{"taxonomy":"product_tag","embeddable":true,"href":"https:\/\/produncan.cl\/zh-hans\/wp-json\/wp\/v2\/product_tag?post=7584"},{"taxonomy":"regiones","embeddable":true,"href":"https:\/\/produncan.cl\/zh-hans\/wp-json\/wp\/v2\/regiones?post=7584"},{"taxonomy":"ciudades","embeddable":true,"href":"https:\/\/produncan.cl\/zh-hans\/wp-json\/wp\/v2\/ciudades?post=7584"}],"curies":[{"name":"wp","href":"https:\/\/api.w.org\/{rel}","templated":true}]}}