{"id":8583,"date":"2022-11-24T18:57:01","date_gmt":"2022-11-24T21:57:01","guid":{"rendered":"https:\/\/produncan.cl\/producto\/campito-mirador-del-manio-7ha\/"},"modified":"2025-08-19T11:18:00","modified_gmt":"2025-08-19T15:18:00","slug":"campito-mirador-del-manio-7ha","status":"publish","type":"product","link":"https:\/\/produncan.cl\/zh-hans\/\u4ea7\u54c1\/campito-mirador-del-manio-7ha\/","title":{"rendered":"Campito 7ha Mirador del Ma\u00f1\u00edo &#8211; Estaci\u00f3n R\u00edo Fr\u00edo, Regi\u00f3n de los Lagos"},"content":{"rendered":"\t\t<div data-elementor-type=\"product-post\" data-elementor-id=\"8583\" class=\"elementor elementor-8583 elementor-7914\" data-elementor-post-type=\"product\">\n\t\t\t\t\t\t<section class=\"elementor-section elementor-top-section elementor-element elementor-element-24555bf8 elementor-section-boxed elementor-section-height-default elementor-section-height-default\" data-id=\"24555bf8\" data-element_type=\"section\" data-e-type=\"section\" data-settings=\"{&quot;jet_parallax_layout_list&quot;:[]}\">\n\t\t\t\t\t\t<div class=\"elementor-container elementor-column-gap-default\">\n\t\t\t\t\t<div class=\"elementor-column elementor-col-100 elementor-top-column elementor-element elementor-element-d7f9a0\" data-id=\"d7f9a0\" data-element_type=\"column\" data-e-type=\"column\">\n\t\t\t<div class=\"elementor-widget-wrap elementor-element-populated\">\n\t\t\t\t\t\t<div class=\"elementor-element elementor-element-2d8a2f8b elementor-widget elementor-widget-text-editor\" data-id=\"2d8a2f8b\" data-element_type=\"widget\" data-e-type=\"widget\" data-widget_type=\"text-editor.default\">\n\t\t\t\t\t\t\t\t\t<h2>7\u516c\u9877\u7684Campito\uff0c\u98ce\u666f\u4f18\u7f8e\uff0c\u8ddd\u74e6\u62c9\u65af\u6e2f\u4e00\u5c0f\u65f6\u8f66\u7a0b<\/h2><p>\u6211\u4eec\u9080\u8bf7\u60a8\u4e86\u89e3\u8fd9\u4e2a\u5360\u57307\u516c\u9877\u7684\u5c0f\u8425\u5730\uff0c\u6709\u67cf\u6cb9\u8def\u9762\u548c\u7f8e\u5999\u7684\u666f\u8272\uff0c\u8ddd\u79bb\u74e6\u62c9\u65af\u6e2f\u4ee5\u897f\u4ec5\u4e00\u5c0f\u65f6\u8f66\u7a0b\u3002<\/p><p>\u8be5\u7269\u4e1a\u4eceEstaci\u00f3n R\u00edo Frio\u5411\u897f\u8fdb\u5165\uff0c\u901a\u8fc7\u4e00\u6761\u72b6\u51b5\u826f\u597d\u7684\u67cf\u6cb9\u8def\uff0c\u6700\u540e\u7ecf\u8fc7\u51e0\u7c73\u7684\u5730\u5f79\u6743\uff0c\u5728\u90a3\u91cc\u4f1a\u7ecf\u8fc7\u4e00\u5ea7\u98ce\u666f\u5982\u753b\u7684\u5f53\u5730\u6559\u5802\u3002<\/p><p><span style=\"color: var( --e-global-color-text ); font-family: var( --e-global-typography-text-font-family ), Sans-serif; font-weight: var( --e-global-typography-text-font-weight );\">Campito\u4f4d\u4e8e\u6cbf\u6d77\u5c71\u8109\u7684\u8d77\u70b9\uff0c\u9762\u5411\u4e1c\u5317\uff0c\u53ef\u4ee5\u770b\u5230Rio Frio\u7ad9\u3001Puerto Varas\u4ee5\u53caCalbuco\u3001Osorno\u548cPuntiagudo\u7b49\u706b\u5c71\u7684\u7f8e\u4e3d\u666f\u8272\u3002<\/span><\/p><p><span style=\"color: var( --e-global-color-text ); font-family: var( --e-global-typography-text-font-family ), Sans-serif; font-weight: var( --e-global-typography-text-font-weight );\">\u7535\u529b\u7ebf\u7a7f\u8fc7\u8be5\u5730\u4ea7\uff0c\u5b83\u6709\u6765\u81ea3\u4e2a\u6cc9\u773c\u7684\u6c34\uff0c\u5b83\u6709\u4e00\u6761\u590f\u5929\u4e0d\u4f1a\u5e72\u6db8\u7684\u6eaa\u6d41\u3002 \u6b64\u5916\uff0c\u8fd8\u6709\u4e00\u4e2a\u5f88\u597d\u7684\u7535\u8bdd\u4fe1\u53f7\u3002<\/span><\/p><p><span style=\"color: var( --e-global-color-text ); font-family: var( --e-global-typography-text-font-family ), Sans-serif; font-weight: var( --e-global-typography-text-font-weight );\">\u4ece\u574e\u76ae\u6258\u9876\u90e8\u7684\u901a\u9053\u5730\u5f79\u6743\u5f00\u59cb\uff0c\u8be5\u7269\u4e1a\u5f00\u59cb\u6709\u4e00\u4e2a\u5e73\u7f13\u7684\u659c\u5761\uff0c\u6709\u5b8c\u7f8e\u7684\u7267\u573a\uff0c\u90fd\u662f\u7531\u539f\u751f\u6797\u5730\u5f62\u6001\u88c5\u9970\u7684\uff0c\u662f\u90a3\u4e9b\u5bfb\u627e\u771f\u6b63\u7f8e\u4e3d\u7684\u5730\u65b9\u7684\u7406\u60f3\u4e4b\u5730\u3002<\/span><\/p><p><span style=\"color: var( --e-global-color-text ); font-family: var( --e-global-typography-text-font-family ), Sans-serif; font-weight: var( --e-global-typography-text-font-weight );\">\u8be5\u7269\u4e1a\u6709\u5927\u7ea680%\u7684\u8349\u5730\u548c20%\u7684\u672c\u5730\u6811\u6728\u3002 \u8fd9\u7247\u68ee\u6797\u6709\u53e4\u8001\u7684\u6811\u6728\u548c\u4e30\u5bcc\u7684\u751f\u7269\u591a\u6837\u6027\u548c\u52a8\u7269\u7fa4\uff0c\u662f\u81ea\u7136\u7231\u597d\u8005\u7684\u7406\u60f3\u9009\u62e9\u3002 \u5728\u690d\u7269\u533a\u7cfb\u4e2d\uff0c\u4f60\u4f1a\u53d1\u73b0\u5361\u5185\u6d1b\uff08Canelo\uff09\u3001\u897f\u91cc\u57c3\u5229\u6d1b\uff08Ciruelillo\uff09\u3001\u7f57\u8fbe\u5c14\uff08Rodal\uff09\u3001\u4e4c\u5c14\u83ab\uff08Ulmo\uff09\u3001\u963f\u745e\u5b89\uff08Array\u00e1n\uff09\u3001\u5362\u9a6c\uff08Luma\uff09\u3001\u6885\u5229\uff08Meli\uff09\u3001\u6797\u683c\uff08Lingue\uff09\u3001\u7279\u5e15\uff08Tepa\uff09\u3002<\/span><\/p><p><span style=\"color: var( --e-global-color-text ); font-family: var( --e-global-typography-text-font-family ), Sans-serif; font-weight: var( --e-global-typography-text-font-weight );\">\u8fd9\u7247\u7530\u5730\u8fd8\u6ca1\u6709\u88ab\u5206\u5272\uff0c\u4ee5\u6bcf\u516c\u98773500\u4e07\u7f8e\u5143\u7684\u4ef7\u683c\u8d2d\u4e707\u81f310\u516c\u9877\u7684\u53ef\u80fd\u6027\u662f\u5f00\u653e\u7684\u3002 \u4ef7\u683c\u662f\u53ef\u4ee5\u5546\u91cf\u7684\u3002<\/span><\/p><p><span style=\"color: var( --e-global-color-text ); font-family: var( --e-global-typography-text-font-family ), Sans-serif; font-weight: var( --e-global-typography-text-font-weight );\">\u9644\u8fd1\u6709\u4e00\u4e2a\u90ae\u5c40\u3001\u5c0f\u578b\u5e02\u573a\u3001\u5b66\u6821\u548c\u6559\u5802\u3002 \u5c0f\u9547Los Muermos\u79bb\u8fd9\u91cc\u53ea\u670920\u5206\u949f\u7684\u8def\u7a0b\uff0c\u53ef\u4ee5\u4e70\u5230\u4f60\u9700\u8981\u7684\u6240\u6709\u4e1c\u897f\u3002<\/span><\/p><p><span style=\"color: var( --e-global-color-text ); font-family: var( --e-global-typography-text-font-family ), Sans-serif; font-weight: var( --e-global-typography-text-font-weight );\">\u8be5\u7269\u4e1a\u4e5f\u6bd4\u8f83\u9760\u8fd1\u6d77\u5cb8\uff0c\u7531\u4e8e\u5176\u5929\u5802\u822c\u7684\u5730\u65b9\uff0c\u5982Llico bajo\u3001Puerto Godoy\u3001Quenir\u548cCaleta Estaquilla\uff0c\u6b63\u5728\u5f00\u59cb\u5927\u529b\u53d1\u5c55\u3002<\/span><\/p><p><span style=\"color: var( --e-global-color-text ); font-family: var( --e-global-typography-text-font-family ), Sans-serif; font-weight: var( --e-global-typography-text-font-weight );\">\u8054\u7cfb\u6211\u4eec<\/span><\/p><p><span style=\"color: var( --e-global-color-text ); font-family: var( --e-global-typography-text-font-family ), Sans-serif; font-weight: var( --e-global-typography-text-font-weight );\">\u4e0d\u8981\u9519\u8fc7\u8fd9\u4e2a\u5b8c\u7f8e\u7684\u5730\u65b9\uff0c\u5b83\u662f\u4e00\u4e2a\u5b8f\u4f1f\u7684\u751f\u547d\u5de5\u7a0b<\/span><\/p>\t\t\t\t\t\t\t\t<\/div>\n\t\t\t\t\t<\/div>\n\t\t<\/div>\n\t\t\t\t\t<\/div>\n\t\t<\/section>\n\t\t\t\t<\/div>\n\t\t","protected":false},"excerpt":{"rendered":"<p>\u6d1b\u65af\u7a46\u5c14\u83ab\u65af\u9644\u8fd1\u7684\u4e61\u6751\u3002\u4e3b\u8981\u662f\u8349\u5730\uff0c\u98ce\u666f\u4f18\u7f8e\u3002  \u6709\u7535\u3001\u81ea\u6765\u6c34\u3001\u826f\u597d\u7684\u4fe1\u53f7\u548c\u67cf\u6cb9\u8def\u3002<\/p>\n","protected":false},"featured_media":7917,"template":"","meta":{"_acf_changed":false},"product_brand":[],"product_cat":[108],"product_tag":[240,239],"regiones":[226],"ciudades":[214,216],"class_list":{"0":"post-8583","1":"product","2":"type-product","3":"status-publish","4":"has-post-thumbnail","6":"product_cat-108","7":"product_tag-240","8":"product_tag-239","9":"regiones-nuble-los_lagos","10":"ciudades-fresia","11":"ciudades-los-muermos","13":"first","14":"instock","15":"shipping-taxable","16":"purchasable","17":"product-type-simple"},"acf":[],"yoast_head":"<!-- This site is optimized with the Yoast SEO Premium plugin v26.0 (Yoast SEO v27.3) - https:\/\/yoast.com\/product\/yoast-seo-premium-wordpress\/ -->\n<title>Campito Mirador del Ma\u00f1\u00edo - Estaci\u00f3n R\u00edo Fr\u00edo - Produncan<\/title>\n<meta name=\"description\" content=\"Campito Mirador del Ma\u00f1\u00edo\uff1a\u6e56\u533a\u72ec\u4e00\u65e0\u4e8c\u7684\u6295\u8d44\u673a\u4f1a \u5360\u5730 5 \u516c\u9877\uff0c\u5730\u7406\u4f4d\u7f6e\u4f18\u8d8a\uff0c\u8ddd\u79bb Puerto Varas \u5e02\u4ec5 15 \u5206\u949f\u8f66\u7a0b\" \/>\n<meta name=\"robots\" content=\"index, follow, max-snippet:-1, max-image-preview:large, max-video-preview:-1\" \/>\n<link rel=\"canonical\" href=\"https:\/\/produncan.cl\/zh-hans\/\u4ea7\u54c1\/campito-mirador-del-manio-7ha\/\" \/>\n<meta property=\"og:locale\" content=\"zh_CN\" \/>\n<meta property=\"og:type\" content=\"article\" \/>\n<meta property=\"og:title\" content=\"Campito 7ha Mirador del Ma\u00f1\u00edo - Estaci\u00f3n R\u00edo Fr\u00edo, Regi\u00f3n de los Lagos\" \/>\n<meta property=\"og:description\" content=\"Campito Mirador del Ma\u00f1\u00edo\uff1a\u6e56\u533a\u72ec\u4e00\u65e0\u4e8c\u7684\u6295\u8d44\u673a\u4f1a \u5360\u5730 5 \u516c\u9877\uff0c\u5730\u7406\u4f4d\u7f6e\u4f18\u8d8a\uff0c\u8ddd\u79bb Puerto Varas \u5e02\u4ec5 15 \u5206\u949f\u8f66\u7a0b\" \/>\n<meta property=\"og:url\" content=\"https:\/\/produncan.cl\/zh-hans\/\u4ea7\u54c1\/campito-mirador-del-manio-7ha\/\" \/>\n<meta property=\"og:site_name\" content=\"\u751f\u4ea7\" \/>\n<meta property=\"article:publisher\" content=\"https:\/\/web.facebook.com\/produncanland\" \/>\n<meta property=\"article:modified_time\" content=\"2025-08-19T15:18:00+00:00\" \/>\n<meta property=\"og:image\" content=\"https:\/\/produncan.cl\/wp-content\/uploads\/2022\/11\/Campito-Mirador-El-Manio.webp\" \/>\n\t<meta property=\"og:image:width\" content=\"600\" \/>\n\t<meta property=\"og:image:height\" content=\"450\" \/>\n\t<meta property=\"og:image:type\" content=\"image\/webp\" \/>\n<meta name=\"twitter:card\" content=\"summary_large_image\" \/>\n<meta name=\"twitter:label1\" content=\"Price\" \/>\n\t<meta name=\"twitter:data1\" content=\"USD266.400,00\" \/>\n\t<meta name=\"twitter:label2\" content=\"Availability\" \/>\n\t<meta name=\"twitter:data2\" content=\"In stock\" \/>\n<script type=\"application\/ld+json\" class=\"yoast-schema-graph\">{\"@context\":\"https:\\\/\\\/schema.org\",\"@graph\":[{\"@type\":\"WebPage\",\"@id\":\"https:\\\/\\\/produncan.cl\\\/zh-hans\\\/\u4ea7\u54c1\\\/campito-mirador-del-manio-7ha\\\/\",\"url\":\"https:\\\/\\\/produncan.cl\\\/zh-hans\\\/\u4ea7\u54c1\\\/campito-mirador-del-manio-7ha\\\/\",\"name\":\"Campito Mirador del Ma\u00f1\u00edo - Estaci\u00f3n R\u00edo Fr\u00edo - Produncan\",\"isPartOf\":{\"@id\":\"https:\\\/\\\/produncan.cl\\\/zh-hans\\\/#website\"},\"primaryImageOfPage\":{\"@id\":\"https:\\\/\\\/produncan.cl\\\/zh-hans\\\/\u4ea7\u54c1\\\/campito-mirador-del-manio-7ha\\\/#primaryimage\"},\"image\":{\"@id\":\"https:\\\/\\\/produncan.cl\\\/zh-hans\\\/\u4ea7\u54c1\\\/campito-mirador-del-manio-7ha\\\/#primaryimage\"},\"thumbnailUrl\":\"https:\\\/\\\/produncan.cl\\\/wp-content\\\/uploads\\\/2022\\\/11\\\/Campito-Mirador-El-Manio.webp\",\"datePublished\":\"2022-11-24T21:57:01+00:00\",\"dateModified\":\"2025-08-19T15:18:00+00:00\",\"description\":\"Campito Mirador del Ma\u00f1\u00edo\uff1a\u6e56\u533a\u72ec\u4e00\u65e0\u4e8c\u7684\u6295\u8d44\u673a\u4f1a \u5360\u5730 5 \u516c\u9877\uff0c\u5730\u7406\u4f4d\u7f6e\u4f18\u8d8a\uff0c\u8ddd\u79bb Puerto Varas \u5e02\u4ec5 15 \u5206\u949f\u8f66\u7a0b\",\"breadcrumb\":{\"@id\":\"https:\\\/\\\/produncan.cl\\\/zh-hans\\\/\u4ea7\u54c1\\\/campito-mirador-del-manio-7ha\\\/#breadcrumb\"},\"inLanguage\":\"zh-CN\",\"potentialAction\":[{\"@type\":\"ReadAction\",\"target\":[\"https:\\\/\\\/produncan.cl\\\/zh-hans\\\/\u4ea7\u54c1\\\/campito-mirador-del-manio-7ha\\\/\"]}]},{\"@type\":\"ImageObject\",\"inLanguage\":\"zh-CN\",\"@id\":\"https:\\\/\\\/produncan.cl\\\/zh-hans\\\/\u4ea7\u54c1\\\/campito-mirador-del-manio-7ha\\\/#primaryimage\",\"url\":\"https:\\\/\\\/produncan.cl\\\/wp-content\\\/uploads\\\/2022\\\/11\\\/Campito-Mirador-El-Manio.webp\",\"contentUrl\":\"https:\\\/\\\/produncan.cl\\\/wp-content\\\/uploads\\\/2022\\\/11\\\/Campito-Mirador-El-Manio.webp\",\"width\":600,\"height\":450,\"caption\":\"Campito Mirador Del Ma\u00f1io\"},{\"@type\":\"BreadcrumbList\",\"@id\":\"https:\\\/\\\/produncan.cl\\\/zh-hans\\\/\u4ea7\u54c1\\\/campito-mirador-del-manio-7ha\\\/#breadcrumb\",\"itemListElement\":[{\"@type\":\"ListItem\",\"position\":1,\"name\":\"Inicio\",\"item\":\"https:\\\/\\\/produncan.cl\\\/zh-hans\\\/\"},{\"@type\":\"ListItem\",\"position\":2,\"name\":\"\u7279\u6027\",\"item\":\"https:\\\/\\\/produncan.cl\\\/propiedades\\\/\"},{\"@type\":\"ListItem\",\"position\":3,\"name\":\"\u5305\u88f9\",\"item\":\"https:\\\/\\\/produncan.cl\\\/zh-hans\\\/\u7c7b\u522b\\\/%e5%8c%85%e8%a3%b9\\\/\"},{\"@type\":\"ListItem\",\"position\":4,\"name\":\"Campito 7ha Mirador del Ma\u00f1\u00edo &#8211; Estaci\u00f3n R\u00edo Fr\u00edo, Regi\u00f3n de los Lagos\"}]},{\"@type\":\"WebSite\",\"@id\":\"https:\\\/\\\/produncan.cl\\\/zh-hans\\\/#website\",\"url\":\"https:\\\/\\\/produncan.cl\\\/zh-hans\\\/\",\"name\":\"Produncan\",\"description\":\"\u6211\u4eec\u966a\u4f34\u60a8\u5b8c\u6210\u60a8\u7684\u4eba\u751f\u5927\u4e8b\uff01\",\"publisher\":{\"@id\":\"https:\\\/\\\/produncan.cl\\\/zh-hans\\\/#organization\"},\"potentialAction\":[{\"@type\":\"SearchAction\",\"target\":{\"@type\":\"EntryPoint\",\"urlTemplate\":\"https:\\\/\\\/produncan.cl\\\/zh-hans\\\/?s={search_term_string}\"},\"query-input\":{\"@type\":\"PropertyValueSpecification\",\"valueRequired\":true,\"valueName\":\"search_term_string\"}}],\"inLanguage\":\"zh-CN\"},{\"@type\":\"Organization\",\"@id\":\"https:\\\/\\\/produncan.cl\\\/zh-hans\\\/#organization\",\"name\":\"Produncan\",\"url\":\"https:\\\/\\\/produncan.cl\\\/zh-hans\\\/\",\"logo\":{\"@type\":\"ImageObject\",\"inLanguage\":\"zh-CN\",\"@id\":\"https:\\\/\\\/produncan.cl\\\/zh-hans\\\/#\\\/schema\\\/logo\\\/image\\\/\",\"url\":\"https:\\\/\\\/produncan.cl\\\/wp-content\\\/uploads\\\/2021\\\/03\\\/LOGO.jpeg\",\"contentUrl\":\"https:\\\/\\\/produncan.cl\\\/wp-content\\\/uploads\\\/2021\\\/03\\\/LOGO.jpeg\",\"width\":1280,\"height\":903,\"caption\":\"Produncan\"},\"image\":{\"@id\":\"https:\\\/\\\/produncan.cl\\\/zh-hans\\\/#\\\/schema\\\/logo\\\/image\\\/\"},\"sameAs\":[\"https:\\\/\\\/web.facebook.com\\\/produncanland\",\"https:\\\/\\\/www.instagram.com\\\/pro_duncan\\\/\",\"https:\\\/\\\/www.linkedin.com\\\/company\\\/produncan-lands\\\/\",\"https:\\\/\\\/www.youtube.com\\\/channel\\\/UCu7N-f3x0svkazD-Eew1-QQ\"],\"description\":\"En Produncan somos especialistas en la venta de terrenos en el sur de Chile. Proveemos estancias, campos, parcelas y hoteles.\",\"email\":\"info@produncan.cl\"}]}<\/script>\n<meta property=\"og:video\" content=\"https:\/\/www.youtube.com\/embed\/h7GOvs2Fv9c\" \/>\n<meta property=\"og:video:type\" content=\"text\/html\" \/>\n<meta property=\"og:video:duration\" content=\"60\" \/>\n<meta property=\"og:video:width\" content=\"480\" \/>\n<meta property=\"og:video:height\" content=\"360\" \/>\n<meta property=\"ya:ovs:adult\" content=\"false\" \/>\n<meta property=\"ya:ovs:upload_date\" content=\"2022-11-24T21:57:01+00:00\" \/>\n<meta property=\"ya:ovs:allow_embed\" content=\"true\" \/>\n<meta property=\"product:price:amount\" content=\"266400.00\" \/>\n<meta property=\"product:price:currency\" content=\"USD\" \/>\n<meta property=\"og:availability\" content=\"instock\" \/>\n<meta property=\"product:availability\" content=\"instock\" \/>\n<meta property=\"product:condition\" content=\"new\" \/>\n<!-- \/ Yoast SEO Premium plugin. -->","yoast_head_json":{"title":"Campito Mirador del Ma\u00f1\u00edo - Estaci\u00f3n R\u00edo Fr\u00edo - Produncan","description":"Campito Mirador del Ma\u00f1\u00edo\uff1a\u6e56\u533a\u72ec\u4e00\u65e0\u4e8c\u7684\u6295\u8d44\u673a\u4f1a \u5360\u5730 5 \u516c\u9877\uff0c\u5730\u7406\u4f4d\u7f6e\u4f18\u8d8a\uff0c\u8ddd\u79bb Puerto Varas \u5e02\u4ec5 15 \u5206\u949f\u8f66\u7a0b","robots":{"index":"index","follow":"follow","max-snippet":"max-snippet:-1","max-image-preview":"max-image-preview:large","max-video-preview":"max-video-preview:-1"},"canonical":"https:\/\/produncan.cl\/zh-hans\/\u4ea7\u54c1\/campito-mirador-del-manio-7ha\/","og_locale":"zh_CN","og_type":"article","og_title":"Campito 7ha Mirador del Ma\u00f1\u00edo - Estaci\u00f3n R\u00edo Fr\u00edo, Regi\u00f3n de los Lagos","og_description":"Campito Mirador del Ma\u00f1\u00edo\uff1a\u6e56\u533a\u72ec\u4e00\u65e0\u4e8c\u7684\u6295\u8d44\u673a\u4f1a \u5360\u5730 5 \u516c\u9877\uff0c\u5730\u7406\u4f4d\u7f6e\u4f18\u8d8a\uff0c\u8ddd\u79bb Puerto Varas \u5e02\u4ec5 15 \u5206\u949f\u8f66\u7a0b","og_url":"https:\/\/produncan.cl\/zh-hans\/\u4ea7\u54c1\/campito-mirador-del-manio-7ha\/","og_site_name":"\u751f\u4ea7","article_publisher":"https:\/\/web.facebook.com\/produncanland","article_modified_time":"2025-08-19T15:18:00+00:00","og_image":[{"width":600,"height":450,"url":"https:\/\/produncan.cl\/wp-content\/uploads\/2022\/11\/Campito-Mirador-El-Manio.webp","type":"image\/webp"}],"twitter_card":"summary_large_image","twitter_misc":{"Price":"USD266.400,00","Availability":"In stock"},"schema":{"@context":"https:\/\/schema.org","@graph":[{"@type":"WebPage","@id":"https:\/\/produncan.cl\/zh-hans\/\u4ea7\u54c1\/campito-mirador-del-manio-7ha\/","url":"https:\/\/produncan.cl\/zh-hans\/\u4ea7\u54c1\/campito-mirador-del-manio-7ha\/","name":"Campito Mirador del Ma\u00f1\u00edo - Estaci\u00f3n R\u00edo Fr\u00edo - Produncan","isPartOf":{"@id":"https:\/\/produncan.cl\/zh-hans\/#website"},"primaryImageOfPage":{"@id":"https:\/\/produncan.cl\/zh-hans\/\u4ea7\u54c1\/campito-mirador-del-manio-7ha\/#primaryimage"},"image":{"@id":"https:\/\/produncan.cl\/zh-hans\/\u4ea7\u54c1\/campito-mirador-del-manio-7ha\/#primaryimage"},"thumbnailUrl":"https:\/\/produncan.cl\/wp-content\/uploads\/2022\/11\/Campito-Mirador-El-Manio.webp","datePublished":"2022-11-24T21:57:01+00:00","dateModified":"2025-08-19T15:18:00+00:00","description":"Campito Mirador del Ma\u00f1\u00edo\uff1a\u6e56\u533a\u72ec\u4e00\u65e0\u4e8c\u7684\u6295\u8d44\u673a\u4f1a \u5360\u5730 5 \u516c\u9877\uff0c\u5730\u7406\u4f4d\u7f6e\u4f18\u8d8a\uff0c\u8ddd\u79bb Puerto Varas \u5e02\u4ec5 15 \u5206\u949f\u8f66\u7a0b","breadcrumb":{"@id":"https:\/\/produncan.cl\/zh-hans\/\u4ea7\u54c1\/campito-mirador-del-manio-7ha\/#breadcrumb"},"inLanguage":"zh-CN","potentialAction":[{"@type":"ReadAction","target":["https:\/\/produncan.cl\/zh-hans\/\u4ea7\u54c1\/campito-mirador-del-manio-7ha\/"]}]},{"@type":"ImageObject","inLanguage":"zh-CN","@id":"https:\/\/produncan.cl\/zh-hans\/\u4ea7\u54c1\/campito-mirador-del-manio-7ha\/#primaryimage","url":"https:\/\/produncan.cl\/wp-content\/uploads\/2022\/11\/Campito-Mirador-El-Manio.webp","contentUrl":"https:\/\/produncan.cl\/wp-content\/uploads\/2022\/11\/Campito-Mirador-El-Manio.webp","width":600,"height":450,"caption":"Campito Mirador Del Ma\u00f1io"},{"@type":"BreadcrumbList","@id":"https:\/\/produncan.cl\/zh-hans\/\u4ea7\u54c1\/campito-mirador-del-manio-7ha\/#breadcrumb","itemListElement":[{"@type":"ListItem","position":1,"name":"Inicio","item":"https:\/\/produncan.cl\/zh-hans\/"},{"@type":"ListItem","position":2,"name":"\u7279\u6027","item":"https:\/\/produncan.cl\/propiedades\/"},{"@type":"ListItem","position":3,"name":"\u5305\u88f9","item":"https:\/\/produncan.cl\/zh-hans\/\u7c7b\u522b\/%e5%8c%85%e8%a3%b9\/"},{"@type":"ListItem","position":4,"name":"Campito 7ha Mirador del Ma\u00f1\u00edo &#8211; Estaci\u00f3n R\u00edo Fr\u00edo, Regi\u00f3n de los Lagos"}]},{"@type":"WebSite","@id":"https:\/\/produncan.cl\/zh-hans\/#website","url":"https:\/\/produncan.cl\/zh-hans\/","name":"Produncan","description":"\u6211\u4eec\u966a\u4f34\u60a8\u5b8c\u6210\u60a8\u7684\u4eba\u751f\u5927\u4e8b\uff01","publisher":{"@id":"https:\/\/produncan.cl\/zh-hans\/#organization"},"potentialAction":[{"@type":"SearchAction","target":{"@type":"EntryPoint","urlTemplate":"https:\/\/produncan.cl\/zh-hans\/?s={search_term_string}"},"query-input":{"@type":"PropertyValueSpecification","valueRequired":true,"valueName":"search_term_string"}}],"inLanguage":"zh-CN"},{"@type":"Organization","@id":"https:\/\/produncan.cl\/zh-hans\/#organization","name":"Produncan","url":"https:\/\/produncan.cl\/zh-hans\/","logo":{"@type":"ImageObject","inLanguage":"zh-CN","@id":"https:\/\/produncan.cl\/zh-hans\/#\/schema\/logo\/image\/","url":"https:\/\/produncan.cl\/wp-content\/uploads\/2021\/03\/LOGO.jpeg","contentUrl":"https:\/\/produncan.cl\/wp-content\/uploads\/2021\/03\/LOGO.jpeg","width":1280,"height":903,"caption":"Produncan"},"image":{"@id":"https:\/\/produncan.cl\/zh-hans\/#\/schema\/logo\/image\/"},"sameAs":["https:\/\/web.facebook.com\/produncanland","https:\/\/www.instagram.com\/pro_duncan\/","https:\/\/www.linkedin.com\/company\/produncan-lands\/","https:\/\/www.youtube.com\/channel\/UCu7N-f3x0svkazD-Eew1-QQ"],"description":"En Produncan somos especialistas en la venta de terrenos en el sur de Chile. Proveemos estancias, campos, parcelas y hoteles.","email":"info@produncan.cl"}]},"og_video":"https:\/\/www.youtube.com\/embed\/h7GOvs2Fv9c","og_video_type":"text\/html","og_video_duration":"60","og_video_width":"480","og_video_height":"360","ya_ovs_adult":"false","ya_ovs_upload_date":"2022-11-24T21:57:01+00:00","ya_ovs_allow_embed":"true","product_price_amount":"266400.00","product_price_currency":"USD","og_availability":"instock","product_availability":"instock","product_condition":"new"},"_links":{"self":[{"href":"https:\/\/produncan.cl\/zh-hans\/wp-json\/wp\/v2\/product\/8583","targetHints":{"allow":["GET"]}}],"collection":[{"href":"https:\/\/produncan.cl\/zh-hans\/wp-json\/wp\/v2\/product"}],"about":[{"href":"https:\/\/produncan.cl\/zh-hans\/wp-json\/wp\/v2\/types\/product"}],"version-history":[{"count":0,"href":"https:\/\/produncan.cl\/zh-hans\/wp-json\/wp\/v2\/product\/8583\/revisions"}],"wp:featuredmedia":[{"embeddable":true,"href":"https:\/\/produncan.cl\/zh-hans\/wp-json\/wp\/v2\/media\/7917"}],"wp:attachment":[{"href":"https:\/\/produncan.cl\/zh-hans\/wp-json\/wp\/v2\/media?parent=8583"}],"wp:term":[{"taxonomy":"product_brand","embeddable":true,"href":"https:\/\/produncan.cl\/zh-hans\/wp-json\/wp\/v2\/product_brand?post=8583"},{"taxonomy":"product_cat","embeddable":true,"href":"https:\/\/produncan.cl\/zh-hans\/wp-json\/wp\/v2\/product_cat?post=8583"},{"taxonomy":"product_tag","embeddable":true,"href":"https:\/\/produncan.cl\/zh-hans\/wp-json\/wp\/v2\/product_tag?post=8583"},{"taxonomy":"regiones","embeddable":true,"href":"https:\/\/produncan.cl\/zh-hans\/wp-json\/wp\/v2\/regiones?post=8583"},{"taxonomy":"ciudades","embeddable":true,"href":"https:\/\/produncan.cl\/zh-hans\/wp-json\/wp\/v2\/ciudades?post=8583"}],"curies":[{"name":"wp","href":"https:\/\/api.w.org\/{rel}","templated":true}]}}