{"id":9927,"date":"2023-09-20T17:54:44","date_gmt":"2023-09-20T20:54:44","guid":{"rendered":"https:\/\/produncan.cl\/producto\/%e5%ba%b7%e5%a4%9a%e6%b2%b3%e9%a1%b9%e7%9b%ae-%e9%92%93%e9%b1%bc%e8%b7%af%e7%ba%bf%ef%bc%8c%e8%89%be%e6%a3%ae%e6%b8%af\/"},"modified":"2025-12-26T17:19:54","modified_gmt":"2025-12-26T20:19:54","slug":"%e5%ba%b7%e5%a4%9a%e6%b2%b3%e9%a1%b9%e7%9b%ae-%e9%92%93%e9%b1%bc%e8%b7%af%e7%ba%bf%ef%bc%8c%e8%89%be%e6%a3%ae%e6%b8%af","status":"publish","type":"product","link":"https:\/\/produncan.cl\/zh-hans\/\u4ea7\u54c1\/%e5%ba%b7%e5%a4%9a%e6%b2%b3%e9%a1%b9%e7%9b%ae-%e9%92%93%e9%b1%bc%e8%b7%af%e7%ba%bf%ef%bc%8c%e8%89%be%e6%a3%ae%e6%b8%af\/","title":{"rendered":"Aguas de la Patagonia \u9879\u76ee &#8211; R\u00edo C\u00f3ndor &#8211; Ruta de la Pesca, Puerto Ays\u00e9n"},"content":{"rendered":"\t\t<div data-elementor-type=\"product-post\" data-elementor-id=\"9927\" class=\"elementor elementor-9927 elementor-9528\" data-elementor-post-type=\"product\">\n\t\t\t\t<div class=\"elementor-element elementor-element-925e2d1 e-flex e-con-boxed e-con e-parent\" data-id=\"925e2d1\" data-element_type=\"container\" data-e-type=\"container\" data-settings=\"{&quot;jet_parallax_layout_list&quot;:[]}\">\n\t\t\t\t\t<div class=\"e-con-inner\">\n\t\t\t\t<div class=\"elementor-element elementor-element-d1298b8 elementor-widget elementor-widget-heading\" data-id=\"d1298b8\" data-element_type=\"widget\" data-e-type=\"widget\" data-widget_type=\"heading.default\">\n\t\t\t\t\t<h2 class=\"elementor-heading-title elementor-size-default\">\u827e\u68ee\u6e2f\u9644\u8fd1\u7684\u7efc\u5408\u9879\u76ee<\/h2>\t\t\t\t<\/div>\n\t\t\t\t\t<\/div>\n\t\t\t\t<\/div>\n\t\t<div class=\"elementor-element elementor-element-e505c5d e-flex e-con-boxed e-con e-parent\" data-id=\"e505c5d\" data-element_type=\"container\" data-e-type=\"container\" data-settings=\"{&quot;jet_parallax_layout_list&quot;:[]}\">\n\t\t\t\t\t<div class=\"e-con-inner\">\n\t\t\t\t<div class=\"elementor-element elementor-element-4d149b1 elementor-widget elementor-widget-text-editor\" data-id=\"4d149b1\" data-element_type=\"widget\" data-e-type=\"widget\" data-widget_type=\"text-editor.default\">\n\t\t\t\t\t\t\t\t\t<p>\u5728Produncan\uff0c\u6211\u4eec\u4e3a\u60a8\u63d0\u4f9b\u8fd9\u4e2a\u6781\u597d\u7684\u673a\u4f1a\uff0c\u5728\u4e00\u4e2a\u7efc\u5408\u9879\u76ee\u4e2d\u83b7\u5f97\u4e00\u4e2a\u5730\u6bb5\uff0c\u6709\u516c\u8def\uff0c\u6709\u89d2\u8272\uff0c\u8ddd\u79bbPuerto Aysen\u4ee5\u535745\u516c\u91cc\uff0c\u5728\u4f17\u6240\u5468\u77e5\u7684\u9493\u9c7c\u8def\u4e0a\u3002<\/p>\n<p><span style=\"color: var( --e-global-color-text ); font-family: var( --e-global-typography-text-font-family ), Sans-serif; font-weight: var( --e-global-typography-text-font-weight ); text-align: var(--text-align);\">\u8be5\u9879\u76ee\u4f4d\u4e8e\u4e00\u4e2a\u6709\u652f\u6d41\u548c\u51b0\u5ddd\u8d77\u6e90\u7684\u5927\u6cb3\uff08Valle del R\u00edo C\u00f3ndor\uff09\u7684\u5c71\u8c37\u5185\uff0c\u8fd9\u4fdd\u8bc1\u4e86\u51e0\u4e2a\u4e16\u7eaa\u7684\u4f9b\u6c34\u3002<\/span><\/p>\n<p><span style=\"color: var( --e-global-color-text ); font-family: var( --e-global-typography-text-font-family ), Sans-serif; font-weight: var( --e-global-typography-text-font-weight ); text-align: var(--text-align);\">\u9879\u76ee\u7684\u5730\u7406\u73af\u5883\u5f88\u53cb\u597d\uff0c70%\u662f\u5e73\u5730\uff0c30%\u662f\u5761\u5730\uff0c\u53ef\u4ee5\u770b\u5230\u5c71\u8c37\u548c\u51b0\u5ddd\u7684\u7f8e\u4e3d\u666f\u8272\u3002<\/span><\/p>\n<p><span style=\"color: var( --e-global-color-text ); font-family: var( --e-global-typography-text-font-family ), Sans-serif; font-weight: var( --e-global-typography-text-font-weight ); text-align: var(--text-align);\">\u9644\u8fd1\u7684\u666f\u70b9\u5305\u62ec &#8220;El Condor &#8220;\u51b0\u5ddd\uff0c\u8fd9\u662f\u4e00\u9897\u9c9c\u4e3a\u4eba\u77e5\u7684\u5b9d\u77f3\uff0c\u5c71\u5761\u4e0a\u67095\u4e2a\u6e56\u6cca\uff0c\u5176\u5c71\u9876\u8ddd\u79bb\u9879\u76ee\u4ec54\u516c\u91cc\u3002 \u6bcb\u5eb8\u7f6e\u7591\uff0c\u8fd9\u662f\u8be5\u90e8\u95e8\u672a\u6765\u7684\u5de8\u5927\u5438\u5f15\u529b\u3002<\/span><\/p>\n<p><span style=\"color: var( --e-global-color-text ); font-family: var( --e-global-typography-text-font-family ), Sans-serif; font-weight: var( --e-global-typography-text-font-weight ); text-align: var(--text-align);\">\u8ddd\u79bb\u9879\u76ee\u7ea610\u516c\u91cc\uff0c\u9493\u9c7c\u8def\u7ebf\u662f\u4e00\u6761\u7531\u51e0\u4e2a\u6e56\u6cca\u548c\u6cb3\u6d41\u7ec4\u6210\u7684\u56fd\u9645\u9493\u9c7c\u7ebf\u8def\uff0c\u7a7f\u8fc7\u90c1\u90c1\u8471\u8471\u7684\u5c71\u8c37\u548c\u5c71\u8109\uff0c\u5230\u8fbe\u8ddd\u79bb\u9879\u76ee1\u5c0f\u65f645\u5206\u949f\u7684\u79d1\u4f0a\u6d77\u514b\u5e02\u3002<\/span><\/p>\n<p><span style=\"color: var( --e-global-color-text ); font-family: var( --e-global-typography-text-font-family ), Sans-serif; font-weight: var( --e-global-typography-text-font-weight ); text-align: var(--text-align);\">\u572857\u516c\u91cc\u5904\u8fd8\u6709\u67e5\u5361\u5e03\u79d1\u6e2f\uff0c\u5728\u90a3\u91cc\u4f60\u4f1a\u53d1\u73b0\u8457\u540d\u7684\u5357\u6d1b\u8d1d\u5229\u4e9a\u65af\u9152\u5e97\uff0c\u5177\u6709\u5f88\u9ad8\u7684\u56fd\u9645\u8d28\u91cf\u6807\u51c6\u3002<\/span><\/p>\n<p><span style=\"color: var( --e-global-color-text ); font-family: var( --e-global-typography-text-font-family ), Sans-serif; font-weight: var( --e-global-typography-text-font-weight ); text-align: var(--text-align);\">\u4ef7\u683c\u4ece 18,000,000 \u7f8e\u5143 x 2.5 \u516c\u9877\u4e0d\u7b49\u3002 \u6709\u51e0\u4e2a\u5730\u6bb5\u4e0e\u6cb3\u6d41\u548c\u6eaa\u6d41\u76f8\u90bb\u3002<\/span><\/p>\n<p><span style=\"color: var( --e-global-color-text ); font-family: var( --e-global-typography-text-font-family ), Sans-serif; font-weight: var( --e-global-typography-text-font-weight ); text-align: var(--text-align);\">\u4f60\u53ef\u4ee5\u5411\u6211\u4eec\u7d22\u53d6\u603b\u4f53\u89c4\u5212\uff0c\u4ee5\u5ba1\u67e5\u8be5\u5730\u70b9\u53ca\u5176\u7279\u70b9\u3002<\/span><\/p>\n<p><span style=\"color: var( --e-global-color-text ); font-family: var( --e-global-typography-text-font-family ), Sans-serif; font-weight: var( --e-global-typography-text-font-weight ); text-align: var(--text-align);\">\u73b0\u5728\u53ea\u5269\u4e0b\u51e0\u5757\u5730\u4e86\uff0c\u8d81\u7740\u73b0\u5728\u5c31\u53bb\u4e70\u5427\u3002<\/span><\/p>\n\t\t\t\t\t\t\t\t<\/div>\n\t\t\t\t\t<\/div>\n\t\t\t\t<\/div>\n\t\t\t\t<\/div>\n\t\t","protected":false},"excerpt":{"rendered":"<p>\u4f4d\u4e8e\u827e\u68ee\u5730\u533a\uff0c\u8ddd\u79bb\u827e\u68ee\u6e2f\u4ee5\u535745\u5206\u949f\u8f66\u7a0b\uff0c\u6e14\u4e1a\u8def\u7ebf\u6cbf\u7ebf\u3002\u53ef\u4f9b\u51fa\u552e\u7684\u571f\u5730\u7531\u4e1a\u4e3b\u76f4\u63a5\u51fa\u552e\u3002\u571f\u5730\u9762\u79ef\u4ece1\u516c\u9877\u52306\u516c\u9877\u4e0d\u7b49\u3002\u90e8\u5206\u5730\u5757\u4e34\u6cb3\uff0c\u5e76\u53ef\u901a\u5f80\u5eb7\u591a\u5c14\u51b0\u5ddd\u3002\u516c\u53f8\u6b63\u5e38\u8fd0\u8425\u3002    <\/p>\n","protected":false},"featured_media":9662,"template":"","meta":{"_acf_changed":false},"product_brand":[],"product_cat":[117],"product_tag":[240],"regiones":[225],"ciudades":[448],"class_list":{"0":"post-9927","1":"product","2":"type-product","3":"status-publish","4":"has-post-thumbnail","6":"product_cat-117","7":"product_tag-240","8":"regiones-aysen-magallanes","9":"ciudades-puerto-aysen","11":"first","12":"instock","13":"shipping-taxable","14":"purchasable","15":"product-type-simple"},"acf":[],"yoast_head":"<!-- This site is optimized with the Yoast SEO Premium plugin v26.0 (Yoast SEO v27.3) - https:\/\/yoast.com\/product\/yoast-seo-premium-wordpress\/ -->\n<title>\u5df4\u5854\u54e5\u5c3c\u4e9a\u6c34\u6e90\u9879\u76ee - \u5eb7\u591a\u6cb3 - Produncan<\/title>\n<meta name=\"description\" content=\"Aguas de la Patagonia \u9879\u76ee\uff1a\u827e\u68ee\u5730\u533a\u79c3\u9e70\u6cb3\u7554\u72ec\u4e00\u65e0\u4e8c\u7684\u6295\u8d44\u673a\u4f1a\u3002 \u5730\u5757\u9762\u79ef\u4ece 2.5 \u516c\u9877\u8d77\u3002\" \/>\n<meta name=\"robots\" content=\"index, follow, max-snippet:-1, max-image-preview:large, max-video-preview:-1\" \/>\n<link rel=\"canonical\" href=\"https:\/\/produncan.cl\/zh-hans\/\u4ea7\u54c1\/%e5%ba%b7%e5%a4%9a%e6%b2%b3%e9%a1%b9%e7%9b%ae-%e9%92%93%e9%b1%bc%e8%b7%af%e7%ba%bf%ef%bc%8c%e8%89%be%e6%a3%ae%e6%b8%af\/\" \/>\n<meta property=\"og:locale\" content=\"zh_CN\" \/>\n<meta property=\"og:type\" content=\"article\" \/>\n<meta property=\"og:title\" content=\"Aguas de la Patagonia \u9879\u76ee - R\u00edo C\u00f3ndor - Ruta de la Pesca, Puerto Ays\u00e9n\" \/>\n<meta property=\"og:description\" content=\"Aguas de la Patagonia \u9879\u76ee\uff1a\u827e\u68ee\u5730\u533a\u79c3\u9e70\u6cb3\u7554\u72ec\u4e00\u65e0\u4e8c\u7684\u6295\u8d44\u673a\u4f1a\u3002 \u5730\u5757\u9762\u79ef\u4ece 2.5 \u516c\u9877\u8d77\u3002\" \/>\n<meta property=\"og:url\" content=\"https:\/\/produncan.cl\/zh-hans\/\u4ea7\u54c1\/%e5%ba%b7%e5%a4%9a%e6%b2%b3%e9%a1%b9%e7%9b%ae-%e9%92%93%e9%b1%bc%e8%b7%af%e7%ba%bf%ef%bc%8c%e8%89%be%e6%a3%ae%e6%b8%af\/\" \/>\n<meta property=\"og:site_name\" content=\"\u751f\u4ea7\" \/>\n<meta property=\"article:publisher\" content=\"https:\/\/web.facebook.com\/produncanland\" \/>\n<meta property=\"article:modified_time\" content=\"2025-12-26T20:19:54+00:00\" \/>\n<meta property=\"og:image\" content=\"https:\/\/produncan.cl\/wp-content\/uploads\/2022\/12\/Portada-Rio-Condor.webp\" \/>\n\t<meta property=\"og:image:width\" content=\"600\" \/>\n\t<meta property=\"og:image:height\" content=\"450\" \/>\n\t<meta property=\"og:image:type\" content=\"image\/webp\" \/>\n<meta name=\"twitter:card\" content=\"summary_large_image\" \/>\n<meta name=\"twitter:label1\" content=\"Price\" \/>\n\t<meta name=\"twitter:data1\" content=\"USD19.600,00\" \/>\n\t<meta name=\"twitter:label2\" content=\"Availability\" \/>\n\t<meta name=\"twitter:data2\" content=\"In stock\" \/>\n<script type=\"application\/ld+json\" class=\"yoast-schema-graph\">{\"@context\":\"https:\\\/\\\/schema.org\",\"@graph\":[{\"@type\":\"WebPage\",\"@id\":\"https:\\\/\\\/produncan.cl\\\/zh-hans\\\/\u4ea7\u54c1\\\/%e5%ba%b7%e5%a4%9a%e6%b2%b3%e9%a1%b9%e7%9b%ae-%e9%92%93%e9%b1%bc%e8%b7%af%e7%ba%bf%ef%bc%8c%e8%89%be%e6%a3%ae%e6%b8%af\\\/\",\"url\":\"https:\\\/\\\/produncan.cl\\\/zh-hans\\\/\u4ea7\u54c1\\\/%e5%ba%b7%e5%a4%9a%e6%b2%b3%e9%a1%b9%e7%9b%ae-%e9%92%93%e9%b1%bc%e8%b7%af%e7%ba%bf%ef%bc%8c%e8%89%be%e6%a3%ae%e6%b8%af\\\/\",\"name\":\"\u5df4\u5854\u54e5\u5c3c\u4e9a\u6c34\u6e90\u9879\u76ee - \u5eb7\u591a\u6cb3 - Produncan\",\"isPartOf\":{\"@id\":\"https:\\\/\\\/produncan.cl\\\/zh-hans\\\/#website\"},\"primaryImageOfPage\":{\"@id\":\"https:\\\/\\\/produncan.cl\\\/zh-hans\\\/\u4ea7\u54c1\\\/%e5%ba%b7%e5%a4%9a%e6%b2%b3%e9%a1%b9%e7%9b%ae-%e9%92%93%e9%b1%bc%e8%b7%af%e7%ba%bf%ef%bc%8c%e8%89%be%e6%a3%ae%e6%b8%af\\\/#primaryimage\"},\"image\":{\"@id\":\"https:\\\/\\\/produncan.cl\\\/zh-hans\\\/\u4ea7\u54c1\\\/%e5%ba%b7%e5%a4%9a%e6%b2%b3%e9%a1%b9%e7%9b%ae-%e9%92%93%e9%b1%bc%e8%b7%af%e7%ba%bf%ef%bc%8c%e8%89%be%e6%a3%ae%e6%b8%af\\\/#primaryimage\"},\"thumbnailUrl\":\"https:\\\/\\\/produncan.cl\\\/wp-content\\\/uploads\\\/2022\\\/12\\\/Portada-Rio-Condor.webp\",\"datePublished\":\"2023-09-20T20:54:44+00:00\",\"dateModified\":\"2025-12-26T20:19:54+00:00\",\"description\":\"Aguas de la Patagonia \u9879\u76ee\uff1a\u827e\u68ee\u5730\u533a\u79c3\u9e70\u6cb3\u7554\u72ec\u4e00\u65e0\u4e8c\u7684\u6295\u8d44\u673a\u4f1a\u3002 \u5730\u5757\u9762\u79ef\u4ece 2.5 \u516c\u9877\u8d77\u3002\",\"breadcrumb\":{\"@id\":\"https:\\\/\\\/produncan.cl\\\/zh-hans\\\/\u4ea7\u54c1\\\/%e5%ba%b7%e5%a4%9a%e6%b2%b3%e9%a1%b9%e7%9b%ae-%e9%92%93%e9%b1%bc%e8%b7%af%e7%ba%bf%ef%bc%8c%e8%89%be%e6%a3%ae%e6%b8%af\\\/#breadcrumb\"},\"inLanguage\":\"zh-CN\",\"potentialAction\":[{\"@type\":\"ReadAction\",\"target\":[\"https:\\\/\\\/produncan.cl\\\/zh-hans\\\/\u4ea7\u54c1\\\/%e5%ba%b7%e5%a4%9a%e6%b2%b3%e9%a1%b9%e7%9b%ae-%e9%92%93%e9%b1%bc%e8%b7%af%e7%ba%bf%ef%bc%8c%e8%89%be%e6%a3%ae%e6%b8%af\\\/\"]}]},{\"@type\":\"ImageObject\",\"inLanguage\":\"zh-CN\",\"@id\":\"https:\\\/\\\/produncan.cl\\\/zh-hans\\\/\u4ea7\u54c1\\\/%e5%ba%b7%e5%a4%9a%e6%b2%b3%e9%a1%b9%e7%9b%ae-%e9%92%93%e9%b1%bc%e8%b7%af%e7%ba%bf%ef%bc%8c%e8%89%be%e6%a3%ae%e6%b8%af\\\/#primaryimage\",\"url\":\"https:\\\/\\\/produncan.cl\\\/wp-content\\\/uploads\\\/2022\\\/12\\\/Portada-Rio-Condor.webp\",\"contentUrl\":\"https:\\\/\\\/produncan.cl\\\/wp-content\\\/uploads\\\/2022\\\/12\\\/Portada-Rio-Condor.webp\",\"width\":600,\"height\":450,\"caption\":\"\u91cc\u7ea6\u5b54\u591a\u5c14\u9879\u76ee\"},{\"@type\":\"BreadcrumbList\",\"@id\":\"https:\\\/\\\/produncan.cl\\\/zh-hans\\\/\u4ea7\u54c1\\\/%e5%ba%b7%e5%a4%9a%e6%b2%b3%e9%a1%b9%e7%9b%ae-%e9%92%93%e9%b1%bc%e8%b7%af%e7%ba%bf%ef%bc%8c%e8%89%be%e6%a3%ae%e6%b8%af\\\/#breadcrumb\",\"itemListElement\":[{\"@type\":\"ListItem\",\"position\":1,\"name\":\"Inicio\",\"item\":\"https:\\\/\\\/produncan.cl\\\/zh-hans\\\/\"},{\"@type\":\"ListItem\",\"position\":2,\"name\":\"\u7279\u6027\",\"item\":\"https:\\\/\\\/produncan.cl\\\/propiedades\\\/\"},{\"@type\":\"ListItem\",\"position\":3,\"name\":\"\u5305\u88f9\",\"item\":\"https:\\\/\\\/produncan.cl\\\/zh-hans\\\/\u7c7b\u522b\\\/%e5%8c%85%e8%a3%b9\\\/\"},{\"@type\":\"ListItem\",\"position\":4,\"name\":\"Aguas de la Patagonia \u9879\u76ee &#8211; R\u00edo C\u00f3ndor &#8211; Ruta de la Pesca, Puerto Ays\u00e9n\"}]},{\"@type\":\"WebSite\",\"@id\":\"https:\\\/\\\/produncan.cl\\\/zh-hans\\\/#website\",\"url\":\"https:\\\/\\\/produncan.cl\\\/zh-hans\\\/\",\"name\":\"Produncan\",\"description\":\"\u6211\u4eec\u966a\u4f34\u60a8\u5b8c\u6210\u60a8\u7684\u4eba\u751f\u5927\u4e8b\uff01\",\"publisher\":{\"@id\":\"https:\\\/\\\/produncan.cl\\\/zh-hans\\\/#organization\"},\"potentialAction\":[{\"@type\":\"SearchAction\",\"target\":{\"@type\":\"EntryPoint\",\"urlTemplate\":\"https:\\\/\\\/produncan.cl\\\/zh-hans\\\/?s={search_term_string}\"},\"query-input\":{\"@type\":\"PropertyValueSpecification\",\"valueRequired\":true,\"valueName\":\"search_term_string\"}}],\"inLanguage\":\"zh-CN\"},{\"@type\":\"Organization\",\"@id\":\"https:\\\/\\\/produncan.cl\\\/zh-hans\\\/#organization\",\"name\":\"Produncan\",\"url\":\"https:\\\/\\\/produncan.cl\\\/zh-hans\\\/\",\"logo\":{\"@type\":\"ImageObject\",\"inLanguage\":\"zh-CN\",\"@id\":\"https:\\\/\\\/produncan.cl\\\/zh-hans\\\/#\\\/schema\\\/logo\\\/image\\\/\",\"url\":\"https:\\\/\\\/produncan.cl\\\/wp-content\\\/uploads\\\/2021\\\/03\\\/LOGO.jpeg\",\"contentUrl\":\"https:\\\/\\\/produncan.cl\\\/wp-content\\\/uploads\\\/2021\\\/03\\\/LOGO.jpeg\",\"width\":1280,\"height\":903,\"caption\":\"Produncan\"},\"image\":{\"@id\":\"https:\\\/\\\/produncan.cl\\\/zh-hans\\\/#\\\/schema\\\/logo\\\/image\\\/\"},\"sameAs\":[\"https:\\\/\\\/web.facebook.com\\\/produncanland\",\"https:\\\/\\\/www.instagram.com\\\/pro_duncan\\\/\",\"https:\\\/\\\/www.linkedin.com\\\/company\\\/produncan-lands\\\/\",\"https:\\\/\\\/www.youtube.com\\\/channel\\\/UCu7N-f3x0svkazD-Eew1-QQ\"],\"description\":\"En Produncan somos especialistas en la venta de terrenos en el sur de Chile. Proveemos estancias, campos, parcelas y hoteles.\",\"email\":\"info@produncan.cl\"}]}<\/script>\n<meta property=\"og:video\" content=\"https:\/\/www.youtube.com\/embed\/5gfExDg3Uq4\" \/>\n<meta property=\"og:video:type\" content=\"text\/html\" \/>\n<meta property=\"og:video:duration\" content=\"126\" \/>\n<meta property=\"og:video:width\" content=\"480\" \/>\n<meta property=\"og:video:height\" content=\"360\" \/>\n<meta property=\"ya:ovs:adult\" content=\"false\" \/>\n<meta property=\"ya:ovs:upload_date\" content=\"2023-09-20T20:54:44+00:00\" \/>\n<meta property=\"ya:ovs:allow_embed\" content=\"true\" \/>\n<meta property=\"product:price:amount\" content=\"19600.00\" \/>\n<meta property=\"product:price:currency\" content=\"USD\" \/>\n<meta property=\"og:availability\" content=\"instock\" \/>\n<meta property=\"product:availability\" content=\"instock\" \/>\n<meta property=\"product:condition\" content=\"new\" \/>\n<!-- \/ Yoast SEO Premium plugin. -->","yoast_head_json":{"title":"\u5df4\u5854\u54e5\u5c3c\u4e9a\u6c34\u6e90\u9879\u76ee - \u5eb7\u591a\u6cb3 - Produncan","description":"Aguas de la Patagonia \u9879\u76ee\uff1a\u827e\u68ee\u5730\u533a\u79c3\u9e70\u6cb3\u7554\u72ec\u4e00\u65e0\u4e8c\u7684\u6295\u8d44\u673a\u4f1a\u3002 \u5730\u5757\u9762\u79ef\u4ece 2.5 \u516c\u9877\u8d77\u3002","robots":{"index":"index","follow":"follow","max-snippet":"max-snippet:-1","max-image-preview":"max-image-preview:large","max-video-preview":"max-video-preview:-1"},"canonical":"https:\/\/produncan.cl\/zh-hans\/\u4ea7\u54c1\/%e5%ba%b7%e5%a4%9a%e6%b2%b3%e9%a1%b9%e7%9b%ae-%e9%92%93%e9%b1%bc%e8%b7%af%e7%ba%bf%ef%bc%8c%e8%89%be%e6%a3%ae%e6%b8%af\/","og_locale":"zh_CN","og_type":"article","og_title":"Aguas de la Patagonia \u9879\u76ee - R\u00edo C\u00f3ndor - Ruta de la Pesca, Puerto Ays\u00e9n","og_description":"Aguas de la Patagonia \u9879\u76ee\uff1a\u827e\u68ee\u5730\u533a\u79c3\u9e70\u6cb3\u7554\u72ec\u4e00\u65e0\u4e8c\u7684\u6295\u8d44\u673a\u4f1a\u3002 \u5730\u5757\u9762\u79ef\u4ece 2.5 \u516c\u9877\u8d77\u3002","og_url":"https:\/\/produncan.cl\/zh-hans\/\u4ea7\u54c1\/%e5%ba%b7%e5%a4%9a%e6%b2%b3%e9%a1%b9%e7%9b%ae-%e9%92%93%e9%b1%bc%e8%b7%af%e7%ba%bf%ef%bc%8c%e8%89%be%e6%a3%ae%e6%b8%af\/","og_site_name":"\u751f\u4ea7","article_publisher":"https:\/\/web.facebook.com\/produncanland","article_modified_time":"2025-12-26T20:19:54+00:00","og_image":[{"width":600,"height":450,"url":"https:\/\/produncan.cl\/wp-content\/uploads\/2022\/12\/Portada-Rio-Condor.webp","type":"image\/webp"}],"twitter_card":"summary_large_image","twitter_misc":{"Price":"USD19.600,00","Availability":"In stock"},"schema":{"@context":"https:\/\/schema.org","@graph":[{"@type":"WebPage","@id":"https:\/\/produncan.cl\/zh-hans\/\u4ea7\u54c1\/%e5%ba%b7%e5%a4%9a%e6%b2%b3%e9%a1%b9%e7%9b%ae-%e9%92%93%e9%b1%bc%e8%b7%af%e7%ba%bf%ef%bc%8c%e8%89%be%e6%a3%ae%e6%b8%af\/","url":"https:\/\/produncan.cl\/zh-hans\/\u4ea7\u54c1\/%e5%ba%b7%e5%a4%9a%e6%b2%b3%e9%a1%b9%e7%9b%ae-%e9%92%93%e9%b1%bc%e8%b7%af%e7%ba%bf%ef%bc%8c%e8%89%be%e6%a3%ae%e6%b8%af\/","name":"\u5df4\u5854\u54e5\u5c3c\u4e9a\u6c34\u6e90\u9879\u76ee - \u5eb7\u591a\u6cb3 - Produncan","isPartOf":{"@id":"https:\/\/produncan.cl\/zh-hans\/#website"},"primaryImageOfPage":{"@id":"https:\/\/produncan.cl\/zh-hans\/\u4ea7\u54c1\/%e5%ba%b7%e5%a4%9a%e6%b2%b3%e9%a1%b9%e7%9b%ae-%e9%92%93%e9%b1%bc%e8%b7%af%e7%ba%bf%ef%bc%8c%e8%89%be%e6%a3%ae%e6%b8%af\/#primaryimage"},"image":{"@id":"https:\/\/produncan.cl\/zh-hans\/\u4ea7\u54c1\/%e5%ba%b7%e5%a4%9a%e6%b2%b3%e9%a1%b9%e7%9b%ae-%e9%92%93%e9%b1%bc%e8%b7%af%e7%ba%bf%ef%bc%8c%e8%89%be%e6%a3%ae%e6%b8%af\/#primaryimage"},"thumbnailUrl":"https:\/\/produncan.cl\/wp-content\/uploads\/2022\/12\/Portada-Rio-Condor.webp","datePublished":"2023-09-20T20:54:44+00:00","dateModified":"2025-12-26T20:19:54+00:00","description":"Aguas de la Patagonia \u9879\u76ee\uff1a\u827e\u68ee\u5730\u533a\u79c3\u9e70\u6cb3\u7554\u72ec\u4e00\u65e0\u4e8c\u7684\u6295\u8d44\u673a\u4f1a\u3002 \u5730\u5757\u9762\u79ef\u4ece 2.5 \u516c\u9877\u8d77\u3002","breadcrumb":{"@id":"https:\/\/produncan.cl\/zh-hans\/\u4ea7\u54c1\/%e5%ba%b7%e5%a4%9a%e6%b2%b3%e9%a1%b9%e7%9b%ae-%e9%92%93%e9%b1%bc%e8%b7%af%e7%ba%bf%ef%bc%8c%e8%89%be%e6%a3%ae%e6%b8%af\/#breadcrumb"},"inLanguage":"zh-CN","potentialAction":[{"@type":"ReadAction","target":["https:\/\/produncan.cl\/zh-hans\/\u4ea7\u54c1\/%e5%ba%b7%e5%a4%9a%e6%b2%b3%e9%a1%b9%e7%9b%ae-%e9%92%93%e9%b1%bc%e8%b7%af%e7%ba%bf%ef%bc%8c%e8%89%be%e6%a3%ae%e6%b8%af\/"]}]},{"@type":"ImageObject","inLanguage":"zh-CN","@id":"https:\/\/produncan.cl\/zh-hans\/\u4ea7\u54c1\/%e5%ba%b7%e5%a4%9a%e6%b2%b3%e9%a1%b9%e7%9b%ae-%e9%92%93%e9%b1%bc%e8%b7%af%e7%ba%bf%ef%bc%8c%e8%89%be%e6%a3%ae%e6%b8%af\/#primaryimage","url":"https:\/\/produncan.cl\/wp-content\/uploads\/2022\/12\/Portada-Rio-Condor.webp","contentUrl":"https:\/\/produncan.cl\/wp-content\/uploads\/2022\/12\/Portada-Rio-Condor.webp","width":600,"height":450,"caption":"\u91cc\u7ea6\u5b54\u591a\u5c14\u9879\u76ee"},{"@type":"BreadcrumbList","@id":"https:\/\/produncan.cl\/zh-hans\/\u4ea7\u54c1\/%e5%ba%b7%e5%a4%9a%e6%b2%b3%e9%a1%b9%e7%9b%ae-%e9%92%93%e9%b1%bc%e8%b7%af%e7%ba%bf%ef%bc%8c%e8%89%be%e6%a3%ae%e6%b8%af\/#breadcrumb","itemListElement":[{"@type":"ListItem","position":1,"name":"Inicio","item":"https:\/\/produncan.cl\/zh-hans\/"},{"@type":"ListItem","position":2,"name":"\u7279\u6027","item":"https:\/\/produncan.cl\/propiedades\/"},{"@type":"ListItem","position":3,"name":"\u5305\u88f9","item":"https:\/\/produncan.cl\/zh-hans\/\u7c7b\u522b\/%e5%8c%85%e8%a3%b9\/"},{"@type":"ListItem","position":4,"name":"Aguas de la Patagonia \u9879\u76ee &#8211; R\u00edo C\u00f3ndor &#8211; Ruta de la Pesca, Puerto Ays\u00e9n"}]},{"@type":"WebSite","@id":"https:\/\/produncan.cl\/zh-hans\/#website","url":"https:\/\/produncan.cl\/zh-hans\/","name":"Produncan","description":"\u6211\u4eec\u966a\u4f34\u60a8\u5b8c\u6210\u60a8\u7684\u4eba\u751f\u5927\u4e8b\uff01","publisher":{"@id":"https:\/\/produncan.cl\/zh-hans\/#organization"},"potentialAction":[{"@type":"SearchAction","target":{"@type":"EntryPoint","urlTemplate":"https:\/\/produncan.cl\/zh-hans\/?s={search_term_string}"},"query-input":{"@type":"PropertyValueSpecification","valueRequired":true,"valueName":"search_term_string"}}],"inLanguage":"zh-CN"},{"@type":"Organization","@id":"https:\/\/produncan.cl\/zh-hans\/#organization","name":"Produncan","url":"https:\/\/produncan.cl\/zh-hans\/","logo":{"@type":"ImageObject","inLanguage":"zh-CN","@id":"https:\/\/produncan.cl\/zh-hans\/#\/schema\/logo\/image\/","url":"https:\/\/produncan.cl\/wp-content\/uploads\/2021\/03\/LOGO.jpeg","contentUrl":"https:\/\/produncan.cl\/wp-content\/uploads\/2021\/03\/LOGO.jpeg","width":1280,"height":903,"caption":"Produncan"},"image":{"@id":"https:\/\/produncan.cl\/zh-hans\/#\/schema\/logo\/image\/"},"sameAs":["https:\/\/web.facebook.com\/produncanland","https:\/\/www.instagram.com\/pro_duncan\/","https:\/\/www.linkedin.com\/company\/produncan-lands\/","https:\/\/www.youtube.com\/channel\/UCu7N-f3x0svkazD-Eew1-QQ"],"description":"En Produncan somos especialistas en la venta de terrenos en el sur de Chile. Proveemos estancias, campos, parcelas y hoteles.","email":"info@produncan.cl"}]},"og_video":"https:\/\/www.youtube.com\/embed\/5gfExDg3Uq4","og_video_type":"text\/html","og_video_duration":"126","og_video_width":"480","og_video_height":"360","ya_ovs_adult":"false","ya_ovs_upload_date":"2023-09-20T20:54:44+00:00","ya_ovs_allow_embed":"true","product_price_amount":"19600.00","product_price_currency":"USD","og_availability":"instock","product_availability":"instock","product_condition":"new"},"_links":{"self":[{"href":"https:\/\/produncan.cl\/zh-hans\/wp-json\/wp\/v2\/product\/9927","targetHints":{"allow":["GET"]}}],"collection":[{"href":"https:\/\/produncan.cl\/zh-hans\/wp-json\/wp\/v2\/product"}],"about":[{"href":"https:\/\/produncan.cl\/zh-hans\/wp-json\/wp\/v2\/types\/product"}],"version-history":[{"count":3,"href":"https:\/\/produncan.cl\/zh-hans\/wp-json\/wp\/v2\/product\/9927\/revisions"}],"predecessor-version":[{"id":54010,"href":"https:\/\/produncan.cl\/zh-hans\/wp-json\/wp\/v2\/product\/9927\/revisions\/54010"}],"wp:featuredmedia":[{"embeddable":true,"href":"https:\/\/produncan.cl\/zh-hans\/wp-json\/wp\/v2\/media\/9662"}],"wp:attachment":[{"href":"https:\/\/produncan.cl\/zh-hans\/wp-json\/wp\/v2\/media?parent=9927"}],"wp:term":[{"taxonomy":"product_brand","embeddable":true,"href":"https:\/\/produncan.cl\/zh-hans\/wp-json\/wp\/v2\/product_brand?post=9927"},{"taxonomy":"product_cat","embeddable":true,"href":"https:\/\/produncan.cl\/zh-hans\/wp-json\/wp\/v2\/product_cat?post=9927"},{"taxonomy":"product_tag","embeddable":true,"href":"https:\/\/produncan.cl\/zh-hans\/wp-json\/wp\/v2\/product_tag?post=9927"},{"taxonomy":"regiones","embeddable":true,"href":"https:\/\/produncan.cl\/zh-hans\/wp-json\/wp\/v2\/regiones?post=9927"},{"taxonomy":"ciudades","embeddable":true,"href":"https:\/\/produncan.cl\/zh-hans\/wp-json\/wp\/v2\/ciudades?post=9927"}],"curies":[{"name":"wp","href":"https:\/\/api.w.org\/{rel}","templated":true}]}}